{"id":1102,"date":"2021-06-25T22:36:10","date_gmt":"2021-06-25T20:36:10","guid":{"rendered":"https:\/\/www.bhakademiker.org\/?page_id=1102"},"modified":"2021-06-25T22:36:10","modified_gmt":"2021-06-25T20:36:10","slug":"meletta-2018","status":"publish","type":"page","link":"https:\/\/www.bhakademiker.org\/bs\/meletta-2018\/","title":{"rendered":"Meletta 2018"},"content":{"rendered":"<div class=\"vc_row wpb_row row\"><div class=\"wpb_column vc_column_container vc_col-sm-12\"><div class=\"vc_column-inner\"><div class=\"wpb_wrapper\"><h3 class=\"no-margin-top\" >Meletta 2018<\/h3>\n\t<div class=\"wpb_text_column wpb_content_element\" >\n\t\t<div class=\"wpb_wrapper\">\n\t\t\t<p class=\" translation-block\">Ove godine je obilje\u017eena 102. godi\u0161njica bitke na Monte Meletta-Fior. Sve\u010danost je odr\u017eana u Bo\u0161nja\u010dkom groblju u Lebringu uz mnogobrojno prisustvo predstavnika Bosne, Austrije, Italije.\nPrisutni su bili iz Bosne: zamjenik ministra odbrane BiH, generali, bosanski ambassador u Austriji, i dva autobusa posjetilaca iz Biha\u0107a i Sarajeva.\nIz Austrije su bili predstavnici vojske, lokalnih vlasti, austrijski ambassador u BiH, kao i predstavnici bosanskih organizacija u Gracu i Bosanskog Akademskog Dru\u0161tva u Austriji.\nVi\u0161e\u010dlanu delegaciju iz Italije predvodio je gradona\u010delnik Foze.<\/p>\n<p class=\" translation-block\">Ovu manifestaciju pratio je moto:\n\u201eKo ne poznaje pro\u0161lost, ne razumije sada\u0161njost i ne mo\u017ee kreirati budu\u0107nost\u201c \u2013 pukovnik austrijske vojske Dieter Allesch<\/p>\n<p class=\" translation-block\">Izvod iz govora zamjenika ministra odbrane BiH Seada Jusi\u0107a:\n\u201eMi iz Bosne i Hercegovine sa ponosom se sje\u0107amo ovog dijela na\u0161e historije, ne samo \u0161to smo bili najodlikovaniji u Austro-ugarskoj vojsci, ve\u0107 \u0161to je to dio na\u0161e zajedni\u010dke historije, sa jednim imenom i jednom kapom bez obzira da li smo katolici, pravoslavci ili muslimani. Ubije\u0111eni smo da jednako kao i tada \u0161to smo se rame uz rame nosili slavno ime Bosne i Hercegovine na frontovima Austro-Ugarske carevine pod sloganom \u201eBo\u0161njaci dolaze\u201c, jo\u0161 sna\u017enije danas sa svim razli\u010ditostima mo\u017eemo zajedno sa drugim evropskim narodima \u010duvati i dogra\u0111ivati dostignute civilizacijske demokratske vrijednosti, jer mi jednostavno ovdje pripadamo.\u201c<\/p>\n<p>Nakon sve\u010danosti u Lebringu, gosti iz Italije i Austrije prisustvovali su iftaru, organizovanog od strane bosanskog Islamskog Kulturnog Centra u Graz-u.<\/p>\n<p class=\" translation-block\">Ova tradicionalna manifestacija se odr\u017eava naizmjeni\u010dno u Bosni, Italiji i Austriji.<\/p>\n\n\t\t<\/div>\n\t<\/div>\n<\/div><\/div><\/div><\/div><div class=\"vc_row wpb_row row\"><div class=\"wpb_column vc_column_container vc_col-sm-12\"><div class=\"vc_column-inner\"><div class=\"wpb_wrapper\">\n<div class=\"vc_grid-container-wrapper vc_clearfix\">\n\t<div class=\"vc_grid-container vc_clearfix wpb_content_element vc_media_grid\" data-initial-loading-animation=\"fadeIn\" data-vc-grid-settings=\"{&quot;page_id&quot;:1102,&quot;style&quot;:&quot;lazy&quot;,&quot;action&quot;:&quot;vc_get_vc_grid_data&quot;,&quot;shortcode_id&quot;:&quot;1624653113310-e81c3e1f-a987-4&quot;,&quot;items_per_page&quot;:&quot;10&quot;,&quot;tag&quot;:&quot;vc_media_grid&quot;}\" data-vc-request=\"https:\/\/www.bhakademiker.org\/wp-admin\/admin-ajax.php\" data-vc-post-id=\"1102\" data-vc-public-nonce=\"3f1648d519\">\n\t\t\n\t<\/div>\n<\/div><\/div><\/div><\/div><\/div>","protected":false},"excerpt":{"rendered":"Meletta 2018 Am 8. Juni 2018 wurde der 102. Gedenktag von Monte Meletta-Fior gefeiert. Die Veranstaltung wurde am Bosniakenfriedhof in Lebring in Anwesenheit von vielen Vertretern aus Bosnien, \u00d6sterreich und Italien gefeiert. Aus Bosnien waren der stellvertretende Verteidigungsminister, die Gener\u00e4le, der bosnische Botschafter in \u00d6sterreich und viele Besuchern aus Bihac und Sarajevo, anwesend. Aus \u00d6sterreich waren die Vertreter der Armee und der Lokalregierung, der \u00f6sterreichische Botschafter in Bosnien, sowie Vertreter der bosnischen Organisationen in Graz und der Gesellschaft der bosnischen Akademiker in \u00d6sterreich, vertreten. Der B\u00fcrgermeister aus Foza hat die gro\u00dfe italienische Delegation angef\u00fchrt. Diese Veranstaltung wurde unter einem Motto...","protected":false},"author":1,"featured_media":0,"parent":0,"menu_order":0,"comment_status":"closed","ping_status":"closed","template":"","meta":{"footnotes":""},"class_list":["post-1102","page","type-page","status-publish","hentry"],"yoast_head":"<!-- This site is optimized with the Yoast SEO plugin v20.3 - https:\/\/yoast.com\/wordpress\/plugins\/seo\/ -->\n<title>Meletta 2018 - Gesellschaft Bosnischer Akademiker<\/title>\n<meta name=\"robots\" content=\"index, follow, max-snippet:-1, max-image-preview:large, max-video-preview:-1\" \/>\n<link rel=\"canonical\" href=\"https:\/\/www.bhakademiker.org\/bs\/meletta-2018\/\" \/>\n<meta property=\"og:locale\" content=\"bs_BA\" \/>\n<meta property=\"og:type\" content=\"article\" \/>\n<meta property=\"og:title\" content=\"Meletta 2018 - Gesellschaft Bosnischer Akademiker\" \/>\n<meta property=\"og:url\" content=\"https:\/\/www.bhakademiker.org\/bs\/meletta-2018\/\" \/>\n<meta property=\"og:site_name\" content=\"Gesellschaft Bosnischer Akademiker\" \/>\n<meta property=\"og:image\" content=\"https:\/\/www.bhakademiker.org\/wp-content\/uploads\/2022\/01\/featured-GBAA.png\" \/>\n\t<meta property=\"og:image:width\" content=\"1200\" \/>\n\t<meta property=\"og:image:height\" content=\"630\" \/>\n\t<meta property=\"og:image:type\" content=\"image\/png\" \/>\n<meta name=\"twitter:card\" content=\"summary_large_image\" \/>\n<meta name=\"twitter:label1\" content=\"Est. reading time\" \/>\n\t<meta name=\"twitter:data1\" content=\"2 minute\" \/>\n<script type=\"application\/ld+json\" class=\"yoast-schema-graph\">{\"@context\":\"https:\/\/schema.org\",\"@graph\":[{\"@type\":\"WebPage\",\"@id\":\"https:\/\/www.bhakademiker.org\/meletta-2018\/\",\"url\":\"https:\/\/www.bhakademiker.org\/meletta-2018\/\",\"name\":\"Meletta 2018 - Gesellschaft Bosnischer Akademiker\",\"isPartOf\":{\"@id\":\"https:\/\/www.bhakademiker.org\/bs\/#website\"},\"datePublished\":\"2021-06-25T20:36:10+00:00\",\"dateModified\":\"2021-06-25T20:36:10+00:00\",\"breadcrumb\":{\"@id\":\"https:\/\/www.bhakademiker.org\/meletta-2018\/#breadcrumb\"},\"inLanguage\":\"bs-BA\",\"potentialAction\":[{\"@type\":\"ReadAction\",\"target\":[\"https:\/\/www.bhakademiker.org\/meletta-2018\/\"]}]},{\"@type\":\"BreadcrumbList\",\"@id\":\"https:\/\/www.bhakademiker.org\/meletta-2018\/#breadcrumb\",\"itemListElement\":[{\"@type\":\"ListItem\",\"position\":1,\"name\":\"Home\",\"item\":\"https:\/\/www.bhakademiker.org\/\"},{\"@type\":\"ListItem\",\"position\":2,\"name\":\"Meletta 2018\"}]},{\"@type\":\"WebSite\",\"@id\":\"https:\/\/www.bhakademiker.org\/bs\/#website\",\"url\":\"https:\/\/www.bhakademiker.org\/bs\/\",\"name\":\"Gesellschaft Bosnischer Akademiker\",\"description\":\"\",\"publisher\":{\"@id\":\"https:\/\/www.bhakademiker.org\/bs\/#organization\"},\"potentialAction\":[{\"@type\":\"SearchAction\",\"target\":{\"@type\":\"EntryPoint\",\"urlTemplate\":\"https:\/\/www.bhakademiker.org\/bs\/?s={search_term_string}\"},\"query-input\":\"required name=search_term_string\"}],\"inLanguage\":\"bs-BA\"},{\"@type\":\"Organization\",\"@id\":\"https:\/\/www.bhakademiker.org\/bs\/#organization\",\"name\":\"Gesellschaft Bosnischer Akademiker in \u00d6sterreich\",\"url\":\"https:\/\/www.bhakademiker.org\/bs\/\",\"logo\":{\"@type\":\"ImageObject\",\"inLanguage\":\"bs-BA\",\"@id\":\"https:\/\/www.bhakademiker.org\/bs\/#\/schema\/logo\/image\/\",\"url\":\"https:\/\/www.bhakademiker.org\/wp-content\/uploads\/2022\/01\/featured-GBAA.png\",\"contentUrl\":\"https:\/\/www.bhakademiker.org\/wp-content\/uploads\/2022\/01\/featured-GBAA.png\",\"width\":1200,\"height\":630,\"caption\":\"Gesellschaft Bosnischer Akademiker in \u00d6sterreich\"},\"image\":{\"@id\":\"https:\/\/www.bhakademiker.org\/bs\/#\/schema\/logo\/image\/\"}}]}<\/script>\n<!-- \/ Yoast SEO plugin. -->","yoast_head_json":{"title":"Meletta 2018 - Gesellschaft Bosnischer Akademiker","robots":{"index":"index","follow":"follow","max-snippet":"max-snippet:-1","max-image-preview":"max-image-preview:large","max-video-preview":"max-video-preview:-1"},"canonical":"https:\/\/www.bhakademiker.org\/bs\/meletta-2018\/","og_locale":"bs_BA","og_type":"article","og_title":"Meletta 2018 - Gesellschaft Bosnischer Akademiker","og_url":"https:\/\/www.bhakademiker.org\/bs\/meletta-2018\/","og_site_name":"Gesellschaft Bosnischer Akademiker","og_image":[{"width":1200,"height":630,"url":"https:\/\/www.bhakademiker.org\/wp-content\/uploads\/2022\/01\/featured-GBAA.png","type":"image\/png"}],"twitter_card":"summary_large_image","twitter_misc":{"Est. reading time":"2 minute"},"schema":{"@context":"https:\/\/schema.org","@graph":[{"@type":"WebPage","@id":"https:\/\/www.bhakademiker.org\/meletta-2018\/","url":"https:\/\/www.bhakademiker.org\/meletta-2018\/","name":"Meletta 2018 - Gesellschaft Bosnischer Akademiker","isPartOf":{"@id":"https:\/\/www.bhakademiker.org\/bs\/#website"},"datePublished":"2021-06-25T20:36:10+00:00","dateModified":"2021-06-25T20:36:10+00:00","breadcrumb":{"@id":"https:\/\/www.bhakademiker.org\/meletta-2018\/#breadcrumb"},"inLanguage":"bs-BA","potentialAction":[{"@type":"ReadAction","target":["https:\/\/www.bhakademiker.org\/meletta-2018\/"]}]},{"@type":"BreadcrumbList","@id":"https:\/\/www.bhakademiker.org\/meletta-2018\/#breadcrumb","itemListElement":[{"@type":"ListItem","position":1,"name":"Home","item":"https:\/\/www.bhakademiker.org\/"},{"@type":"ListItem","position":2,"name":"Meletta 2018"}]},{"@type":"WebSite","@id":"https:\/\/www.bhakademiker.org\/bs\/#website","url":"https:\/\/www.bhakademiker.org\/bs\/","name":"Gesellschaft Bosnischer Akademiker","description":"","publisher":{"@id":"https:\/\/www.bhakademiker.org\/bs\/#organization"},"potentialAction":[{"@type":"SearchAction","target":{"@type":"EntryPoint","urlTemplate":"https:\/\/www.bhakademiker.org\/bs\/?s={search_term_string}"},"query-input":"required name=search_term_string"}],"inLanguage":"bs-BA"},{"@type":"Organization","@id":"https:\/\/www.bhakademiker.org\/bs\/#organization","name":"Gesellschaft Bosnischer Akademiker in \u00d6sterreich","url":"https:\/\/www.bhakademiker.org\/bs\/","logo":{"@type":"ImageObject","inLanguage":"bs-BA","@id":"https:\/\/www.bhakademiker.org\/bs\/#\/schema\/logo\/image\/","url":"https:\/\/www.bhakademiker.org\/wp-content\/uploads\/2022\/01\/featured-GBAA.png","contentUrl":"https:\/\/www.bhakademiker.org\/wp-content\/uploads\/2022\/01\/featured-GBAA.png","width":1200,"height":630,"caption":"Gesellschaft Bosnischer Akademiker in \u00d6sterreich"},"image":{"@id":"https:\/\/www.bhakademiker.org\/bs\/#\/schema\/logo\/image\/"}}]}},"_links":{"self":[{"href":"https:\/\/www.bhakademiker.org\/bs\/wp-json\/wp\/v2\/pages\/1102","targetHints":{"allow":["GET"]}}],"collection":[{"href":"https:\/\/www.bhakademiker.org\/bs\/wp-json\/wp\/v2\/pages"}],"about":[{"href":"https:\/\/www.bhakademiker.org\/bs\/wp-json\/wp\/v2\/types\/page"}],"author":[{"embeddable":true,"href":"https:\/\/www.bhakademiker.org\/bs\/wp-json\/wp\/v2\/users\/1"}],"replies":[{"embeddable":true,"href":"https:\/\/www.bhakademiker.org\/bs\/wp-json\/wp\/v2\/comments?post=1102"}],"version-history":[{"count":1,"href":"https:\/\/www.bhakademiker.org\/bs\/wp-json\/wp\/v2\/pages\/1102\/revisions"}],"predecessor-version":[{"id":1115,"href":"https:\/\/www.bhakademiker.org\/bs\/wp-json\/wp\/v2\/pages\/1102\/revisions\/1115"}],"wp:attachment":[{"href":"https:\/\/www.bhakademiker.org\/bs\/wp-json\/wp\/v2\/media?parent=1102"}],"curies":[{"name":"wp","href":"https:\/\/api.w.org\/{rel}","templated":true}]}}