{"id":1118,"date":"2021-06-25T22:39:26","date_gmt":"2021-06-25T20:39:26","guid":{"rendered":"https:\/\/www.bhakademiker.org\/?page_id=1118"},"modified":"2021-06-25T22:49:18","modified_gmt":"2021-06-25T20:49:18","slug":"meletta-2017","status":"publish","type":"page","link":"https:\/\/www.bhakademiker.org\/bs\/meletta-2017\/","title":{"rendered":"Meletta 2017"},"content":{"rendered":"<div class=\"vc_row wpb_row row\"><div class=\"wpb_column vc_column_container vc_col-sm-12\"><div class=\"vc_column-inner\"><div class=\"wpb_wrapper\"><h3 class=\"no-margin-top\" >Meletta 2017<\/h3>\n\t<div class=\"wpb_text_column wpb_content_element\" >\n\t\t<div class=\"wpb_wrapper\">\n\t\t\t<p>B-Luka, Gora\u017ede, Sarajevo, 31.maj \u2013 02.juni 2017,<\/p>\n<p>Ovogodi\u0161nje obilje\u017eavanje Melette \u2013 tradicionalnog skupljanja naroda Austrije, Bosne i Italije, odr\u017eano je u Bosni. Predstavnici austrijskog crnog kri\u017ea, austrijske vojske, Bosanskog Akademskog Dru\u0161tva u Austriji, italijanski predstavnici grada Foze i veliki broj ljudi iz Bosne prisustvovali su ovogodi\u0161njoj Meletta proslavi.<\/p>\n<div style=\"width: 473px\" class=\"wp-caption aligncenter\"><img fetchpriority=\"high\" decoding=\"async\" src=\"https:\/\/www.bhakademiker.org\/\/files\/pics\/Meletta4.png\" alt=\"\" width=\"463\" height=\"506\" \/><p class=\"wp-caption-text\">Prolaze\u0107i kroz B.Luku, postavljen je vijenac ispred spomenika palim borcima iz 1.svj. rata:<\/p><\/div>\n<p>&nbsp;<\/p>\n<div style=\"width: 409px\" class=\"wp-caption aligncenter\"><img decoding=\"async\" src=\"https:\/\/www.bhakademiker.org\/\/files\/pics\/Meletta17.png\" alt=\"\" width=\"399\" height=\"475\" \/><p class=\"wp-caption-text\">Nave\u010der u Sarajevu, 31.maja, posje\u0107en je performance posve\u0107en genocidu u Prijedoru:<\/p><\/div><br \/>\n<div style=\"width: 496px\" class=\"wp-caption aligncenter\"><img decoding=\"async\" src=\"https:\/\/www.bhakademiker.org\/\/files\/pics\/Meletta16.png\" alt=\"\" width=\"486\" height=\"535\" \/><p class=\"wp-caption-text\">Na putu za Gora\u017ede, autobus se zaustavio pored groblja iz 1.svj.rata. U\u010desnici su polo\u017eili vijenac, a groblje koje je bilo u lo\u0161em stanju, renovirala je firma Bekto Preciza kao gest prema dr\u017eavi Austriji za primljen veliki broj izbjeglica tokom zadnje agresije u Bosni:<\/p><\/div><br \/>\n<div style=\"width: 759px\" class=\"wp-caption aligncenter\"><img loading=\"lazy\" decoding=\"async\" src=\"https:\/\/www.bhakademiker.org\/\/files\/pics\/Meletta15.png\" alt=\"\" width=\"749\" height=\"418\" \/><p class=\"wp-caption-text\">Austrijska organizacija crni kri\u017e, koja se bavi njegovanjem groblja i spomenika palim austrijskim vojnicima, dodijelila je priznanja firmi Bekto Precisa, kao i pojedincima zaslu\u017enim za dobru saradnju na ovom polju. Izme\u0111u ostalih, priznanje su dobili i biv\u0161i generali armije BiH Sulejman Vranj i Hamid Bahto:<\/p><\/div>\n<p>Nakon posjete i prezentacije firme Bekto, u\u010desnici su se vratili u Sarajevo gdje je nakon polaganja cvije\u0107a na spomenik paloj djeci Sarajeva, odr\u017eano akademsko ve\u010der posve\u0107eno, ulozi Austro-Ugarske monarhije u Bosni, na kojoj je bila i izlo\u017eba posve\u0107ena tom vremenu.<\/p>\n<p>Slijede\u0107i dan je obilje\u017een posjeti muzeju Sarajevo, vije\u0107nici i gradu Sarajevu.<\/p>\n<p>Op\u0107ina Centar je na kraju posjete Bosni, organizirala iftar za sve u\u010desnike iz Austrije, Italije i velikog broja ljudi iz Biha\u0107a u restoranu Kulin Dvor. Top je ozna\u010dio kraj posta.<\/p>\n<p>Slijede\u0107e godine obilje\u017eavanje Melette bit \u0107e u Austriji.<\/p>\n\n\t\t<\/div>\n\t<\/div>\n<\/div><\/div><\/div><\/div><div class=\"vc_row wpb_row row\"><div class=\"wpb_column vc_column_container vc_col-sm-12\"><div class=\"vc_column-inner\"><div class=\"wpb_wrapper\">\n<div class=\"vc_grid-container-wrapper vc_clearfix\">\n\t<div class=\"vc_grid-container vc_clearfix wpb_content_element vc_media_grid\" data-initial-loading-animation=\"fadeIn\" data-vc-grid-settings=\"{&quot;page_id&quot;:1118,&quot;style&quot;:&quot;lazy&quot;,&quot;action&quot;:&quot;vc_get_vc_grid_data&quot;,&quot;shortcode_id&quot;:&quot;1624654000752-cce61ccf-73c1-2&quot;,&quot;items_per_page&quot;:&quot;10&quot;,&quot;tag&quot;:&quot;vc_media_grid&quot;}\" data-vc-request=\"https:\/\/www.bhakademiker.org\/wp-admin\/admin-ajax.php\" data-vc-post-id=\"1118\" data-vc-public-nonce=\"3f1648d519\">\n\t\t\n\t<\/div>\n<\/div><\/div><\/div><\/div><\/div>","protected":false},"excerpt":{"rendered":"Meletta 2017 B-Luka,Gorazde,Sarajevo, 31.maj - 02.juni 2017, Die diesj\u00e4hrige Begehung der Meletta \u2013 einer traditionellen Versammlung der B\u00fcrger \u00d6sterreichs, Bosniens und Italiens, wurde in Bosnien abgehalten. Die Vertreter des \u00f6sterreichischen Schwarzen Kreuzes, die Gesellschaft Bosnischer Akademiker in \u00d6sterreich, sowie die Vertreter der italienschen Stadt Foze und auch viele Leute aus Bosnien nahmen an der diesj\u00e4hrigen Meletta teil. W\u00e4hrend der Durchreise durch Banja Luka wurde ein Kranz vor dem Denkmal der im Ersten Weltkrieg gefallenen Soldaten niedergelegt. &nbsp; In Sarajevo wurde \u00a0am Abend des \u00a031. Mai, eine dem Genozid in Prijedor gewidmete Performance besucht. Auf dem Weg nach Gorazde hielt der...","protected":false},"author":1,"featured_media":0,"parent":0,"menu_order":0,"comment_status":"closed","ping_status":"closed","template":"","meta":{"footnotes":""},"class_list":["post-1118","page","type-page","status-publish","hentry"],"yoast_head":"<!-- This site is optimized with the Yoast SEO plugin v20.3 - https:\/\/yoast.com\/wordpress\/plugins\/seo\/ -->\n<title>Meletta 2017 - Gesellschaft Bosnischer Akademiker<\/title>\n<meta name=\"robots\" content=\"index, follow, max-snippet:-1, max-image-preview:large, max-video-preview:-1\" \/>\n<link rel=\"canonical\" href=\"https:\/\/www.bhakademiker.org\/bs\/meletta-2017\/\" \/>\n<meta property=\"og:locale\" content=\"bs_BA\" \/>\n<meta property=\"og:type\" content=\"article\" \/>\n<meta property=\"og:title\" content=\"Meletta 2017 - Gesellschaft Bosnischer Akademiker\" \/>\n<meta property=\"og:url\" content=\"https:\/\/www.bhakademiker.org\/bs\/meletta-2017\/\" \/>\n<meta property=\"og:site_name\" content=\"Gesellschaft Bosnischer Akademiker\" \/>\n<meta property=\"article:modified_time\" content=\"2021-06-25T20:49:18+00:00\" \/>\n<meta property=\"og:image\" content=\"https:\/\/www.bhakademiker.org\/\/files\/pics\/Meletta4.png\" \/>\n<meta name=\"twitter:card\" content=\"summary_large_image\" \/>\n<meta name=\"twitter:label1\" content=\"Est. reading time\" \/>\n\t<meta name=\"twitter:data1\" content=\"2 minute\" \/>\n<script type=\"application\/ld+json\" class=\"yoast-schema-graph\">{\"@context\":\"https:\/\/schema.org\",\"@graph\":[{\"@type\":\"WebPage\",\"@id\":\"https:\/\/www.bhakademiker.org\/de\/meletta-2017\/\",\"url\":\"https:\/\/www.bhakademiker.org\/de\/meletta-2017\/\",\"name\":\"Meletta 2017 - Gesellschaft Bosnischer Akademiker\",\"isPartOf\":{\"@id\":\"https:\/\/www.bhakademiker.org\/bs\/#website\"},\"datePublished\":\"2021-06-25T20:39:26+00:00\",\"dateModified\":\"2021-06-25T20:49:18+00:00\",\"breadcrumb\":{\"@id\":\"https:\/\/www.bhakademiker.org\/de\/meletta-2017\/#breadcrumb\"},\"inLanguage\":\"bs-BA\",\"potentialAction\":[{\"@type\":\"ReadAction\",\"target\":[\"https:\/\/www.bhakademiker.org\/de\/meletta-2017\/\"]}]},{\"@type\":\"BreadcrumbList\",\"@id\":\"https:\/\/www.bhakademiker.org\/de\/meletta-2017\/#breadcrumb\",\"itemListElement\":[{\"@type\":\"ListItem\",\"position\":1,\"name\":\"Home\",\"item\":\"https:\/\/www.bhakademiker.org\/\"},{\"@type\":\"ListItem\",\"position\":2,\"name\":\"Meletta 2017\"}]},{\"@type\":\"WebSite\",\"@id\":\"https:\/\/www.bhakademiker.org\/bs\/#website\",\"url\":\"https:\/\/www.bhakademiker.org\/bs\/\",\"name\":\"Gesellschaft Bosnischer Akademiker\",\"description\":\"\",\"publisher\":{\"@id\":\"https:\/\/www.bhakademiker.org\/bs\/#organization\"},\"potentialAction\":[{\"@type\":\"SearchAction\",\"target\":{\"@type\":\"EntryPoint\",\"urlTemplate\":\"https:\/\/www.bhakademiker.org\/bs\/?s={search_term_string}\"},\"query-input\":\"required name=search_term_string\"}],\"inLanguage\":\"bs-BA\"},{\"@type\":\"Organization\",\"@id\":\"https:\/\/www.bhakademiker.org\/bs\/#organization\",\"name\":\"Gesellschaft Bosnischer Akademiker in \u00d6sterreich\",\"url\":\"https:\/\/www.bhakademiker.org\/bs\/\",\"logo\":{\"@type\":\"ImageObject\",\"inLanguage\":\"bs-BA\",\"@id\":\"https:\/\/www.bhakademiker.org\/bs\/#\/schema\/logo\/image\/\",\"url\":\"https:\/\/www.bhakademiker.org\/wp-content\/uploads\/2022\/01\/featured-GBAA.png\",\"contentUrl\":\"https:\/\/www.bhakademiker.org\/wp-content\/uploads\/2022\/01\/featured-GBAA.png\",\"width\":1200,\"height\":630,\"caption\":\"Gesellschaft Bosnischer Akademiker in \u00d6sterreich\"},\"image\":{\"@id\":\"https:\/\/www.bhakademiker.org\/bs\/#\/schema\/logo\/image\/\"}}]}<\/script>\n<!-- \/ Yoast SEO plugin. -->","yoast_head_json":{"title":"Meletta 2017 - Gesellschaft Bosnischer Akademiker","robots":{"index":"index","follow":"follow","max-snippet":"max-snippet:-1","max-image-preview":"max-image-preview:large","max-video-preview":"max-video-preview:-1"},"canonical":"https:\/\/www.bhakademiker.org\/bs\/meletta-2017\/","og_locale":"bs_BA","og_type":"article","og_title":"Meletta 2017 - Gesellschaft Bosnischer Akademiker","og_url":"https:\/\/www.bhakademiker.org\/bs\/meletta-2017\/","og_site_name":"Gesellschaft Bosnischer Akademiker","article_modified_time":"2021-06-25T20:49:18+00:00","og_image":[{"url":"https:\/\/www.bhakademiker.org\/\/files\/pics\/Meletta4.png"}],"twitter_card":"summary_large_image","twitter_misc":{"Est. reading time":"2 minute"},"schema":{"@context":"https:\/\/schema.org","@graph":[{"@type":"WebPage","@id":"https:\/\/www.bhakademiker.org\/de\/meletta-2017\/","url":"https:\/\/www.bhakademiker.org\/de\/meletta-2017\/","name":"Meletta 2017 - Gesellschaft Bosnischer Akademiker","isPartOf":{"@id":"https:\/\/www.bhakademiker.org\/bs\/#website"},"datePublished":"2021-06-25T20:39:26+00:00","dateModified":"2021-06-25T20:49:18+00:00","breadcrumb":{"@id":"https:\/\/www.bhakademiker.org\/de\/meletta-2017\/#breadcrumb"},"inLanguage":"bs-BA","potentialAction":[{"@type":"ReadAction","target":["https:\/\/www.bhakademiker.org\/de\/meletta-2017\/"]}]},{"@type":"BreadcrumbList","@id":"https:\/\/www.bhakademiker.org\/de\/meletta-2017\/#breadcrumb","itemListElement":[{"@type":"ListItem","position":1,"name":"Home","item":"https:\/\/www.bhakademiker.org\/"},{"@type":"ListItem","position":2,"name":"Meletta 2017"}]},{"@type":"WebSite","@id":"https:\/\/www.bhakademiker.org\/bs\/#website","url":"https:\/\/www.bhakademiker.org\/bs\/","name":"Gesellschaft Bosnischer Akademiker","description":"","publisher":{"@id":"https:\/\/www.bhakademiker.org\/bs\/#organization"},"potentialAction":[{"@type":"SearchAction","target":{"@type":"EntryPoint","urlTemplate":"https:\/\/www.bhakademiker.org\/bs\/?s={search_term_string}"},"query-input":"required name=search_term_string"}],"inLanguage":"bs-BA"},{"@type":"Organization","@id":"https:\/\/www.bhakademiker.org\/bs\/#organization","name":"Gesellschaft Bosnischer Akademiker in \u00d6sterreich","url":"https:\/\/www.bhakademiker.org\/bs\/","logo":{"@type":"ImageObject","inLanguage":"bs-BA","@id":"https:\/\/www.bhakademiker.org\/bs\/#\/schema\/logo\/image\/","url":"https:\/\/www.bhakademiker.org\/wp-content\/uploads\/2022\/01\/featured-GBAA.png","contentUrl":"https:\/\/www.bhakademiker.org\/wp-content\/uploads\/2022\/01\/featured-GBAA.png","width":1200,"height":630,"caption":"Gesellschaft Bosnischer Akademiker in \u00d6sterreich"},"image":{"@id":"https:\/\/www.bhakademiker.org\/bs\/#\/schema\/logo\/image\/"}}]}},"_links":{"self":[{"href":"https:\/\/www.bhakademiker.org\/bs\/wp-json\/wp\/v2\/pages\/1118","targetHints":{"allow":["GET"]}}],"collection":[{"href":"https:\/\/www.bhakademiker.org\/bs\/wp-json\/wp\/v2\/pages"}],"about":[{"href":"https:\/\/www.bhakademiker.org\/bs\/wp-json\/wp\/v2\/types\/page"}],"author":[{"embeddable":true,"href":"https:\/\/www.bhakademiker.org\/bs\/wp-json\/wp\/v2\/users\/1"}],"replies":[{"embeddable":true,"href":"https:\/\/www.bhakademiker.org\/bs\/wp-json\/wp\/v2\/comments?post=1118"}],"version-history":[{"count":9,"href":"https:\/\/www.bhakademiker.org\/bs\/wp-json\/wp\/v2\/pages\/1118\/revisions"}],"predecessor-version":[{"id":1142,"href":"https:\/\/www.bhakademiker.org\/bs\/wp-json\/wp\/v2\/pages\/1118\/revisions\/1142"}],"wp:attachment":[{"href":"https:\/\/www.bhakademiker.org\/bs\/wp-json\/wp\/v2\/media?parent=1118"}],"curies":[{"name":"wp","href":"https:\/\/api.w.org\/{rel}","templated":true}]}}