{"id":1158,"date":"2021-06-25T23:05:55","date_gmt":"2021-06-25T21:05:55","guid":{"rendered":"https:\/\/www.bhakademiker.org\/?page_id=1158"},"modified":"2022-11-26T13:29:36","modified_gmt":"2022-11-26T12:29:36","slug":"lebring-2018","status":"publish","type":"page","link":"https:\/\/www.bhakademiker.org\/bs\/lebring-2018\/","title":{"rendered":"Lebring 2018"},"content":{"rendered":"<div class=\"vc_row wpb_row row\"><div class=\"wpb_column vc_column_container vc_col-sm-12\"><div class=\"vc_column-inner\"><div class=\"wpb_wrapper\"><h3 class=\"no-margin-top\" >Lebring 2018<\/h3>\n\t<div class=\"wpb_text_column wpb_content_element\" >\n\t\t<div class=\"wpb_wrapper\">\n\t\t\t<div style=\"width: 210px\" class=\"wp-caption alignleft\"><img decoding=\"async\" src=\"https:\/\/www.bhakademiker.org\/\/files\/pics\/IMG_4739_200_140.JPG\" alt=\"Lebring 2018 - Bosniakenfriedhof \" width=\"200\" height=\"140\" \/><p class=\"wp-caption-text\">Lebring\/Graz, 28.Nov.2018<\/p><\/div>\n<p>Ove godine se navr\u0161ilo 100 godina zavr\u0161etka I svjetskog rata, \u0161to je uticalo na posebnost ovogodi\u0161nje sve\u010danosti sje\u0107anja na \u017ertve. Sve\u010danost je odr\u017eana 27. Oktobra.u Lebringu na vojnom mezarju. Vojno groblje u Lebringu (Bosniakenfriedhof) sastoji se od 1233 mezara vojnika iz I svj.rata, od toga 805 Bo\u0161njaka.<br \/>\nPozitivan aspekt Bo\u0161njaka tog doba je bila multikonfesionalnost. Iako se sada Bo\u0161njacima pripisuje da su isklju\u010divo muslimani, u vrijeme austro-ugarske monarhije, najve\u0107i broj vojnika bio je pripadnik pravoslavne vjere. 1911 godine austro-ugarska vojska u Bosni brojala je vise od 24.000 pravoslavaca, 19.000 muslimana i 10.000 katolika.<\/p>\n<p><img decoding=\"async\" class=\"alignleft\" src=\"https:\/\/www.bhakademiker.org\/\/files\/pics\/IMG_4745_200_206.JPG\" alt=\"Lebring 2018 - Bosniakenfriedhof \" \/><\/p>\n<p>Ovogodi\u0161nja manifestacija imala je takodjer multikonfesionalni karakter sa prisustvom predstavnika \u010detiri vjerske zajednice: islamske, pravoslavne, katoli\u010dke i evangelisti\u010dke.<\/p>\n<p>Bo\u0161njacko groblje u Lebringu je nedjeljivi dio zajedni\u010dke historije Austrije i Bosne i dokaz za sve nove austrijance da je bosanska krv ve\u0107 du\u017ee od stolje\u0107a vezana za austrijsko tlo.<\/p>\n<p>Ovim povodom, postavili smo listu svih ukopanih vojnika na nasu web-stranicu: <a href=\"https:\/\/www.bhakademiker.org\/\/files\/pdf\/Lebring_Gefallene_Soldaten.pdf\" title=\"Lebring - poginuli vojnici - bosnjaci\">Lebring - poginuli vojnici<\/a>\u00a0<a title=\"Lebring - gefallene Soldaten\" href=\"https:\/\/www.bhakademiker.org\/wp-content\/uploads\/2022\/11\/Lebring_Gefallene_Soldaten.pdf\" target=\"_blank\" rel=\"noopener\">Lebring &#8211; gefallene Soldaten<\/a><\/p>\n<p>Veliki broj organizacija iz Austrije, Bosne, kao i Bo\u0161njaci koji \u017eive u Austriji svojim dolaskom uve\u0107ali su ovu sve\u010danost:<\/p>\n<ul>\n<li>Austrijski crni krst<\/li>\n<li>Op\u0161tina Lang<\/li>\n<li>LV Steiermark des \u00d6sterreichischen Kameradschaftsbundes<\/li>\n<li>Ambasador Republike Bosne i Hercegovine u Austriji<\/li>\n<li>Bosanskog Akademskog Dru\u0161tva u Austriji<\/li>\n<li>Dru\u0161tvo za prijateljske odnose Bosne i Austrije \u2013 Sarajevo<\/li>\n<\/ul>\n<p class=\" translation-block\">Nakon sve\u010danosti u Lebringu, bosanski centar u Graz-u organizovao je tematsku diskusiju: \u201cBosanci kao nacionalna manjina u Austriji\u201d, na kojoj je govorio predsjednik Bosanskog Akademskog Dru\u0161tva u Austriji, Siradj Duhan.<\/p>\n\n\t\t<\/div>\n\t<\/div>\n<\/div><\/div><\/div><\/div><div class=\"vc_row wpb_row row\"><div class=\"wpb_column vc_column_container vc_col-sm-12\"><div class=\"vc_column-inner\"><div class=\"wpb_wrapper\">\n<div class=\"vc_grid-container-wrapper vc_clearfix\">\n\t<div class=\"vc_grid-container vc_clearfix wpb_content_element vc_media_grid\" data-initial-loading-animation=\"fadeIn\" data-vc-grid-settings=\"{&quot;page_id&quot;:1158,&quot;style&quot;:&quot;lazy&quot;,&quot;action&quot;:&quot;vc_get_vc_grid_data&quot;,&quot;shortcode_id&quot;:&quot;1669465694011-6c2691e6-dbc0-6&quot;,&quot;items_per_page&quot;:&quot;10&quot;,&quot;tag&quot;:&quot;vc_media_grid&quot;}\" data-vc-request=\"https:\/\/www.bhakademiker.org\/wp-admin\/admin-ajax.php\" data-vc-post-id=\"1158\" data-vc-public-nonce=\"cef9cd30c7\">\n\t\t\n\t<\/div>\n<\/div><\/div><\/div><\/div><\/div>","protected":false},"excerpt":{"rendered":"Lebring 2018 Lebring\/Graz, 28.Nov.2018 Dieses Jahr zeichnet den hundertsten Jahrestag nach Beendigung des I Weltkrieges. Das hat dem diesj\u00e4hrigen Gedenken f\u00fcr die gefallenen Soldaten eine besondere Bedeutung verliehen. Die Feierlichkeit fand am 28. Oktober in Lebring am Bosniakenfriedhof statt. Der Soldatenfriedhof in Lebring beinhaltet 1233 Gr\u00e4ber mit \u00dcberresten von Soldaten aus 19 Infanterieregimenten der k.u.k Armee, davon 805 Bosniaken. Ein positiver Aspekt der Bosniaken in der k.u.k Zeit war die Multikonfessionalit\u00e4t. Auch wenn jetzt die Bosniaken fast ausschlie\u00dflich als Muslime bezeichnet werden, hatten in der k.u.k Zeit die meisten bosnischen Soldaten einen orthodoxen Glauben. Im Jahr 1911 hatte die k.u.k...","protected":false},"author":1,"featured_media":0,"parent":0,"menu_order":0,"comment_status":"closed","ping_status":"closed","template":"","meta":{"footnotes":""},"class_list":["post-1158","page","type-page","status-publish","hentry"],"yoast_head":"<!-- This site is optimized with the Yoast SEO plugin v20.3 - https:\/\/yoast.com\/wordpress\/plugins\/seo\/ -->\n<title>Lebring 2018 - Gesellschaft Bosnischer Akademiker<\/title>\n<meta name=\"robots\" content=\"index, follow, max-snippet:-1, max-image-preview:large, max-video-preview:-1\" \/>\n<link rel=\"canonical\" href=\"https:\/\/www.bhakademiker.org\/bs\/lebring-2018\/\" \/>\n<meta property=\"og:locale\" content=\"bs_BA\" \/>\n<meta property=\"og:type\" content=\"article\" \/>\n<meta property=\"og:title\" content=\"Lebring 2018 - Gesellschaft Bosnischer Akademiker\" \/>\n<meta property=\"og:url\" content=\"https:\/\/www.bhakademiker.org\/bs\/lebring-2018\/\" \/>\n<meta property=\"og:site_name\" content=\"Gesellschaft Bosnischer Akademiker\" \/>\n<meta property=\"article:modified_time\" content=\"2022-11-26T12:29:36+00:00\" \/>\n<meta property=\"og:image\" content=\"https:\/\/www.bhakademiker.org\/\/files\/pics\/IMG_4739_200_140.JPG\" \/>\n<meta name=\"twitter:card\" content=\"summary_large_image\" \/>\n<meta name=\"twitter:label1\" content=\"Est. reading time\" \/>\n\t<meta name=\"twitter:data1\" content=\"2 minute\" \/>\n<script type=\"application\/ld+json\" class=\"yoast-schema-graph\">{\"@context\":\"https:\/\/schema.org\",\"@graph\":[{\"@type\":\"WebPage\",\"@id\":\"https:\/\/www.bhakademiker.org\/lebring-2018\/\",\"url\":\"https:\/\/www.bhakademiker.org\/lebring-2018\/\",\"name\":\"Lebring 2018 - Gesellschaft Bosnischer Akademiker\",\"isPartOf\":{\"@id\":\"https:\/\/www.bhakademiker.org\/bs\/#website\"},\"datePublished\":\"2021-06-25T21:05:55+00:00\",\"dateModified\":\"2022-11-26T12:29:36+00:00\",\"breadcrumb\":{\"@id\":\"https:\/\/www.bhakademiker.org\/lebring-2018\/#breadcrumb\"},\"inLanguage\":\"bs-BA\",\"potentialAction\":[{\"@type\":\"ReadAction\",\"target\":[\"https:\/\/www.bhakademiker.org\/lebring-2018\/\"]}]},{\"@type\":\"BreadcrumbList\",\"@id\":\"https:\/\/www.bhakademiker.org\/lebring-2018\/#breadcrumb\",\"itemListElement\":[{\"@type\":\"ListItem\",\"position\":1,\"name\":\"Home\",\"item\":\"https:\/\/www.bhakademiker.org\/\"},{\"@type\":\"ListItem\",\"position\":2,\"name\":\"Lebring 2018\"}]},{\"@type\":\"WebSite\",\"@id\":\"https:\/\/www.bhakademiker.org\/bs\/#website\",\"url\":\"https:\/\/www.bhakademiker.org\/bs\/\",\"name\":\"Gesellschaft Bosnischer Akademiker\",\"description\":\"\",\"publisher\":{\"@id\":\"https:\/\/www.bhakademiker.org\/bs\/#organization\"},\"potentialAction\":[{\"@type\":\"SearchAction\",\"target\":{\"@type\":\"EntryPoint\",\"urlTemplate\":\"https:\/\/www.bhakademiker.org\/bs\/?s={search_term_string}\"},\"query-input\":\"required name=search_term_string\"}],\"inLanguage\":\"bs-BA\"},{\"@type\":\"Organization\",\"@id\":\"https:\/\/www.bhakademiker.org\/bs\/#organization\",\"name\":\"Gesellschaft Bosnischer Akademiker in \u00d6sterreich\",\"url\":\"https:\/\/www.bhakademiker.org\/bs\/\",\"logo\":{\"@type\":\"ImageObject\",\"inLanguage\":\"bs-BA\",\"@id\":\"https:\/\/www.bhakademiker.org\/bs\/#\/schema\/logo\/image\/\",\"url\":\"https:\/\/www.bhakademiker.org\/wp-content\/uploads\/2022\/01\/featured-GBAA.png\",\"contentUrl\":\"https:\/\/www.bhakademiker.org\/wp-content\/uploads\/2022\/01\/featured-GBAA.png\",\"width\":1200,\"height\":630,\"caption\":\"Gesellschaft Bosnischer Akademiker in \u00d6sterreich\"},\"image\":{\"@id\":\"https:\/\/www.bhakademiker.org\/bs\/#\/schema\/logo\/image\/\"}}]}<\/script>\n<!-- \/ Yoast SEO plugin. -->","yoast_head_json":{"title":"Lebring 2018 - Gesellschaft Bosnischer Akademiker","robots":{"index":"index","follow":"follow","max-snippet":"max-snippet:-1","max-image-preview":"max-image-preview:large","max-video-preview":"max-video-preview:-1"},"canonical":"https:\/\/www.bhakademiker.org\/bs\/lebring-2018\/","og_locale":"bs_BA","og_type":"article","og_title":"Lebring 2018 - Gesellschaft Bosnischer Akademiker","og_url":"https:\/\/www.bhakademiker.org\/bs\/lebring-2018\/","og_site_name":"Gesellschaft Bosnischer Akademiker","article_modified_time":"2022-11-26T12:29:36+00:00","og_image":[{"url":"https:\/\/www.bhakademiker.org\/\/files\/pics\/IMG_4739_200_140.JPG"}],"twitter_card":"summary_large_image","twitter_misc":{"Est. reading time":"2 minute"},"schema":{"@context":"https:\/\/schema.org","@graph":[{"@type":"WebPage","@id":"https:\/\/www.bhakademiker.org\/lebring-2018\/","url":"https:\/\/www.bhakademiker.org\/lebring-2018\/","name":"Lebring 2018 - Gesellschaft Bosnischer Akademiker","isPartOf":{"@id":"https:\/\/www.bhakademiker.org\/bs\/#website"},"datePublished":"2021-06-25T21:05:55+00:00","dateModified":"2022-11-26T12:29:36+00:00","breadcrumb":{"@id":"https:\/\/www.bhakademiker.org\/lebring-2018\/#breadcrumb"},"inLanguage":"bs-BA","potentialAction":[{"@type":"ReadAction","target":["https:\/\/www.bhakademiker.org\/lebring-2018\/"]}]},{"@type":"BreadcrumbList","@id":"https:\/\/www.bhakademiker.org\/lebring-2018\/#breadcrumb","itemListElement":[{"@type":"ListItem","position":1,"name":"Home","item":"https:\/\/www.bhakademiker.org\/"},{"@type":"ListItem","position":2,"name":"Lebring 2018"}]},{"@type":"WebSite","@id":"https:\/\/www.bhakademiker.org\/bs\/#website","url":"https:\/\/www.bhakademiker.org\/bs\/","name":"Gesellschaft Bosnischer Akademiker","description":"","publisher":{"@id":"https:\/\/www.bhakademiker.org\/bs\/#organization"},"potentialAction":[{"@type":"SearchAction","target":{"@type":"EntryPoint","urlTemplate":"https:\/\/www.bhakademiker.org\/bs\/?s={search_term_string}"},"query-input":"required name=search_term_string"}],"inLanguage":"bs-BA"},{"@type":"Organization","@id":"https:\/\/www.bhakademiker.org\/bs\/#organization","name":"Gesellschaft Bosnischer Akademiker in \u00d6sterreich","url":"https:\/\/www.bhakademiker.org\/bs\/","logo":{"@type":"ImageObject","inLanguage":"bs-BA","@id":"https:\/\/www.bhakademiker.org\/bs\/#\/schema\/logo\/image\/","url":"https:\/\/www.bhakademiker.org\/wp-content\/uploads\/2022\/01\/featured-GBAA.png","contentUrl":"https:\/\/www.bhakademiker.org\/wp-content\/uploads\/2022\/01\/featured-GBAA.png","width":1200,"height":630,"caption":"Gesellschaft Bosnischer Akademiker in \u00d6sterreich"},"image":{"@id":"https:\/\/www.bhakademiker.org\/bs\/#\/schema\/logo\/image\/"}}]}},"_links":{"self":[{"href":"https:\/\/www.bhakademiker.org\/bs\/wp-json\/wp\/v2\/pages\/1158","targetHints":{"allow":["GET"]}}],"collection":[{"href":"https:\/\/www.bhakademiker.org\/bs\/wp-json\/wp\/v2\/pages"}],"about":[{"href":"https:\/\/www.bhakademiker.org\/bs\/wp-json\/wp\/v2\/types\/page"}],"author":[{"embeddable":true,"href":"https:\/\/www.bhakademiker.org\/bs\/wp-json\/wp\/v2\/users\/1"}],"replies":[{"embeddable":true,"href":"https:\/\/www.bhakademiker.org\/bs\/wp-json\/wp\/v2\/comments?post=1158"}],"version-history":[{"count":6,"href":"https:\/\/www.bhakademiker.org\/bs\/wp-json\/wp\/v2\/pages\/1158\/revisions"}],"predecessor-version":[{"id":2412,"href":"https:\/\/www.bhakademiker.org\/bs\/wp-json\/wp\/v2\/pages\/1158\/revisions\/2412"}],"wp:attachment":[{"href":"https:\/\/www.bhakademiker.org\/bs\/wp-json\/wp\/v2\/media?parent=1158"}],"curies":[{"name":"wp","href":"https:\/\/api.w.org\/{rel}","templated":true}]}}