{"id":1283,"date":"2021-06-26T00:01:20","date_gmt":"2021-06-25T22:01:20","guid":{"rendered":"https:\/\/www.bhakademiker.org\/?page_id=1283"},"modified":"2021-06-26T00:01:20","modified_gmt":"2021-06-25T22:01:20","slug":"geburtstag-bosniens","status":"publish","type":"page","link":"https:\/\/www.bhakademiker.org\/bs\/geburtstag-bosniens\/","title":{"rendered":"Ro\u0111endan Bosne"},"content":{"rendered":"<div class=\"vc_row wpb_row row\"><div class=\"wpb_column vc_column_container vc_col-sm-12\"><div class=\"vc_column-inner\"><div class=\"wpb_wrapper\"><h3 class=\"no-margin-top\" >Ro\u0111endan Bosne<\/h3>\n\t<div class=\"wpb_text_column wpb_content_element\" >\n\t\t<div class=\"wpb_wrapper\">\n\t\t\t<p>2017. godine, Bosansko Akademsko Dru\u0161tvo iz Austrije, odlu\u010dilo je da 29.August 1189. godine, dan potpisivanja Povelje bana Kulina, redovno obilje\u017eava kao ro\u0111endan Bosne.<\/p>\n<p>Ovaj dokument, kao najstariji pisani dokument jednog ju\u017enoslavenskog vladara, svjedo\u010di o Bosni kao dr\u017eavi jo\u0161 od 12.stolje\u0107a. Kasnije je Bosna pod vladavinom  kralja Tvrtka, do dolaska Osmanlija, bila najrazvijenija dr\u017eava na Balkanu.<\/p>\n<p>Ove godine u Be\u010du bit \u0107e organizovana manifestacija obilje\u017eavanja ovog historijskog doga\u0111aja uz prisustvo mnogih istaknutih li\u010dnosti sa svih kontinenata. Suorganizatori su Bosansko Akademsko Dru\u0161tvo iz Austrije i Austrijsko dru\u0161tvo iz Graz-a<\/p>\n<p class=\" translation-block\">Govornici na ovoj manifestaciji \u0107e biti univerzitetski profesori:\nLejla Naka\u0161, D\u017eevad Karahasan, Kemal Hanjali\u0107, Mirsad Had\u017eikadi\u0107, Anis Bajrektarevi\u0107, i pukovnik austrijske vojske Wolfgang Wildberger.<\/p>\n<p>Manifestacija ima za cilj prikazati  bosansku historiju evropskoj javnosti u njenim svijetlim trenucima u svim epohama, kao i  oja\u010dati svijest novim generacijama o postojanosti i dr\u017eavnosti Bosne.<\/p>\n<p>Analizirat \u0107e se razvoj Bosne  u njenih \u0161est vremenskih razdoblja:<\/p>\n<ul>\n<li>Bosna u srednjem vijeku<\/li>\n<li>Bosna u Osmanskom carstvu<\/li>\n<li>Bosna u Austro-ugarskom carstvu<\/li>\n<li>Busna u Jugoslaviji<\/li>\n<li>Bosna od 1992 do danas<\/li>\n<li>Bosna u budu\u0107nosti<\/li>\n<\/ul>\n<p class=\" translation-block\">Ovaj projekat obilje\u017eavanja ro\u0111jendana Bosne, planiran je za 21. Septembar 2018., a kroz kulturni dio manifestacije  vodit \u0107e nas Nata\u0161a Mirkovi\u0107, Selma Aljovi\u0107 i Mirza Alijagi\u0107. \nI ovaj doga\u0111aj je jedan od dijelova mozaika priznavanja nacionalne manjine u Austriji.<\/p>\n\n\t\t<\/div>\n\t<\/div>\n<\/div><\/div><\/div><\/div>","protected":false},"excerpt":{"rendered":"Geburtstag Bosniens Im vergangenen Jahr hat die Gesellschaft Bosnischer Akademiker in \u00d6sterreich beschlossen, den 29. August 1189 \u2013 jenes Datum, an dem die \u201ePovelja Kulina Bana\u201c unterzeichnet wurde \u2013 j\u00e4hrlich als offiziellen Geburtstag Bosniens zu feiern. Bei dem besagten Abkommen handelt es sich nicht nur um das \u00e4lteste schriftliche Dokument eines s\u00fcdslawischen Herrschers, sondern beweist ebenso den Status Bosniens als Staat noch im 12. Jahrhundert. Unter der Herrschhaft von K\u00f6nig Tvrtko bis zur Ankunft der Osmanen war Bosnien dar\u00fcber hinaus der am weitesten entwickelte Staat am Balkan. Aufgrund der Wichtigkeit dieses historischen Ereignisses wurde seitens der Gesellschaft Bosnischer Akademiker in...","protected":false},"author":1,"featured_media":0,"parent":0,"menu_order":0,"comment_status":"closed","ping_status":"closed","template":"","meta":{"footnotes":""},"class_list":["post-1283","page","type-page","status-publish","hentry"],"yoast_head":"<!-- This site is optimized with the Yoast SEO plugin v20.3 - https:\/\/yoast.com\/wordpress\/plugins\/seo\/ -->\n<title>Geburtstag Bosniens - Gesellschaft Bosnischer Akademiker<\/title>\n<meta name=\"robots\" content=\"index, follow, max-snippet:-1, max-image-preview:large, max-video-preview:-1\" \/>\n<link rel=\"canonical\" href=\"https:\/\/www.bhakademiker.org\/bs\/geburtstag-bosniens\/\" \/>\n<meta property=\"og:locale\" content=\"bs_BA\" \/>\n<meta property=\"og:type\" content=\"article\" \/>\n<meta property=\"og:title\" content=\"Geburtstag Bosniens - Gesellschaft Bosnischer Akademiker\" \/>\n<meta property=\"og:url\" content=\"https:\/\/www.bhakademiker.org\/bs\/geburtstag-bosniens\/\" \/>\n<meta property=\"og:site_name\" content=\"Gesellschaft Bosnischer Akademiker\" \/>\n<meta property=\"og:image\" content=\"https:\/\/www.bhakademiker.org\/wp-content\/uploads\/2022\/01\/featured-GBAA.png\" \/>\n\t<meta property=\"og:image:width\" content=\"1200\" \/>\n\t<meta property=\"og:image:height\" content=\"630\" \/>\n\t<meta property=\"og:image:type\" content=\"image\/png\" \/>\n<meta name=\"twitter:card\" content=\"summary_large_image\" \/>\n<meta name=\"twitter:label1\" content=\"Est. reading time\" \/>\n\t<meta name=\"twitter:data1\" content=\"1 minuta\" \/>\n<script type=\"application\/ld+json\" class=\"yoast-schema-graph\">{\"@context\":\"https:\/\/schema.org\",\"@graph\":[{\"@type\":\"WebPage\",\"@id\":\"https:\/\/www.bhakademiker.org\/de\/geburtstag-bosniens\/\",\"url\":\"https:\/\/www.bhakademiker.org\/de\/geburtstag-bosniens\/\",\"name\":\"Geburtstag Bosniens - Gesellschaft Bosnischer Akademiker\",\"isPartOf\":{\"@id\":\"https:\/\/www.bhakademiker.org\/bs\/#website\"},\"datePublished\":\"2021-06-25T22:01:20+00:00\",\"dateModified\":\"2021-06-25T22:01:20+00:00\",\"breadcrumb\":{\"@id\":\"https:\/\/www.bhakademiker.org\/de\/geburtstag-bosniens\/#breadcrumb\"},\"inLanguage\":\"bs-BA\",\"potentialAction\":[{\"@type\":\"ReadAction\",\"target\":[\"https:\/\/www.bhakademiker.org\/de\/geburtstag-bosniens\/\"]}]},{\"@type\":\"BreadcrumbList\",\"@id\":\"https:\/\/www.bhakademiker.org\/de\/geburtstag-bosniens\/#breadcrumb\",\"itemListElement\":[{\"@type\":\"ListItem\",\"position\":1,\"name\":\"Home\",\"item\":\"https:\/\/www.bhakademiker.org\/\"},{\"@type\":\"ListItem\",\"position\":2,\"name\":\"Geburtstag Bosniens\"}]},{\"@type\":\"WebSite\",\"@id\":\"https:\/\/www.bhakademiker.org\/bs\/#website\",\"url\":\"https:\/\/www.bhakademiker.org\/bs\/\",\"name\":\"Gesellschaft Bosnischer Akademiker\",\"description\":\"\",\"publisher\":{\"@id\":\"https:\/\/www.bhakademiker.org\/bs\/#organization\"},\"potentialAction\":[{\"@type\":\"SearchAction\",\"target\":{\"@type\":\"EntryPoint\",\"urlTemplate\":\"https:\/\/www.bhakademiker.org\/bs\/?s={search_term_string}\"},\"query-input\":\"required name=search_term_string\"}],\"inLanguage\":\"bs-BA\"},{\"@type\":\"Organization\",\"@id\":\"https:\/\/www.bhakademiker.org\/bs\/#organization\",\"name\":\"Gesellschaft Bosnischer Akademiker in \u00d6sterreich\",\"url\":\"https:\/\/www.bhakademiker.org\/bs\/\",\"logo\":{\"@type\":\"ImageObject\",\"inLanguage\":\"bs-BA\",\"@id\":\"https:\/\/www.bhakademiker.org\/bs\/#\/schema\/logo\/image\/\",\"url\":\"https:\/\/www.bhakademiker.org\/wp-content\/uploads\/2022\/01\/featured-GBAA.png\",\"contentUrl\":\"https:\/\/www.bhakademiker.org\/wp-content\/uploads\/2022\/01\/featured-GBAA.png\",\"width\":1200,\"height\":630,\"caption\":\"Gesellschaft Bosnischer Akademiker in \u00d6sterreich\"},\"image\":{\"@id\":\"https:\/\/www.bhakademiker.org\/bs\/#\/schema\/logo\/image\/\"}}]}<\/script>\n<!-- \/ Yoast SEO plugin. -->","yoast_head_json":{"title":"Geburtstag Bosniens - Gesellschaft Bosnischer Akademiker","robots":{"index":"index","follow":"follow","max-snippet":"max-snippet:-1","max-image-preview":"max-image-preview:large","max-video-preview":"max-video-preview:-1"},"canonical":"https:\/\/www.bhakademiker.org\/bs\/geburtstag-bosniens\/","og_locale":"bs_BA","og_type":"article","og_title":"Geburtstag Bosniens - Gesellschaft Bosnischer Akademiker","og_url":"https:\/\/www.bhakademiker.org\/bs\/geburtstag-bosniens\/","og_site_name":"Gesellschaft Bosnischer Akademiker","og_image":[{"width":1200,"height":630,"url":"https:\/\/www.bhakademiker.org\/wp-content\/uploads\/2022\/01\/featured-GBAA.png","type":"image\/png"}],"twitter_card":"summary_large_image","twitter_misc":{"Est. reading time":"1 minuta"},"schema":{"@context":"https:\/\/schema.org","@graph":[{"@type":"WebPage","@id":"https:\/\/www.bhakademiker.org\/de\/geburtstag-bosniens\/","url":"https:\/\/www.bhakademiker.org\/de\/geburtstag-bosniens\/","name":"Geburtstag Bosniens - Gesellschaft Bosnischer Akademiker","isPartOf":{"@id":"https:\/\/www.bhakademiker.org\/bs\/#website"},"datePublished":"2021-06-25T22:01:20+00:00","dateModified":"2021-06-25T22:01:20+00:00","breadcrumb":{"@id":"https:\/\/www.bhakademiker.org\/de\/geburtstag-bosniens\/#breadcrumb"},"inLanguage":"bs-BA","potentialAction":[{"@type":"ReadAction","target":["https:\/\/www.bhakademiker.org\/de\/geburtstag-bosniens\/"]}]},{"@type":"BreadcrumbList","@id":"https:\/\/www.bhakademiker.org\/de\/geburtstag-bosniens\/#breadcrumb","itemListElement":[{"@type":"ListItem","position":1,"name":"Home","item":"https:\/\/www.bhakademiker.org\/"},{"@type":"ListItem","position":2,"name":"Geburtstag Bosniens"}]},{"@type":"WebSite","@id":"https:\/\/www.bhakademiker.org\/bs\/#website","url":"https:\/\/www.bhakademiker.org\/bs\/","name":"Gesellschaft Bosnischer Akademiker","description":"","publisher":{"@id":"https:\/\/www.bhakademiker.org\/bs\/#organization"},"potentialAction":[{"@type":"SearchAction","target":{"@type":"EntryPoint","urlTemplate":"https:\/\/www.bhakademiker.org\/bs\/?s={search_term_string}"},"query-input":"required name=search_term_string"}],"inLanguage":"bs-BA"},{"@type":"Organization","@id":"https:\/\/www.bhakademiker.org\/bs\/#organization","name":"Gesellschaft Bosnischer Akademiker in \u00d6sterreich","url":"https:\/\/www.bhakademiker.org\/bs\/","logo":{"@type":"ImageObject","inLanguage":"bs-BA","@id":"https:\/\/www.bhakademiker.org\/bs\/#\/schema\/logo\/image\/","url":"https:\/\/www.bhakademiker.org\/wp-content\/uploads\/2022\/01\/featured-GBAA.png","contentUrl":"https:\/\/www.bhakademiker.org\/wp-content\/uploads\/2022\/01\/featured-GBAA.png","width":1200,"height":630,"caption":"Gesellschaft Bosnischer Akademiker in \u00d6sterreich"},"image":{"@id":"https:\/\/www.bhakademiker.org\/bs\/#\/schema\/logo\/image\/"}}]}},"_links":{"self":[{"href":"https:\/\/www.bhakademiker.org\/bs\/wp-json\/wp\/v2\/pages\/1283","targetHints":{"allow":["GET"]}}],"collection":[{"href":"https:\/\/www.bhakademiker.org\/bs\/wp-json\/wp\/v2\/pages"}],"about":[{"href":"https:\/\/www.bhakademiker.org\/bs\/wp-json\/wp\/v2\/types\/page"}],"author":[{"embeddable":true,"href":"https:\/\/www.bhakademiker.org\/bs\/wp-json\/wp\/v2\/users\/1"}],"replies":[{"embeddable":true,"href":"https:\/\/www.bhakademiker.org\/bs\/wp-json\/wp\/v2\/comments?post=1283"}],"version-history":[{"count":1,"href":"https:\/\/www.bhakademiker.org\/bs\/wp-json\/wp\/v2\/pages\/1283\/revisions"}],"predecessor-version":[{"id":1284,"href":"https:\/\/www.bhakademiker.org\/bs\/wp-json\/wp\/v2\/pages\/1283\/revisions\/1284"}],"wp:attachment":[{"href":"https:\/\/www.bhakademiker.org\/bs\/wp-json\/wp\/v2\/media?parent=1283"}],"curies":[{"name":"wp","href":"https:\/\/api.w.org\/{rel}","templated":true}]}}