{"id":1312,"date":"2021-06-26T00:36:48","date_gmt":"2021-06-25T22:36:48","guid":{"rendered":"https:\/\/www.bhakademiker.org\/?page_id=1312"},"modified":"2021-06-26T00:37:04","modified_gmt":"2021-06-25T22:37:04","slug":"burgenlandkroaten","status":"publish","type":"page","link":"https:\/\/www.bhakademiker.org\/bs\/burgenlandkroaten\/","title":{"rendered":"Gradi\u0161\u010danski Hrvati"},"content":{"rendered":"<div class=\"vc_row wpb_row row\"><div class=\"wpb_column vc_column_container vc_col-sm-12\"><div class=\"vc_column-inner\"><div class=\"wpb_wrapper\"><h3 class=\"no-margin-top\" >Susret sa gradi\u0161\u010danskim Hrvatima<\/h3>\n\t<div class=\"wpb_text_column wpb_content_element\" >\n\t\t<div class=\"wpb_wrapper\">\n\t\t\t<p>Bosansko Akademsko Dru\u0161tvo u Austriji (GBAA) otpocelo razgovore sa priznatim nacionalnim manjinama<\/p>\n<p>Susret sa gradi\u0161\u010danskim Hrvatima<\/p>\n<p><img decoding=\"async\" class=\"img-responsive alignleft\" src=\"https:\/\/www.bhakademiker.org\/\/files\/pics\/gradiscanski_Hrvati.jpg\" alt=\"\" \/><\/p>\n<p>8. aprila 2017 uprili\u010den je susret predstavnika Bosanskog Akademskog Dru\u0161tva i gradi\u0161\u010danskih Hrvata.<\/p>\n<p>U prostorijama kulturnog centra gradi\u0161\u010danskih Hrvata u Be\u010du, razgovarano je o polo\u017eaju manjina i zna\u010daju priznanja nacionalne manjine.<\/p>\n<p>Takodjer je razmatrana mogu\u0107nost saradnje izme\u0111u dvije organizacije, kao i o mogu\u0107nosti zajedni\u010dkog nastupa prema vlastima, gdje bi i ostale priznate manjine bile uklju\u010dene.<\/p>\n<p>Dogovoreno je da se uprili\u010di slijede\u0107i sastanak sa ve\u0107im brojem predstavnika obje strane i konkretizira vid saradnje. Tom prilikom je predlo\u017eeno i potpisivanje MoU \u2013 sporazuma o saradnji.<\/p>\n<p>GBAA \u0107e nastaviti susrete sa ostalim nacionalnim manjinama.<\/p>\n\n\t\t<\/div>\n\t<\/div>\n<\/div><\/div><\/div><\/div>","protected":false},"excerpt":{"rendered":"Treffen mit den Burgenlandkroaten Die GBAA begann die Gespr\u00e4che mit den anerkannten Minderheiten. Treffen mit den Burgelandkroaten. Am 8. April 2017 wurde ein Treffen zwischen den Vertretern der GBAA und den Burgenlandkroaten organisiert. In den R\u00e4umlichkeiten des Kulturzentrums der Burgenlandkroaten in Wien wurde \u00fcber die Lage der Minderheiten und \u00fcber die Wichtigkeit derer Anerkennung als nationale Minderheit gesprochen. Au\u00dferdem wurde die M\u00f6glichkeit einer Zusammenarbeit\u00a0 beider Organisationen in Erw\u00e4gung gezogen, sowie die M\u00f6glichkeit eines gemeinsamen Auftretens gegen\u00fcber der Regierung, in welche auch die restlichen anerkannten Minderheiten miteinbezogen werden w\u00fcrden. Es wurde ein weiteres Treffen mit einer gr\u00f6\u00dferen VertreterInnenanzahl vereinbart. Au\u00dferdem m\u00f6chte...","protected":false},"author":1,"featured_media":0,"parent":0,"menu_order":0,"comment_status":"closed","ping_status":"closed","template":"","meta":{"footnotes":""},"class_list":["post-1312","page","type-page","status-publish","hentry"],"yoast_head":"<!-- This site is optimized with the Yoast SEO plugin v20.3 - https:\/\/yoast.com\/wordpress\/plugins\/seo\/ -->\n<title>Burgenlandkroaten - Gesellschaft Bosnischer Akademiker<\/title>\n<meta name=\"robots\" content=\"index, follow, max-snippet:-1, max-image-preview:large, max-video-preview:-1\" \/>\n<link rel=\"canonical\" href=\"https:\/\/www.bhakademiker.org\/bs\/burgenlandkroaten\/\" \/>\n<meta property=\"og:locale\" content=\"bs_BA\" \/>\n<meta property=\"og:type\" content=\"article\" \/>\n<meta property=\"og:title\" content=\"Burgenlandkroaten - Gesellschaft Bosnischer Akademiker\" \/>\n<meta property=\"og:url\" content=\"https:\/\/www.bhakademiker.org\/bs\/burgenlandkroaten\/\" \/>\n<meta property=\"og:site_name\" content=\"Gesellschaft Bosnischer Akademiker\" \/>\n<meta property=\"article:modified_time\" content=\"2021-06-25T22:37:04+00:00\" \/>\n<meta property=\"og:image\" content=\"https:\/\/www.bhakademiker.org\/\/files\/pics\/gradiscanski_Hrvati.jpg\" \/>\n<meta name=\"twitter:card\" content=\"summary_large_image\" \/>\n<meta name=\"twitter:label1\" content=\"Est. reading time\" \/>\n\t<meta name=\"twitter:data1\" content=\"1 minuta\" \/>\n<script type=\"application\/ld+json\" class=\"yoast-schema-graph\">{\"@context\":\"https:\/\/schema.org\",\"@graph\":[{\"@type\":\"WebPage\",\"@id\":\"https:\/\/www.bhakademiker.org\/de\/burgenlandkroaten\/\",\"url\":\"https:\/\/www.bhakademiker.org\/de\/burgenlandkroaten\/\",\"name\":\"Burgenlandkroaten - Gesellschaft Bosnischer Akademiker\",\"isPartOf\":{\"@id\":\"https:\/\/www.bhakademiker.org\/bs\/#website\"},\"datePublished\":\"2021-06-25T22:36:48+00:00\",\"dateModified\":\"2021-06-25T22:37:04+00:00\",\"breadcrumb\":{\"@id\":\"https:\/\/www.bhakademiker.org\/de\/burgenlandkroaten\/#breadcrumb\"},\"inLanguage\":\"bs-BA\",\"potentialAction\":[{\"@type\":\"ReadAction\",\"target\":[\"https:\/\/www.bhakademiker.org\/de\/burgenlandkroaten\/\"]}]},{\"@type\":\"BreadcrumbList\",\"@id\":\"https:\/\/www.bhakademiker.org\/de\/burgenlandkroaten\/#breadcrumb\",\"itemListElement\":[{\"@type\":\"ListItem\",\"position\":1,\"name\":\"Home\",\"item\":\"https:\/\/www.bhakademiker.org\/\"},{\"@type\":\"ListItem\",\"position\":2,\"name\":\"Burgenlandkroaten\"}]},{\"@type\":\"WebSite\",\"@id\":\"https:\/\/www.bhakademiker.org\/bs\/#website\",\"url\":\"https:\/\/www.bhakademiker.org\/bs\/\",\"name\":\"Gesellschaft Bosnischer Akademiker\",\"description\":\"\",\"publisher\":{\"@id\":\"https:\/\/www.bhakademiker.org\/bs\/#organization\"},\"potentialAction\":[{\"@type\":\"SearchAction\",\"target\":{\"@type\":\"EntryPoint\",\"urlTemplate\":\"https:\/\/www.bhakademiker.org\/bs\/?s={search_term_string}\"},\"query-input\":\"required name=search_term_string\"}],\"inLanguage\":\"bs-BA\"},{\"@type\":\"Organization\",\"@id\":\"https:\/\/www.bhakademiker.org\/bs\/#organization\",\"name\":\"Gesellschaft Bosnischer Akademiker in \u00d6sterreich\",\"url\":\"https:\/\/www.bhakademiker.org\/bs\/\",\"logo\":{\"@type\":\"ImageObject\",\"inLanguage\":\"bs-BA\",\"@id\":\"https:\/\/www.bhakademiker.org\/bs\/#\/schema\/logo\/image\/\",\"url\":\"https:\/\/www.bhakademiker.org\/wp-content\/uploads\/2022\/01\/featured-GBAA.png\",\"contentUrl\":\"https:\/\/www.bhakademiker.org\/wp-content\/uploads\/2022\/01\/featured-GBAA.png\",\"width\":1200,\"height\":630,\"caption\":\"Gesellschaft Bosnischer Akademiker in \u00d6sterreich\"},\"image\":{\"@id\":\"https:\/\/www.bhakademiker.org\/bs\/#\/schema\/logo\/image\/\"}}]}<\/script>\n<!-- \/ Yoast SEO plugin. -->","yoast_head_json":{"title":"Burgenlandkroaten - Gesellschaft Bosnischer Akademiker","robots":{"index":"index","follow":"follow","max-snippet":"max-snippet:-1","max-image-preview":"max-image-preview:large","max-video-preview":"max-video-preview:-1"},"canonical":"https:\/\/www.bhakademiker.org\/bs\/burgenlandkroaten\/","og_locale":"bs_BA","og_type":"article","og_title":"Burgenlandkroaten - Gesellschaft Bosnischer Akademiker","og_url":"https:\/\/www.bhakademiker.org\/bs\/burgenlandkroaten\/","og_site_name":"Gesellschaft Bosnischer Akademiker","article_modified_time":"2021-06-25T22:37:04+00:00","og_image":[{"url":"https:\/\/www.bhakademiker.org\/\/files\/pics\/gradiscanski_Hrvati.jpg"}],"twitter_card":"summary_large_image","twitter_misc":{"Est. reading time":"1 minuta"},"schema":{"@context":"https:\/\/schema.org","@graph":[{"@type":"WebPage","@id":"https:\/\/www.bhakademiker.org\/de\/burgenlandkroaten\/","url":"https:\/\/www.bhakademiker.org\/de\/burgenlandkroaten\/","name":"Burgenlandkroaten - Gesellschaft Bosnischer Akademiker","isPartOf":{"@id":"https:\/\/www.bhakademiker.org\/bs\/#website"},"datePublished":"2021-06-25T22:36:48+00:00","dateModified":"2021-06-25T22:37:04+00:00","breadcrumb":{"@id":"https:\/\/www.bhakademiker.org\/de\/burgenlandkroaten\/#breadcrumb"},"inLanguage":"bs-BA","potentialAction":[{"@type":"ReadAction","target":["https:\/\/www.bhakademiker.org\/de\/burgenlandkroaten\/"]}]},{"@type":"BreadcrumbList","@id":"https:\/\/www.bhakademiker.org\/de\/burgenlandkroaten\/#breadcrumb","itemListElement":[{"@type":"ListItem","position":1,"name":"Home","item":"https:\/\/www.bhakademiker.org\/"},{"@type":"ListItem","position":2,"name":"Burgenlandkroaten"}]},{"@type":"WebSite","@id":"https:\/\/www.bhakademiker.org\/bs\/#website","url":"https:\/\/www.bhakademiker.org\/bs\/","name":"Gesellschaft Bosnischer Akademiker","description":"","publisher":{"@id":"https:\/\/www.bhakademiker.org\/bs\/#organization"},"potentialAction":[{"@type":"SearchAction","target":{"@type":"EntryPoint","urlTemplate":"https:\/\/www.bhakademiker.org\/bs\/?s={search_term_string}"},"query-input":"required name=search_term_string"}],"inLanguage":"bs-BA"},{"@type":"Organization","@id":"https:\/\/www.bhakademiker.org\/bs\/#organization","name":"Gesellschaft Bosnischer Akademiker in \u00d6sterreich","url":"https:\/\/www.bhakademiker.org\/bs\/","logo":{"@type":"ImageObject","inLanguage":"bs-BA","@id":"https:\/\/www.bhakademiker.org\/bs\/#\/schema\/logo\/image\/","url":"https:\/\/www.bhakademiker.org\/wp-content\/uploads\/2022\/01\/featured-GBAA.png","contentUrl":"https:\/\/www.bhakademiker.org\/wp-content\/uploads\/2022\/01\/featured-GBAA.png","width":1200,"height":630,"caption":"Gesellschaft Bosnischer Akademiker in \u00d6sterreich"},"image":{"@id":"https:\/\/www.bhakademiker.org\/bs\/#\/schema\/logo\/image\/"}}]}},"_links":{"self":[{"href":"https:\/\/www.bhakademiker.org\/bs\/wp-json\/wp\/v2\/pages\/1312","targetHints":{"allow":["GET"]}}],"collection":[{"href":"https:\/\/www.bhakademiker.org\/bs\/wp-json\/wp\/v2\/pages"}],"about":[{"href":"https:\/\/www.bhakademiker.org\/bs\/wp-json\/wp\/v2\/types\/page"}],"author":[{"embeddable":true,"href":"https:\/\/www.bhakademiker.org\/bs\/wp-json\/wp\/v2\/users\/1"}],"replies":[{"embeddable":true,"href":"https:\/\/www.bhakademiker.org\/bs\/wp-json\/wp\/v2\/comments?post=1312"}],"version-history":[{"count":3,"href":"https:\/\/www.bhakademiker.org\/bs\/wp-json\/wp\/v2\/pages\/1312\/revisions"}],"predecessor-version":[{"id":1315,"href":"https:\/\/www.bhakademiker.org\/bs\/wp-json\/wp\/v2\/pages\/1312\/revisions\/1315"}],"wp:attachment":[{"href":"https:\/\/www.bhakademiker.org\/bs\/wp-json\/wp\/v2\/media?parent=1312"}],"curies":[{"name":"wp","href":"https:\/\/api.w.org\/{rel}","templated":true}]}}