{"id":1497,"date":"2021-06-26T20:19:19","date_gmt":"2021-06-26T18:19:19","guid":{"rendered":"https:\/\/www.bhakademiker.org\/?page_id=1497"},"modified":"2021-06-26T20:20:27","modified_gmt":"2021-06-26T18:20:27","slug":"bosnien-oktober-2016","status":"publish","type":"page","link":"https:\/\/www.bhakademiker.org\/bs\/bosnien-oktober-2016\/","title":{"rendered":"Bosnien &#8211; Oktober 2016"},"content":{"rendered":"<div class=\"vc_row wpb_row row\"><div class=\"wpb_column vc_column_container vc_col-sm-12\"><div class=\"vc_column-inner\"><div class=\"wpb_wrapper\"><h3 class=\"no-margin-top\" >Privredne mogu\u0107nosti u BiH \u2013 Oktobar 2016<\/h3>\n\t<div class=\"wpb_text_column wpb_content_element\" >\n\t\t<div class=\"wpb_wrapper\">\n\t\t\t<p>Be\u010d, 08. Oktobar 2016<\/p>\n<p>Serial privrednih skupova koje organizira Bosansko Akademsko Dru\u0161tvo u Austriji na temu\n\u201ePrivredne mogu\u0107nosti u BiH \u2013 Predstavljanje uspje\u0161nog poslovanja \u201c nastavljen je prezentacijom uspje\u0161nog primjera poslovanja dijaspore u BiH.<\/p>\n<p class=\" translation-block\">Fadil \u010cavki\u0107 je prezentirao razvoj firme Kombiflex u Austriji i \u010c.J. d.o.o u Biha\u0107u.\n\u010c.J. d.o.o. Biha\u0107 je porodi\u010dna firma koja je osnovana 1984. godine. U po\u010detku je osnovna djelatnost firme bila razrez oblovine, \u0161to se obavljalo u jednoj maloj pilani. Od 1991. godine  preusmjeravanje podru\u010dja djelovanja na proizvodnju metalnih konstrukcija \n2005. godine su isporu\u010deni prvi gotovi metalni sklopovi u Austriju i Sloveniju, a spektar djelovanja se prosirio i na kompleksne konstrukcije kao \u0161to su turbine za hidroelektrane. Danas firma broji preko 140 uposlenika.\nMe\u0111utim nije sve teklo bez opstrukcija, kao i u mnogim sli\u010dnim primjerima, i zbog toga je vrijedilo poslu\u0161ati ovu pri\u010du vrijednih ljudi. Razgovaralo se i o mogu\u0107nostima saradnje sa sli\u010dnim firmama u Austriji i Bosni, kao i o potrebi me\u0111udr\u017eavnog ugovora o detasmanima, kakav Bosna ima sa Njema\u010dkom.<\/p>\n\n\t\t<\/div>\n\t<\/div>\n<\/div><\/div><\/div><\/div><div class=\"vc_row wpb_row row\"><div class=\"wpb_column vc_column_container vc_col-sm-12\"><div class=\"vc_column-inner\"><div class=\"wpb_wrapper\">\n<div class=\"vc_grid-container-wrapper vc_clearfix\">\n\t<div class=\"vc_grid-container vc_clearfix wpb_content_element vc_media_grid\" data-initial-loading-animation=\"fadeIn\" data-vc-grid-settings=\"{&quot;page_id&quot;:1497,&quot;style&quot;:&quot;all&quot;,&quot;action&quot;:&quot;vc_get_vc_grid_data&quot;,&quot;shortcode_id&quot;:&quot;1624731561067-88285f3a-a01f-3&quot;,&quot;tag&quot;:&quot;vc_media_grid&quot;}\" data-vc-request=\"https:\/\/www.bhakademiker.org\/wp-admin\/admin-ajax.php\" data-vc-post-id=\"1497\" data-vc-public-nonce=\"94ceebbb93\">\n\t\t\n\t<\/div>\n<\/div><\/div><\/div><\/div><\/div>","protected":false},"excerpt":{"rendered":"Wirschaftsm\u00f6glichkeiten in Bosnien - Oktober 2016 Wien, 08.Oktober 2016 Mit der Pr\u00e4sentation eines weiteren Erfolgsbeispiels eines Unternehmens der Diaspora in B&amp;H wurde die von der Gesellschaft Bosnischer Akademiker in \u00d6sterreich ins Leben gerufene Reihe wirtschaftlicher Summits zum Thema \u201eWirtschaftliche M\u00f6glichkeiten in B&amp;H \u2013 Darstellung erfolgreicher Gesch\u00e4ftsf\u00fchrung\u201c weitergef\u00fchrt. Fadil Cavkic pr\u00e4sentierte die Entstehung und Entwicklung des Unternehmens\u00a0 Kombiflex in \u00d6sterreich und C.J. d.o.o in Bihac. C.J. d.o.o Bihac ist ein Familienunternehmen das 1984 gegr\u00fcndet wurde. In den Anfangszeiten war die Haupt\u00e4tigkeit der Rundholzzuschnitt, was zun\u00e4chst in einem kleinen S\u00e4gewerk stattfand. Von 1991 wurde der T\u00e4tigkeitsbereich in die Produktion von Metallkonstruktionen verlagert....","protected":false},"author":1,"featured_media":0,"parent":0,"menu_order":0,"comment_status":"closed","ping_status":"closed","template":"","meta":{"footnotes":""},"class_list":["post-1497","page","type-page","status-publish","hentry"],"yoast_head":"<!-- This site is optimized with the Yoast SEO plugin v20.3 - https:\/\/yoast.com\/wordpress\/plugins\/seo\/ -->\n<title>Bosnien - Oktober 2016 - Gesellschaft Bosnischer Akademiker<\/title>\n<meta name=\"robots\" content=\"index, follow, max-snippet:-1, max-image-preview:large, max-video-preview:-1\" \/>\n<link rel=\"canonical\" href=\"https:\/\/www.bhakademiker.org\/bs\/bosnien-oktober-2016\/\" \/>\n<meta property=\"og:locale\" content=\"bs_BA\" \/>\n<meta property=\"og:type\" content=\"article\" \/>\n<meta property=\"og:title\" content=\"Bosnien - Oktober 2016 - Gesellschaft Bosnischer Akademiker\" \/>\n<meta property=\"og:url\" content=\"https:\/\/www.bhakademiker.org\/bs\/bosnien-oktober-2016\/\" \/>\n<meta property=\"og:site_name\" content=\"Gesellschaft Bosnischer Akademiker\" \/>\n<meta property=\"article:modified_time\" content=\"2021-06-26T18:20:27+00:00\" \/>\n<meta property=\"og:image\" content=\"https:\/\/www.bhakademiker.org\/wp-content\/uploads\/2022\/01\/featured-GBAA.png\" \/>\n\t<meta property=\"og:image:width\" content=\"1200\" \/>\n\t<meta property=\"og:image:height\" content=\"630\" \/>\n\t<meta property=\"og:image:type\" content=\"image\/png\" \/>\n<meta name=\"twitter:card\" content=\"summary_large_image\" \/>\n<meta name=\"twitter:label1\" content=\"Est. reading time\" \/>\n\t<meta name=\"twitter:data1\" content=\"1 minuta\" \/>\n<script type=\"application\/ld+json\" class=\"yoast-schema-graph\">{\"@context\":\"https:\/\/schema.org\",\"@graph\":[{\"@type\":\"WebPage\",\"@id\":\"https:\/\/www.bhakademiker.org\/de\/bosnien-oktober-2016\/\",\"url\":\"https:\/\/www.bhakademiker.org\/de\/bosnien-oktober-2016\/\",\"name\":\"Bosnien - Oktober 2016 - Gesellschaft Bosnischer Akademiker\",\"isPartOf\":{\"@id\":\"https:\/\/www.bhakademiker.org\/bs\/#website\"},\"datePublished\":\"2021-06-26T18:19:19+00:00\",\"dateModified\":\"2021-06-26T18:20:27+00:00\",\"breadcrumb\":{\"@id\":\"https:\/\/www.bhakademiker.org\/de\/bosnien-oktober-2016\/#breadcrumb\"},\"inLanguage\":\"bs-BA\",\"potentialAction\":[{\"@type\":\"ReadAction\",\"target\":[\"https:\/\/www.bhakademiker.org\/de\/bosnien-oktober-2016\/\"]}]},{\"@type\":\"BreadcrumbList\",\"@id\":\"https:\/\/www.bhakademiker.org\/de\/bosnien-oktober-2016\/#breadcrumb\",\"itemListElement\":[{\"@type\":\"ListItem\",\"position\":1,\"name\":\"Home\",\"item\":\"https:\/\/www.bhakademiker.org\/\"},{\"@type\":\"ListItem\",\"position\":2,\"name\":\"Bosnien &#8211; Oktober 2016\"}]},{\"@type\":\"WebSite\",\"@id\":\"https:\/\/www.bhakademiker.org\/bs\/#website\",\"url\":\"https:\/\/www.bhakademiker.org\/bs\/\",\"name\":\"Gesellschaft Bosnischer Akademiker\",\"description\":\"\",\"publisher\":{\"@id\":\"https:\/\/www.bhakademiker.org\/bs\/#organization\"},\"potentialAction\":[{\"@type\":\"SearchAction\",\"target\":{\"@type\":\"EntryPoint\",\"urlTemplate\":\"https:\/\/www.bhakademiker.org\/bs\/?s={search_term_string}\"},\"query-input\":\"required name=search_term_string\"}],\"inLanguage\":\"bs-BA\"},{\"@type\":\"Organization\",\"@id\":\"https:\/\/www.bhakademiker.org\/bs\/#organization\",\"name\":\"Gesellschaft Bosnischer Akademiker in \u00d6sterreich\",\"url\":\"https:\/\/www.bhakademiker.org\/bs\/\",\"logo\":{\"@type\":\"ImageObject\",\"inLanguage\":\"bs-BA\",\"@id\":\"https:\/\/www.bhakademiker.org\/bs\/#\/schema\/logo\/image\/\",\"url\":\"https:\/\/www.bhakademiker.org\/wp-content\/uploads\/2022\/01\/featured-GBAA.png\",\"contentUrl\":\"https:\/\/www.bhakademiker.org\/wp-content\/uploads\/2022\/01\/featured-GBAA.png\",\"width\":1200,\"height\":630,\"caption\":\"Gesellschaft Bosnischer Akademiker in \u00d6sterreich\"},\"image\":{\"@id\":\"https:\/\/www.bhakademiker.org\/bs\/#\/schema\/logo\/image\/\"}}]}<\/script>\n<!-- \/ Yoast SEO plugin. -->","yoast_head_json":{"title":"Bosnien - Oktober 2016 - Gesellschaft Bosnischer Akademiker","robots":{"index":"index","follow":"follow","max-snippet":"max-snippet:-1","max-image-preview":"max-image-preview:large","max-video-preview":"max-video-preview:-1"},"canonical":"https:\/\/www.bhakademiker.org\/bs\/bosnien-oktober-2016\/","og_locale":"bs_BA","og_type":"article","og_title":"Bosnien - Oktober 2016 - Gesellschaft Bosnischer Akademiker","og_url":"https:\/\/www.bhakademiker.org\/bs\/bosnien-oktober-2016\/","og_site_name":"Gesellschaft Bosnischer Akademiker","article_modified_time":"2021-06-26T18:20:27+00:00","og_image":[{"width":1200,"height":630,"url":"https:\/\/www.bhakademiker.org\/wp-content\/uploads\/2022\/01\/featured-GBAA.png","type":"image\/png"}],"twitter_card":"summary_large_image","twitter_misc":{"Est. reading time":"1 minuta"},"schema":{"@context":"https:\/\/schema.org","@graph":[{"@type":"WebPage","@id":"https:\/\/www.bhakademiker.org\/de\/bosnien-oktober-2016\/","url":"https:\/\/www.bhakademiker.org\/de\/bosnien-oktober-2016\/","name":"Bosnien - Oktober 2016 - Gesellschaft Bosnischer Akademiker","isPartOf":{"@id":"https:\/\/www.bhakademiker.org\/bs\/#website"},"datePublished":"2021-06-26T18:19:19+00:00","dateModified":"2021-06-26T18:20:27+00:00","breadcrumb":{"@id":"https:\/\/www.bhakademiker.org\/de\/bosnien-oktober-2016\/#breadcrumb"},"inLanguage":"bs-BA","potentialAction":[{"@type":"ReadAction","target":["https:\/\/www.bhakademiker.org\/de\/bosnien-oktober-2016\/"]}]},{"@type":"BreadcrumbList","@id":"https:\/\/www.bhakademiker.org\/de\/bosnien-oktober-2016\/#breadcrumb","itemListElement":[{"@type":"ListItem","position":1,"name":"Home","item":"https:\/\/www.bhakademiker.org\/"},{"@type":"ListItem","position":2,"name":"Bosnien &#8211; Oktober 2016"}]},{"@type":"WebSite","@id":"https:\/\/www.bhakademiker.org\/bs\/#website","url":"https:\/\/www.bhakademiker.org\/bs\/","name":"Gesellschaft Bosnischer Akademiker","description":"","publisher":{"@id":"https:\/\/www.bhakademiker.org\/bs\/#organization"},"potentialAction":[{"@type":"SearchAction","target":{"@type":"EntryPoint","urlTemplate":"https:\/\/www.bhakademiker.org\/bs\/?s={search_term_string}"},"query-input":"required name=search_term_string"}],"inLanguage":"bs-BA"},{"@type":"Organization","@id":"https:\/\/www.bhakademiker.org\/bs\/#organization","name":"Gesellschaft Bosnischer Akademiker in \u00d6sterreich","url":"https:\/\/www.bhakademiker.org\/bs\/","logo":{"@type":"ImageObject","inLanguage":"bs-BA","@id":"https:\/\/www.bhakademiker.org\/bs\/#\/schema\/logo\/image\/","url":"https:\/\/www.bhakademiker.org\/wp-content\/uploads\/2022\/01\/featured-GBAA.png","contentUrl":"https:\/\/www.bhakademiker.org\/wp-content\/uploads\/2022\/01\/featured-GBAA.png","width":1200,"height":630,"caption":"Gesellschaft Bosnischer Akademiker in \u00d6sterreich"},"image":{"@id":"https:\/\/www.bhakademiker.org\/bs\/#\/schema\/logo\/image\/"}}]}},"_links":{"self":[{"href":"https:\/\/www.bhakademiker.org\/bs\/wp-json\/wp\/v2\/pages\/1497","targetHints":{"allow":["GET"]}}],"collection":[{"href":"https:\/\/www.bhakademiker.org\/bs\/wp-json\/wp\/v2\/pages"}],"about":[{"href":"https:\/\/www.bhakademiker.org\/bs\/wp-json\/wp\/v2\/types\/page"}],"author":[{"embeddable":true,"href":"https:\/\/www.bhakademiker.org\/bs\/wp-json\/wp\/v2\/users\/1"}],"replies":[{"embeddable":true,"href":"https:\/\/www.bhakademiker.org\/bs\/wp-json\/wp\/v2\/comments?post=1497"}],"version-history":[{"count":3,"href":"https:\/\/www.bhakademiker.org\/bs\/wp-json\/wp\/v2\/pages\/1497\/revisions"}],"predecessor-version":[{"id":1504,"href":"https:\/\/www.bhakademiker.org\/bs\/wp-json\/wp\/v2\/pages\/1497\/revisions\/1504"}],"wp:attachment":[{"href":"https:\/\/www.bhakademiker.org\/bs\/wp-json\/wp\/v2\/media?parent=1497"}],"curies":[{"name":"wp","href":"https:\/\/api.w.org\/{rel}","templated":true}]}}