{"id":1506,"date":"2021-06-26T20:22:55","date_gmt":"2021-06-26T18:22:55","guid":{"rendered":"https:\/\/www.bhakademiker.org\/?page_id=1506"},"modified":"2021-06-26T20:23:26","modified_gmt":"2021-06-26T18:23:26","slug":"bosnien-mai-2016","status":"publish","type":"page","link":"https:\/\/www.bhakademiker.org\/bs\/bosnien-mai-2016\/","title":{"rendered":"Bosnien &#8211; Mai 2016"},"content":{"rendered":"<div class=\"vc_row wpb_row row\"><div class=\"wpb_column vc_column_container vc_col-sm-12\"><div class=\"vc_column-inner\"><div class=\"wpb_wrapper\"><h3 class=\"no-margin-top\" >Privredne mogu\u0107nosti u BiH \u2013 Maj 2016<\/h3>\n\t<div class=\"wpb_text_column wpb_content_element\" >\n\t\t<div class=\"wpb_wrapper\">\n\t\t\t<p>Be\u010d, 21. Maj 2016<br \/>\nBosansko Akademsko Dru\u0161tvo u Austriji organiziralo je privredni skup pod nazivom:<br \/>\n\u201ePrivredne mogu\u0107nosti u BiH \u2013 Predstavljanje uspje\u0161nog poslovanja\u201c\n\nKonferencija je otvorena uvodnim govorom na temu \u201eZa\u0161to je potrebno ulagati u Bosnu\u201c. Obzirom da ima dovoljan broj onih koji \u017eele egzodus i razognji\u0161tavanje, dijaspora ulaganjem u Bosnu daje doprinos zaustavljanju tog trenda.<br \/>\nO privrednim mogu\u0107nostima i poslovnoj klimi razgovarano je sa direktorom FIPA Gordan Milini\u0107 i sa dr. Maida Be\u0107irovi\u0107, pomo\u0107nica direktora u sektoru za projekte i podr\u0161ku investitorima. Prisutni su bili zainteresovani za turisti\u010dke projekte, kao i za projekte proizvodnje pitke vode.<br \/>\nNajve\u0107u pozornost svakako je imao Almir Gvo\u017e\u0111ar koji je svojom pri\u010dom o po\u010detku rada sa firmom GAT i svom uspjehu zainteresovao mnoge prisutne. Povratkom iz dijaspore je uspio da razvije djelatnost sa firmom koja je sigurno jedna od najboljih u okru\u017eenju. Par u\u010desnika je izrazilo spremnost saradnje u oblasti ma\u0161inske prerade.<br \/>\nUo\u010deno je da su se svi u\u010desnici trudili da se diskusija razvije u pozitivnom smjeru. Tako\u0111e je nekoliko puta ponovljeno kako bi se turisti\u010dki projekti mogli br\u017ee razvijati ukoliko bi se pobolj\u0161ala infrastruktura.<br \/>\nRichtung zu lenken.\u00a0 Au\u00dferdem wurde mehrmals betont, dass sich die Tourismusbranche wesentlich besser entwickeln w\u00fcrde, wenn\u00a0 mehr in die Infrastruktur investiert werden w\u00fcrde.<\/p>\n\n\t\t<\/div>\n\t<\/div>\n<\/div><\/div><\/div><\/div><div class=\"vc_row wpb_row row\"><div class=\"wpb_column vc_column_container vc_col-sm-12\"><div class=\"vc_column-inner\"><div class=\"wpb_wrapper\">\n<div class=\"vc_grid-container-wrapper vc_clearfix\">\n\t<div class=\"vc_grid-container vc_clearfix wpb_content_element vc_media_grid\" data-initial-loading-animation=\"fadeIn\" data-vc-grid-settings=\"{&quot;page_id&quot;:1506,&quot;style&quot;:&quot;all&quot;,&quot;action&quot;:&quot;vc_get_vc_grid_data&quot;,&quot;shortcode_id&quot;:&quot;1624731794164-16fac7c1-0330-8&quot;,&quot;tag&quot;:&quot;vc_media_grid&quot;}\" data-vc-request=\"https:\/\/www.bhakademiker.org\/wp-admin\/admin-ajax.php\" data-vc-post-id=\"1506\" data-vc-public-nonce=\"94ceebbb93\">\n\t\t\n\t<\/div>\n<\/div><\/div><\/div><\/div><\/div>","protected":false},"excerpt":{"rendered":"Wirschaftsm\u00f6glichkeiten in Bosnien - Mai 2016 Wien, 21. Mai 2016 Die GBAA hat ein wirtschaftliches Zusammentreffen zum Thema : \u201eWirtschaftliche M\u00f6glichkeiten in BiH \u2013 Darstellung erfolgreicher Gesch\u00e4ftsf\u00fchrung\u201c organisiert. Die einleitende Rede zur\u00a0 Konferenzer\u00f6ffnung\u00a0 stand unter dem Thema \u201e Warum es notwendig ist in Bosnien zu investieren\u201c. Hinsichtlich der Tatsache, dass es genung von jenen gibt, die den Egzodus und die Vertreibung sich zum Ziel gesetzt haben,\u00a0 tr\u00e4gt die Diaspora einen wesentichen Beitrag dazu bei diesem Trend ein Ende\u00a0 zu setzen. \u00dcber die wirtschaftlichen M\u00f6glichkeiten und das Arbeitsklima wurde mit dem Direktor der FIPA und mit Dr. Maida Becirovic, Assistentin in...","protected":false},"author":1,"featured_media":0,"parent":0,"menu_order":0,"comment_status":"closed","ping_status":"closed","template":"","meta":{"footnotes":""},"class_list":["post-1506","page","type-page","status-publish","hentry"],"yoast_head":"<!-- This site is optimized with the Yoast SEO plugin v20.3 - https:\/\/yoast.com\/wordpress\/plugins\/seo\/ -->\n<title>Bosnien - Mai 2016 - Gesellschaft Bosnischer Akademiker<\/title>\n<meta name=\"robots\" content=\"index, follow, max-snippet:-1, max-image-preview:large, max-video-preview:-1\" \/>\n<link rel=\"canonical\" href=\"https:\/\/www.bhakademiker.org\/bs\/bosnien-mai-2016\/\" \/>\n<meta property=\"og:locale\" content=\"bs_BA\" \/>\n<meta property=\"og:type\" content=\"article\" \/>\n<meta property=\"og:title\" content=\"Bosnien - Mai 2016 - Gesellschaft Bosnischer Akademiker\" \/>\n<meta property=\"og:url\" content=\"https:\/\/www.bhakademiker.org\/bs\/bosnien-mai-2016\/\" \/>\n<meta property=\"og:site_name\" content=\"Gesellschaft Bosnischer Akademiker\" \/>\n<meta property=\"article:modified_time\" content=\"2021-06-26T18:23:26+00:00\" \/>\n<meta property=\"og:image\" content=\"https:\/\/www.bhakademiker.org\/wp-content\/uploads\/2022\/01\/featured-GBAA.png\" \/>\n\t<meta property=\"og:image:width\" content=\"1200\" \/>\n\t<meta property=\"og:image:height\" content=\"630\" \/>\n\t<meta property=\"og:image:type\" content=\"image\/png\" \/>\n<meta name=\"twitter:card\" content=\"summary_large_image\" \/>\n<meta name=\"twitter:label1\" content=\"Est. reading time\" \/>\n\t<meta name=\"twitter:data1\" content=\"1 minuta\" \/>\n<script type=\"application\/ld+json\" class=\"yoast-schema-graph\">{\"@context\":\"https:\/\/schema.org\",\"@graph\":[{\"@type\":\"WebPage\",\"@id\":\"https:\/\/www.bhakademiker.org\/de\/bosnien-mai-2016\/\",\"url\":\"https:\/\/www.bhakademiker.org\/de\/bosnien-mai-2016\/\",\"name\":\"Bosnien - Mai 2016 - Gesellschaft Bosnischer Akademiker\",\"isPartOf\":{\"@id\":\"https:\/\/www.bhakademiker.org\/bs\/#website\"},\"datePublished\":\"2021-06-26T18:22:55+00:00\",\"dateModified\":\"2021-06-26T18:23:26+00:00\",\"breadcrumb\":{\"@id\":\"https:\/\/www.bhakademiker.org\/de\/bosnien-mai-2016\/#breadcrumb\"},\"inLanguage\":\"bs-BA\",\"potentialAction\":[{\"@type\":\"ReadAction\",\"target\":[\"https:\/\/www.bhakademiker.org\/de\/bosnien-mai-2016\/\"]}]},{\"@type\":\"BreadcrumbList\",\"@id\":\"https:\/\/www.bhakademiker.org\/de\/bosnien-mai-2016\/#breadcrumb\",\"itemListElement\":[{\"@type\":\"ListItem\",\"position\":1,\"name\":\"Home\",\"item\":\"https:\/\/www.bhakademiker.org\/\"},{\"@type\":\"ListItem\",\"position\":2,\"name\":\"Bosnien &#8211; Mai 2016\"}]},{\"@type\":\"WebSite\",\"@id\":\"https:\/\/www.bhakademiker.org\/bs\/#website\",\"url\":\"https:\/\/www.bhakademiker.org\/bs\/\",\"name\":\"Gesellschaft Bosnischer Akademiker\",\"description\":\"\",\"publisher\":{\"@id\":\"https:\/\/www.bhakademiker.org\/bs\/#organization\"},\"potentialAction\":[{\"@type\":\"SearchAction\",\"target\":{\"@type\":\"EntryPoint\",\"urlTemplate\":\"https:\/\/www.bhakademiker.org\/bs\/?s={search_term_string}\"},\"query-input\":\"required name=search_term_string\"}],\"inLanguage\":\"bs-BA\"},{\"@type\":\"Organization\",\"@id\":\"https:\/\/www.bhakademiker.org\/bs\/#organization\",\"name\":\"Gesellschaft Bosnischer Akademiker in \u00d6sterreich\",\"url\":\"https:\/\/www.bhakademiker.org\/bs\/\",\"logo\":{\"@type\":\"ImageObject\",\"inLanguage\":\"bs-BA\",\"@id\":\"https:\/\/www.bhakademiker.org\/bs\/#\/schema\/logo\/image\/\",\"url\":\"https:\/\/www.bhakademiker.org\/wp-content\/uploads\/2022\/01\/featured-GBAA.png\",\"contentUrl\":\"https:\/\/www.bhakademiker.org\/wp-content\/uploads\/2022\/01\/featured-GBAA.png\",\"width\":1200,\"height\":630,\"caption\":\"Gesellschaft Bosnischer Akademiker in \u00d6sterreich\"},\"image\":{\"@id\":\"https:\/\/www.bhakademiker.org\/bs\/#\/schema\/logo\/image\/\"}}]}<\/script>\n<!-- \/ Yoast SEO plugin. -->","yoast_head_json":{"title":"Bosnien - Mai 2016 - Gesellschaft Bosnischer Akademiker","robots":{"index":"index","follow":"follow","max-snippet":"max-snippet:-1","max-image-preview":"max-image-preview:large","max-video-preview":"max-video-preview:-1"},"canonical":"https:\/\/www.bhakademiker.org\/bs\/bosnien-mai-2016\/","og_locale":"bs_BA","og_type":"article","og_title":"Bosnien - Mai 2016 - Gesellschaft Bosnischer Akademiker","og_url":"https:\/\/www.bhakademiker.org\/bs\/bosnien-mai-2016\/","og_site_name":"Gesellschaft Bosnischer Akademiker","article_modified_time":"2021-06-26T18:23:26+00:00","og_image":[{"width":1200,"height":630,"url":"https:\/\/www.bhakademiker.org\/wp-content\/uploads\/2022\/01\/featured-GBAA.png","type":"image\/png"}],"twitter_card":"summary_large_image","twitter_misc":{"Est. reading time":"1 minuta"},"schema":{"@context":"https:\/\/schema.org","@graph":[{"@type":"WebPage","@id":"https:\/\/www.bhakademiker.org\/de\/bosnien-mai-2016\/","url":"https:\/\/www.bhakademiker.org\/de\/bosnien-mai-2016\/","name":"Bosnien - Mai 2016 - Gesellschaft Bosnischer Akademiker","isPartOf":{"@id":"https:\/\/www.bhakademiker.org\/bs\/#website"},"datePublished":"2021-06-26T18:22:55+00:00","dateModified":"2021-06-26T18:23:26+00:00","breadcrumb":{"@id":"https:\/\/www.bhakademiker.org\/de\/bosnien-mai-2016\/#breadcrumb"},"inLanguage":"bs-BA","potentialAction":[{"@type":"ReadAction","target":["https:\/\/www.bhakademiker.org\/de\/bosnien-mai-2016\/"]}]},{"@type":"BreadcrumbList","@id":"https:\/\/www.bhakademiker.org\/de\/bosnien-mai-2016\/#breadcrumb","itemListElement":[{"@type":"ListItem","position":1,"name":"Home","item":"https:\/\/www.bhakademiker.org\/"},{"@type":"ListItem","position":2,"name":"Bosnien &#8211; Mai 2016"}]},{"@type":"WebSite","@id":"https:\/\/www.bhakademiker.org\/bs\/#website","url":"https:\/\/www.bhakademiker.org\/bs\/","name":"Gesellschaft Bosnischer Akademiker","description":"","publisher":{"@id":"https:\/\/www.bhakademiker.org\/bs\/#organization"},"potentialAction":[{"@type":"SearchAction","target":{"@type":"EntryPoint","urlTemplate":"https:\/\/www.bhakademiker.org\/bs\/?s={search_term_string}"},"query-input":"required name=search_term_string"}],"inLanguage":"bs-BA"},{"@type":"Organization","@id":"https:\/\/www.bhakademiker.org\/bs\/#organization","name":"Gesellschaft Bosnischer Akademiker in \u00d6sterreich","url":"https:\/\/www.bhakademiker.org\/bs\/","logo":{"@type":"ImageObject","inLanguage":"bs-BA","@id":"https:\/\/www.bhakademiker.org\/bs\/#\/schema\/logo\/image\/","url":"https:\/\/www.bhakademiker.org\/wp-content\/uploads\/2022\/01\/featured-GBAA.png","contentUrl":"https:\/\/www.bhakademiker.org\/wp-content\/uploads\/2022\/01\/featured-GBAA.png","width":1200,"height":630,"caption":"Gesellschaft Bosnischer Akademiker in \u00d6sterreich"},"image":{"@id":"https:\/\/www.bhakademiker.org\/bs\/#\/schema\/logo\/image\/"}}]}},"_links":{"self":[{"href":"https:\/\/www.bhakademiker.org\/bs\/wp-json\/wp\/v2\/pages\/1506","targetHints":{"allow":["GET"]}}],"collection":[{"href":"https:\/\/www.bhakademiker.org\/bs\/wp-json\/wp\/v2\/pages"}],"about":[{"href":"https:\/\/www.bhakademiker.org\/bs\/wp-json\/wp\/v2\/types\/page"}],"author":[{"embeddable":true,"href":"https:\/\/www.bhakademiker.org\/bs\/wp-json\/wp\/v2\/users\/1"}],"replies":[{"embeddable":true,"href":"https:\/\/www.bhakademiker.org\/bs\/wp-json\/wp\/v2\/comments?post=1506"}],"version-history":[{"count":2,"href":"https:\/\/www.bhakademiker.org\/bs\/wp-json\/wp\/v2\/pages\/1506\/revisions"}],"predecessor-version":[{"id":1514,"href":"https:\/\/www.bhakademiker.org\/bs\/wp-json\/wp\/v2\/pages\/1506\/revisions\/1514"}],"wp:attachment":[{"href":"https:\/\/www.bhakademiker.org\/bs\/wp-json\/wp\/v2\/media?parent=1506"}],"curies":[{"name":"wp","href":"https:\/\/api.w.org\/{rel}","templated":true}]}}