{"id":1517,"date":"2021-06-26T20:26:09","date_gmt":"2021-06-26T18:26:09","guid":{"rendered":"https:\/\/www.bhakademiker.org\/?page_id=1517"},"modified":"2021-06-26T20:26:09","modified_gmt":"2021-06-26T18:26:09","slug":"wirtschaftskonferenz-2014","status":"publish","type":"page","link":"https:\/\/www.bhakademiker.org\/bs\/wirtschaftskonferenz-2014\/","title":{"rendered":"Privredna konferencija 2014"},"content":{"rendered":"<div class=\"vc_row wpb_row row\"><div class=\"wpb_column vc_column_container vc_col-sm-12\"><div class=\"vc_column-inner\"><div class=\"wpb_wrapper\"><h3 class=\"no-margin-top\" >Privredna konferencija 2014<\/h3>\n\t<div class=\"wpb_text_column wpb_content_element\" >\n\t\t<div class=\"wpb_wrapper\">\n\t\t\t<p>Be\u010d, 21. Novembar 2014,<br \/>\nIn der Diplomatischen Akademie Wien wurde am Freitagabend, den 21. November eine Konferenz unter dem Titel \u201eDie langanhaltende Wirtschaftskrise in BiH &#8211; Ursachen und Auswege&#8221; abgehalten, welche von der Gesellschaft Bosnischer Akademiker in \u00d6sterreich (GBAA) organisiert wurde.<br \/>\nAls G\u00e4ste und RednerInnen\u00a0 waren unter anderem auch die Botschafterin Bosnien- Herzegowinas in \u00d6sterreich Tanja Milasinovic \u2013 Martinovic, der kroatische Botschafter Gordan Bakota, der Stellvertreter des serbischen Botschafters in \u00d6sterreich Bojan Stevanovic sowie der ehemalige \u00f6sterreichische Botschafter Donatus K\u00f6ck und der ehemalige Botschafter \u00d6sterreichs in den USA Christian Prossl geladen. Die Konferenz er\u00f6ffnete der Pr\u00e4sident der GBAA Siradj Duhan mit Fragen \u00fcber die Gr\u00fcnde dieser Krise und der M\u00f6glichkeit derer Behebung. Als G\u00e4ste und RednerInnen wechselten sich auch Dr.Selmo Cikotic, Hasan Sehovic, Pr\u00e4sident der World Diaspora Association of BiH, Ahmet Kemal Baysak- Ehrenkonsul Bosnien-Herzegowinas in der T\u00fcrkei, Sedzad Milanovic, der Wirtschaftsminister des Mittelbosnischen Kantons u.a. ab, die Rolle des Moderators \u00fcbernahm Sanin Merdzan.<br \/>\nDie Botschafterin Bosniens Tanja Milasinovic- Marinovic hob die Wichtigkeit\u00a0 wirtschaftlicher Treffen sowie die wirtschaftliche Entwicklung Bosniens hervor und\u00a0der Botschafter Kroatiens in \u00d6sterreich Gordan Bakota, die Wichtigkeit der regionalen Zusammenarbeit. Einer der wichtigsten Beschl\u00fcsse ist, dass die Komplexit\u00e4t der Situation in Bosnien Herzegowina ein st\u00e4rkeres Engagement der Diaspora im Entwicklungsprozess der bosnischen Wirtschaft verlangt.<\/p>\n<p>Sponzor konferencije bila je firma Brajlovi\u0107.<\/p>\n\n\t\t<\/div>\n\t<\/div>\n<\/div><\/div><\/div><\/div><div class=\"vc_row wpb_row row\"><div class=\"wpb_column vc_column_container vc_col-sm-12\"><div class=\"vc_column-inner\"><div class=\"wpb_wrapper\">\n<div class=\"vc_grid-container-wrapper vc_clearfix\">\n\t<div class=\"vc_grid-container vc_clearfix wpb_content_element vc_media_grid\" data-initial-loading-animation=\"fadeIn\" data-vc-grid-settings=\"{&quot;page_id&quot;:1517,&quot;style&quot;:&quot;all&quot;,&quot;action&quot;:&quot;vc_get_vc_grid_data&quot;,&quot;shortcode_id&quot;:&quot;1624731916226-4c57cc79-c6b8-8&quot;,&quot;tag&quot;:&quot;vc_media_grid&quot;}\" data-vc-request=\"https:\/\/www.bhakademiker.org\/wp-admin\/admin-ajax.php\" data-vc-post-id=\"1517\" data-vc-public-nonce=\"3f1648d519\">\n\t\t\n\t<\/div>\n<\/div><\/div><\/div><\/div><\/div>","protected":false},"excerpt":{"rendered":"Wirtschaftskonferenz 2014 Wien, 21. November 2014 In der Diplomatischen Akademie Wien wurde am Freitagabend, den 21. November eine Konferenz unter dem Titel \u201eDie langanhaltende Wirtschaftskrise in BiH - Ursachen und Auswege\" abgehalten, welche von der Gesellschaft Bosnischer Akademiker in \u00d6sterreich (GBAA) organisiert wurde. Als G\u00e4ste und RednerInnen\u00a0 waren unter anderem auch die Botschafterin Bosnien- Herzegowinas in \u00d6sterreich Tanja Milasinovic \u2013 Martinovic, der kroatische Botschafter Gordan Bakota, der Stellvertreter des serbischen Botschafters in \u00d6sterreich Bojan Stevanovic sowie der ehemalige \u00f6sterreichische Botschafter Donatus K\u00f6ck und der ehemalige Botschafter \u00d6sterreichs in den USA Christian Prossl geladen. Die Konferenz er\u00f6ffnete der Pr\u00e4sident der GBAA...","protected":false},"author":1,"featured_media":0,"parent":0,"menu_order":0,"comment_status":"closed","ping_status":"closed","template":"","meta":{"footnotes":""},"class_list":["post-1517","page","type-page","status-publish","hentry"],"yoast_head":"<!-- This site is optimized with the Yoast SEO plugin v20.3 - https:\/\/yoast.com\/wordpress\/plugins\/seo\/ -->\n<title>Wirtschaftskonferenz 2014 - Gesellschaft Bosnischer Akademiker<\/title>\n<meta name=\"robots\" content=\"index, follow, max-snippet:-1, max-image-preview:large, max-video-preview:-1\" \/>\n<link rel=\"canonical\" href=\"https:\/\/www.bhakademiker.org\/bs\/wirtschaftskonferenz-2014\/\" \/>\n<meta property=\"og:locale\" content=\"bs_BA\" \/>\n<meta property=\"og:type\" content=\"article\" \/>\n<meta property=\"og:title\" content=\"Wirtschaftskonferenz 2014 - Gesellschaft Bosnischer Akademiker\" \/>\n<meta property=\"og:url\" content=\"https:\/\/www.bhakademiker.org\/bs\/wirtschaftskonferenz-2014\/\" \/>\n<meta property=\"og:site_name\" content=\"Gesellschaft Bosnischer Akademiker\" \/>\n<meta property=\"og:image\" content=\"https:\/\/www.bhakademiker.org\/wp-content\/uploads\/2022\/01\/featured-GBAA.png\" \/>\n\t<meta property=\"og:image:width\" content=\"1200\" \/>\n\t<meta property=\"og:image:height\" content=\"630\" \/>\n\t<meta property=\"og:image:type\" content=\"image\/png\" \/>\n<meta name=\"twitter:card\" content=\"summary_large_image\" \/>\n<meta name=\"twitter:label1\" content=\"Est. reading time\" \/>\n\t<meta name=\"twitter:data1\" content=\"1 minuta\" \/>\n<script type=\"application\/ld+json\" class=\"yoast-schema-graph\">{\"@context\":\"https:\/\/schema.org\",\"@graph\":[{\"@type\":\"WebPage\",\"@id\":\"https:\/\/www.bhakademiker.org\/de\/wirtschaftskonferenz-2014\/\",\"url\":\"https:\/\/www.bhakademiker.org\/de\/wirtschaftskonferenz-2014\/\",\"name\":\"Wirtschaftskonferenz 2014 - Gesellschaft Bosnischer Akademiker\",\"isPartOf\":{\"@id\":\"https:\/\/www.bhakademiker.org\/bs\/#website\"},\"datePublished\":\"2021-06-26T18:26:09+00:00\",\"dateModified\":\"2021-06-26T18:26:09+00:00\",\"breadcrumb\":{\"@id\":\"https:\/\/www.bhakademiker.org\/de\/wirtschaftskonferenz-2014\/#breadcrumb\"},\"inLanguage\":\"bs-BA\",\"potentialAction\":[{\"@type\":\"ReadAction\",\"target\":[\"https:\/\/www.bhakademiker.org\/de\/wirtschaftskonferenz-2014\/\"]}]},{\"@type\":\"BreadcrumbList\",\"@id\":\"https:\/\/www.bhakademiker.org\/de\/wirtschaftskonferenz-2014\/#breadcrumb\",\"itemListElement\":[{\"@type\":\"ListItem\",\"position\":1,\"name\":\"Home\",\"item\":\"https:\/\/www.bhakademiker.org\/\"},{\"@type\":\"ListItem\",\"position\":2,\"name\":\"Wirtschaftskonferenz 2014\"}]},{\"@type\":\"WebSite\",\"@id\":\"https:\/\/www.bhakademiker.org\/bs\/#website\",\"url\":\"https:\/\/www.bhakademiker.org\/bs\/\",\"name\":\"Gesellschaft Bosnischer Akademiker\",\"description\":\"\",\"publisher\":{\"@id\":\"https:\/\/www.bhakademiker.org\/bs\/#organization\"},\"potentialAction\":[{\"@type\":\"SearchAction\",\"target\":{\"@type\":\"EntryPoint\",\"urlTemplate\":\"https:\/\/www.bhakademiker.org\/bs\/?s={search_term_string}\"},\"query-input\":\"required name=search_term_string\"}],\"inLanguage\":\"bs-BA\"},{\"@type\":\"Organization\",\"@id\":\"https:\/\/www.bhakademiker.org\/bs\/#organization\",\"name\":\"Gesellschaft Bosnischer Akademiker in \u00d6sterreich\",\"url\":\"https:\/\/www.bhakademiker.org\/bs\/\",\"logo\":{\"@type\":\"ImageObject\",\"inLanguage\":\"bs-BA\",\"@id\":\"https:\/\/www.bhakademiker.org\/bs\/#\/schema\/logo\/image\/\",\"url\":\"https:\/\/www.bhakademiker.org\/wp-content\/uploads\/2022\/01\/featured-GBAA.png\",\"contentUrl\":\"https:\/\/www.bhakademiker.org\/wp-content\/uploads\/2022\/01\/featured-GBAA.png\",\"width\":1200,\"height\":630,\"caption\":\"Gesellschaft Bosnischer Akademiker in \u00d6sterreich\"},\"image\":{\"@id\":\"https:\/\/www.bhakademiker.org\/bs\/#\/schema\/logo\/image\/\"}}]}<\/script>\n<!-- \/ Yoast SEO plugin. -->","yoast_head_json":{"title":"Wirtschaftskonferenz 2014 - Gesellschaft Bosnischer Akademiker","robots":{"index":"index","follow":"follow","max-snippet":"max-snippet:-1","max-image-preview":"max-image-preview:large","max-video-preview":"max-video-preview:-1"},"canonical":"https:\/\/www.bhakademiker.org\/bs\/wirtschaftskonferenz-2014\/","og_locale":"bs_BA","og_type":"article","og_title":"Wirtschaftskonferenz 2014 - Gesellschaft Bosnischer Akademiker","og_url":"https:\/\/www.bhakademiker.org\/bs\/wirtschaftskonferenz-2014\/","og_site_name":"Gesellschaft Bosnischer Akademiker","og_image":[{"width":1200,"height":630,"url":"https:\/\/www.bhakademiker.org\/wp-content\/uploads\/2022\/01\/featured-GBAA.png","type":"image\/png"}],"twitter_card":"summary_large_image","twitter_misc":{"Est. reading time":"1 minuta"},"schema":{"@context":"https:\/\/schema.org","@graph":[{"@type":"WebPage","@id":"https:\/\/www.bhakademiker.org\/de\/wirtschaftskonferenz-2014\/","url":"https:\/\/www.bhakademiker.org\/de\/wirtschaftskonferenz-2014\/","name":"Wirtschaftskonferenz 2014 - Gesellschaft Bosnischer Akademiker","isPartOf":{"@id":"https:\/\/www.bhakademiker.org\/bs\/#website"},"datePublished":"2021-06-26T18:26:09+00:00","dateModified":"2021-06-26T18:26:09+00:00","breadcrumb":{"@id":"https:\/\/www.bhakademiker.org\/de\/wirtschaftskonferenz-2014\/#breadcrumb"},"inLanguage":"bs-BA","potentialAction":[{"@type":"ReadAction","target":["https:\/\/www.bhakademiker.org\/de\/wirtschaftskonferenz-2014\/"]}]},{"@type":"BreadcrumbList","@id":"https:\/\/www.bhakademiker.org\/de\/wirtschaftskonferenz-2014\/#breadcrumb","itemListElement":[{"@type":"ListItem","position":1,"name":"Home","item":"https:\/\/www.bhakademiker.org\/"},{"@type":"ListItem","position":2,"name":"Wirtschaftskonferenz 2014"}]},{"@type":"WebSite","@id":"https:\/\/www.bhakademiker.org\/bs\/#website","url":"https:\/\/www.bhakademiker.org\/bs\/","name":"Gesellschaft Bosnischer Akademiker","description":"","publisher":{"@id":"https:\/\/www.bhakademiker.org\/bs\/#organization"},"potentialAction":[{"@type":"SearchAction","target":{"@type":"EntryPoint","urlTemplate":"https:\/\/www.bhakademiker.org\/bs\/?s={search_term_string}"},"query-input":"required name=search_term_string"}],"inLanguage":"bs-BA"},{"@type":"Organization","@id":"https:\/\/www.bhakademiker.org\/bs\/#organization","name":"Gesellschaft Bosnischer Akademiker in \u00d6sterreich","url":"https:\/\/www.bhakademiker.org\/bs\/","logo":{"@type":"ImageObject","inLanguage":"bs-BA","@id":"https:\/\/www.bhakademiker.org\/bs\/#\/schema\/logo\/image\/","url":"https:\/\/www.bhakademiker.org\/wp-content\/uploads\/2022\/01\/featured-GBAA.png","contentUrl":"https:\/\/www.bhakademiker.org\/wp-content\/uploads\/2022\/01\/featured-GBAA.png","width":1200,"height":630,"caption":"Gesellschaft Bosnischer Akademiker in \u00d6sterreich"},"image":{"@id":"https:\/\/www.bhakademiker.org\/bs\/#\/schema\/logo\/image\/"}}]}},"_links":{"self":[{"href":"https:\/\/www.bhakademiker.org\/bs\/wp-json\/wp\/v2\/pages\/1517","targetHints":{"allow":["GET"]}}],"collection":[{"href":"https:\/\/www.bhakademiker.org\/bs\/wp-json\/wp\/v2\/pages"}],"about":[{"href":"https:\/\/www.bhakademiker.org\/bs\/wp-json\/wp\/v2\/types\/page"}],"author":[{"embeddable":true,"href":"https:\/\/www.bhakademiker.org\/bs\/wp-json\/wp\/v2\/users\/1"}],"replies":[{"embeddable":true,"href":"https:\/\/www.bhakademiker.org\/bs\/wp-json\/wp\/v2\/comments?post=1517"}],"version-history":[{"count":1,"href":"https:\/\/www.bhakademiker.org\/bs\/wp-json\/wp\/v2\/pages\/1517\/revisions"}],"predecessor-version":[{"id":1523,"href":"https:\/\/www.bhakademiker.org\/bs\/wp-json\/wp\/v2\/pages\/1517\/revisions\/1523"}],"wp:attachment":[{"href":"https:\/\/www.bhakademiker.org\/bs\/wp-json\/wp\/v2\/media?parent=1517"}],"curies":[{"name":"wp","href":"https:\/\/api.w.org\/{rel}","templated":true}]}}