{"id":1536,"date":"2021-06-26T20:34:15","date_gmt":"2021-06-26T18:34:15","guid":{"rendered":"https:\/\/www.bhakademiker.org\/?page_id=1536"},"modified":"2021-06-26T20:34:15","modified_gmt":"2021-06-26T18:34:15","slug":"gbaa-award-2019","status":"publish","type":"page","link":"https:\/\/www.bhakademiker.org\/bs\/gbaa-award-2019\/","title":{"rendered":"GBAA Award &#8211; 2019"},"content":{"rendered":"<div class=\"vc_row wpb_row row\"><div class=\"wpb_column vc_column_container vc_col-sm-12\"><div class=\"vc_column-inner\"><div class=\"wpb_wrapper\"><h3 class=\"no-margin-top\" >Dodjela GBAA award za najboljeg studenta 2019 porijeklom iz BiH u Austriji<\/h3>\n\t<div class=\"wpb_text_column wpb_content_element\" >\n\t\t<div class=\"wpb_wrapper\">\n\t\t\t<p>11, oktobra 2019, dodijeljen je GBAA award Amini \u010ca\u010dkovi\u0107 uz novcanu nagradu od 1000 EUR\n Amina \u010ca\u010dkovi\u0107 , 23 godine porijeklom iz Br\u010dkog, diplomirala bachelor sa odli\u010dnim uspjehom.<\/p>\n<p>Amina \u010ca\u010dkovi\u0107 , 23 Jahre, aus Br\u010dko, Bachelorstudium mit ausgezeichnetem Erfolg abgeschlossen:<\/p>\n<p class=\" translation-block\">\u201eIako sam kao dijete oti\u0161la iz BiH, ostala sam vezana za svoju domovinu. \u017delja da nau\u010dim vi\u0161e o na\u0161oj historiji i knji\u017eevnosti te da bosanski jezik jo\u0161 bolje savladam, postala je godinama ve\u0107a. Iz tog razloga sam upisala slavistiku 2014. godine u Be\u010du.\n\u017deljela bih drugima dati osje\u0107aj da mogu sve posti\u0107i i uspjeti ako vjeruju u sebe.\u201c\nNagradu je urucio univ.prof. D\u017eevad Karahasan, suosniva\u010d GBAA.<\/p>\n<p class=\" translation-block\">Nagradu je uru\u010dio profesor D\u017eevad Karahasan, suosniva\u010d GBAA-a.<\/p>\n\n\t\t<\/div>\n\t<\/div>\n<\/div><\/div><\/div><\/div><div class=\"vc_row wpb_row row\"><div class=\"wpb_column vc_column_container vc_col-sm-12\"><div class=\"vc_column-inner\"><div class=\"wpb_wrapper\">\n<div class=\"vc_grid-container-wrapper vc_clearfix\">\n\t<div class=\"vc_grid-container vc_clearfix wpb_content_element vc_media_grid\" data-initial-loading-animation=\"fadeIn\" data-vc-grid-settings=\"{&quot;page_id&quot;:1536,&quot;style&quot;:&quot;all&quot;,&quot;action&quot;:&quot;vc_get_vc_grid_data&quot;,&quot;shortcode_id&quot;:&quot;1624732410226-03838813-2b4e-10&quot;,&quot;tag&quot;:&quot;vc_media_grid&quot;}\" data-vc-request=\"https:\/\/www.bhakademiker.org\/wp-admin\/admin-ajax.php\" data-vc-post-id=\"1536\" data-vc-public-nonce=\"5107aae25e\">\n\t\t\n\t<\/div>\n<\/div><\/div><\/div><\/div><\/div>","protected":false},"excerpt":{"rendered":"GBAA Award - 2019 Am 11.Oktober wurde der GBAA award 2019 mit einem Geldpreis von 1000 EUR an Amina \u010ca\u010dkovi\u0107 verliehen. Amina \u010ca\u010dkovi\u0107 , 23 Jahre, aus Br\u010dko, Bachelorstudium mit ausgezeichnetem Erfolg abgeschlossen: \u201eObwohl ich als Kind aus BuH ausgewandert bin, bin ich sehr an meine Heimat gebunden geblieben. Der Wunsch mehr \u00fcber unsere Geschichte, Literatur und die bosnische Sprache selbst zu lernen, ist mit den Jahren gr\u00f6\u00dfer geworden. Aus diesem Grund habe ich im Jahre 2014 Slawistik inskribiert. Ich m\u00f6chte anderen das Gef\u00fchl vermitteln, dass sie ihre Tr\u00e4ume verwirklichen k\u00f6nnen, wenn sie fest an sich und ihre F\u00e4higkeiten glauben.\u201c...","protected":false},"author":1,"featured_media":0,"parent":0,"menu_order":0,"comment_status":"closed","ping_status":"closed","template":"","meta":{"footnotes":""},"class_list":["post-1536","page","type-page","status-publish","hentry"],"yoast_head":"<!-- This site is optimized with the Yoast SEO plugin v20.3 - https:\/\/yoast.com\/wordpress\/plugins\/seo\/ -->\n<title>GBAA Award - 2019 - Gesellschaft Bosnischer Akademiker<\/title>\n<meta name=\"robots\" content=\"index, follow, max-snippet:-1, max-image-preview:large, max-video-preview:-1\" \/>\n<link rel=\"canonical\" href=\"https:\/\/www.bhakademiker.org\/bs\/gbaa-award-2019\/\" \/>\n<meta property=\"og:locale\" content=\"bs_BA\" \/>\n<meta property=\"og:type\" content=\"article\" \/>\n<meta property=\"og:title\" content=\"GBAA Award - 2019 - Gesellschaft Bosnischer Akademiker\" \/>\n<meta property=\"og:url\" content=\"https:\/\/www.bhakademiker.org\/bs\/gbaa-award-2019\/\" \/>\n<meta property=\"og:site_name\" content=\"Gesellschaft Bosnischer Akademiker\" \/>\n<meta property=\"og:image\" content=\"https:\/\/www.bhakademiker.org\/wp-content\/uploads\/2022\/01\/featured-GBAA.png\" \/>\n\t<meta property=\"og:image:width\" content=\"1200\" \/>\n\t<meta property=\"og:image:height\" content=\"630\" \/>\n\t<meta property=\"og:image:type\" content=\"image\/png\" \/>\n<meta name=\"twitter:card\" content=\"summary_large_image\" \/>\n<meta name=\"twitter:label1\" content=\"Est. reading time\" \/>\n\t<meta name=\"twitter:data1\" content=\"1 minuta\" \/>\n<script type=\"application\/ld+json\" class=\"yoast-schema-graph\">{\"@context\":\"https:\/\/schema.org\",\"@graph\":[{\"@type\":\"WebPage\",\"@id\":\"https:\/\/www.bhakademiker.org\/de\/gbaa-award-2019\/\",\"url\":\"https:\/\/www.bhakademiker.org\/de\/gbaa-award-2019\/\",\"name\":\"GBAA Award - 2019 - Gesellschaft Bosnischer Akademiker\",\"isPartOf\":{\"@id\":\"https:\/\/www.bhakademiker.org\/bs\/#website\"},\"datePublished\":\"2021-06-26T18:34:15+00:00\",\"dateModified\":\"2021-06-26T18:34:15+00:00\",\"breadcrumb\":{\"@id\":\"https:\/\/www.bhakademiker.org\/de\/gbaa-award-2019\/#breadcrumb\"},\"inLanguage\":\"bs-BA\",\"potentialAction\":[{\"@type\":\"ReadAction\",\"target\":[\"https:\/\/www.bhakademiker.org\/de\/gbaa-award-2019\/\"]}]},{\"@type\":\"BreadcrumbList\",\"@id\":\"https:\/\/www.bhakademiker.org\/de\/gbaa-award-2019\/#breadcrumb\",\"itemListElement\":[{\"@type\":\"ListItem\",\"position\":1,\"name\":\"Home\",\"item\":\"https:\/\/www.bhakademiker.org\/\"},{\"@type\":\"ListItem\",\"position\":2,\"name\":\"GBAA Award &#8211; 2019\"}]},{\"@type\":\"WebSite\",\"@id\":\"https:\/\/www.bhakademiker.org\/bs\/#website\",\"url\":\"https:\/\/www.bhakademiker.org\/bs\/\",\"name\":\"Gesellschaft Bosnischer Akademiker\",\"description\":\"\",\"publisher\":{\"@id\":\"https:\/\/www.bhakademiker.org\/bs\/#organization\"},\"potentialAction\":[{\"@type\":\"SearchAction\",\"target\":{\"@type\":\"EntryPoint\",\"urlTemplate\":\"https:\/\/www.bhakademiker.org\/bs\/?s={search_term_string}\"},\"query-input\":\"required name=search_term_string\"}],\"inLanguage\":\"bs-BA\"},{\"@type\":\"Organization\",\"@id\":\"https:\/\/www.bhakademiker.org\/bs\/#organization\",\"name\":\"Gesellschaft Bosnischer Akademiker in \u00d6sterreich\",\"url\":\"https:\/\/www.bhakademiker.org\/bs\/\",\"logo\":{\"@type\":\"ImageObject\",\"inLanguage\":\"bs-BA\",\"@id\":\"https:\/\/www.bhakademiker.org\/bs\/#\/schema\/logo\/image\/\",\"url\":\"https:\/\/www.bhakademiker.org\/wp-content\/uploads\/2022\/01\/featured-GBAA.png\",\"contentUrl\":\"https:\/\/www.bhakademiker.org\/wp-content\/uploads\/2022\/01\/featured-GBAA.png\",\"width\":1200,\"height\":630,\"caption\":\"Gesellschaft Bosnischer Akademiker in \u00d6sterreich\"},\"image\":{\"@id\":\"https:\/\/www.bhakademiker.org\/bs\/#\/schema\/logo\/image\/\"}}]}<\/script>\n<!-- \/ Yoast SEO plugin. -->","yoast_head_json":{"title":"GBAA Award - 2019 - Gesellschaft Bosnischer Akademiker","robots":{"index":"index","follow":"follow","max-snippet":"max-snippet:-1","max-image-preview":"max-image-preview:large","max-video-preview":"max-video-preview:-1"},"canonical":"https:\/\/www.bhakademiker.org\/bs\/gbaa-award-2019\/","og_locale":"bs_BA","og_type":"article","og_title":"GBAA Award - 2019 - Gesellschaft Bosnischer Akademiker","og_url":"https:\/\/www.bhakademiker.org\/bs\/gbaa-award-2019\/","og_site_name":"Gesellschaft Bosnischer Akademiker","og_image":[{"width":1200,"height":630,"url":"https:\/\/www.bhakademiker.org\/wp-content\/uploads\/2022\/01\/featured-GBAA.png","type":"image\/png"}],"twitter_card":"summary_large_image","twitter_misc":{"Est. reading time":"1 minuta"},"schema":{"@context":"https:\/\/schema.org","@graph":[{"@type":"WebPage","@id":"https:\/\/www.bhakademiker.org\/de\/gbaa-award-2019\/","url":"https:\/\/www.bhakademiker.org\/de\/gbaa-award-2019\/","name":"GBAA Award - 2019 - Gesellschaft Bosnischer Akademiker","isPartOf":{"@id":"https:\/\/www.bhakademiker.org\/bs\/#website"},"datePublished":"2021-06-26T18:34:15+00:00","dateModified":"2021-06-26T18:34:15+00:00","breadcrumb":{"@id":"https:\/\/www.bhakademiker.org\/de\/gbaa-award-2019\/#breadcrumb"},"inLanguage":"bs-BA","potentialAction":[{"@type":"ReadAction","target":["https:\/\/www.bhakademiker.org\/de\/gbaa-award-2019\/"]}]},{"@type":"BreadcrumbList","@id":"https:\/\/www.bhakademiker.org\/de\/gbaa-award-2019\/#breadcrumb","itemListElement":[{"@type":"ListItem","position":1,"name":"Home","item":"https:\/\/www.bhakademiker.org\/"},{"@type":"ListItem","position":2,"name":"GBAA Award &#8211; 2019"}]},{"@type":"WebSite","@id":"https:\/\/www.bhakademiker.org\/bs\/#website","url":"https:\/\/www.bhakademiker.org\/bs\/","name":"Gesellschaft Bosnischer Akademiker","description":"","publisher":{"@id":"https:\/\/www.bhakademiker.org\/bs\/#organization"},"potentialAction":[{"@type":"SearchAction","target":{"@type":"EntryPoint","urlTemplate":"https:\/\/www.bhakademiker.org\/bs\/?s={search_term_string}"},"query-input":"required name=search_term_string"}],"inLanguage":"bs-BA"},{"@type":"Organization","@id":"https:\/\/www.bhakademiker.org\/bs\/#organization","name":"Gesellschaft Bosnischer Akademiker in \u00d6sterreich","url":"https:\/\/www.bhakademiker.org\/bs\/","logo":{"@type":"ImageObject","inLanguage":"bs-BA","@id":"https:\/\/www.bhakademiker.org\/bs\/#\/schema\/logo\/image\/","url":"https:\/\/www.bhakademiker.org\/wp-content\/uploads\/2022\/01\/featured-GBAA.png","contentUrl":"https:\/\/www.bhakademiker.org\/wp-content\/uploads\/2022\/01\/featured-GBAA.png","width":1200,"height":630,"caption":"Gesellschaft Bosnischer Akademiker in \u00d6sterreich"},"image":{"@id":"https:\/\/www.bhakademiker.org\/bs\/#\/schema\/logo\/image\/"}}]}},"_links":{"self":[{"href":"https:\/\/www.bhakademiker.org\/bs\/wp-json\/wp\/v2\/pages\/1536","targetHints":{"allow":["GET"]}}],"collection":[{"href":"https:\/\/www.bhakademiker.org\/bs\/wp-json\/wp\/v2\/pages"}],"about":[{"href":"https:\/\/www.bhakademiker.org\/bs\/wp-json\/wp\/v2\/types\/page"}],"author":[{"embeddable":true,"href":"https:\/\/www.bhakademiker.org\/bs\/wp-json\/wp\/v2\/users\/1"}],"replies":[{"embeddable":true,"href":"https:\/\/www.bhakademiker.org\/bs\/wp-json\/wp\/v2\/comments?post=1536"}],"version-history":[{"count":2,"href":"https:\/\/www.bhakademiker.org\/bs\/wp-json\/wp\/v2\/pages\/1536\/revisions"}],"predecessor-version":[{"id":1541,"href":"https:\/\/www.bhakademiker.org\/bs\/wp-json\/wp\/v2\/pages\/1536\/revisions\/1541"}],"wp:attachment":[{"href":"https:\/\/www.bhakademiker.org\/bs\/wp-json\/wp\/v2\/media?parent=1536"}],"curies":[{"name":"wp","href":"https:\/\/api.w.org\/{rel}","templated":true}]}}