{"id":1560,"date":"2021-06-26T20:44:01","date_gmt":"2021-06-26T18:44:01","guid":{"rendered":"https:\/\/www.bhakademiker.org\/?page_id=1560"},"modified":"2024-03-10T10:40:10","modified_gmt":"2024-03-10T09:40:10","slug":"ausbildungsfond","status":"publish","type":"page","link":"https:\/\/www.bhakademiker.org\/bs\/ausbildungsfond\/","title":{"rendered":"Obrazovni fond"},"content":{"rendered":"<div class=\"vc_row wpb_row row\"><div class=\"wpb_column vc_column_container vc_col-sm-12\"><div class=\"vc_column-inner\"><div class=\"wpb_wrapper\"><h3 class=\"no-margin-top\" >Obrazovni fond<\/h3>\n\t<div class=\"wpb_text_column wpb_content_element\" >\n\t\t<div class=\"wpb_wrapper\">\n\t\t\t<p><img decoding=\"async\" class=\"img-responsive aligncenter\" title=\"Obrazovni fond\" src=\"https:\/\/www.bhakademiker.org\/\/files\/pics\/GBAA_830.jpg.png\" alt=\"\" \/><\/p>\n<p>Dragi na\u0161i \u010dlanovi i simpatizeri,<\/p>\n<p class=\" translation-block\">Formirati fond za studente u Austriji sa bosanskim porijeklom je pro\u0161irivanje na\u0161eg djelovanja.\nIz ovog fonda bi se na\u0161im najboljim studentima I studenticama koji\/koje studiraju na austrijskim univerzitetima dodijeljivale nov\u010dane nagrade.<\/p>\n<p>Na\u0161 cilj je podr\u017eati obrazovanje kao kontinuiran proces, jer samo obrazovana Bosna \u0107e napredovati u budu\u0107nosti. Mi nismo naslijedili Bosnu od na\u0161ih predaka, ve\u0107 smo je posudili od budu\u0107ih generacija i od nas \u0107e zavisiti kakvu Bosnu \u0107emo ostaviti iza nas.<\/p>\n<p>Budite dio ovog zna\u010dajnog projekta, jer<\/p>\n<p><em>\"Obrazovanje je najmo\u0107nije oru\u017eje kojim mo\u017eete promijeniti svijet.\" - <\/em><em>Nelson Mandela<\/em><\/p>\n<p>Obilje\u017eavanje ro\u0111endana Bosne kao i fond nagrada za najbolje studente i studentice mo\u017eete podr\u017eati svojim sponzorstvom:<\/p>\n<p>Bosansko Akademsko Dru\u0161tvo u Austriji<br \/>\nSWIFT: BAWAATWW<br \/>\nIBAN: AT77 1400 0051 1084 5164<\/p>\n<p>ili<\/p>\n<p><a href=\"https:\/\/www.paypal.com\/donate\/?hosted_button_id=6H6SAQ3FMUZTN\">PayPal<\/a><\/p>\n<hr \/>\n<p class=\" translation-block\">Tako\u0111jer smo zahvalni za svaku sugestiju i prijedlog koji doprinosi uspje\u0161nom radu.\n<br>\n<br>\n<strong>Bosansko Akademsko Dru\u0161tvo u Austriji<\/strong><\/p>\n\n\t\t<\/div>\n\t<\/div>\n<\/div><\/div><\/div><\/div>","protected":false},"excerpt":{"rendered":"Ausbildungsfond Liebe Bosnien-Freunde und Freundinnen, liebe Mitglieder, Unsere Arbeit wurde durch die Gr\u00fcndung eines Fonds f\u00fcr Studierende bosnischer Abstammung in \u00d6sterreich erweitert. Das Vorhaben ist, unseren besten Studentinnen und Studenten, die an \u00f6sterreichischen Universit\u00e4ten studieren, in Form eines Preises finanzielle Unterst\u00fctzung zu bieten. Eines unserer Hauptanliegen ist die kontinuierliche Unterst\u00fctzung der Bildung, denn nur ein gebildetes Bosnien kann auch in Zukunft Fortschritte machen. Schlie\u00dflich h\u00e4ngt es von uns ab, in welchem Zustand wir das Land unseren nachfolgenden Generationen hinterlassen. Denn wir haben das Land nicht von unseren Vorfahren geerbt, sondern es lediglich von den k\u00fcnftigen Generationen geliehen. Seien Sie daher...","protected":false},"author":1,"featured_media":0,"parent":0,"menu_order":0,"comment_status":"closed","ping_status":"closed","template":"","meta":{"footnotes":""},"class_list":["post-1560","page","type-page","status-publish","hentry"],"yoast_head":"<!-- This site is optimized with the Yoast SEO plugin v20.3 - https:\/\/yoast.com\/wordpress\/plugins\/seo\/ -->\n<title>Ausbildungsfond - Gesellschaft Bosnischer Akademiker<\/title>\n<meta name=\"robots\" content=\"index, follow, max-snippet:-1, max-image-preview:large, max-video-preview:-1\" \/>\n<link rel=\"canonical\" href=\"https:\/\/www.bhakademiker.org\/bs\/ausbildungsfond\/\" \/>\n<meta property=\"og:locale\" content=\"bs_BA\" \/>\n<meta property=\"og:type\" content=\"article\" \/>\n<meta property=\"og:title\" content=\"Ausbildungsfond - Gesellschaft Bosnischer Akademiker\" \/>\n<meta property=\"og:url\" content=\"https:\/\/www.bhakademiker.org\/bs\/ausbildungsfond\/\" \/>\n<meta property=\"og:site_name\" content=\"Gesellschaft Bosnischer Akademiker\" \/>\n<meta property=\"article:modified_time\" content=\"2024-03-10T09:40:10+00:00\" \/>\n<meta property=\"og:image\" content=\"https:\/\/www.bhakademiker.org\/\/files\/pics\/GBAA_830.jpg.png\" \/>\n<meta name=\"twitter:card\" content=\"summary_large_image\" \/>\n<meta name=\"twitter:label1\" content=\"Est. reading time\" \/>\n\t<meta name=\"twitter:data1\" content=\"1 minuta\" \/>\n<script type=\"application\/ld+json\" class=\"yoast-schema-graph\">{\"@context\":\"https:\/\/schema.org\",\"@graph\":[{\"@type\":\"WebPage\",\"@id\":\"https:\/\/www.bhakademiker.org\/ausbildungsfond\/\",\"url\":\"https:\/\/www.bhakademiker.org\/ausbildungsfond\/\",\"name\":\"Ausbildungsfond - Gesellschaft Bosnischer Akademiker\",\"isPartOf\":{\"@id\":\"https:\/\/www.bhakademiker.org\/bs\/#website\"},\"datePublished\":\"2021-06-26T18:44:01+00:00\",\"dateModified\":\"2024-03-10T09:40:10+00:00\",\"breadcrumb\":{\"@id\":\"https:\/\/www.bhakademiker.org\/ausbildungsfond\/#breadcrumb\"},\"inLanguage\":\"bs-BA\",\"potentialAction\":[{\"@type\":\"ReadAction\",\"target\":[\"https:\/\/www.bhakademiker.org\/ausbildungsfond\/\"]}]},{\"@type\":\"BreadcrumbList\",\"@id\":\"https:\/\/www.bhakademiker.org\/ausbildungsfond\/#breadcrumb\",\"itemListElement\":[{\"@type\":\"ListItem\",\"position\":1,\"name\":\"Home\",\"item\":\"https:\/\/www.bhakademiker.org\/\"},{\"@type\":\"ListItem\",\"position\":2,\"name\":\"Ausbildungsfond\"}]},{\"@type\":\"WebSite\",\"@id\":\"https:\/\/www.bhakademiker.org\/bs\/#website\",\"url\":\"https:\/\/www.bhakademiker.org\/bs\/\",\"name\":\"Gesellschaft Bosnischer Akademiker\",\"description\":\"\",\"publisher\":{\"@id\":\"https:\/\/www.bhakademiker.org\/bs\/#organization\"},\"potentialAction\":[{\"@type\":\"SearchAction\",\"target\":{\"@type\":\"EntryPoint\",\"urlTemplate\":\"https:\/\/www.bhakademiker.org\/bs\/?s={search_term_string}\"},\"query-input\":\"required name=search_term_string\"}],\"inLanguage\":\"bs-BA\"},{\"@type\":\"Organization\",\"@id\":\"https:\/\/www.bhakademiker.org\/bs\/#organization\",\"name\":\"Gesellschaft Bosnischer Akademiker in \u00d6sterreich\",\"url\":\"https:\/\/www.bhakademiker.org\/bs\/\",\"logo\":{\"@type\":\"ImageObject\",\"inLanguage\":\"bs-BA\",\"@id\":\"https:\/\/www.bhakademiker.org\/bs\/#\/schema\/logo\/image\/\",\"url\":\"https:\/\/www.bhakademiker.org\/wp-content\/uploads\/2022\/01\/featured-GBAA.png\",\"contentUrl\":\"https:\/\/www.bhakademiker.org\/wp-content\/uploads\/2022\/01\/featured-GBAA.png\",\"width\":1200,\"height\":630,\"caption\":\"Gesellschaft Bosnischer Akademiker in \u00d6sterreich\"},\"image\":{\"@id\":\"https:\/\/www.bhakademiker.org\/bs\/#\/schema\/logo\/image\/\"}}]}<\/script>\n<!-- \/ Yoast SEO plugin. -->","yoast_head_json":{"title":"Ausbildungsfond - Gesellschaft Bosnischer Akademiker","robots":{"index":"index","follow":"follow","max-snippet":"max-snippet:-1","max-image-preview":"max-image-preview:large","max-video-preview":"max-video-preview:-1"},"canonical":"https:\/\/www.bhakademiker.org\/bs\/ausbildungsfond\/","og_locale":"bs_BA","og_type":"article","og_title":"Ausbildungsfond - Gesellschaft Bosnischer Akademiker","og_url":"https:\/\/www.bhakademiker.org\/bs\/ausbildungsfond\/","og_site_name":"Gesellschaft Bosnischer Akademiker","article_modified_time":"2024-03-10T09:40:10+00:00","og_image":[{"url":"https:\/\/www.bhakademiker.org\/\/files\/pics\/GBAA_830.jpg.png"}],"twitter_card":"summary_large_image","twitter_misc":{"Est. reading time":"1 minuta"},"schema":{"@context":"https:\/\/schema.org","@graph":[{"@type":"WebPage","@id":"https:\/\/www.bhakademiker.org\/ausbildungsfond\/","url":"https:\/\/www.bhakademiker.org\/ausbildungsfond\/","name":"Ausbildungsfond - Gesellschaft Bosnischer Akademiker","isPartOf":{"@id":"https:\/\/www.bhakademiker.org\/bs\/#website"},"datePublished":"2021-06-26T18:44:01+00:00","dateModified":"2024-03-10T09:40:10+00:00","breadcrumb":{"@id":"https:\/\/www.bhakademiker.org\/ausbildungsfond\/#breadcrumb"},"inLanguage":"bs-BA","potentialAction":[{"@type":"ReadAction","target":["https:\/\/www.bhakademiker.org\/ausbildungsfond\/"]}]},{"@type":"BreadcrumbList","@id":"https:\/\/www.bhakademiker.org\/ausbildungsfond\/#breadcrumb","itemListElement":[{"@type":"ListItem","position":1,"name":"Home","item":"https:\/\/www.bhakademiker.org\/"},{"@type":"ListItem","position":2,"name":"Ausbildungsfond"}]},{"@type":"WebSite","@id":"https:\/\/www.bhakademiker.org\/bs\/#website","url":"https:\/\/www.bhakademiker.org\/bs\/","name":"Gesellschaft Bosnischer Akademiker","description":"","publisher":{"@id":"https:\/\/www.bhakademiker.org\/bs\/#organization"},"potentialAction":[{"@type":"SearchAction","target":{"@type":"EntryPoint","urlTemplate":"https:\/\/www.bhakademiker.org\/bs\/?s={search_term_string}"},"query-input":"required name=search_term_string"}],"inLanguage":"bs-BA"},{"@type":"Organization","@id":"https:\/\/www.bhakademiker.org\/bs\/#organization","name":"Gesellschaft Bosnischer Akademiker in \u00d6sterreich","url":"https:\/\/www.bhakademiker.org\/bs\/","logo":{"@type":"ImageObject","inLanguage":"bs-BA","@id":"https:\/\/www.bhakademiker.org\/bs\/#\/schema\/logo\/image\/","url":"https:\/\/www.bhakademiker.org\/wp-content\/uploads\/2022\/01\/featured-GBAA.png","contentUrl":"https:\/\/www.bhakademiker.org\/wp-content\/uploads\/2022\/01\/featured-GBAA.png","width":1200,"height":630,"caption":"Gesellschaft Bosnischer Akademiker in \u00d6sterreich"},"image":{"@id":"https:\/\/www.bhakademiker.org\/bs\/#\/schema\/logo\/image\/"}}]}},"_links":{"self":[{"href":"https:\/\/www.bhakademiker.org\/bs\/wp-json\/wp\/v2\/pages\/1560","targetHints":{"allow":["GET"]}}],"collection":[{"href":"https:\/\/www.bhakademiker.org\/bs\/wp-json\/wp\/v2\/pages"}],"about":[{"href":"https:\/\/www.bhakademiker.org\/bs\/wp-json\/wp\/v2\/types\/page"}],"author":[{"embeddable":true,"href":"https:\/\/www.bhakademiker.org\/bs\/wp-json\/wp\/v2\/users\/1"}],"replies":[{"embeddable":true,"href":"https:\/\/www.bhakademiker.org\/bs\/wp-json\/wp\/v2\/comments?post=1560"}],"version-history":[{"count":3,"href":"https:\/\/www.bhakademiker.org\/bs\/wp-json\/wp\/v2\/pages\/1560\/revisions"}],"predecessor-version":[{"id":3073,"href":"https:\/\/www.bhakademiker.org\/bs\/wp-json\/wp\/v2\/pages\/1560\/revisions\/3073"}],"wp:attachment":[{"href":"https:\/\/www.bhakademiker.org\/bs\/wp-json\/wp\/v2\/media?parent=1560"}],"curies":[{"name":"wp","href":"https:\/\/api.w.org\/{rel}","templated":true}]}}