{"id":1564,"date":"2021-06-26T20:45:31","date_gmt":"2021-06-26T18:45:31","guid":{"rendered":"https:\/\/www.bhakademiker.org\/?page_id=1564"},"modified":"2021-06-26T20:45:31","modified_gmt":"2021-06-26T18:45:31","slug":"univ-prof-dr-kemal-hanjalic","status":"publish","type":"page","link":"https:\/\/www.bhakademiker.org\/bs\/univ-prof-dr-kemal-hanjalic\/","title":{"rendered":"Univ.-Prof. Dr. Kemal Hanjali\u0107"},"content":{"rendered":"<div class=\"vc_row wpb_row row\"><div class=\"wpb_column vc_column_container vc_col-sm-12\"><div class=\"vc_column-inner\"><div class=\"wpb_wrapper\"><h3 class=\"no-margin-top\" >Univ.-Prof. Dr. Kemal Hanjali\u0107<\/h3>\n\t<div class=\"wpb_text_column wpb_content_element\" >\n\t\t<div class=\"wpb_wrapper\">\n\t\t\t<p><strong><img decoding=\"async\" class=\"img-responsive alignleft\" title=\"BH-Akademiker - Univ.-Prof. Dr. Kemal Hanjali\u0107\" src=\"https:\/\/www.bhakademiker.org\/\/files\/pics\/henjalic_400_366.jpg\" alt=\"BH-Akademiker - Univ.-Prof. Dr. Kemal Hanjali\u0107\" \/><\/strong>Univerzitetski profesor i doktor tehni\u010dkih nauka iz oblasti termodinamike i mehanike fluida.<\/p>\n<p>Ro\u0111en je 30. novembra 1939. godine u Sarajevu, Bosna i Hercegovina  Bio je dekan Ma\u0161inskog fakulteta u Sarajevu (1984-85), gradona\u010delnik Sarajeva (1985-87), \u010dlan Izvr\u0161nog vije\u0107a SR BiH (1987-91), ministar nauke i tehnologije u Vladi Republike Bosne i Hercegovine (1991-93.) te predava\u010d na nekoliko svjetskih univerziteta. Dobio je vi\u0161e nagrada i priznanja. \u010clan je ANU BiH od 1981. godine.<\/p>\n<p>Kemal Hanjali\u0107 je zavr\u0161io Ma\u0161inski fakultet u Sarajevu 1964., Magistrirao je 1966. na Postdiplomskoj \u0161koli iz termodinamike Univerziteta u Briminghamu   a doktorirao 1970. iz mehanike fluida na Imperial College of Science and Technology Univerziteta u Londonu. \n \nOd 1964. radi u Istra\u017eiva\u010dko-razvojnom centru (kasnije Institutu) za termotehniku i nuklearnu tehniku, ITEN \/ Energoinvest i kao asistent na Ma\u0161inskom fakultetu u Sarajevu, gdje je 1968. izabran za predava\u010da, 1972. za docenta, 1976. za vanrednog, a 1979. za redovnog profesora. Predavao je Toplotne turboma\u0161ine i Mehaniku fluida.\n \nU julu 1991. odlazi na Univerzitet Erlangen u N\u00fcrnbergu kao gostuju\u0107i profesor. Od 1993. je profesor na Tehnolo\u0161kom univerzitetu u Michiganu u SAD, a od 1994. \u0161ef Katedre za termo-fluidne nauke Tehni\u010dkog univerziteta u Delftu u Holandiji. Nakon emeritiranja 31. marta. 2005. do septembra 2006. radi kao gostuju\u0107i profesor na Tehni\u010dkom univerzitetu u Darmstadtu, zatim kratko na Univerzitetu u Krakowu. Od 2007-10. je profesor i titular EU katedre Marie Curie na Odjelu za mehaniku i aeronautiku Sapienza Univerziteta u Rimu, gdje ponovo predaje u ljetnom semestru 2011.<\/p>\n<p class=\" translation-block\">\u010clan je Ameri\u010dkog udru\u017eenja ma\u0161inskih in\u017eenjera (ASME), Ameri\u010dkog dru\u0161tva fizi\u010dara (APS), Me\u0111unarodnog udru\u017eenja za hidrauli\u010dka istra\u017eivanja (IAHR), Evropske zajednice za protok, turbulenciju i sagorjevanje (ERCOFTAC). Od 2005. godine je \u010dlan britanske Royal Academy of Engineering. \u010clan je Akademije nauka i umjetnosti Bosne i Hercegovine (ANU BiH)<\/p>\n<p>Neke od nagrada:<\/p>\n<ul>\n<li>Dvadesetsedmojulska nagrada BiH (1989)<\/li>\n<li>Ordena lava od Predsjednika Finske (1986)<\/li>\n<li>Njemacka istra\u017eiva\u010dka nagrada Max-Plank (1992)<\/li>\n<li>Pocasni doktor nauka univerziteta Reims, Francuska (2009)<\/li>\n<li>Oficirski Orden Oranje-Nassau, holandske kraljice (2010)<\/li>\n<\/ul>\n\n\t\t<\/div>\n\t<\/div>\n<\/div><\/div><\/div><\/div>","protected":false},"excerpt":{"rendered":"Univ.-Prof. Dr. Kemal Hanjali\u0107 Born on November, 30, 1939, in Sarajevo (Bosnia and Herzegovina). He was educated in Bosnia Herzegovina and the United Kingdom and received the following degrees: Dipl. Ing. (Mechanical. Engineering \u2013 Energy Engineering) University of Sarajevo, Bosnia Herzegovina (1964), MSc (Thermodynamics and Related Studies) University of Birmingham, UK (1966), and PhD (Fluid Mechanics) Imperial College, University of London, UK (1970). During the period 1964-1971, he was a research assistant, researcher and senior researcher, Institute for Thermal and Nuclear Engineering ITEN\/Energoinvest, Sarajevo, Bosnia; he was Lecturer Associate (1974), (1975-78) he was Head of Department of Mechanical Engineering, University...","protected":false},"author":1,"featured_media":0,"parent":0,"menu_order":0,"comment_status":"closed","ping_status":"closed","template":"","meta":{"footnotes":""},"class_list":["post-1564","page","type-page","status-publish","hentry"],"yoast_head":"<!-- This site is optimized with the Yoast SEO plugin v20.3 - https:\/\/yoast.com\/wordpress\/plugins\/seo\/ -->\n<title>Univ.-Prof. Dr. Kemal Hanjali\u0107 - Gesellschaft Bosnischer Akademiker<\/title>\n<meta name=\"robots\" content=\"index, follow, max-snippet:-1, max-image-preview:large, max-video-preview:-1\" \/>\n<link rel=\"canonical\" href=\"https:\/\/www.bhakademiker.org\/bs\/univ-prof-dr-kemal-hanjalic\/\" \/>\n<meta property=\"og:locale\" content=\"bs_BA\" \/>\n<meta property=\"og:type\" content=\"article\" \/>\n<meta property=\"og:title\" content=\"Univ.-Prof. Dr. Kemal Hanjali\u0107 - Gesellschaft Bosnischer Akademiker\" \/>\n<meta property=\"og:url\" content=\"https:\/\/www.bhakademiker.org\/bs\/univ-prof-dr-kemal-hanjalic\/\" \/>\n<meta property=\"og:site_name\" content=\"Gesellschaft Bosnischer Akademiker\" \/>\n<meta property=\"og:image\" content=\"https:\/\/www.bhakademiker.org\/\/files\/pics\/henjalic_400_366.jpg\" \/>\n<meta name=\"twitter:card\" content=\"summary_large_image\" \/>\n<meta name=\"twitter:label1\" content=\"Est. reading time\" \/>\n\t<meta name=\"twitter:data1\" content=\"2 minute\" \/>\n<script type=\"application\/ld+json\" class=\"yoast-schema-graph\">{\"@context\":\"https:\/\/schema.org\",\"@graph\":[{\"@type\":\"WebPage\",\"@id\":\"https:\/\/www.bhakademiker.org\/de\/univ-prof-dr-kemal-hanjalic\/\",\"url\":\"https:\/\/www.bhakademiker.org\/de\/univ-prof-dr-kemal-hanjalic\/\",\"name\":\"Univ.-Prof. Dr. Kemal Hanjali\u0107 - Gesellschaft Bosnischer Akademiker\",\"isPartOf\":{\"@id\":\"https:\/\/www.bhakademiker.org\/bs\/#website\"},\"datePublished\":\"2021-06-26T18:45:31+00:00\",\"dateModified\":\"2021-06-26T18:45:31+00:00\",\"breadcrumb\":{\"@id\":\"https:\/\/www.bhakademiker.org\/de\/univ-prof-dr-kemal-hanjalic\/#breadcrumb\"},\"inLanguage\":\"bs-BA\",\"potentialAction\":[{\"@type\":\"ReadAction\",\"target\":[\"https:\/\/www.bhakademiker.org\/de\/univ-prof-dr-kemal-hanjalic\/\"]}]},{\"@type\":\"BreadcrumbList\",\"@id\":\"https:\/\/www.bhakademiker.org\/de\/univ-prof-dr-kemal-hanjalic\/#breadcrumb\",\"itemListElement\":[{\"@type\":\"ListItem\",\"position\":1,\"name\":\"Home\",\"item\":\"https:\/\/www.bhakademiker.org\/\"},{\"@type\":\"ListItem\",\"position\":2,\"name\":\"Univ.-Prof. Dr. Kemal Hanjali\u0107\"}]},{\"@type\":\"WebSite\",\"@id\":\"https:\/\/www.bhakademiker.org\/bs\/#website\",\"url\":\"https:\/\/www.bhakademiker.org\/bs\/\",\"name\":\"Gesellschaft Bosnischer Akademiker\",\"description\":\"\",\"publisher\":{\"@id\":\"https:\/\/www.bhakademiker.org\/bs\/#organization\"},\"potentialAction\":[{\"@type\":\"SearchAction\",\"target\":{\"@type\":\"EntryPoint\",\"urlTemplate\":\"https:\/\/www.bhakademiker.org\/bs\/?s={search_term_string}\"},\"query-input\":\"required name=search_term_string\"}],\"inLanguage\":\"bs-BA\"},{\"@type\":\"Organization\",\"@id\":\"https:\/\/www.bhakademiker.org\/bs\/#organization\",\"name\":\"Gesellschaft Bosnischer Akademiker in \u00d6sterreich\",\"url\":\"https:\/\/www.bhakademiker.org\/bs\/\",\"logo\":{\"@type\":\"ImageObject\",\"inLanguage\":\"bs-BA\",\"@id\":\"https:\/\/www.bhakademiker.org\/bs\/#\/schema\/logo\/image\/\",\"url\":\"https:\/\/www.bhakademiker.org\/wp-content\/uploads\/2022\/01\/featured-GBAA.png\",\"contentUrl\":\"https:\/\/www.bhakademiker.org\/wp-content\/uploads\/2022\/01\/featured-GBAA.png\",\"width\":1200,\"height\":630,\"caption\":\"Gesellschaft Bosnischer Akademiker in \u00d6sterreich\"},\"image\":{\"@id\":\"https:\/\/www.bhakademiker.org\/bs\/#\/schema\/logo\/image\/\"}}]}<\/script>\n<!-- \/ Yoast SEO plugin. -->","yoast_head_json":{"title":"Univ.-Prof. Dr. Kemal Hanjali\u0107 - Gesellschaft Bosnischer Akademiker","robots":{"index":"index","follow":"follow","max-snippet":"max-snippet:-1","max-image-preview":"max-image-preview:large","max-video-preview":"max-video-preview:-1"},"canonical":"https:\/\/www.bhakademiker.org\/bs\/univ-prof-dr-kemal-hanjalic\/","og_locale":"bs_BA","og_type":"article","og_title":"Univ.-Prof. Dr. Kemal Hanjali\u0107 - Gesellschaft Bosnischer Akademiker","og_url":"https:\/\/www.bhakademiker.org\/bs\/univ-prof-dr-kemal-hanjalic\/","og_site_name":"Gesellschaft Bosnischer Akademiker","og_image":[{"url":"https:\/\/www.bhakademiker.org\/\/files\/pics\/henjalic_400_366.jpg"}],"twitter_card":"summary_large_image","twitter_misc":{"Est. reading time":"2 minute"},"schema":{"@context":"https:\/\/schema.org","@graph":[{"@type":"WebPage","@id":"https:\/\/www.bhakademiker.org\/de\/univ-prof-dr-kemal-hanjalic\/","url":"https:\/\/www.bhakademiker.org\/de\/univ-prof-dr-kemal-hanjalic\/","name":"Univ.-Prof. Dr. Kemal Hanjali\u0107 - Gesellschaft Bosnischer Akademiker","isPartOf":{"@id":"https:\/\/www.bhakademiker.org\/bs\/#website"},"datePublished":"2021-06-26T18:45:31+00:00","dateModified":"2021-06-26T18:45:31+00:00","breadcrumb":{"@id":"https:\/\/www.bhakademiker.org\/de\/univ-prof-dr-kemal-hanjalic\/#breadcrumb"},"inLanguage":"bs-BA","potentialAction":[{"@type":"ReadAction","target":["https:\/\/www.bhakademiker.org\/de\/univ-prof-dr-kemal-hanjalic\/"]}]},{"@type":"BreadcrumbList","@id":"https:\/\/www.bhakademiker.org\/de\/univ-prof-dr-kemal-hanjalic\/#breadcrumb","itemListElement":[{"@type":"ListItem","position":1,"name":"Home","item":"https:\/\/www.bhakademiker.org\/"},{"@type":"ListItem","position":2,"name":"Univ.-Prof. Dr. Kemal Hanjali\u0107"}]},{"@type":"WebSite","@id":"https:\/\/www.bhakademiker.org\/bs\/#website","url":"https:\/\/www.bhakademiker.org\/bs\/","name":"Gesellschaft Bosnischer Akademiker","description":"","publisher":{"@id":"https:\/\/www.bhakademiker.org\/bs\/#organization"},"potentialAction":[{"@type":"SearchAction","target":{"@type":"EntryPoint","urlTemplate":"https:\/\/www.bhakademiker.org\/bs\/?s={search_term_string}"},"query-input":"required name=search_term_string"}],"inLanguage":"bs-BA"},{"@type":"Organization","@id":"https:\/\/www.bhakademiker.org\/bs\/#organization","name":"Gesellschaft Bosnischer Akademiker in \u00d6sterreich","url":"https:\/\/www.bhakademiker.org\/bs\/","logo":{"@type":"ImageObject","inLanguage":"bs-BA","@id":"https:\/\/www.bhakademiker.org\/bs\/#\/schema\/logo\/image\/","url":"https:\/\/www.bhakademiker.org\/wp-content\/uploads\/2022\/01\/featured-GBAA.png","contentUrl":"https:\/\/www.bhakademiker.org\/wp-content\/uploads\/2022\/01\/featured-GBAA.png","width":1200,"height":630,"caption":"Gesellschaft Bosnischer Akademiker in \u00d6sterreich"},"image":{"@id":"https:\/\/www.bhakademiker.org\/bs\/#\/schema\/logo\/image\/"}}]}},"_links":{"self":[{"href":"https:\/\/www.bhakademiker.org\/bs\/wp-json\/wp\/v2\/pages\/1564","targetHints":{"allow":["GET"]}}],"collection":[{"href":"https:\/\/www.bhakademiker.org\/bs\/wp-json\/wp\/v2\/pages"}],"about":[{"href":"https:\/\/www.bhakademiker.org\/bs\/wp-json\/wp\/v2\/types\/page"}],"author":[{"embeddable":true,"href":"https:\/\/www.bhakademiker.org\/bs\/wp-json\/wp\/v2\/users\/1"}],"replies":[{"embeddable":true,"href":"https:\/\/www.bhakademiker.org\/bs\/wp-json\/wp\/v2\/comments?post=1564"}],"version-history":[{"count":2,"href":"https:\/\/www.bhakademiker.org\/bs\/wp-json\/wp\/v2\/pages\/1564\/revisions"}],"predecessor-version":[{"id":1566,"href":"https:\/\/www.bhakademiker.org\/bs\/wp-json\/wp\/v2\/pages\/1564\/revisions\/1566"}],"wp:attachment":[{"href":"https:\/\/www.bhakademiker.org\/bs\/wp-json\/wp\/v2\/media?parent=1564"}],"curies":[{"name":"wp","href":"https:\/\/api.w.org\/{rel}","templated":true}]}}