{"id":1635,"date":"2021-06-26T21:02:16","date_gmt":"2021-06-26T19:02:16","guid":{"rendered":"https:\/\/www.bhakademiker.org\/?page_id=1635"},"modified":"2021-06-26T21:02:16","modified_gmt":"2021-06-26T19:02:16","slug":"dzevad-karahasan-2","status":"publish","type":"page","link":"https:\/\/www.bhakademiker.org\/bs\/dzevad-karahasan-2\/","title":{"rendered":"D\u017eevad Karahasan"},"content":{"rendered":"<div class=\"vc_row wpb_row row\"><div class=\"wpb_column vc_column_container vc_col-sm-12\"><div class=\"vc_column-inner\"><div class=\"wpb_wrapper\"><h3 class=\"no-margin-top\" >D\u017eevad Karahasan<\/h3>\n\t<div class=\"wpb_text_column wpb_content_element\" >\n\t\t<div class=\"wpb_wrapper\">\n\t\t\t<p><strong>Dzevad Karahasan (Duvno, 1953, bosnisch-herzegowinischer Schriftsteller)<\/strong><\/p>\n<p><img decoding=\"async\" class=\"img-responsive alignleft\" title=\"BH-Akademiker - Dzevad Karahasan\" src=\"https:\/\/www.bhakademiker.org\/\/files\/pics\/dzevad-karahasan-team.jpg\" alt=\"BH-Akademiker - Dzevad Karahasan\" \/>Ro\u0111en 1953 u Duvnu, diplomirao  je  na Filozofskom fakultetu  u Sarajevu, studij komparativne knji\u017eevnosti i teatrologije, a u Zagrebu, na Filozofskom fakultetu, branio  je  doktorski  rad.<\/p>\n<p class=\" translation-block\">Dugi  niz  godina  u\u010destvovao  je  u ure\u0111ivanju sarajevske revije za kulturna pitanje \"Odjek\". Rat u BiH 1992. godine zatekao ga je na mjestu profesora, kasnije dekana Akademije scenskih  umjetnosti  u  Sarajevu.  Redovni  profesor  na Filozofskom  fakultetu Univerziteta  Sarajevo,  gostuju\u0107i profesor na  univerzitetima  u Salzburgu,  Innsbrucku,  Berlinu  (Humboldt-Universitaet) i Baselu,  stipendist  DAAD Berlin, pisar (Stadtschreiber)  grada  Graza,  fellow  na Wissenschaftskolleg  zu  Berlin, lektor  za  bosanski,  hrvatski i srpski  jezik na Slavistici  Georg-August Univerziteta Gottingen.<\/p>\n<p class=\" translation-block\">Objavio  preko  stotinu  stru\u010dnih  radova  u  \u010dasopisima,  zbornicima  i  knjigama  o raznim autorima i teorijskim problemima drame, teatra i prozne knji\u017eevnosti. \n\nKnjige su mu prevedene na petnaest jezika. \n\nOd  2008.  doma\u0107i  \u010dlan,  a  od  2012.  godine  dopisni  \u010dlan  Akademije  nauka  i  umjetnosti Bosne i Hercegovine. \u010clan je Njema\u010dke akademije za jezik i umjetnost.<\/p>\n<p class=\" translation-block\">Na osniva\u010dkoj skupstini Bosanskog Akademskog Dru\u0161tva u Be\u010du 1994. godine, izabran je za prvog predsjednika Dru\u0161tva.<\/p>\n<p><strong>Najpoznatija djela:<\/strong><\/p>\n<ul>\n<li>Kraljevske legende. Proza. Veselin Maslesa.Sarajevo, 1980<\/li>\n<li>Kralju ipak ne svi\u0111a se gluma. Drama. Sarajevo, 1983.<\/li>\n<li>Isto\u010dni diwan. Svjetlost. Sarajevo, 1989.<\/li>\n<li>Dnevnik selidbe, Duriex, Zagreb, 1993.<\/li>\n<li>Al-Mukaffa, ARBOS, Celovec-Salzburg-Bec 1994.<\/li>\n<li>Sahrijarov prsten, Bosanska rije\u010d, Sarajevo, 1996.<\/li>\n<li>No\u0107no vije\u0107e. Connectum, Sarajevo, 2009.<\/li>\n<li>Sjeme smrti. Connectum, Sarajevo, 2012.<\/li>\n<li>Utjeha no\u0107nog neba. Profil knjiga d.o.o., Zagreb, 2014.<\/li>\n<\/ul>\n<p><strong>Nagrade:<\/strong><\/p>\n<ul>\n<li>Nagrada  Veselin  Maslesa  za  knjigu  godine  (Kraljevske  legende),  Sarajevo 1981.<\/li>\n<li>Nagrada za jugoslavenski roman godine (Istocni divan), Sisak 1990.<\/li>\n<li>Nagrada za knji\u017eevnost Franjeva\u010dke provincije Bosna Srebrena (drama \"Kota\u010d svete Katarine\") povodom 700 godina djelovanja franjevaca u Bosni.<\/li>\n<li>Nagrada Charles Veillon za knjigu eseja godine u Europi (Un demenagement), Paris 1995.<\/li>\n<li>Nagrada   Bruno   Kreisky   za   politi\u010dku   knjigu   godine   (Tagebuch   der Aussiedlung), Be\u010d 1995.<\/li>\n<li>Me\u0111unarodna nagrada za interkulturni dijalog, Forli 1997.<\/li>\n<li>Herderova nagrada, 1999.<\/li>\n<li>Nagrada  Lajpciskog  sajma  knjiga  za  evropsko  razumijevanje  za  knjigu  eseja Knjiga vrtova 2004.<\/li>\n<li>Vilenica, Srednjoevropska nagrada za knji\u017eevnost, 2010<\/li>\n<li>Nagrada Heinrich Heine 2012.<\/li>\n<li>Goetheova medalja 2012.   <br>\nPo\u010dasni doktorat Univerziteta u Baselu 2014.<\/li>\n<\/ul>\n\n\t\t<\/div>\n\t<\/div>\n<\/div><\/div><\/div><\/div>","protected":false},"excerpt":{"rendered":"Dzevad Karahasan Dzevad Karahasan (Duvno, 1953, bosnisch-herzegowinischer Schriftsteller) Sein Studium der vergleichenden Literatur und Theatrologie schloss er an der Philosophischen Fakult\u00e4t in Sarajewo ab und verteidigte seine Doktordissertation in Zagreb\u00a0 an der Philosophischen Fakult\u00e4t. Einige Jahre lang war er\u00a0 als Redakteur des\u00a0 Magazins f\u00fcr kulturelle Fragen \u201eOdjek\u201c in Sarajewo t\u00e4tig. Als der Krieg in Bosnien 1992 ausbrach, war Karahasan Professor, und sp\u00e4ter Dekan, der\u00a0Akademie der B\u00fchnenk\u00fcnste\u00a0in Sarajewo. Er ist ordentlicher Professor an der philosophischen Fakult\u00e4t der Universit\u00e4t zu Sarajewo, Gastprofessor an den Universit\u00e4ten\u00a0Salzburg, Innsbruck, Berlin (Humboldt-Universit\u00e4t) und Basel, Stipendist des DAAD Berlin, Stadtschreiber der Stadt Graz, Mitglied des Wissenschaftskolleg zu...","protected":false},"author":1,"featured_media":0,"parent":0,"menu_order":0,"comment_status":"closed","ping_status":"closed","template":"","meta":{"footnotes":""},"class_list":["post-1635","page","type-page","status-publish","hentry"],"yoast_head":"<!-- This site is optimized with the Yoast SEO plugin v20.3 - https:\/\/yoast.com\/wordpress\/plugins\/seo\/ -->\n<title>Dzevad Karahasan - Gesellschaft Bosnischer Akademiker<\/title>\n<meta name=\"robots\" content=\"index, follow, max-snippet:-1, max-image-preview:large, max-video-preview:-1\" \/>\n<link rel=\"canonical\" href=\"https:\/\/www.bhakademiker.org\/bs\/dzevad-karahasan-2\/\" \/>\n<meta property=\"og:locale\" content=\"bs_BA\" \/>\n<meta property=\"og:type\" content=\"article\" \/>\n<meta property=\"og:title\" content=\"Dzevad Karahasan - Gesellschaft Bosnischer Akademiker\" \/>\n<meta property=\"og:url\" content=\"https:\/\/www.bhakademiker.org\/bs\/dzevad-karahasan-2\/\" \/>\n<meta property=\"og:site_name\" content=\"Gesellschaft Bosnischer Akademiker\" \/>\n<meta property=\"og:image\" content=\"https:\/\/www.bhakademiker.org\/\/files\/pics\/dzevad-karahasan-team.jpg\" \/>\n<meta name=\"twitter:card\" content=\"summary_large_image\" \/>\n<meta name=\"twitter:label1\" content=\"Est. reading time\" \/>\n\t<meta name=\"twitter:data1\" content=\"2 minute\" \/>\n<script type=\"application\/ld+json\" class=\"yoast-schema-graph\">{\"@context\":\"https:\/\/schema.org\",\"@graph\":[{\"@type\":\"WebPage\",\"@id\":\"https:\/\/www.bhakademiker.org\/de\/dzevad-karahasan-2\/\",\"url\":\"https:\/\/www.bhakademiker.org\/de\/dzevad-karahasan-2\/\",\"name\":\"Dzevad Karahasan - Gesellschaft Bosnischer Akademiker\",\"isPartOf\":{\"@id\":\"https:\/\/www.bhakademiker.org\/bs\/#website\"},\"datePublished\":\"2021-06-26T19:02:16+00:00\",\"dateModified\":\"2021-06-26T19:02:16+00:00\",\"breadcrumb\":{\"@id\":\"https:\/\/www.bhakademiker.org\/de\/dzevad-karahasan-2\/#breadcrumb\"},\"inLanguage\":\"bs-BA\",\"potentialAction\":[{\"@type\":\"ReadAction\",\"target\":[\"https:\/\/www.bhakademiker.org\/de\/dzevad-karahasan-2\/\"]}]},{\"@type\":\"BreadcrumbList\",\"@id\":\"https:\/\/www.bhakademiker.org\/de\/dzevad-karahasan-2\/#breadcrumb\",\"itemListElement\":[{\"@type\":\"ListItem\",\"position\":1,\"name\":\"Home\",\"item\":\"https:\/\/www.bhakademiker.org\/\"},{\"@type\":\"ListItem\",\"position\":2,\"name\":\"Dzevad Karahasan\"}]},{\"@type\":\"WebSite\",\"@id\":\"https:\/\/www.bhakademiker.org\/bs\/#website\",\"url\":\"https:\/\/www.bhakademiker.org\/bs\/\",\"name\":\"Gesellschaft Bosnischer Akademiker\",\"description\":\"\",\"publisher\":{\"@id\":\"https:\/\/www.bhakademiker.org\/bs\/#organization\"},\"potentialAction\":[{\"@type\":\"SearchAction\",\"target\":{\"@type\":\"EntryPoint\",\"urlTemplate\":\"https:\/\/www.bhakademiker.org\/bs\/?s={search_term_string}\"},\"query-input\":\"required name=search_term_string\"}],\"inLanguage\":\"bs-BA\"},{\"@type\":\"Organization\",\"@id\":\"https:\/\/www.bhakademiker.org\/bs\/#organization\",\"name\":\"Gesellschaft Bosnischer Akademiker in \u00d6sterreich\",\"url\":\"https:\/\/www.bhakademiker.org\/bs\/\",\"logo\":{\"@type\":\"ImageObject\",\"inLanguage\":\"bs-BA\",\"@id\":\"https:\/\/www.bhakademiker.org\/bs\/#\/schema\/logo\/image\/\",\"url\":\"https:\/\/www.bhakademiker.org\/wp-content\/uploads\/2022\/01\/featured-GBAA.png\",\"contentUrl\":\"https:\/\/www.bhakademiker.org\/wp-content\/uploads\/2022\/01\/featured-GBAA.png\",\"width\":1200,\"height\":630,\"caption\":\"Gesellschaft Bosnischer Akademiker in \u00d6sterreich\"},\"image\":{\"@id\":\"https:\/\/www.bhakademiker.org\/bs\/#\/schema\/logo\/image\/\"}}]}<\/script>\n<!-- \/ Yoast SEO plugin. -->","yoast_head_json":{"title":"Dzevad Karahasan - Gesellschaft Bosnischer Akademiker","robots":{"index":"index","follow":"follow","max-snippet":"max-snippet:-1","max-image-preview":"max-image-preview:large","max-video-preview":"max-video-preview:-1"},"canonical":"https:\/\/www.bhakademiker.org\/bs\/dzevad-karahasan-2\/","og_locale":"bs_BA","og_type":"article","og_title":"Dzevad Karahasan - Gesellschaft Bosnischer Akademiker","og_url":"https:\/\/www.bhakademiker.org\/bs\/dzevad-karahasan-2\/","og_site_name":"Gesellschaft Bosnischer Akademiker","og_image":[{"url":"https:\/\/www.bhakademiker.org\/\/files\/pics\/dzevad-karahasan-team.jpg"}],"twitter_card":"summary_large_image","twitter_misc":{"Est. reading time":"2 minute"},"schema":{"@context":"https:\/\/schema.org","@graph":[{"@type":"WebPage","@id":"https:\/\/www.bhakademiker.org\/de\/dzevad-karahasan-2\/","url":"https:\/\/www.bhakademiker.org\/de\/dzevad-karahasan-2\/","name":"Dzevad Karahasan - Gesellschaft Bosnischer Akademiker","isPartOf":{"@id":"https:\/\/www.bhakademiker.org\/bs\/#website"},"datePublished":"2021-06-26T19:02:16+00:00","dateModified":"2021-06-26T19:02:16+00:00","breadcrumb":{"@id":"https:\/\/www.bhakademiker.org\/de\/dzevad-karahasan-2\/#breadcrumb"},"inLanguage":"bs-BA","potentialAction":[{"@type":"ReadAction","target":["https:\/\/www.bhakademiker.org\/de\/dzevad-karahasan-2\/"]}]},{"@type":"BreadcrumbList","@id":"https:\/\/www.bhakademiker.org\/de\/dzevad-karahasan-2\/#breadcrumb","itemListElement":[{"@type":"ListItem","position":1,"name":"Home","item":"https:\/\/www.bhakademiker.org\/"},{"@type":"ListItem","position":2,"name":"Dzevad Karahasan"}]},{"@type":"WebSite","@id":"https:\/\/www.bhakademiker.org\/bs\/#website","url":"https:\/\/www.bhakademiker.org\/bs\/","name":"Gesellschaft Bosnischer Akademiker","description":"","publisher":{"@id":"https:\/\/www.bhakademiker.org\/bs\/#organization"},"potentialAction":[{"@type":"SearchAction","target":{"@type":"EntryPoint","urlTemplate":"https:\/\/www.bhakademiker.org\/bs\/?s={search_term_string}"},"query-input":"required name=search_term_string"}],"inLanguage":"bs-BA"},{"@type":"Organization","@id":"https:\/\/www.bhakademiker.org\/bs\/#organization","name":"Gesellschaft Bosnischer Akademiker in \u00d6sterreich","url":"https:\/\/www.bhakademiker.org\/bs\/","logo":{"@type":"ImageObject","inLanguage":"bs-BA","@id":"https:\/\/www.bhakademiker.org\/bs\/#\/schema\/logo\/image\/","url":"https:\/\/www.bhakademiker.org\/wp-content\/uploads\/2022\/01\/featured-GBAA.png","contentUrl":"https:\/\/www.bhakademiker.org\/wp-content\/uploads\/2022\/01\/featured-GBAA.png","width":1200,"height":630,"caption":"Gesellschaft Bosnischer Akademiker in \u00d6sterreich"},"image":{"@id":"https:\/\/www.bhakademiker.org\/bs\/#\/schema\/logo\/image\/"}}]}},"_links":{"self":[{"href":"https:\/\/www.bhakademiker.org\/bs\/wp-json\/wp\/v2\/pages\/1635","targetHints":{"allow":["GET"]}}],"collection":[{"href":"https:\/\/www.bhakademiker.org\/bs\/wp-json\/wp\/v2\/pages"}],"about":[{"href":"https:\/\/www.bhakademiker.org\/bs\/wp-json\/wp\/v2\/types\/page"}],"author":[{"embeddable":true,"href":"https:\/\/www.bhakademiker.org\/bs\/wp-json\/wp\/v2\/users\/1"}],"replies":[{"embeddable":true,"href":"https:\/\/www.bhakademiker.org\/bs\/wp-json\/wp\/v2\/comments?post=1635"}],"version-history":[{"count":2,"href":"https:\/\/www.bhakademiker.org\/bs\/wp-json\/wp\/v2\/pages\/1635\/revisions"}],"predecessor-version":[{"id":1637,"href":"https:\/\/www.bhakademiker.org\/bs\/wp-json\/wp\/v2\/pages\/1635\/revisions\/1637"}],"wp:attachment":[{"href":"https:\/\/www.bhakademiker.org\/bs\/wp-json\/wp\/v2\/media?parent=1635"}],"curies":[{"name":"wp","href":"https:\/\/api.w.org\/{rel}","templated":true}]}}