{"id":1655,"date":"2021-06-26T21:15:10","date_gmt":"2021-06-26T19:15:10","guid":{"rendered":"https:\/\/www.bhakademiker.org\/?page_id=1655"},"modified":"2026-01-29T09:43:46","modified_gmt":"2026-01-29T08:43:46","slug":"bosnische-volksgruppe","status":"publish","type":"page","link":"https:\/\/www.bhakademiker.org\/bs\/bosnische-volksgruppe\/","title":{"rendered":"Slavenski komitet podr\u0161ke"},"content":{"rendered":"<div class=\"vc_row wpb_row row\"><div class=\"wpb_column vc_column_container vc_col-sm-12\"><div class=\"vc_column-inner\"><div class=\"wpb_wrapper\"><h3 class=\"no-margin-top\" >Bosanci kao nacionalna manjina u Austriji \u2013 komitet podr\u0161ke<\/h3>\n\t<div class=\"wpb_text_column wpb_content_element\" >\n\t\t<div class=\"wpb_wrapper\">\n\t\t\t<p><img decoding=\"async\" class=\"img-responsive aligncenter\" src=\"https:\/\/www.bhakademiker.org\/\/files\/pics\/Zastava.png\" alt=\"\" \/><\/p>\n<p class=\" translation-block\">Mi, smo jedna od najve\u0107ih nacionalnih zajednica u Austriji .\nMi smo jedna od najbolje integrisanih zajednica u austrijsko dru\u0161tvo i mjereno sa omjerom zaposlenih\/nezaposlenih svrstani smo u kategoriju sa \u00abdoma\u0107im\u00bb austrijancima.\nNe smijemo dozvoliti da se ponovi \u00ab\u0161aptom pade Bosna\u00bb na na\u010din da nam se na\u0161 kulturni trag, na\u0161a kulturna \u0161arolikost, zametne \u2013 to nam unuci ne\u0107e oprostiti.<\/p>\n<p>Sa strane Bosanskog akademskog Dru\u0161tva u Austriji (GBAA) , \u010dekali smo vi\u0161e od dvije decenije da pokrenemo inicijativu o priznavanju na\u0161e nacionalne manjine u Austriji (prvi put postavljeno ovo pitanje u nadle\u017enom austrijskom ministarstvu 1993. godine)  Sada uo\u010davamo da je sazrelo vrjieme i da ve\u0107ina ljudi i bosanskih organizacija u Austriji podr\u017eava ovu inicijativu.\nBit \u0107e dug i trnovit put, ali preuzeli smo obavezu da ga utabamo.<\/p>\n<p>Biti priznat kao nacionalna manjina, zna\u010di prije svega dobiti potvrdu za vanredan doprinos razvoju historijskog, kulturnog i politi\u010dkog \u017eivota zemlje i dru\u0161tva. Austrijanci bosanskog porijekla, \u017eele da se i dalje sigurno osje\u0107aju i da ne budu izlo\u017eeni bilo kojoj stigmatizaciji.<\/p>\n<p class=\" translation-block\">Razdvojiti sjeme od kukolja zna\u010di i distancirati se od svih vrsta radikalizma, da li dolazio od vjerskog ili nacionalnog. Tako\u0111er je po\u0161tovanje zakona u zemlji u kojoj \u017eivimo pretpostavka zdravog odnosa sa okru\u017eenjem. \nZa to nam treba  zajednica, priznata nacionalna manjina, koja \u0107e njegovati na\u0161 jezik, kulturu, i koja \u0107e se brinuti o o\u010duvanju bosanskog identiteta.<\/p>\n<p>U tu svrhu formiramo komitet podr\u0161ke:<\/p>\n<p><strong>Akademiemitglied Univ.-Prof. Dr. Kemal Hanjali\u0107<\/strong>, Delft\/Sarajevo<br \/>\nNajodlikovaniji \u017eivu\u0107i BiH nau\u010dnik<\/p>\n<p><strong>Akademiemitglied Univ.-Prof. Dr. D\u017eevad Karahasan,<\/strong>\u00a0Grac\/Sarajevo<br \/>\nPredsjednik PEN BiH, knji\u017eevnik i filozof, prvi predsjednik GBAA<\/p>\n<p><strong><strong>Amb. Jakob Finci<\/strong><\/strong>, Sarajevo<br \/>\nPredsjednik Jevrejske zajednice BiH<\/p>\n<p><strong>Univ.-Prof. Dr. Senadin Lavi\u0107<\/strong>, Sarajevo<br \/>\nFPN predava\u010d, Predsjednik BZK \u201cPreporod\u201d BiH, \u010dlan upravnog odbora VKBI, \u010dlan Asocijacije nezavisnih intelektualaca \u201cKrug 99\u201d<\/p>\n<p><strong>Mag. Nata\u0161a Mirkovi\u0107-De Ro<\/strong>, Be\u010d<br \/>\nUmjetnica i kompozitorKompozitor i producent<\/p>\n<p><strong>Mag. Sandy Lopi\u010di\u0107<\/strong>, Grac<br \/>\nUmjetnik i kompozitor, docent na fakultetu za umjetnost Grac<\/p>\n<p><strong>Mag.a Tina Kordi\u0107,<\/strong>\u00a0Be\u010d<br \/>\nUmjetnik, pianistkinja<\/p>\n<p><strong>Dr. Semir Sam Osmanagi\u0107<\/strong>, Houston\/Sarajevo<br \/>\nAutor, istra\u017eiva\u010d, osniva\u010d i voditelj projekta \u2018Piramida Sunca \u2013 Arheolo\u0161ki park Visoko\u2019<\/p>\n<p><strong>Amb. Zlatko Dizdarevi\u0107<\/strong>, Sarajevo<br \/>\nDiplomat, publicist i urednik<\/p>\n<p><strong>Antonije Pusi\u0107 (alias Rambo Amadeus)<\/strong>, Beograd<br \/>\nUmjetnik, futurista i filozof<\/p>\n<p><strong>Sasha Skenderija,<\/strong>\u00a0Prag<br \/>\nknji\u017eevnik<\/p>\n<p><strong>Univ.-Prof. Dr. Jasna Sami\u0107<\/strong>, Pariz<br \/>\nOrientolog, spisatelj, prevodioc<\/p>\n<p><strong>Daria \u017dili\u0107,<\/strong>\u00a0Zagreb<br \/>\nSpisateljica i pjesnikinja<\/p>\n<p><strong>Univ.-Prof. Shekerinka Ivanovska<\/strong>, Skopje<br \/>\nDekan na univerzitetu \u201cInternational Slavic University\u201d<\/p>\n<p><strong>Boro Konti\u0107<\/strong>, Sarajevo<br \/>\nDirektor Medija Centra (biv\u0161i Gl. Urednik II programa Radija)<\/p>\n<p><strong>Zijah Sokolovi\u0107<\/strong>, Ljubljana \/ Be\u010d<br \/>\nSkulptor, konceptualist<\/p>\n<p><strong>Hanka Paldum,<\/strong>\u00a0Sarajevo<br \/>\nUmjetnica<\/p>\n<p><strong>Mile Stoji\u0107<\/strong>, Sarajevo<br \/>\nPjesnik, esejist, novinar<\/p>\n<p><strong>Miroslav Prstojevi\u0107<\/strong>, Be\u010d<br \/>\nKnji\u017eevnik, publicista i izdava\u010d, \u010dlan PEN kluba Austrije<\/p>\n<p><strong>Dr. Dragan\u00a0Tur<\/strong>, Be\u010d<br \/>\nStomatolog<\/p>\n<p><strong>Svjetlana\u00a0 Bukvi\u0107,<\/strong>\u00a0New York<br \/>\nUmjetnica i kompozitorKompozitor i producent<\/p>\n<p><strong>Univ. prof.dr.Slavko Kuli\u0107,<\/strong>\u00a0Zagreb<br \/>\nPredsjednik Znanstvenog dru\u0161tva ekonomista Hrvatske<\/p>\n<p><strong>Dr. Adis Fejzi\u0107<\/strong>, Brisbane, Australia<br \/>\nSkulptor, konceptualist<\/p>\n<p><strong>Prof. Josip Slisko Ignjatov<\/strong>, Mexiko City<br \/>\nProfesor<\/p>\n<p><strong>Sonja Lokar<\/strong>, Ljubljana<br \/>\nInt. Gender Expert<\/p>\n<p><strong>Prof. Amra Sabi\u0107 El-Rayess,<\/strong>\u00a0New York<br \/>\nColumbia University<\/p>\n<p><strong>Sunita Bosni\u0107<\/strong>, Be\u010d<br \/>\nNovinar i publicista<\/p>\n<p><strong>Dr.sc. Mato Dominkovi\u0107<\/strong>, Innsbruck<\/p>\n<p><strong>Univ.Prof.dr. Mirsad Had\u017eikadi\u0107<\/strong>, USA<\/p>\n<p><strong>Krug 99<\/strong>, Asocijacija nezavisnih intelektualaca, Sarajevo<\/p>\n<p><strong>Akademik, Univ.Prof.Dr. Namik Kosari\u0107<\/strong>, USA<\/p>\n<p><strong>Privredna Komora Federacije Bosne i Hercegovine<\/strong>,<\/p>\n<p><strong>Filozovsko dru\u0161tvo Theoria<\/strong>, Sarajevo<\/p>\n<p><strong>AKADEMIA ANALITICA<\/strong>, Dru\u0161tvo za razvoj logike i analiti\u010dke filozofije u BiH<\/p>\n<p><strong>Univ.Prof. Dr. Sadeta Hamzi\u0107<\/strong>, Sarajevo<\/p>\n<p><strong>Univ.Prof.Dr. Azra Korjeni\u0107<\/strong>, Be\u010d<\/p>\n<p><strong>Univ.Prof.Dr. Samir Arnautovi\u0107<\/strong>,\u00a0 Sarajevo<\/p>\n<p><strong>Prof. Dr. Edisa Gazeti\u0107<\/strong>, Zenica<\/p>\n<p class=\"title\"><strong>Dr. sc. fra Mile Babi\u0107<\/strong>, profesor na Franjeva\u010dkoj teologiji u Sarajevu<\/p>\n<p><strong>Prof. Dr. Esad Bajtal,<\/strong> Sarajevo<\/p>\n<p><strong>\u0160imo E\u0161i\u0107<\/strong>, knji\u017eevnik\/Schriftsteller , Wuppertal<\/p>\n<p><strong>Prof. Dr. Azim \u010cau\u0161evi\u0107<\/strong>, Njema\u010dka\/Deutschland<\/p>\n<p><strong>Univ.Prof.Dr.<\/strong> <strong>Aleksandar Kne\u017eevi\u0107 <\/strong>, Sarajevo<\/p>\n<p><strong>\u017deljko Kom\u0161i\u0107,<\/strong> Predsjednik Predsjedni\u0161tva Bosne i Hercegovine<\/p>\n<p><strong>Akademik, Univ.Prof. Dr. Esad Durakovi\u0107, <\/strong>Sarajevo<\/p>\n<p><strong>Dr. Stjepan Mesi\u0107,<\/strong> ehem.Pr\u00e4sident Jugoslawien und Kroatien \/ raniji Predsjednik Jugoslavije i Hrvatske<\/p>\n<p><strong>Univ.Prof. Dr. Miodrag \u017divanovi\u0107<\/strong>, Banja Luka<\/p>\n<p><strong>Jovica Leti\u0107<\/strong>, knji\u017eevnik \/ Schriftsteller, Innsbruck<\/p>\n<p><strong>Mirko Pejanovi\u0107,\u00a0<\/strong>Zamjenik predsjednika Akademije nauka i umjetnosti Bosne i Hercegovine &#8211; ANUBiH \/ Stellvertretender Pr\u00e4sident der Akademie der Wissenschaften und K\u00fcnste von Bosnien und Herzegowina (ANUBiH)<\/p>\n<p id=\"_Dht6aeOPFOSB9u8P2qjGyQ4_109\" class=\"LC20lb MBeuO DKV0Md\"><strong>Gor\u010din Dizdar,<\/strong> Direktor Fondacije Mak Dizdar \/ Direktor der Mak-Dizdar-Stiftung<\/p>\n<div class=\"notranslate ESMNde HGLrXd ojE3Fb\">\n<div class=\"q0vns\"><\/div>\n<\/div>\n<p>&nbsp;<\/p>\n<p>Do na\u0161eg uspjeha<br \/>\nSiradj Duhan<\/p>\n<p>Wien, Dez. 2018<\/p>\n\n\t\t<\/div>\n\t<\/div>\n<\/div><\/div><\/div><\/div>","protected":false},"excerpt":{"rendered":"BosnierInnen als Minderheit in \u00d6sterreich \u2013 Unterst\u00fctzungskomitee Wir geh\u00f6ren zu den f\u00fcnf gr\u00f6\u00dften Gemeinschaften, die sich am besten in die \u00f6sterreichische Gesellschaft integriert haben und unser Anteil am Arbeitsmarkt liegt in einer Kategorie mit dem der \u201eheimischen\u201c \u00d6sterreicherInnen. Wir d\u00fcrfen nicht zulassen, dass Bosnien wieder \u201efl\u00fcsternd f\u00e4llt\u201c indem unsere kulturellen Spuren und unsere kulturelle Vielfalt sich verfl\u00fcchtigen \u2013 das w\u00fcrden unsere Enkel\/innen uns nicht verzeihen. Wir, die Gesellschaft bosnischer AkademikerInnen in \u00d6sterreich (GBAA), haben mehr als zwei Jahrzehnte darauf gewartet, die Initiative f\u00fcr die Anerkennung unserer nationalen Minderheit hier in \u00d6sterreich anzusto\u00dfen. Jetzt merken wir, dass die Zeit reif ist...","protected":false},"author":1,"featured_media":2415,"parent":0,"menu_order":0,"comment_status":"closed","ping_status":"closed","template":"","meta":{"footnotes":""},"class_list":["post-1655","page","type-page","status-publish","has-post-thumbnail","hentry"],"yoast_head":"<!-- This site is optimized with the Yoast SEO plugin v20.3 - https:\/\/yoast.com\/wordpress\/plugins\/seo\/ -->\n<title>Das slawische Unterst\u00fctzungskomitee - Gesellschaft Bosnischer Akademiker<\/title>\n<meta name=\"robots\" content=\"index, follow, max-snippet:-1, max-image-preview:large, max-video-preview:-1\" \/>\n<link rel=\"canonical\" href=\"https:\/\/www.bhakademiker.org\/bs\/bosnische-volksgruppe\/\" \/>\n<meta property=\"og:locale\" content=\"bs_BA\" \/>\n<meta property=\"og:type\" content=\"article\" \/>\n<meta property=\"og:title\" content=\"Das slawische Unterst\u00fctzungskomitee - Gesellschaft Bosnischer Akademiker\" \/>\n<meta property=\"og:url\" content=\"https:\/\/www.bhakademiker.org\/bs\/bosnische-volksgruppe\/\" \/>\n<meta property=\"og:site_name\" content=\"Gesellschaft Bosnischer Akademiker\" \/>\n<meta property=\"article:modified_time\" content=\"2026-01-29T08:43:46+00:00\" \/>\n<meta property=\"og:image\" content=\"https:\/\/www.bhakademiker.org\/wp-content\/uploads\/2022\/12\/Stecak-Podrska.jpg\" \/>\n\t<meta property=\"og:image:width\" content=\"624\" \/>\n\t<meta property=\"og:image:height\" content=\"646\" \/>\n\t<meta property=\"og:image:type\" content=\"image\/jpeg\" \/>\n<meta name=\"twitter:card\" content=\"summary_large_image\" \/>\n<meta name=\"twitter:label1\" content=\"Est. reading time\" \/>\n\t<meta name=\"twitter:data1\" content=\"4 minute\" \/>\n<script type=\"application\/ld+json\" class=\"yoast-schema-graph\">{\"@context\":\"https:\/\/schema.org\",\"@graph\":[{\"@type\":\"WebPage\",\"@id\":\"https:\/\/www.bhakademiker.org\/bosnische-volksgruppe\/\",\"url\":\"https:\/\/www.bhakademiker.org\/bosnische-volksgruppe\/\",\"name\":\"Das slawische Unterst\u00fctzungskomitee - Gesellschaft Bosnischer Akademiker\",\"isPartOf\":{\"@id\":\"https:\/\/www.bhakademiker.org\/bs\/#website\"},\"datePublished\":\"2021-06-26T19:15:10+00:00\",\"dateModified\":\"2026-01-29T08:43:46+00:00\",\"breadcrumb\":{\"@id\":\"https:\/\/www.bhakademiker.org\/bosnische-volksgruppe\/#breadcrumb\"},\"inLanguage\":\"bs-BA\",\"potentialAction\":[{\"@type\":\"ReadAction\",\"target\":[\"https:\/\/www.bhakademiker.org\/bosnische-volksgruppe\/\"]}]},{\"@type\":\"BreadcrumbList\",\"@id\":\"https:\/\/www.bhakademiker.org\/bosnische-volksgruppe\/#breadcrumb\",\"itemListElement\":[{\"@type\":\"ListItem\",\"position\":1,\"name\":\"Home\",\"item\":\"https:\/\/www.bhakademiker.org\/\"},{\"@type\":\"ListItem\",\"position\":2,\"name\":\"Das slawische Unterst\u00fctzungskomitee\"}]},{\"@type\":\"WebSite\",\"@id\":\"https:\/\/www.bhakademiker.org\/bs\/#website\",\"url\":\"https:\/\/www.bhakademiker.org\/bs\/\",\"name\":\"Gesellschaft Bosnischer Akademiker\",\"description\":\"\",\"publisher\":{\"@id\":\"https:\/\/www.bhakademiker.org\/bs\/#organization\"},\"potentialAction\":[{\"@type\":\"SearchAction\",\"target\":{\"@type\":\"EntryPoint\",\"urlTemplate\":\"https:\/\/www.bhakademiker.org\/bs\/?s={search_term_string}\"},\"query-input\":\"required name=search_term_string\"}],\"inLanguage\":\"bs-BA\"},{\"@type\":\"Organization\",\"@id\":\"https:\/\/www.bhakademiker.org\/bs\/#organization\",\"name\":\"Gesellschaft Bosnischer Akademiker in \u00d6sterreich\",\"url\":\"https:\/\/www.bhakademiker.org\/bs\/\",\"logo\":{\"@type\":\"ImageObject\",\"inLanguage\":\"bs-BA\",\"@id\":\"https:\/\/www.bhakademiker.org\/bs\/#\/schema\/logo\/image\/\",\"url\":\"https:\/\/www.bhakademiker.org\/wp-content\/uploads\/2022\/01\/featured-GBAA.png\",\"contentUrl\":\"https:\/\/www.bhakademiker.org\/wp-content\/uploads\/2022\/01\/featured-GBAA.png\",\"width\":1200,\"height\":630,\"caption\":\"Gesellschaft Bosnischer Akademiker in \u00d6sterreich\"},\"image\":{\"@id\":\"https:\/\/www.bhakademiker.org\/bs\/#\/schema\/logo\/image\/\"}}]}<\/script>\n<!-- \/ Yoast SEO plugin. -->","yoast_head_json":{"title":"Das slawische Unterst\u00fctzungskomitee - Gesellschaft Bosnischer Akademiker","robots":{"index":"index","follow":"follow","max-snippet":"max-snippet:-1","max-image-preview":"max-image-preview:large","max-video-preview":"max-video-preview:-1"},"canonical":"https:\/\/www.bhakademiker.org\/bs\/bosnische-volksgruppe\/","og_locale":"bs_BA","og_type":"article","og_title":"Das slawische Unterst\u00fctzungskomitee - Gesellschaft Bosnischer Akademiker","og_url":"https:\/\/www.bhakademiker.org\/bs\/bosnische-volksgruppe\/","og_site_name":"Gesellschaft Bosnischer Akademiker","article_modified_time":"2026-01-29T08:43:46+00:00","og_image":[{"width":624,"height":646,"url":"https:\/\/www.bhakademiker.org\/wp-content\/uploads\/2022\/12\/Stecak-Podrska.jpg","type":"image\/jpeg"}],"twitter_card":"summary_large_image","twitter_misc":{"Est. reading time":"4 minute"},"schema":{"@context":"https:\/\/schema.org","@graph":[{"@type":"WebPage","@id":"https:\/\/www.bhakademiker.org\/bosnische-volksgruppe\/","url":"https:\/\/www.bhakademiker.org\/bosnische-volksgruppe\/","name":"Das slawische Unterst\u00fctzungskomitee - Gesellschaft Bosnischer Akademiker","isPartOf":{"@id":"https:\/\/www.bhakademiker.org\/bs\/#website"},"datePublished":"2021-06-26T19:15:10+00:00","dateModified":"2026-01-29T08:43:46+00:00","breadcrumb":{"@id":"https:\/\/www.bhakademiker.org\/bosnische-volksgruppe\/#breadcrumb"},"inLanguage":"bs-BA","potentialAction":[{"@type":"ReadAction","target":["https:\/\/www.bhakademiker.org\/bosnische-volksgruppe\/"]}]},{"@type":"BreadcrumbList","@id":"https:\/\/www.bhakademiker.org\/bosnische-volksgruppe\/#breadcrumb","itemListElement":[{"@type":"ListItem","position":1,"name":"Home","item":"https:\/\/www.bhakademiker.org\/"},{"@type":"ListItem","position":2,"name":"Das slawische Unterst\u00fctzungskomitee"}]},{"@type":"WebSite","@id":"https:\/\/www.bhakademiker.org\/bs\/#website","url":"https:\/\/www.bhakademiker.org\/bs\/","name":"Gesellschaft Bosnischer Akademiker","description":"","publisher":{"@id":"https:\/\/www.bhakademiker.org\/bs\/#organization"},"potentialAction":[{"@type":"SearchAction","target":{"@type":"EntryPoint","urlTemplate":"https:\/\/www.bhakademiker.org\/bs\/?s={search_term_string}"},"query-input":"required name=search_term_string"}],"inLanguage":"bs-BA"},{"@type":"Organization","@id":"https:\/\/www.bhakademiker.org\/bs\/#organization","name":"Gesellschaft Bosnischer Akademiker in \u00d6sterreich","url":"https:\/\/www.bhakademiker.org\/bs\/","logo":{"@type":"ImageObject","inLanguage":"bs-BA","@id":"https:\/\/www.bhakademiker.org\/bs\/#\/schema\/logo\/image\/","url":"https:\/\/www.bhakademiker.org\/wp-content\/uploads\/2022\/01\/featured-GBAA.png","contentUrl":"https:\/\/www.bhakademiker.org\/wp-content\/uploads\/2022\/01\/featured-GBAA.png","width":1200,"height":630,"caption":"Gesellschaft Bosnischer Akademiker in \u00d6sterreich"},"image":{"@id":"https:\/\/www.bhakademiker.org\/bs\/#\/schema\/logo\/image\/"}}]}},"_links":{"self":[{"href":"https:\/\/www.bhakademiker.org\/bs\/wp-json\/wp\/v2\/pages\/1655","targetHints":{"allow":["GET"]}}],"collection":[{"href":"https:\/\/www.bhakademiker.org\/bs\/wp-json\/wp\/v2\/pages"}],"about":[{"href":"https:\/\/www.bhakademiker.org\/bs\/wp-json\/wp\/v2\/types\/page"}],"author":[{"embeddable":true,"href":"https:\/\/www.bhakademiker.org\/bs\/wp-json\/wp\/v2\/users\/1"}],"replies":[{"embeddable":true,"href":"https:\/\/www.bhakademiker.org\/bs\/wp-json\/wp\/v2\/comments?post=1655"}],"version-history":[{"count":10,"href":"https:\/\/www.bhakademiker.org\/bs\/wp-json\/wp\/v2\/pages\/1655\/revisions"}],"predecessor-version":[{"id":4056,"href":"https:\/\/www.bhakademiker.org\/bs\/wp-json\/wp\/v2\/pages\/1655\/revisions\/4056"}],"wp:featuredmedia":[{"embeddable":true,"href":"https:\/\/www.bhakademiker.org\/bs\/wp-json\/wp\/v2\/media\/2415"}],"wp:attachment":[{"href":"https:\/\/www.bhakademiker.org\/bs\/wp-json\/wp\/v2\/media?parent=1655"}],"curies":[{"name":"wp","href":"https:\/\/api.w.org\/{rel}","templated":true}]}}