{"id":1658,"date":"2021-06-26T21:16:35","date_gmt":"2021-06-26T19:16:35","guid":{"rendered":"https:\/\/www.bhakademiker.org\/?page_id=1658"},"modified":"2021-06-26T21:16:35","modified_gmt":"2021-06-26T19:16:35","slug":"bosnjani-bosniaken-bosnier","status":"publish","type":"page","link":"https:\/\/www.bhakademiker.org\/bs\/bosnjani-bosniaken-bosnier\/","title":{"rendered":"Bo\u0161njani, Bo\u0161njaci, Bosanci"},"content":{"rendered":"<div class=\"vc_row wpb_row row\"><div class=\"wpb_column vc_column_container vc_col-sm-12\"><div class=\"vc_column-inner\"><div class=\"wpb_wrapper\"><h3 class=\"no-margin-top\" >Bo\u0161njani, Bo\u0161njaci, Bosanci \u2013 imena za ljudske dru\u0161tvene grupe<\/h3>\n\t<div class=\"wpb_text_column wpb_content_element\" >\n\t\t<div class=\"wpb_wrapper\">\n\t\t\t<p>Bo\u0161njani, Bo\u0161njaci, Bosanci \u2013 imena za ljudske dru\u0161tvene grupe<br \/>\nPi\u0161e: Univ. Prof. Senadin Lavi\u0107<\/p>\n<p><img decoding=\"async\" class=\"img-responsive alignleft\" title=\"Univ. Prof. Senadin Lavi\u0107 - Bo\u0161njani, Bosniaken, Bosnier \u2013 Namen f\u00fcr menschliche soziale Gruppen\" src=\"https:\/\/www.bhakademiker.org\/\/files\/pics\/lavic_bosanska_nacija.jpg\" alt=\"Univ. Prof. Senadin Lavi\u0107 - Bo\u0161njani, Bosniaken, Bosnier \u2013 Namen f\u00fcr menschliche soziale Gruppen\" \/>Dio teksta objavljujemo na bosanskom i njema\u010dkom jeziku. Cijeli tekst mo\u017eete pro\u010ditati na <a href=\"https:\/\/depo.ba\/clanak\/216023\/bosnjanin-bosnjak-i-ili-bosanac-podanici-vladara-bosne-u-srednjem-vijeku-dobri-muslimani-potcinjeni-sultanu-a-danas\">DEPO Portal<\/a>\n\nU poku\u0161ajima da se govori o imenima ljudskih grupa u vremenu i prostoru, dakle, o temporalno-spacijalnim bi\u0107ima, pojavljuje se jedan nezaobilazan uvid, naime, primjetno je da ljudske grupe mijenjaju imena tokom povijesti. Isto tako, mijenjaju se povijesne okolnosti njihovog postojanja, dakle, povijesno-kulturni kontekst egzistencije. Veza izme\u0111u imena i konteksta upu\u0107uje na autorefleksiju grupe (kako misli, razumije i predstavlja sebe) i njezinu povijesnu mo\u0107. Nekada se imena mijenjaju da bi se pojedinac ili grupa sakrili od ne\u010dega ili nekoga. Nekada se imena zaboravljaju ili potiskuju zbog razli\u010ditih stanja u kojima se jedna grupa nalazi. Ime je znak za bi\u0107e!<\/p>\n<p>Dana\u0161nje ime Bosne, Bosna i Hercegovina je ime nacionalne dr\u017eave svih njezinih gra\u0111ana bez obzira koliko ih danas zamajavaju i obmanjuju etnosve\u0161tenici i nacionalisti\n\nBosna je staro ime za prostor, poredak vlasti, kulturnu \u010dinjenicu koju \u010dujemo vi\u0161e od jednog milenijuma. Njeno prvotno najstarije ime, najvjerovatnije, jeste u obliku Bosona \u0161to se, prema I. Pa\u0161i\u0107u, lingvisti\u010dki idealno izvodi iz imena tra\u010dkog etnika Basanisai (\u03b2\u03b1\u03c3\u03b1\u03bd\u03af\u03c3\u03b1\u03b9).<\/p>\n<p>Bosna je, u odnosu na Srbiju i Hrvatsku, najstarije i najpostojanije ime na ovim prostorima za jednu prostornu jedinicu, formu vlasti, kulturno-povijesnu i politi\u010dku \u010dinjenicu. U neosvje\u0161tenim, spornim i opsolentnim izricanjima etnopolitike Bosna se svodi na geografiju ili geografski pojam koji svako mo\u017ee interpretirati prema vlastitim ideolo\u0161kim potrebama ili ovisno od toga kolika mu je snaga. Bosna je, me\u0111utim, politi\u010dka \u010dinjenica i bitno uti\u010de na politi\u010dki identitet gra\u0111ana koji u njoj \u017eive i do\u017eivljavaju je kao svoju dr\u017eavu. Ona kao i svaka internacionalno (me\u0111udr\u017eavno) priznata dr\u017eava prevazilazi povr\u0161nu naraciju o geografiji i etnopoliti\u010dkom identitetu. Dana\u0161nje ime Bosne, Bosna i Hercegovina je ime nacionalne dr\u017eave svih njezinih gra\u0111ana bez obzira koliko ih danas zamajavaju i obmanjuju etnosve\u0161tenici i nacionalisti.<\/p>\n<p>Pojmovi Bo\u0161njanin, Bo\u0161njak i Bosanac nisu identi\u010dni (nemaju identi\u010dan ili istovjetan sadr\u017eaj i opseg) u logi\u010dkom smislu. Ta\u010dno bi bilo re\u0107i da su interferiraju\u0107i, to jeste: imaju djelomi\u010dno isti sadr\u017eaj i opseg ili, precizno govore\u0107i, samo se djelomi\u010dno ukr\u0161taju njihov sadr\u017eaj i opseg.<\/p>\n<p>Bo\u0161njani su pripadnici medievalne narodne grupe na tlu Bosne koja nastaje iz anti\u010dkog i kasnoanti\u010dkog supstrata kojeg \u010dine: ilirska plemena, Goti koji prave dr\u017eavu na teritoriji ilirskog plemena Desidijata, izme\u0111u Bosne i Drine, te Tra\u010dani, Avari, Kelti, Vlasi, Slaveni i druge plemensko-narodne grupe koje su se kretale prostorom Bosne kroz povijest. Bo\u0161njani su, tako\u0111er, narod srednjovjekovne Bosne kojom vladaju Kotromani\u0107i. Oni su krstjani po vjerovanju i imaju Crkvu bosansku, dakle, dio su kr\u0161\u0107anske metafizike, arijanske i manihejske provenijencije. Imaju pismo bosan\u010dicu kojim razvijaju svoju pismenost i jezi\u010dko iskustvo svijeta.<\/p>\n<p>Bo\u0161njani werden seit dem 15. Jahrhundert \u201eBosniaken\u201c (bosn.: Bo\u0161njaci) genannt. Dies ist nichts Seltsames oder Unbekanntes, da das gleiche Ph\u00e4nomen auch bei anderen Nationen in der Umgebung zu finden ist. Die Variation des Namens Bo\u0161njani\/Bo\u0161njaci ist das Resultat von Ver\u00e4nderungen im historischen und politischen Kontext, wie das Verschwinden des K\u00f6nigreichs Bosnien im Jahr 1463, die Gr\u00fcndung des osmanischen Sultanats, in dem sie dem muslimischen Glauben beitraten und kulturelle Merkmale dieser Religion erlangten. Sie \u00e4nderten ihren biologischen Code, ihre gesamte Kulturform, das bosnische Bewusstsein, das sie 1737 in Banja Luka im Kampf gegen die \u00f6sterreichische Armee zeigten, ihre nationale Identit\u00e4t, die die bosnischen Franziskaner im 19. Jahrhundert besch\u00fctzten, nat\u00fcrlich nicht. Unter ihnen wird die Sevdalinka und epische Literatur geboren. Ein wichtiges Charakteristikum der Bosniaken (Volksname) in dieser Zeit (15. \u2013 20. Jhdt.) ist, gute Muslime und zum Teil gute Christen zu sein. Es ist ihr existentielles Ideal, in dem der Glaube \u00fcber Lebensvorstellungen und Alltagsverhalten dominiert. Sie waren ein Volk mit mehreren Religionen. Die Ideologie des Nationalismus hat sie seit dem 19. Jahrhundert auf der Grundlage der Instrumentalisierung der Religion in &#8220;besondere und separate&#8221; ethnische Gruppen aufgeteilt.<\/p>\n<p>Danas je Bosanac izraz politi\u010dke nacionalne svijesti prema dr\u017eavi Bosni i Hercegovini, pripadanja dr\u017eavi i njezinim strukturnim odre\u0111enjima. Bosanac nije negacija narodnog identiteta ili identiteta narodne grupe kako to etnopolitika \u017eeli la\u017eno predstaviti. U rije\u010di Bosanac se iskazuje politi\u010dka odgovornost za dr\u017eavu i dr\u017eavljanski nacionalni identitet. Svi gra\u0111ani Bosne i Hercegovine su Bosanci bez obzira na njihovo etni\u010dko, religijsko, kulturolo\u0161ko, jezi\u010dko ili bilo koje drugo kulturno-psihi\u010dko identitetno odre\u0111enje. Oni su u pravno-politi\u010dkom smislu gra\u0111ani dr\u017eave Bosne i Hercegovine i prema njoj ispoljavaju po\u0161tovanje vladavine prava, patriotsku odanost i politi\u010dku svijest.<\/p>\n<p>U tom pravno-politi\u010dkom smislu, dr\u017eava treba da osigurava slobodu i ravnopravnost svakom pojedina\u010dnom ljudskom bi\u0107u na njezinoj teritoriji. Na taj na\u010din dr\u017eava osigurava socijalnu, psihi\u010dku, ekonomsku i kulturnu stabilnost svakom gra\u0111aninu. Bosanac je pripadnik ili \u010dlan internacionalno priznate bosanskohercegova\u010dke dr\u017eave-nacije.<\/p>\n<p>In diesem rechtspolitischen Sinne sollte der Staat jedem einzelnen Menschen auf seinem Territorium Freiheit und Gleichheit gew\u00e4hrleisten. Auf diese Weise sichert der Staat jedem B\u00fcrger soziale, psychologische, wirtschaftliche und kulturelle Stabilit\u00e4t. Ein Bosnier ist ein Mitglied des international anerkannten bosnisch-herzegowinischen Staates bzw. der Nation.<\/p>\n<p>Deshalb hat der Name \u201eBosnier\u201c einen semantischen Wert f\u00fcr die bosnische Nation. Die Nation ist daher eine politische Gemeinschaft gleichberechtigter B\u00fcrger eines Staates. Sie sollte nicht auf eine ethnische oder religi\u00f6se soziale Gruppe reduziert werden. Alle heutigen (Staats)B\u00fcrger von Bosnien und Herzegowina bilden die bosnisch-herzegowinische Nation und geh\u00f6ren ihr an. Sie sind Bosnier, B\u00fcrger von Bosnien und Herzegowina. Heutzutage ist der Bosnier ein loyaler B\u00fcrger gegen\u00fcber seinem Staat Bosnien und Herzegowina und seinen Werten (multiethnische Gesellschaft, multireligi\u00f6se Gemeinschaft, Demokratie, Rechtsstaatlichkeit und Respekt f\u00fcr das Individuum und das Kollektiv).<\/p>\n<p>Zato Bosanac ima semanti\u010dku vrijednost imena za bosansku naciju! Nacija je, dakle, politi\u010dka zajednica ravnopravnih gra\u0111ana jedne dr\u017eave. Ona se ne treba reducirati na etni\u010dku ili religijsku dru\u0161tvenu grupu. Svi dana\u0161nji gra\u0111ani i dr\u017eavljani Bosne i Hercegovine \u010dine bosanskohercegova\u010dku naciju i pripadaju istoj! Oni su Bosanci, gra\u0111ani Bosne i Hercegovine. Danas Bosanac zna\u010di \u2013 odan gra\u0111anin svojoj dr\u017eavi Bosni i Hercegovini i njezinim vrijednostima (multietni\u010dko dru\u0161tvo, multireligijska zajednica, demokratija, vladavina prava i po\u0161tivanje pojedinca i kolektiva).\nSvi dana\u0161nji gra\u0111ani i dr\u017eavljani Bosne i Hercegovine \u010dine bosanskohercegova\u010dku naciju i pripadaju istoj! Oni su Bosanci\nPrije u povijesti nije mogla postojati nacija Bosanac i bosanski nacionalni identitet, jer Bosna je tek od 1992. godine postavljena u internacionalni poredak kao 177. \u010dlanica Organizacije Ujedinjenih Nacija. U biv\u0161oj jugoslavenskoj dr\u017eavi se osje\u0107alo bosanstvo kao pripadanje Bosni, ali je ono bilo potisnuto, nemi\u0161ljeno i politi\u010dki neprofilirano usljed dominacije koncepta Kulturnation i sveprisutne religijske svijesti. U ovome povijesnom \u010dasu, Bosanac nije etni\u010dko-religijska, nego pravno-politi\u010dka kategorija i ne dovodi u pitanje narodne identitete Bo\u0161njaka, Hrvata, Srba, Jevreja, Albanaca, Crnogoraca i drugih koji \u017eive u Bosni.<\/p>\n<p>&nbsp;<\/p>\n<p>.<\/p>\n\n\t\t<\/div>\n\t<\/div>\n<\/div><\/div><\/div><\/div>","protected":false},"excerpt":{"rendered":"Bo\u0161njani, Bosniaken, Bosnier \u2013 Namen f\u00fcr menschliche soziale Gruppen Bo\u0161njani, Bosniaken, Bosnier \u2013 Namen f\u00fcr menschliche soziale Gruppen Univ. Prof. Senadin Lavi\u0107 Bei den Versuchen \u00fcber die Namen von Menschengruppen in Zeit und Raum, also \u00fcber zeitlich-r\u00e4umliche Wesen zu sprechen, tritt eine unvermeidliche Einsicht auf. Es ist n\u00e4mlich bemerkbar, dass Menschengruppen im Laufe der Geschichte ihre Namen \u00e4ndern. Ebenso \u00e4ndern sich die historischen Umst\u00e4nde ihrer Existenz bzw. der historisch-kulturelle Kontext der Existenz. Die Verbindung zwischen einem Namen und dem Kontext weist auf die Selbstreflexion der Gruppe (wie sie denkt, versteht und sich selbst vorstellt) und ihre historische Kraft hin. Manchmal...","protected":false},"author":1,"featured_media":0,"parent":0,"menu_order":0,"comment_status":"closed","ping_status":"closed","template":"","meta":{"footnotes":""},"class_list":["post-1658","page","type-page","status-publish","hentry"],"yoast_head":"<!-- This site is optimized with the Yoast SEO plugin v20.3 - https:\/\/yoast.com\/wordpress\/plugins\/seo\/ -->\n<title>Bo\u0161njani, Bosniaken, Bosnier - Gesellschaft Bosnischer Akademiker<\/title>\n<meta name=\"robots\" content=\"index, follow, max-snippet:-1, max-image-preview:large, max-video-preview:-1\" \/>\n<link rel=\"canonical\" href=\"https:\/\/www.bhakademiker.org\/bs\/bosnjani-bosniaken-bosnier\/\" \/>\n<meta property=\"og:locale\" content=\"bs_BA\" \/>\n<meta property=\"og:type\" content=\"article\" \/>\n<meta property=\"og:title\" content=\"Bo\u0161njani, Bosniaken, Bosnier - Gesellschaft Bosnischer Akademiker\" \/>\n<meta property=\"og:url\" content=\"https:\/\/www.bhakademiker.org\/bs\/bosnjani-bosniaken-bosnier\/\" \/>\n<meta property=\"og:site_name\" content=\"Gesellschaft Bosnischer Akademiker\" \/>\n<meta property=\"og:image\" content=\"https:\/\/www.bhakademiker.org\/\/files\/pics\/lavic_bosanska_nacija.jpg\" \/>\n<meta name=\"twitter:card\" content=\"summary_large_image\" \/>\n<meta name=\"twitter:label1\" content=\"Est. reading time\" \/>\n\t<meta name=\"twitter:data1\" content=\"6 minuta\" \/>\n<script type=\"application\/ld+json\" class=\"yoast-schema-graph\">{\"@context\":\"https:\/\/schema.org\",\"@graph\":[{\"@type\":\"WebPage\",\"@id\":\"https:\/\/www.bhakademiker.org\/de\/bosnjani-bosniaken-bosnier\/\",\"url\":\"https:\/\/www.bhakademiker.org\/de\/bosnjani-bosniaken-bosnier\/\",\"name\":\"Bo\u0161njani, Bosniaken, Bosnier - Gesellschaft Bosnischer Akademiker\",\"isPartOf\":{\"@id\":\"https:\/\/www.bhakademiker.org\/bs\/#website\"},\"datePublished\":\"2021-06-26T19:16:35+00:00\",\"dateModified\":\"2021-06-26T19:16:35+00:00\",\"breadcrumb\":{\"@id\":\"https:\/\/www.bhakademiker.org\/de\/bosnjani-bosniaken-bosnier\/#breadcrumb\"},\"inLanguage\":\"bs-BA\",\"potentialAction\":[{\"@type\":\"ReadAction\",\"target\":[\"https:\/\/www.bhakademiker.org\/de\/bosnjani-bosniaken-bosnier\/\"]}]},{\"@type\":\"BreadcrumbList\",\"@id\":\"https:\/\/www.bhakademiker.org\/de\/bosnjani-bosniaken-bosnier\/#breadcrumb\",\"itemListElement\":[{\"@type\":\"ListItem\",\"position\":1,\"name\":\"Home\",\"item\":\"https:\/\/www.bhakademiker.org\/\"},{\"@type\":\"ListItem\",\"position\":2,\"name\":\"Bo\u0161njani, Bosniaken, Bosnier\"}]},{\"@type\":\"WebSite\",\"@id\":\"https:\/\/www.bhakademiker.org\/bs\/#website\",\"url\":\"https:\/\/www.bhakademiker.org\/bs\/\",\"name\":\"Gesellschaft Bosnischer Akademiker\",\"description\":\"\",\"publisher\":{\"@id\":\"https:\/\/www.bhakademiker.org\/bs\/#organization\"},\"potentialAction\":[{\"@type\":\"SearchAction\",\"target\":{\"@type\":\"EntryPoint\",\"urlTemplate\":\"https:\/\/www.bhakademiker.org\/bs\/?s={search_term_string}\"},\"query-input\":\"required name=search_term_string\"}],\"inLanguage\":\"bs-BA\"},{\"@type\":\"Organization\",\"@id\":\"https:\/\/www.bhakademiker.org\/bs\/#organization\",\"name\":\"Gesellschaft Bosnischer Akademiker in \u00d6sterreich\",\"url\":\"https:\/\/www.bhakademiker.org\/bs\/\",\"logo\":{\"@type\":\"ImageObject\",\"inLanguage\":\"bs-BA\",\"@id\":\"https:\/\/www.bhakademiker.org\/bs\/#\/schema\/logo\/image\/\",\"url\":\"https:\/\/www.bhakademiker.org\/wp-content\/uploads\/2022\/01\/featured-GBAA.png\",\"contentUrl\":\"https:\/\/www.bhakademiker.org\/wp-content\/uploads\/2022\/01\/featured-GBAA.png\",\"width\":1200,\"height\":630,\"caption\":\"Gesellschaft Bosnischer Akademiker in \u00d6sterreich\"},\"image\":{\"@id\":\"https:\/\/www.bhakademiker.org\/bs\/#\/schema\/logo\/image\/\"}}]}<\/script>\n<!-- \/ Yoast SEO plugin. -->","yoast_head_json":{"title":"Bo\u0161njani, Bosniaken, Bosnier - Gesellschaft Bosnischer Akademiker","robots":{"index":"index","follow":"follow","max-snippet":"max-snippet:-1","max-image-preview":"max-image-preview:large","max-video-preview":"max-video-preview:-1"},"canonical":"https:\/\/www.bhakademiker.org\/bs\/bosnjani-bosniaken-bosnier\/","og_locale":"bs_BA","og_type":"article","og_title":"Bo\u0161njani, Bosniaken, Bosnier - Gesellschaft Bosnischer Akademiker","og_url":"https:\/\/www.bhakademiker.org\/bs\/bosnjani-bosniaken-bosnier\/","og_site_name":"Gesellschaft Bosnischer Akademiker","og_image":[{"url":"https:\/\/www.bhakademiker.org\/\/files\/pics\/lavic_bosanska_nacija.jpg"}],"twitter_card":"summary_large_image","twitter_misc":{"Est. reading time":"6 minuta"},"schema":{"@context":"https:\/\/schema.org","@graph":[{"@type":"WebPage","@id":"https:\/\/www.bhakademiker.org\/de\/bosnjani-bosniaken-bosnier\/","url":"https:\/\/www.bhakademiker.org\/de\/bosnjani-bosniaken-bosnier\/","name":"Bo\u0161njani, Bosniaken, Bosnier - Gesellschaft Bosnischer Akademiker","isPartOf":{"@id":"https:\/\/www.bhakademiker.org\/bs\/#website"},"datePublished":"2021-06-26T19:16:35+00:00","dateModified":"2021-06-26T19:16:35+00:00","breadcrumb":{"@id":"https:\/\/www.bhakademiker.org\/de\/bosnjani-bosniaken-bosnier\/#breadcrumb"},"inLanguage":"bs-BA","potentialAction":[{"@type":"ReadAction","target":["https:\/\/www.bhakademiker.org\/de\/bosnjani-bosniaken-bosnier\/"]}]},{"@type":"BreadcrumbList","@id":"https:\/\/www.bhakademiker.org\/de\/bosnjani-bosniaken-bosnier\/#breadcrumb","itemListElement":[{"@type":"ListItem","position":1,"name":"Home","item":"https:\/\/www.bhakademiker.org\/"},{"@type":"ListItem","position":2,"name":"Bo\u0161njani, Bosniaken, Bosnier"}]},{"@type":"WebSite","@id":"https:\/\/www.bhakademiker.org\/bs\/#website","url":"https:\/\/www.bhakademiker.org\/bs\/","name":"Gesellschaft Bosnischer Akademiker","description":"","publisher":{"@id":"https:\/\/www.bhakademiker.org\/bs\/#organization"},"potentialAction":[{"@type":"SearchAction","target":{"@type":"EntryPoint","urlTemplate":"https:\/\/www.bhakademiker.org\/bs\/?s={search_term_string}"},"query-input":"required name=search_term_string"}],"inLanguage":"bs-BA"},{"@type":"Organization","@id":"https:\/\/www.bhakademiker.org\/bs\/#organization","name":"Gesellschaft Bosnischer Akademiker in \u00d6sterreich","url":"https:\/\/www.bhakademiker.org\/bs\/","logo":{"@type":"ImageObject","inLanguage":"bs-BA","@id":"https:\/\/www.bhakademiker.org\/bs\/#\/schema\/logo\/image\/","url":"https:\/\/www.bhakademiker.org\/wp-content\/uploads\/2022\/01\/featured-GBAA.png","contentUrl":"https:\/\/www.bhakademiker.org\/wp-content\/uploads\/2022\/01\/featured-GBAA.png","width":1200,"height":630,"caption":"Gesellschaft Bosnischer Akademiker in \u00d6sterreich"},"image":{"@id":"https:\/\/www.bhakademiker.org\/bs\/#\/schema\/logo\/image\/"}}]}},"_links":{"self":[{"href":"https:\/\/www.bhakademiker.org\/bs\/wp-json\/wp\/v2\/pages\/1658","targetHints":{"allow":["GET"]}}],"collection":[{"href":"https:\/\/www.bhakademiker.org\/bs\/wp-json\/wp\/v2\/pages"}],"about":[{"href":"https:\/\/www.bhakademiker.org\/bs\/wp-json\/wp\/v2\/types\/page"}],"author":[{"embeddable":true,"href":"https:\/\/www.bhakademiker.org\/bs\/wp-json\/wp\/v2\/users\/1"}],"replies":[{"embeddable":true,"href":"https:\/\/www.bhakademiker.org\/bs\/wp-json\/wp\/v2\/comments?post=1658"}],"version-history":[{"count":2,"href":"https:\/\/www.bhakademiker.org\/bs\/wp-json\/wp\/v2\/pages\/1658\/revisions"}],"predecessor-version":[{"id":1660,"href":"https:\/\/www.bhakademiker.org\/bs\/wp-json\/wp\/v2\/pages\/1658\/revisions\/1660"}],"wp:attachment":[{"href":"https:\/\/www.bhakademiker.org\/bs\/wp-json\/wp\/v2\/media?parent=1658"}],"curies":[{"name":"wp","href":"https:\/\/api.w.org\/{rel}","templated":true}]}}