{"id":1666,"date":"2021-06-26T21:18:50","date_gmt":"2021-06-26T19:18:50","guid":{"rendered":"https:\/\/www.bhakademiker.org\/?page_id=1666"},"modified":"2021-06-26T21:18:50","modified_gmt":"2021-06-26T19:18:50","slug":"was-ist-eine-volksgruppe","status":"publish","type":"page","link":"https:\/\/www.bhakademiker.org\/bs\/was-ist-eine-volksgruppe\/","title":{"rendered":"\u0160ta je etni\u010dka grupa?"},"content":{"rendered":"<div class=\"vc_row wpb_row row\"><div class=\"wpb_column vc_column_container vc_col-sm-12\"><div class=\"vc_column-inner\"><div class=\"wpb_wrapper\"><h3 class=\"no-margin-top\" >\u0160ta je etni\u010dka grupa?<\/h3>\n\t<div class=\"wpb_text_column wpb_content_element\" >\n\t\t<div class=\"wpb_wrapper\">\n\t\t\t<p>Das VGG definiert Volksgruppen als &#8220;in Teilen des Bundesgebietes wohnhafte und beheimatete Gruppen \u00f6sterreichischer Staatsb\u00fcrger mit nichtdeutscher Muttersprache und eigenem Volkstum&#8221; Diese Definition schuf bei der Anerkennungsdiskussion der Roma und Sinti gro\u00dfe Probleme und wird auch der modernen Mobilit\u00e4t der Menschen nicht mehr gerecht. Sie schlie\u00dft vier der anerkannten sechs Volksgruppen von Sprachenrechten aus.1<\/p>\n<p>&nbsp;<\/p>\n<p>Erst durch eine \u00c4nderung dieser Definition und insbesondere der an die Konzentration von Minderheitenangeh\u00f6rigen in bestimmten Gebieten gebundenen Rechte wird z. B. den Roma und Sinti, den Slowaken, den Tschechen und Ungarn in Wien und den Slowenen in der Steiermark der faktischer Zugang zu Minderheitenrechten er\u00f6ffnet.<\/p>\n<p>&nbsp;<\/p>\n<p>Schwierig ist auch die Frage der &#8220;neuen&#8221; Minderheiten. Im VGG wird keine exakte Grenze zu den &#8220;alten&#8221; Minderheiten (derzeit: Kroaten, Slowenen, Ungarn, Tschechen, Slowaken und Roma und Sinti) gezogen. Die ma\u00dfgeblichen Juristen haben aber das Kriterium &#8220;beheimatet&#8221; stets restriktiv ausgelegt und mit &#8220;mindestens drei Generationen im jeweiligen Siedlungsgebiet ans\u00e4ssig&#8221; \u00fcbersetzt. Neue Gruppen, die Interesse an einer Anerkennung als Volksgruppe haben, sehen sich daher gezwungen, die eigene Existenz zu rechtfertigen.<\/p>\n<p>&nbsp;<\/p>\n<p>Eine bessere Definition die der o.g. Auslegung wiederspricht:<\/p>\n<p>&#8220;Der Begriff Minderheit bezieht sich auf eine Gruppe, die zahlenm\u00e4\u00dfig kleiner ist als die \u00fcbrige Bev\u00f6lkerung eines Staates, sich in einer nichtdominanten Position befindet, deren Angeh\u00f6rige \u2013 als B\u00fcrger dieses Staates \u2013 ethnische, religi\u00f6se oder sprachliche Eigenheiten besitzen, die von jenen der \u00fcbrigen Bev\u00f6lkerung verschieden sind, und welche, wenn auch unausgesprochen, einen Sinn f\u00fcr Solidarit\u00e4t zur Erhaltung ihrer Kultur, Traditionen, Religion und Sprache zeigen.&#8221;2<\/p>\n<p>&nbsp;<\/p>\n<p>Hier stellt sich wohl auch die grunds\u00e4tzliche Frage, ob ein Staat seinen Staatsb\u00fcrgern, die real existieren und aufgrund sprachlicher und kultureller Besonderheiten faktisch eine Volksgruppe bilden, die Anerkennung verweigern darf, indem er die Kriterien selbst so setzt, da\u00df eine Verweigerung der Anerkennung letztlich rechtens scheint.<\/p>\n<p>&nbsp;<\/p>\n<p><sub>1 VGG, BGBl. 196\/1976, \u00a7 2 Abs 1 Z 2 verlangt f\u00fcr Sprachenrechte 25% Volksgruppenangeh\u00f6rige in einer Gemeinde!<br \/>\n2 F. Capotorti: Study on the Rights of Persons belonging to Ethnic, Religious and Linguistic Minorities, in UN.Doc.E\/CN.4\/Sub.2\/384 vom 20. 06. 1977, S. 96.<\/sub><\/p>\n\n\t\t<\/div>\n\t<\/div>\n<\/div><\/div><\/div><\/div>","protected":false},"excerpt":{"rendered":"Was ist eine Volksgruppe? Das VGG definiert Volksgruppen als \"in Teilen des Bundesgebietes wohnhafte und beheimatete Gruppen \u00f6sterreichischer Staatsb\u00fcrger mit nichtdeutscher Muttersprache und eigenem Volkstum\" Diese Definition schuf bei der Anerkennungsdiskussion der Roma und Sinti gro\u00dfe Probleme und wird auch der modernen Mobilit\u00e4t der Menschen nicht mehr gerecht. Sie schlie\u00dft vier der anerkannten sechs Volksgruppen von Sprachenrechten aus.1 &nbsp; Erst durch eine \u00c4nderung dieser Definition und insbesondere der an die Konzentration von Minderheitenangeh\u00f6rigen in bestimmten Gebieten gebundenen Rechte wird z. B. den Roma und Sinti, den Slowaken, den Tschechen und Ungarn in Wien und den Slowenen in der Steiermark der...","protected":false},"author":1,"featured_media":0,"parent":0,"menu_order":0,"comment_status":"closed","ping_status":"closed","template":"","meta":{"footnotes":""},"class_list":["post-1666","page","type-page","status-publish","hentry"],"yoast_head":"<!-- This site is optimized with the Yoast SEO plugin v20.3 - https:\/\/yoast.com\/wordpress\/plugins\/seo\/ -->\n<title>Was ist eine Volksgruppe? - Gesellschaft Bosnischer Akademiker<\/title>\n<meta name=\"robots\" content=\"index, follow, max-snippet:-1, max-image-preview:large, max-video-preview:-1\" \/>\n<link rel=\"canonical\" href=\"https:\/\/www.bhakademiker.org\/bs\/was-ist-eine-volksgruppe\/\" \/>\n<meta property=\"og:locale\" content=\"bs_BA\" \/>\n<meta property=\"og:type\" content=\"article\" \/>\n<meta property=\"og:title\" content=\"Was ist eine Volksgruppe? - Gesellschaft Bosnischer Akademiker\" \/>\n<meta property=\"og:url\" content=\"https:\/\/www.bhakademiker.org\/bs\/was-ist-eine-volksgruppe\/\" \/>\n<meta property=\"og:site_name\" content=\"Gesellschaft Bosnischer Akademiker\" \/>\n<meta property=\"og:image\" content=\"https:\/\/www.bhakademiker.org\/wp-content\/uploads\/2022\/01\/featured-GBAA.png\" \/>\n\t<meta property=\"og:image:width\" content=\"1200\" \/>\n\t<meta property=\"og:image:height\" content=\"630\" \/>\n\t<meta property=\"og:image:type\" content=\"image\/png\" \/>\n<meta name=\"twitter:card\" content=\"summary_large_image\" \/>\n<meta name=\"twitter:label1\" content=\"Est. reading time\" \/>\n\t<meta name=\"twitter:data1\" content=\"2 minute\" \/>\n<script type=\"application\/ld+json\" class=\"yoast-schema-graph\">{\"@context\":\"https:\/\/schema.org\",\"@graph\":[{\"@type\":\"WebPage\",\"@id\":\"https:\/\/www.bhakademiker.org\/de\/was-ist-eine-volksgruppe\/\",\"url\":\"https:\/\/www.bhakademiker.org\/de\/was-ist-eine-volksgruppe\/\",\"name\":\"Was ist eine Volksgruppe? - Gesellschaft Bosnischer Akademiker\",\"isPartOf\":{\"@id\":\"https:\/\/www.bhakademiker.org\/bs\/#website\"},\"datePublished\":\"2021-06-26T19:18:50+00:00\",\"dateModified\":\"2021-06-26T19:18:50+00:00\",\"breadcrumb\":{\"@id\":\"https:\/\/www.bhakademiker.org\/de\/was-ist-eine-volksgruppe\/#breadcrumb\"},\"inLanguage\":\"bs-BA\",\"potentialAction\":[{\"@type\":\"ReadAction\",\"target\":[\"https:\/\/www.bhakademiker.org\/de\/was-ist-eine-volksgruppe\/\"]}]},{\"@type\":\"BreadcrumbList\",\"@id\":\"https:\/\/www.bhakademiker.org\/de\/was-ist-eine-volksgruppe\/#breadcrumb\",\"itemListElement\":[{\"@type\":\"ListItem\",\"position\":1,\"name\":\"Home\",\"item\":\"https:\/\/www.bhakademiker.org\/\"},{\"@type\":\"ListItem\",\"position\":2,\"name\":\"Was ist eine Volksgruppe?\"}]},{\"@type\":\"WebSite\",\"@id\":\"https:\/\/www.bhakademiker.org\/bs\/#website\",\"url\":\"https:\/\/www.bhakademiker.org\/bs\/\",\"name\":\"Gesellschaft Bosnischer Akademiker\",\"description\":\"\",\"publisher\":{\"@id\":\"https:\/\/www.bhakademiker.org\/bs\/#organization\"},\"potentialAction\":[{\"@type\":\"SearchAction\",\"target\":{\"@type\":\"EntryPoint\",\"urlTemplate\":\"https:\/\/www.bhakademiker.org\/bs\/?s={search_term_string}\"},\"query-input\":\"required name=search_term_string\"}],\"inLanguage\":\"bs-BA\"},{\"@type\":\"Organization\",\"@id\":\"https:\/\/www.bhakademiker.org\/bs\/#organization\",\"name\":\"Gesellschaft Bosnischer Akademiker in \u00d6sterreich\",\"url\":\"https:\/\/www.bhakademiker.org\/bs\/\",\"logo\":{\"@type\":\"ImageObject\",\"inLanguage\":\"bs-BA\",\"@id\":\"https:\/\/www.bhakademiker.org\/bs\/#\/schema\/logo\/image\/\",\"url\":\"https:\/\/www.bhakademiker.org\/wp-content\/uploads\/2022\/01\/featured-GBAA.png\",\"contentUrl\":\"https:\/\/www.bhakademiker.org\/wp-content\/uploads\/2022\/01\/featured-GBAA.png\",\"width\":1200,\"height\":630,\"caption\":\"Gesellschaft Bosnischer Akademiker in \u00d6sterreich\"},\"image\":{\"@id\":\"https:\/\/www.bhakademiker.org\/bs\/#\/schema\/logo\/image\/\"}}]}<\/script>\n<!-- \/ Yoast SEO plugin. -->","yoast_head_json":{"title":"Was ist eine Volksgruppe? - Gesellschaft Bosnischer Akademiker","robots":{"index":"index","follow":"follow","max-snippet":"max-snippet:-1","max-image-preview":"max-image-preview:large","max-video-preview":"max-video-preview:-1"},"canonical":"https:\/\/www.bhakademiker.org\/bs\/was-ist-eine-volksgruppe\/","og_locale":"bs_BA","og_type":"article","og_title":"Was ist eine Volksgruppe? - Gesellschaft Bosnischer Akademiker","og_url":"https:\/\/www.bhakademiker.org\/bs\/was-ist-eine-volksgruppe\/","og_site_name":"Gesellschaft Bosnischer Akademiker","og_image":[{"width":1200,"height":630,"url":"https:\/\/www.bhakademiker.org\/wp-content\/uploads\/2022\/01\/featured-GBAA.png","type":"image\/png"}],"twitter_card":"summary_large_image","twitter_misc":{"Est. reading time":"2 minute"},"schema":{"@context":"https:\/\/schema.org","@graph":[{"@type":"WebPage","@id":"https:\/\/www.bhakademiker.org\/de\/was-ist-eine-volksgruppe\/","url":"https:\/\/www.bhakademiker.org\/de\/was-ist-eine-volksgruppe\/","name":"Was ist eine Volksgruppe? - Gesellschaft Bosnischer Akademiker","isPartOf":{"@id":"https:\/\/www.bhakademiker.org\/bs\/#website"},"datePublished":"2021-06-26T19:18:50+00:00","dateModified":"2021-06-26T19:18:50+00:00","breadcrumb":{"@id":"https:\/\/www.bhakademiker.org\/de\/was-ist-eine-volksgruppe\/#breadcrumb"},"inLanguage":"bs-BA","potentialAction":[{"@type":"ReadAction","target":["https:\/\/www.bhakademiker.org\/de\/was-ist-eine-volksgruppe\/"]}]},{"@type":"BreadcrumbList","@id":"https:\/\/www.bhakademiker.org\/de\/was-ist-eine-volksgruppe\/#breadcrumb","itemListElement":[{"@type":"ListItem","position":1,"name":"Home","item":"https:\/\/www.bhakademiker.org\/"},{"@type":"ListItem","position":2,"name":"Was ist eine Volksgruppe?"}]},{"@type":"WebSite","@id":"https:\/\/www.bhakademiker.org\/bs\/#website","url":"https:\/\/www.bhakademiker.org\/bs\/","name":"Gesellschaft Bosnischer Akademiker","description":"","publisher":{"@id":"https:\/\/www.bhakademiker.org\/bs\/#organization"},"potentialAction":[{"@type":"SearchAction","target":{"@type":"EntryPoint","urlTemplate":"https:\/\/www.bhakademiker.org\/bs\/?s={search_term_string}"},"query-input":"required name=search_term_string"}],"inLanguage":"bs-BA"},{"@type":"Organization","@id":"https:\/\/www.bhakademiker.org\/bs\/#organization","name":"Gesellschaft Bosnischer Akademiker in \u00d6sterreich","url":"https:\/\/www.bhakademiker.org\/bs\/","logo":{"@type":"ImageObject","inLanguage":"bs-BA","@id":"https:\/\/www.bhakademiker.org\/bs\/#\/schema\/logo\/image\/","url":"https:\/\/www.bhakademiker.org\/wp-content\/uploads\/2022\/01\/featured-GBAA.png","contentUrl":"https:\/\/www.bhakademiker.org\/wp-content\/uploads\/2022\/01\/featured-GBAA.png","width":1200,"height":630,"caption":"Gesellschaft Bosnischer Akademiker in \u00d6sterreich"},"image":{"@id":"https:\/\/www.bhakademiker.org\/bs\/#\/schema\/logo\/image\/"}}]}},"_links":{"self":[{"href":"https:\/\/www.bhakademiker.org\/bs\/wp-json\/wp\/v2\/pages\/1666","targetHints":{"allow":["GET"]}}],"collection":[{"href":"https:\/\/www.bhakademiker.org\/bs\/wp-json\/wp\/v2\/pages"}],"about":[{"href":"https:\/\/www.bhakademiker.org\/bs\/wp-json\/wp\/v2\/types\/page"}],"author":[{"embeddable":true,"href":"https:\/\/www.bhakademiker.org\/bs\/wp-json\/wp\/v2\/users\/1"}],"replies":[{"embeddable":true,"href":"https:\/\/www.bhakademiker.org\/bs\/wp-json\/wp\/v2\/comments?post=1666"}],"version-history":[{"count":1,"href":"https:\/\/www.bhakademiker.org\/bs\/wp-json\/wp\/v2\/pages\/1666\/revisions"}],"predecessor-version":[{"id":1667,"href":"https:\/\/www.bhakademiker.org\/bs\/wp-json\/wp\/v2\/pages\/1666\/revisions\/1667"}],"wp:attachment":[{"href":"https:\/\/www.bhakademiker.org\/bs\/wp-json\/wp\/v2\/media?parent=1666"}],"curies":[{"name":"wp","href":"https:\/\/api.w.org\/{rel}","templated":true}]}}