{"id":1685,"date":"2021-06-26T22:55:55","date_gmt":"2021-06-26T20:55:55","guid":{"rendered":"https:\/\/www.bhakademiker.org\/?page_id=1685"},"modified":"2024-03-10T16:53:25","modified_gmt":"2024-03-10T15:53:25","slug":"wirtschaft","status":"publish","type":"page","link":"https:\/\/www.bhakademiker.org\/bs\/wirtschaft\/","title":{"rendered":"Privreda"},"content":{"rendered":"<div class=\"vc_row wpb_row row\"><div class=\"wpb_column vc_column_container vc_col-sm-12\"><div class=\"vc_column-inner\"><div class=\"wpb_wrapper\"><div class=\"team_block\"><h3 class=\"animate-onscroll no-margin-top\">Privreda<\/h3><div class=\"row\"><div class=\"col-lg-4 col-md-4 col-sm-6\"><div class=\"team-member animate-onscroll\">\r\n\t\t\t\t\t\t\t\t\t\r\n\t\t\t\t\t\t\t\t\t<img decoding=\"async\" class=\"team-member-image\" src=\"https:\/\/www.bhakademiker.org\/wp-content\/uploads\/2024\/03\/mato-500x480.jpeg\" alt=\"\">\r\n\t\t\t\t\t\t\t\t\t\r\n\t\t\t\t\t\t\t\t\t<div class=\"team-member-info\">\r\n\t\t\t\t\t\t\t\t\t\t\r\n\t\t\t\t\t\t\t\t\t\t<h2><a href=\"https:\/\/www.bhakademiker.org\/bs\/team_members\/mato-dominkovic\/\" class=\"team-link\">Dr. Mato Dominkovi\u0107<\/a><\/h2>\r\n\t\t\t\t\t\t\t\t\t\t<span class=\"job\"><\/span>\r\n\t\t\t\t\t\t\t\t\t\t\r\n\t\t\t\t\t\t\t\t\t\t<div class=\"team-member-more\">\r\n\t\t\t\t\t\t\t\t\t\t\t <div class=\"social-media\">\r\n\t\t\t\t\t\t\t\t\t\t\t\t<span class=\"small-caption\">Get connected:<\/span>\r\n\t\t\t\t\t\t\t\t\t\t\t\t<ul class=\"social-icons\"><\/ul><\/div><\/div>\r\n\t\t\t\t\t\t\t\t\t\t\r\n\t\t\t\t\t\t\t\t\t<\/div>\r\n\t\t\t\t\t\t\t\t\t\r\n\t\t\t\t\t\t\t\t<\/div><\/div><div class=\"col-lg-4 col-md-4 col-sm-6\"><div class=\"team-member animate-onscroll\">\r\n\t\t\t\t\t\t\t\t\t\r\n\t\t\t\t\t\t\t\t\t<img decoding=\"async\" class=\"team-member-image\" src=\"https:\/\/www.bhakademiker.org\/wp-content\/uploads\/2024\/03\/ljuhar-555x480.jpeg\" alt=\"\">\r\n\t\t\t\t\t\t\t\t\t\r\n\t\t\t\t\t\t\t\t\t<div class=\"team-member-info\">\r\n\t\t\t\t\t\t\t\t\t\t\r\n\t\t\t\t\t\t\t\t\t\t<h2><a href=\"https:\/\/www.bhakademiker.org\/bs\/team_members\/davul-ljuhar\/\" class=\"team-link\">DI Davul Ljuhar<\/a><\/h2>\r\n\t\t\t\t\t\t\t\t\t\t<span class=\"job\"><\/span>\r\n\t\t\t\t\t\t\t\t\t\t\r\n\t\t\t\t\t\t\t\t\t\t<div class=\"team-member-more\">\r\n\t\t\t\t\t\t\t\t\t\t\t <div class=\"social-media\">\r\n\t\t\t\t\t\t\t\t\t\t\t\t<span class=\"small-caption\">Get connected:<\/span>\r\n\t\t\t\t\t\t\t\t\t\t\t\t<ul class=\"social-icons\"><\/ul><\/div><\/div>\r\n\t\t\t\t\t\t\t\t\t\t\r\n\t\t\t\t\t\t\t\t\t<\/div>\r\n\t\t\t\t\t\t\t\t\t\r\n\t\t\t\t\t\t\t\t<\/div><\/div><div class=\"col-lg-4 col-md-4 col-sm-6\"><div class=\"team-member animate-onscroll\">\r\n\t\t\t\t\t\t\t\t\t\r\n\t\t\t\t\t\t\t\t\t<img decoding=\"async\" class=\"team-member-image\" src=\"https:\/\/www.bhakademiker.org\/wp-content\/uploads\/2014\/10\/denis_cavkic_303_190.jpg\" alt=\"\">\r\n\t\t\t\t\t\t\t\t\t\r\n\t\t\t\t\t\t\t\t\t<div class=\"team-member-info\">\r\n\t\t\t\t\t\t\t\t\t\t\r\n\t\t\t\t\t\t\t\t\t\t<h2><a href=\"https:\/\/www.bhakademiker.org\/bs\/team_members\/denic-cavkic\/\" class=\"team-link\">Denis \u010cavki\u0107, MSc<\/a><\/h2>\r\n\t\t\t\t\t\t\t\t\t\t<span class=\"job\">Wirtschaftsfragen<\/span>\r\n\t\t\t\t\t\t\t\t\t\t\r\n\t\t\t\t\t\t\t\t\t\t<div class=\"team-member-more\">\r\n\t\t\t\t\t\t\t\t\t\t\t<p>wirtschaft@bhakademiker.org<\/p>\n <div class=\"social-media\">\r\n\t\t\t\t\t\t\t\t\t\t\t\t<span class=\"small-caption\">Get connected:<\/span>\r\n\t\t\t\t\t\t\t\t\t\t\t\t<ul class=\"social-icons\"><li class=\"linkedin\"><a href=\"https:\/\/www.linkedin.com\/in\/denis-%C4%8Davki%C4%87-b89b02a6\/\" class=\"tooltip-ontop\" title=\"LinkedIn\"><i class=\"icons icon-linkedin-1\"><\/i><\/a><\/li><li class=\"email\"><a href=\"mailto:d.cavkic@kombiflex.com\" class=\"tooltip-ontop\" title=\"Email\"><i class=\"icons icon-mail\"><\/i><\/a><\/li><\/ul><\/div><\/div>\r\n\t\t\t\t\t\t\t\t\t\t\r\n\t\t\t\t\t\t\t\t\t<\/div>\r\n\t\t\t\t\t\t\t\t\t\r\n\t\t\t\t\t\t\t\t<\/div><\/div><\/div><\/div><\/div><\/div><\/div><\/div>","protected":false},"excerpt":{"rendered":"Wirtschaft Dr. Mato Dominkovi\u0107 Get connected: DI Davul Ljuhar Get connected: Denis \u010cavki\u0107, MSc Wirtschaftsfragen wirtschaft@bhakademiker.org Get connected:","protected":false},"author":1,"featured_media":0,"parent":0,"menu_order":0,"comment_status":"closed","ping_status":"closed","template":"","meta":{"footnotes":""},"class_list":["post-1685","page","type-page","status-publish","hentry"],"yoast_head":"<!-- This site is optimized with the Yoast SEO plugin v20.3 - https:\/\/yoast.com\/wordpress\/plugins\/seo\/ -->\n<title>Wirtschaft - Gesellschaft Bosnischer Akademiker<\/title>\n<meta name=\"robots\" content=\"index, follow, max-snippet:-1, max-image-preview:large, max-video-preview:-1\" \/>\n<link rel=\"canonical\" href=\"https:\/\/www.bhakademiker.org\/bs\/wirtschaft\/\" \/>\n<meta property=\"og:locale\" content=\"bs_BA\" \/>\n<meta property=\"og:type\" content=\"article\" \/>\n<meta property=\"og:title\" content=\"Wirtschaft - Gesellschaft Bosnischer Akademiker\" \/>\n<meta property=\"og:url\" content=\"https:\/\/www.bhakademiker.org\/bs\/wirtschaft\/\" \/>\n<meta property=\"og:site_name\" content=\"Gesellschaft Bosnischer Akademiker\" \/>\n<meta property=\"article:modified_time\" content=\"2024-03-10T15:53:25+00:00\" \/>\n<meta property=\"og:image\" content=\"https:\/\/www.bhakademiker.org\/wp-content\/uploads\/2022\/01\/featured-GBAA.png\" \/>\n\t<meta property=\"og:image:width\" content=\"1200\" \/>\n\t<meta property=\"og:image:height\" content=\"630\" \/>\n\t<meta property=\"og:image:type\" content=\"image\/png\" \/>\n<meta name=\"twitter:card\" content=\"summary_large_image\" \/>\n<meta name=\"twitter:label1\" content=\"Est. reading time\" \/>\n\t<meta name=\"twitter:data1\" content=\"1 minuta\" \/>\n<script type=\"application\/ld+json\" class=\"yoast-schema-graph\">{\"@context\":\"https:\/\/schema.org\",\"@graph\":[{\"@type\":\"WebPage\",\"@id\":\"https:\/\/www.bhakademiker.org\/wirtschaft\/\",\"url\":\"https:\/\/www.bhakademiker.org\/wirtschaft\/\",\"name\":\"Wirtschaft - Gesellschaft Bosnischer Akademiker\",\"isPartOf\":{\"@id\":\"https:\/\/www.bhakademiker.org\/bs\/#website\"},\"datePublished\":\"2021-06-26T20:55:55+00:00\",\"dateModified\":\"2024-03-10T15:53:25+00:00\",\"breadcrumb\":{\"@id\":\"https:\/\/www.bhakademiker.org\/wirtschaft\/#breadcrumb\"},\"inLanguage\":\"bs-BA\",\"potentialAction\":[{\"@type\":\"ReadAction\",\"target\":[\"https:\/\/www.bhakademiker.org\/wirtschaft\/\"]}]},{\"@type\":\"BreadcrumbList\",\"@id\":\"https:\/\/www.bhakademiker.org\/wirtschaft\/#breadcrumb\",\"itemListElement\":[{\"@type\":\"ListItem\",\"position\":1,\"name\":\"Home\",\"item\":\"https:\/\/www.bhakademiker.org\/\"},{\"@type\":\"ListItem\",\"position\":2,\"name\":\"Wirtschaft\"}]},{\"@type\":\"WebSite\",\"@id\":\"https:\/\/www.bhakademiker.org\/bs\/#website\",\"url\":\"https:\/\/www.bhakademiker.org\/bs\/\",\"name\":\"Gesellschaft Bosnischer Akademiker\",\"description\":\"\",\"publisher\":{\"@id\":\"https:\/\/www.bhakademiker.org\/bs\/#organization\"},\"potentialAction\":[{\"@type\":\"SearchAction\",\"target\":{\"@type\":\"EntryPoint\",\"urlTemplate\":\"https:\/\/www.bhakademiker.org\/bs\/?s={search_term_string}\"},\"query-input\":\"required name=search_term_string\"}],\"inLanguage\":\"bs-BA\"},{\"@type\":\"Organization\",\"@id\":\"https:\/\/www.bhakademiker.org\/bs\/#organization\",\"name\":\"Gesellschaft Bosnischer Akademiker in \u00d6sterreich\",\"url\":\"https:\/\/www.bhakademiker.org\/bs\/\",\"logo\":{\"@type\":\"ImageObject\",\"inLanguage\":\"bs-BA\",\"@id\":\"https:\/\/www.bhakademiker.org\/bs\/#\/schema\/logo\/image\/\",\"url\":\"https:\/\/www.bhakademiker.org\/wp-content\/uploads\/2022\/01\/featured-GBAA.png\",\"contentUrl\":\"https:\/\/www.bhakademiker.org\/wp-content\/uploads\/2022\/01\/featured-GBAA.png\",\"width\":1200,\"height\":630,\"caption\":\"Gesellschaft Bosnischer Akademiker in \u00d6sterreich\"},\"image\":{\"@id\":\"https:\/\/www.bhakademiker.org\/bs\/#\/schema\/logo\/image\/\"}}]}<\/script>\n<!-- \/ Yoast SEO plugin. -->","yoast_head_json":{"title":"Wirtschaft - Gesellschaft Bosnischer Akademiker","robots":{"index":"index","follow":"follow","max-snippet":"max-snippet:-1","max-image-preview":"max-image-preview:large","max-video-preview":"max-video-preview:-1"},"canonical":"https:\/\/www.bhakademiker.org\/bs\/wirtschaft\/","og_locale":"bs_BA","og_type":"article","og_title":"Wirtschaft - Gesellschaft Bosnischer Akademiker","og_url":"https:\/\/www.bhakademiker.org\/bs\/wirtschaft\/","og_site_name":"Gesellschaft Bosnischer Akademiker","article_modified_time":"2024-03-10T15:53:25+00:00","og_image":[{"width":1200,"height":630,"url":"https:\/\/www.bhakademiker.org\/wp-content\/uploads\/2022\/01\/featured-GBAA.png","type":"image\/png"}],"twitter_card":"summary_large_image","twitter_misc":{"Est. reading time":"1 minuta"},"schema":{"@context":"https:\/\/schema.org","@graph":[{"@type":"WebPage","@id":"https:\/\/www.bhakademiker.org\/wirtschaft\/","url":"https:\/\/www.bhakademiker.org\/wirtschaft\/","name":"Wirtschaft - Gesellschaft Bosnischer Akademiker","isPartOf":{"@id":"https:\/\/www.bhakademiker.org\/bs\/#website"},"datePublished":"2021-06-26T20:55:55+00:00","dateModified":"2024-03-10T15:53:25+00:00","breadcrumb":{"@id":"https:\/\/www.bhakademiker.org\/wirtschaft\/#breadcrumb"},"inLanguage":"bs-BA","potentialAction":[{"@type":"ReadAction","target":["https:\/\/www.bhakademiker.org\/wirtschaft\/"]}]},{"@type":"BreadcrumbList","@id":"https:\/\/www.bhakademiker.org\/wirtschaft\/#breadcrumb","itemListElement":[{"@type":"ListItem","position":1,"name":"Home","item":"https:\/\/www.bhakademiker.org\/"},{"@type":"ListItem","position":2,"name":"Wirtschaft"}]},{"@type":"WebSite","@id":"https:\/\/www.bhakademiker.org\/bs\/#website","url":"https:\/\/www.bhakademiker.org\/bs\/","name":"Gesellschaft Bosnischer Akademiker","description":"","publisher":{"@id":"https:\/\/www.bhakademiker.org\/bs\/#organization"},"potentialAction":[{"@type":"SearchAction","target":{"@type":"EntryPoint","urlTemplate":"https:\/\/www.bhakademiker.org\/bs\/?s={search_term_string}"},"query-input":"required name=search_term_string"}],"inLanguage":"bs-BA"},{"@type":"Organization","@id":"https:\/\/www.bhakademiker.org\/bs\/#organization","name":"Gesellschaft Bosnischer Akademiker in \u00d6sterreich","url":"https:\/\/www.bhakademiker.org\/bs\/","logo":{"@type":"ImageObject","inLanguage":"bs-BA","@id":"https:\/\/www.bhakademiker.org\/bs\/#\/schema\/logo\/image\/","url":"https:\/\/www.bhakademiker.org\/wp-content\/uploads\/2022\/01\/featured-GBAA.png","contentUrl":"https:\/\/www.bhakademiker.org\/wp-content\/uploads\/2022\/01\/featured-GBAA.png","width":1200,"height":630,"caption":"Gesellschaft Bosnischer Akademiker in \u00d6sterreich"},"image":{"@id":"https:\/\/www.bhakademiker.org\/bs\/#\/schema\/logo\/image\/"}}]}},"_links":{"self":[{"href":"https:\/\/www.bhakademiker.org\/bs\/wp-json\/wp\/v2\/pages\/1685","targetHints":{"allow":["GET"]}}],"collection":[{"href":"https:\/\/www.bhakademiker.org\/bs\/wp-json\/wp\/v2\/pages"}],"about":[{"href":"https:\/\/www.bhakademiker.org\/bs\/wp-json\/wp\/v2\/types\/page"}],"author":[{"embeddable":true,"href":"https:\/\/www.bhakademiker.org\/bs\/wp-json\/wp\/v2\/users\/1"}],"replies":[{"embeddable":true,"href":"https:\/\/www.bhakademiker.org\/bs\/wp-json\/wp\/v2\/comments?post=1685"}],"version-history":[{"count":3,"href":"https:\/\/www.bhakademiker.org\/bs\/wp-json\/wp\/v2\/pages\/1685\/revisions"}],"predecessor-version":[{"id":3095,"href":"https:\/\/www.bhakademiker.org\/bs\/wp-json\/wp\/v2\/pages\/1685\/revisions\/3095"}],"wp:attachment":[{"href":"https:\/\/www.bhakademiker.org\/bs\/wp-json\/wp\/v2\/media?parent=1685"}],"curies":[{"name":"wp","href":"https:\/\/api.w.org\/{rel}","templated":true}]}}