{"id":1763,"date":"2021-07-04T16:44:22","date_gmt":"2021-07-04T14:44:22","guid":{"rendered":"https:\/\/www.bhakademiker.org\/?page_id=1763"},"modified":"2021-07-04T16:44:22","modified_gmt":"2021-07-04T14:44:22","slug":"fragen-und-antworten-ueber-die-minderheit","status":"publish","type":"page","link":"https:\/\/www.bhakademiker.org\/bs\/fragen-und-antworten-ueber-die-minderheit\/","title":{"rendered":"Pitanja i odgovori o manjini"},"content":{"rendered":"<div class=\"vc_row wpb_row row\"><div class=\"wpb_column vc_column_container vc_col-sm-12\"><div class=\"vc_column-inner\"><div class=\"wpb_wrapper\"><h3 class=\"no-margin-top\" > Pitanja i odgovori o nacionalnoj manjini<\/h3>\n\t<div class=\"wpb_text_column wpb_content_element\" >\n\t\t<div class=\"wpb_wrapper\">\n\t\t\t<p><h3>Sta zna\u010di nacionalna manjina?<\/h3>\nPojam nacionalna manjina odnosi se na grupu koja je broj\u010dano manja od ostalog dijela stanovni\u0161tva jedne dr\u017eave, koja se ne nalazi u dominantnoj poziciji, \u010diji \u010dlanovi, kao dr\u017eavljani te dr\u017eave, posjeduju etni\u010dke, religijske ili jezi\u010dke posebnosti, koje se razlikuju od ostalog dijela stanovni\u0161tva i koja pokazuje smisao za solidarnost za odr\u017eavanje kulture, tradicije, religije i jezika.\n\n <br>\n<br>\n\n<h3>Ko mo\u017ee biti priznat kao nacionalna manjina u Austriji?<\/h3>\nAustrijski dr\u017eavljani, koji vode porijeklo van Austrije, \u017eive du\u017ee vrijeme u Austriji potpuno integrisani u austrijsko dru\u0161tvo i \u017eele da zadr\u017ee svoju posebnost.\n <br>\n<br>\n \n\n<h3>\u0160ta bi zna\u010dilo priznanje nacionalne manjine?<\/h3>\nPostoji jedna posebna pravna za\u0161tita manjina u dr\u017eavi kojom su pripadnici manjina za\u0161titi\u0107eni od raznih nepovoljnosti.\nUstavom dr\u017eave Austrije su garantirana prava manjina na o\u010duvanju svog jezika, svoje kulture i svega onoga \u0161to ga \u010dini druga\u010dijim od domicilnog stanovni\u0161tva. Priznata manjina je legitimno tijelo koje radi na integraciji ali \u010duva zajednicu od asimilacije.\n\nTra\u017eenje priznanja nacionalne manjine ne zna\u010di tra\u017eenje ve\u0107ih prava. Svi austrijski dr\u017eavljani imaju ista prava.\nU na\u0161em slu\u010daju, priznata bosanska nacionalna manjina je garant o\u010duvanja bosanskog jezika i identiteta u Austriji jer je za\u0161ti\u0107ena ustavom dr\u017eave Austrije.\n\nBosanska nacionalna manjina mo\u017ee imati i \u0161kolu u kojoj \u0107e na\u0161a djeca mo\u0107i izu\u010davati na\u0161 bosanski jezik i kulturu. \u017delimo da se na\u0161i ljudi ne asimiliraju kroz nekoliko generacija nego da budu ponosni i \u010dasni Austrijanci koji imaju i \u010duvaju svoju tradiciju,. To su ciljevi koje su ve\u0107 ostvarili drugi narodi u Austriji : Gradi\u0161\u0107anski Hrvati, Slovenci, \u010cesi, Madjari , Romi i Slovaci.\n\n \n <br>\n<br>\n<h3>\u0160ta su razlozi priznanja bosanske nacionalne manjine?<\/h3>\nBosanke i Bosanci su jedina grupa iz biv\u0161e Austro-Ugarske monarhije kojoj status manjine jo\u0161 uvijek nije priznat.\nOsobe porijeklom iz Bosne i Hercegovine doprinose u vi\u0161e generacija razvoju republike Austrije. Prema austrijskoj zvani\u010dnoj statistici, oni su jedna od najbolje integrisanih migrantskih skupina u austrijskom dru\u0161tvu i mjereno sa omjerom zaposlenih\/nezaposlenih svrstani su u kategoriju sa 'doma\u0107im' Austrijancima. Gradijent obrazovnog nivoa od 1990-ih do danas ve\u0107i je od domicilnog austrijskog stanovni\u0161tva Priznanje ljudi porijeklom iz Bosne i Hercegovine kao nacionalna manjina je dvostrana korist. Austrija dobija sna\u017ean doprinos ljudi iz BiH a ujedno pokazuje time koliko cijeni i po\u0161tuje svoje manjinske dr\u017eavljanje.\n\n  <br>\n<br>\n\n*\nDr\u017eava Austrija se takodjer bori za prava svojih manjina u drugim dr\u017eavama, a posljednji primjer je boravak ministra vanjskih poslova u Sloveniji koji je tra\u017eio da Slovenija prizna pravo manjine austrijskim slovencima u Sloveniji.\nDakle, priznata nacionalna manjina ima svojih razloga ukoliko \u017eelimo zadr\u017eati bosanski identitet u narednim desetlje\u0107ima.<\/p>\n\n\t\t<\/div>\n\t<\/div>\n<\/div><\/div><\/div><\/div>","protected":false},"excerpt":{"rendered":"Fragen und Antworten zur nationalen Minderheit Text auf Deutsch in K\u00fcrze.","protected":false},"author":1,"featured_media":0,"parent":0,"menu_order":0,"comment_status":"closed","ping_status":"closed","template":"","meta":{"footnotes":""},"class_list":["post-1763","page","type-page","status-publish","hentry"],"yoast_head":"<!-- This site is optimized with the Yoast SEO plugin v20.3 - https:\/\/yoast.com\/wordpress\/plugins\/seo\/ -->\n<title>Fragen und Antworten \u00fcber die Minderheit - Gesellschaft Bosnischer Akademiker<\/title>\n<meta name=\"robots\" content=\"index, follow, max-snippet:-1, max-image-preview:large, max-video-preview:-1\" \/>\n<link rel=\"canonical\" href=\"https:\/\/www.bhakademiker.org\/bs\/fragen-und-antworten-ueber-die-minderheit\/\" \/>\n<meta property=\"og:locale\" content=\"bs_BA\" \/>\n<meta property=\"og:type\" content=\"article\" \/>\n<meta property=\"og:title\" content=\"Fragen und Antworten \u00fcber die Minderheit - Gesellschaft Bosnischer Akademiker\" \/>\n<meta property=\"og:url\" content=\"https:\/\/www.bhakademiker.org\/bs\/fragen-und-antworten-ueber-die-minderheit\/\" \/>\n<meta property=\"og:site_name\" content=\"Gesellschaft Bosnischer Akademiker\" \/>\n<meta property=\"og:image\" content=\"https:\/\/www.bhakademiker.org\/wp-content\/uploads\/2022\/01\/featured-GBAA.png\" \/>\n\t<meta property=\"og:image:width\" content=\"1200\" \/>\n\t<meta property=\"og:image:height\" content=\"630\" \/>\n\t<meta property=\"og:image:type\" content=\"image\/png\" \/>\n<meta name=\"twitter:card\" content=\"summary_large_image\" \/>\n<script type=\"application\/ld+json\" class=\"yoast-schema-graph\">{\"@context\":\"https:\/\/schema.org\",\"@graph\":[{\"@type\":\"WebPage\",\"@id\":\"https:\/\/www.bhakademiker.org\/bs\/fragen-und-antworten-ueber-die-minderheit\/\",\"url\":\"https:\/\/www.bhakademiker.org\/bs\/fragen-und-antworten-ueber-die-minderheit\/\",\"name\":\"Fragen und Antworten \u00fcber die Minderheit - Gesellschaft Bosnischer Akademiker\",\"isPartOf\":{\"@id\":\"https:\/\/www.bhakademiker.org\/bs\/#website\"},\"datePublished\":\"2021-07-04T14:44:22+00:00\",\"dateModified\":\"2021-07-04T14:44:22+00:00\",\"breadcrumb\":{\"@id\":\"https:\/\/www.bhakademiker.org\/bs\/fragen-und-antworten-ueber-die-minderheit\/#breadcrumb\"},\"inLanguage\":\"bs-BA\",\"potentialAction\":[{\"@type\":\"ReadAction\",\"target\":[\"https:\/\/www.bhakademiker.org\/bs\/fragen-und-antworten-ueber-die-minderheit\/\"]}]},{\"@type\":\"BreadcrumbList\",\"@id\":\"https:\/\/www.bhakademiker.org\/bs\/fragen-und-antworten-ueber-die-minderheit\/#breadcrumb\",\"itemListElement\":[{\"@type\":\"ListItem\",\"position\":1,\"name\":\"Home\",\"item\":\"https:\/\/www.bhakademiker.org\/\"},{\"@type\":\"ListItem\",\"position\":2,\"name\":\"Fragen und Antworten \u00fcber die Minderheit\"}]},{\"@type\":\"WebSite\",\"@id\":\"https:\/\/www.bhakademiker.org\/bs\/#website\",\"url\":\"https:\/\/www.bhakademiker.org\/bs\/\",\"name\":\"Gesellschaft Bosnischer Akademiker\",\"description\":\"\",\"publisher\":{\"@id\":\"https:\/\/www.bhakademiker.org\/bs\/#organization\"},\"potentialAction\":[{\"@type\":\"SearchAction\",\"target\":{\"@type\":\"EntryPoint\",\"urlTemplate\":\"https:\/\/www.bhakademiker.org\/bs\/?s={search_term_string}\"},\"query-input\":\"required name=search_term_string\"}],\"inLanguage\":\"bs-BA\"},{\"@type\":\"Organization\",\"@id\":\"https:\/\/www.bhakademiker.org\/bs\/#organization\",\"name\":\"Gesellschaft Bosnischer Akademiker in \u00d6sterreich\",\"url\":\"https:\/\/www.bhakademiker.org\/bs\/\",\"logo\":{\"@type\":\"ImageObject\",\"inLanguage\":\"bs-BA\",\"@id\":\"https:\/\/www.bhakademiker.org\/bs\/#\/schema\/logo\/image\/\",\"url\":\"https:\/\/www.bhakademiker.org\/wp-content\/uploads\/2022\/01\/featured-GBAA.png\",\"contentUrl\":\"https:\/\/www.bhakademiker.org\/wp-content\/uploads\/2022\/01\/featured-GBAA.png\",\"width\":1200,\"height\":630,\"caption\":\"Gesellschaft Bosnischer Akademiker in \u00d6sterreich\"},\"image\":{\"@id\":\"https:\/\/www.bhakademiker.org\/bs\/#\/schema\/logo\/image\/\"}}]}<\/script>\n<!-- \/ Yoast SEO plugin. -->","yoast_head_json":{"title":"Fragen und Antworten \u00fcber die Minderheit - Gesellschaft Bosnischer Akademiker","robots":{"index":"index","follow":"follow","max-snippet":"max-snippet:-1","max-image-preview":"max-image-preview:large","max-video-preview":"max-video-preview:-1"},"canonical":"https:\/\/www.bhakademiker.org\/bs\/fragen-und-antworten-ueber-die-minderheit\/","og_locale":"bs_BA","og_type":"article","og_title":"Fragen und Antworten \u00fcber die Minderheit - Gesellschaft Bosnischer Akademiker","og_url":"https:\/\/www.bhakademiker.org\/bs\/fragen-und-antworten-ueber-die-minderheit\/","og_site_name":"Gesellschaft Bosnischer Akademiker","og_image":[{"width":1200,"height":630,"url":"https:\/\/www.bhakademiker.org\/wp-content\/uploads\/2022\/01\/featured-GBAA.png","type":"image\/png"}],"twitter_card":"summary_large_image","schema":{"@context":"https:\/\/schema.org","@graph":[{"@type":"WebPage","@id":"https:\/\/www.bhakademiker.org\/bs\/fragen-und-antworten-ueber-die-minderheit\/","url":"https:\/\/www.bhakademiker.org\/bs\/fragen-und-antworten-ueber-die-minderheit\/","name":"Fragen und Antworten \u00fcber die Minderheit - Gesellschaft Bosnischer Akademiker","isPartOf":{"@id":"https:\/\/www.bhakademiker.org\/bs\/#website"},"datePublished":"2021-07-04T14:44:22+00:00","dateModified":"2021-07-04T14:44:22+00:00","breadcrumb":{"@id":"https:\/\/www.bhakademiker.org\/bs\/fragen-und-antworten-ueber-die-minderheit\/#breadcrumb"},"inLanguage":"bs-BA","potentialAction":[{"@type":"ReadAction","target":["https:\/\/www.bhakademiker.org\/bs\/fragen-und-antworten-ueber-die-minderheit\/"]}]},{"@type":"BreadcrumbList","@id":"https:\/\/www.bhakademiker.org\/bs\/fragen-und-antworten-ueber-die-minderheit\/#breadcrumb","itemListElement":[{"@type":"ListItem","position":1,"name":"Home","item":"https:\/\/www.bhakademiker.org\/"},{"@type":"ListItem","position":2,"name":"Fragen und Antworten \u00fcber die Minderheit"}]},{"@type":"WebSite","@id":"https:\/\/www.bhakademiker.org\/bs\/#website","url":"https:\/\/www.bhakademiker.org\/bs\/","name":"Gesellschaft Bosnischer Akademiker","description":"","publisher":{"@id":"https:\/\/www.bhakademiker.org\/bs\/#organization"},"potentialAction":[{"@type":"SearchAction","target":{"@type":"EntryPoint","urlTemplate":"https:\/\/www.bhakademiker.org\/bs\/?s={search_term_string}"},"query-input":"required name=search_term_string"}],"inLanguage":"bs-BA"},{"@type":"Organization","@id":"https:\/\/www.bhakademiker.org\/bs\/#organization","name":"Gesellschaft Bosnischer Akademiker in \u00d6sterreich","url":"https:\/\/www.bhakademiker.org\/bs\/","logo":{"@type":"ImageObject","inLanguage":"bs-BA","@id":"https:\/\/www.bhakademiker.org\/bs\/#\/schema\/logo\/image\/","url":"https:\/\/www.bhakademiker.org\/wp-content\/uploads\/2022\/01\/featured-GBAA.png","contentUrl":"https:\/\/www.bhakademiker.org\/wp-content\/uploads\/2022\/01\/featured-GBAA.png","width":1200,"height":630,"caption":"Gesellschaft Bosnischer Akademiker in \u00d6sterreich"},"image":{"@id":"https:\/\/www.bhakademiker.org\/bs\/#\/schema\/logo\/image\/"}}]}},"_links":{"self":[{"href":"https:\/\/www.bhakademiker.org\/bs\/wp-json\/wp\/v2\/pages\/1763","targetHints":{"allow":["GET"]}}],"collection":[{"href":"https:\/\/www.bhakademiker.org\/bs\/wp-json\/wp\/v2\/pages"}],"about":[{"href":"https:\/\/www.bhakademiker.org\/bs\/wp-json\/wp\/v2\/types\/page"}],"author":[{"embeddable":true,"href":"https:\/\/www.bhakademiker.org\/bs\/wp-json\/wp\/v2\/users\/1"}],"replies":[{"embeddable":true,"href":"https:\/\/www.bhakademiker.org\/bs\/wp-json\/wp\/v2\/comments?post=1763"}],"version-history":[{"count":1,"href":"https:\/\/www.bhakademiker.org\/bs\/wp-json\/wp\/v2\/pages\/1763\/revisions"}],"predecessor-version":[{"id":1764,"href":"https:\/\/www.bhakademiker.org\/bs\/wp-json\/wp\/v2\/pages\/1763\/revisions\/1764"}],"wp:attachment":[{"href":"https:\/\/www.bhakademiker.org\/bs\/wp-json\/wp\/v2\/media?parent=1763"}],"curies":[{"name":"wp","href":"https:\/\/api.w.org\/{rel}","templated":true}]}}