{"id":1787,"date":"2021-12-25T20:00:52","date_gmt":"2021-12-25T19:00:52","guid":{"rendered":"https:\/\/www.bhakademiker.org\/?page_id=1787"},"modified":"2021-12-25T23:52:40","modified_gmt":"2021-12-25T22:52:40","slug":"dr-zlatko-hadzidedic-bosnische-nation","status":"publish","type":"page","link":"https:\/\/www.bhakademiker.org\/bs\/dr-zlatko-hadzidedic-bosnische-nation\/","title":{"rendered":"Dr. Zlatko Had\u017eidedi\u0107 &#8211; Bosnische Nation"},"content":{"rendered":"<div class=\"vc_row wpb_row row\"><div class=\"wpb_column vc_column_container vc_col-sm-12\"><div class=\"vc_column-inner\"><div class=\"wpb_wrapper\"><h3 class=\"no-margin-top\" >Dr. Zlatko Had\u017eidedi\u0107 - Bosanska nacija<\/h3>\n\t<div class=\"wpb_text_column wpb_content_element\" >\n\t\t<div class=\"wpb_wrapper\">\n\t\t\t<p><strong>Dr. Zlatko Had\u017eidedi\u0107<\/strong>\n<br>\n<br>\nDa, mogu\u0107e je, nu\u017eno i bit \u0107e stvorena bosanska nacija, koliko god to sada izgledalo kao \u201cnemogu\u0107a misija\u201d\n <br>\n<br>\n<h3>Koliko su, i po \u010demu, nacije u BiH specifi\u010dne?<\/h3>\n\nSpecifi\u010dno je to \u0161to svoje etni\u010dke, ili ta\u010dnije religijsko-tradicijske zajednice nazivamo \u201cnacijama\u201d, iako ve\u0107 sam taj naziv svugdje u svijetu podrazumijeva da se radi o jedinicama populacije koje su proklamirale vlastiti suverenitet. Dakle, mi smo ove zajednice unaprijed proglasili suverenim, iako one sve do rata 1992. \u2013 1995. nisu ni nastojale da ostvare suverenitet nad odre\u0111enim dijelovima teritorije. Apsurdno je pretendirati da se nazivate nacijom ukoliko ne pretendirate da formirate, ili ste ve\u0107 formirali, svoju nacionalnu dr\u017eavu. Karad\u017ei\u0107 i drugi su to dobro shvatili, zauzeli dio teritorije i proglasili vlastiti suverenitet. Kissinger je pitanje Bosne jasno sa\u017eeo: \u201cAko ve\u0107 imaju tri nacije, zna\u010di da trebaju imati tri dr\u017eave.\u201d Jer, nacionalna dr\u017eava je zadata norma u modernom svjetskom sistemu, i te\u0161ko da mo\u017eete opstati u ovom sistemu ako ne po\u0161tujete tu normu.\n <br>\n<br>\n\n<h3>Da li je onda imperativ da se i u BiH izgrade jedinstvena bosanska nacija i nacionalna dr\u017eava?<\/h3>\n\nSveprisutnost nacionalnih dr\u017eava u modernom svijetu \u010dini ne-nacionalne dr\u017eave nepo\u017eeljnim. Zato Bosna te\u0161ko mo\u017ee opstati i izbje\u0107i podjelu ukoliko se ne konstituira kao nacionalna dr\u017eava svih Bosanaca, sa punim suverenitetom nad cijelom svojom teritorijom. To nije nemogu\u0107 zadatak, sve nacije su formirane neposrednom politi\u010dkom akcijom od strane malobrojne politi\u010dke elite, a ne nekim dugotrajnim, zagonetnim, misti\u010dnim historijskim procesom. Preduslov za stvaranje bosanske nacije je, da parafraziram Gellnera, stvaranje bosanskog nacionalizma. Jer, nacije ne mogu ni nastati ni opstati bez sopstvenog nacionalizma. Za sada na sceni nema politi\u010dkih snaga koje bi se otvoreno zalagale za bosanski nacionalni program, ali to ne zna\u010di da ih ne mo\u017ee biti i da one ne mogu nadvladati sada\u0161nje politi\u010dke aktere koji svi odreda, svjesno ili nesvjesno, guraju zemlju ka podjeli.\n \n<br>\n<br>\n<h3>Na kraju, da li Vi mo\u017eete ponuditi sveobuhvatnu definiciju nacije?<\/h3>\n\nNacija je zapravo prazan politi\u010dki okvir koji se popunjava najraznolikijim dru\u0161tvenim materijalom, mobiliziranim i homogeniziranim pomo\u0107u ideologije nacionalizma na najrazli\u010ditijim osnovama \u2013 \u010disto politi\u010dkim, ekonomskim, etni\u010dkim, vjerskim \u2013 u ovisnosti o datim uslovima na teritoriji koju odre\u0111ene politi\u010dke snage nastoje kontrolirati putem dr\u017eavnih struktura. Stoga je i podjela na \u201cetni\u010dke\u201d i \u201cgra\u0111anske\u201d nacije posve irelevantna: politi\u010dke snage koje se slu\u017ee nacionalisti\u010dkom ideologijom samo pragmati\u010dki biraju osnovu na kojoj je stanovni\u0161tvo na datoj teritoriji najlak\u0161e mobilizirati i homogenizirati \u2013 ponekad se stanovni\u0161tvu sugerira da je to etni\u010dka ili vjerska pripadnost, a ponekad da su to \u010disto politi\u010dki ili ekonomski interesi. U svakom slu\u010daju, mase se uspje\u0161no mobiliziraju i homogeniziraju u formi nacije kada ih elita koja nastoji da nad njima vlada ubijedi da dr\u017eava, koju ona zapravo stvara za svoju dobrobit, pripada svima.\n<br>\n<br>\nIzvor: BH DANI<\/p>\n\n\t\t<\/div>\n\t<\/div>\n<\/div><\/div><\/div><\/div>","protected":false},"excerpt":{"rendered":"Dr. Zlatko Had\u017eidedi\u0107 - Bosnische Nation Text auf Deutsch in K\u00fcrze...","protected":false},"author":1,"featured_media":1800,"parent":0,"menu_order":0,"comment_status":"closed","ping_status":"closed","template":"","meta":{"footnotes":""},"class_list":["post-1787","page","type-page","status-publish","has-post-thumbnail","hentry"],"yoast_head":"<!-- This site is optimized with the Yoast SEO plugin v20.3 - https:\/\/yoast.com\/wordpress\/plugins\/seo\/ -->\n<title>Dr. Zlatko Had\u017eidedi\u0107 - Bosnische Nation - Gesellschaft Bosnischer Akademiker<\/title>\n<meta name=\"robots\" content=\"index, follow, max-snippet:-1, max-image-preview:large, max-video-preview:-1\" \/>\n<link rel=\"canonical\" href=\"https:\/\/www.bhakademiker.org\/bs\/dr-zlatko-hadzidedic-bosnische-nation\/\" \/>\n<meta property=\"og:locale\" content=\"bs_BA\" \/>\n<meta property=\"og:type\" content=\"article\" \/>\n<meta property=\"og:title\" content=\"Dr. Zlatko Had\u017eidedi\u0107 - Bosnische Nation - Gesellschaft Bosnischer Akademiker\" \/>\n<meta property=\"og:url\" content=\"https:\/\/www.bhakademiker.org\/bs\/dr-zlatko-hadzidedic-bosnische-nation\/\" \/>\n<meta property=\"og:site_name\" content=\"Gesellschaft Bosnischer Akademiker\" \/>\n<meta property=\"article:modified_time\" content=\"2021-12-25T22:52:40+00:00\" \/>\n<meta property=\"og:image\" content=\"https:\/\/www.bhakademiker.org\/wp-content\/uploads\/2021\/07\/zlatko-hadzidedic.jpg\" \/>\n\t<meta property=\"og:image:width\" content=\"620\" \/>\n\t<meta property=\"og:image:height\" content=\"400\" \/>\n\t<meta property=\"og:image:type\" content=\"image\/jpeg\" \/>\n<meta name=\"twitter:card\" content=\"summary_large_image\" \/>\n<script type=\"application\/ld+json\" class=\"yoast-schema-graph\">{\"@context\":\"https:\/\/schema.org\",\"@graph\":[{\"@type\":\"WebPage\",\"@id\":\"https:\/\/www.bhakademiker.org\/de\/dr-zlatko-hadzidedic-bosnische-nation\/\",\"url\":\"https:\/\/www.bhakademiker.org\/de\/dr-zlatko-hadzidedic-bosnische-nation\/\",\"name\":\"Dr. Zlatko Had\u017eidedi\u0107 - Bosnische Nation - Gesellschaft Bosnischer Akademiker\",\"isPartOf\":{\"@id\":\"https:\/\/www.bhakademiker.org\/bs\/#website\"},\"datePublished\":\"2021-12-25T19:00:52+00:00\",\"dateModified\":\"2021-12-25T22:52:40+00:00\",\"breadcrumb\":{\"@id\":\"https:\/\/www.bhakademiker.org\/de\/dr-zlatko-hadzidedic-bosnische-nation\/#breadcrumb\"},\"inLanguage\":\"bs-BA\",\"potentialAction\":[{\"@type\":\"ReadAction\",\"target\":[\"https:\/\/www.bhakademiker.org\/de\/dr-zlatko-hadzidedic-bosnische-nation\/\"]}]},{\"@type\":\"BreadcrumbList\",\"@id\":\"https:\/\/www.bhakademiker.org\/de\/dr-zlatko-hadzidedic-bosnische-nation\/#breadcrumb\",\"itemListElement\":[{\"@type\":\"ListItem\",\"position\":1,\"name\":\"Home\",\"item\":\"https:\/\/www.bhakademiker.org\/\"},{\"@type\":\"ListItem\",\"position\":2,\"name\":\"Dr. Zlatko Had\u017eidedi\u0107 &#8211; Bosnische Nation\"}]},{\"@type\":\"WebSite\",\"@id\":\"https:\/\/www.bhakademiker.org\/bs\/#website\",\"url\":\"https:\/\/www.bhakademiker.org\/bs\/\",\"name\":\"Gesellschaft Bosnischer Akademiker\",\"description\":\"\",\"publisher\":{\"@id\":\"https:\/\/www.bhakademiker.org\/bs\/#organization\"},\"potentialAction\":[{\"@type\":\"SearchAction\",\"target\":{\"@type\":\"EntryPoint\",\"urlTemplate\":\"https:\/\/www.bhakademiker.org\/bs\/?s={search_term_string}\"},\"query-input\":\"required name=search_term_string\"}],\"inLanguage\":\"bs-BA\"},{\"@type\":\"Organization\",\"@id\":\"https:\/\/www.bhakademiker.org\/bs\/#organization\",\"name\":\"Gesellschaft Bosnischer Akademiker in \u00d6sterreich\",\"url\":\"https:\/\/www.bhakademiker.org\/bs\/\",\"logo\":{\"@type\":\"ImageObject\",\"inLanguage\":\"bs-BA\",\"@id\":\"https:\/\/www.bhakademiker.org\/bs\/#\/schema\/logo\/image\/\",\"url\":\"https:\/\/www.bhakademiker.org\/wp-content\/uploads\/2022\/01\/featured-GBAA.png\",\"contentUrl\":\"https:\/\/www.bhakademiker.org\/wp-content\/uploads\/2022\/01\/featured-GBAA.png\",\"width\":1200,\"height\":630,\"caption\":\"Gesellschaft Bosnischer Akademiker in \u00d6sterreich\"},\"image\":{\"@id\":\"https:\/\/www.bhakademiker.org\/bs\/#\/schema\/logo\/image\/\"}}]}<\/script>\n<!-- \/ Yoast SEO plugin. -->","yoast_head_json":{"title":"Dr. Zlatko Had\u017eidedi\u0107 - Bosnische Nation - Gesellschaft Bosnischer Akademiker","robots":{"index":"index","follow":"follow","max-snippet":"max-snippet:-1","max-image-preview":"max-image-preview:large","max-video-preview":"max-video-preview:-1"},"canonical":"https:\/\/www.bhakademiker.org\/bs\/dr-zlatko-hadzidedic-bosnische-nation\/","og_locale":"bs_BA","og_type":"article","og_title":"Dr. Zlatko Had\u017eidedi\u0107 - Bosnische Nation - Gesellschaft Bosnischer Akademiker","og_url":"https:\/\/www.bhakademiker.org\/bs\/dr-zlatko-hadzidedic-bosnische-nation\/","og_site_name":"Gesellschaft Bosnischer Akademiker","article_modified_time":"2021-12-25T22:52:40+00:00","og_image":[{"width":620,"height":400,"url":"https:\/\/www.bhakademiker.org\/wp-content\/uploads\/2021\/07\/zlatko-hadzidedic.jpg","type":"image\/jpeg"}],"twitter_card":"summary_large_image","schema":{"@context":"https:\/\/schema.org","@graph":[{"@type":"WebPage","@id":"https:\/\/www.bhakademiker.org\/de\/dr-zlatko-hadzidedic-bosnische-nation\/","url":"https:\/\/www.bhakademiker.org\/de\/dr-zlatko-hadzidedic-bosnische-nation\/","name":"Dr. Zlatko Had\u017eidedi\u0107 - Bosnische Nation - Gesellschaft Bosnischer Akademiker","isPartOf":{"@id":"https:\/\/www.bhakademiker.org\/bs\/#website"},"datePublished":"2021-12-25T19:00:52+00:00","dateModified":"2021-12-25T22:52:40+00:00","breadcrumb":{"@id":"https:\/\/www.bhakademiker.org\/de\/dr-zlatko-hadzidedic-bosnische-nation\/#breadcrumb"},"inLanguage":"bs-BA","potentialAction":[{"@type":"ReadAction","target":["https:\/\/www.bhakademiker.org\/de\/dr-zlatko-hadzidedic-bosnische-nation\/"]}]},{"@type":"BreadcrumbList","@id":"https:\/\/www.bhakademiker.org\/de\/dr-zlatko-hadzidedic-bosnische-nation\/#breadcrumb","itemListElement":[{"@type":"ListItem","position":1,"name":"Home","item":"https:\/\/www.bhakademiker.org\/"},{"@type":"ListItem","position":2,"name":"Dr. Zlatko Had\u017eidedi\u0107 &#8211; Bosnische Nation"}]},{"@type":"WebSite","@id":"https:\/\/www.bhakademiker.org\/bs\/#website","url":"https:\/\/www.bhakademiker.org\/bs\/","name":"Gesellschaft Bosnischer Akademiker","description":"","publisher":{"@id":"https:\/\/www.bhakademiker.org\/bs\/#organization"},"potentialAction":[{"@type":"SearchAction","target":{"@type":"EntryPoint","urlTemplate":"https:\/\/www.bhakademiker.org\/bs\/?s={search_term_string}"},"query-input":"required name=search_term_string"}],"inLanguage":"bs-BA"},{"@type":"Organization","@id":"https:\/\/www.bhakademiker.org\/bs\/#organization","name":"Gesellschaft Bosnischer Akademiker in \u00d6sterreich","url":"https:\/\/www.bhakademiker.org\/bs\/","logo":{"@type":"ImageObject","inLanguage":"bs-BA","@id":"https:\/\/www.bhakademiker.org\/bs\/#\/schema\/logo\/image\/","url":"https:\/\/www.bhakademiker.org\/wp-content\/uploads\/2022\/01\/featured-GBAA.png","contentUrl":"https:\/\/www.bhakademiker.org\/wp-content\/uploads\/2022\/01\/featured-GBAA.png","width":1200,"height":630,"caption":"Gesellschaft Bosnischer Akademiker in \u00d6sterreich"},"image":{"@id":"https:\/\/www.bhakademiker.org\/bs\/#\/schema\/logo\/image\/"}}]}},"_links":{"self":[{"href":"https:\/\/www.bhakademiker.org\/bs\/wp-json\/wp\/v2\/pages\/1787","targetHints":{"allow":["GET"]}}],"collection":[{"href":"https:\/\/www.bhakademiker.org\/bs\/wp-json\/wp\/v2\/pages"}],"about":[{"href":"https:\/\/www.bhakademiker.org\/bs\/wp-json\/wp\/v2\/types\/page"}],"author":[{"embeddable":true,"href":"https:\/\/www.bhakademiker.org\/bs\/wp-json\/wp\/v2\/users\/1"}],"replies":[{"embeddable":true,"href":"https:\/\/www.bhakademiker.org\/bs\/wp-json\/wp\/v2\/comments?post=1787"}],"version-history":[{"count":3,"href":"https:\/\/www.bhakademiker.org\/bs\/wp-json\/wp\/v2\/pages\/1787\/revisions"}],"predecessor-version":[{"id":1801,"href":"https:\/\/www.bhakademiker.org\/bs\/wp-json\/wp\/v2\/pages\/1787\/revisions\/1801"}],"wp:featuredmedia":[{"embeddable":true,"href":"https:\/\/www.bhakademiker.org\/bs\/wp-json\/wp\/v2\/media\/1800"}],"wp:attachment":[{"href":"https:\/\/www.bhakademiker.org\/bs\/wp-json\/wp\/v2\/media?parent=1787"}],"curies":[{"name":"wp","href":"https:\/\/api.w.org\/{rel}","templated":true}]}}