{"id":2702,"date":"2023-06-12T23:34:42","date_gmt":"2023-06-12T21:34:42","guid":{"rendered":"https:\/\/www.bhakademiker.org\/?page_id=2702"},"modified":"2023-06-14T10:08:31","modified_gmt":"2023-06-14T08:08:31","slug":"mission","status":"publish","type":"page","link":"https:\/\/www.bhakademiker.org\/bs\/badeu-sku\/mission\/","title":{"rendered":"Misija"},"content":{"rendered":"<h1 style=\"text-align: center;\">Misija<\/h1>\n<hr \/>\n<p><strong>BOSANSKO AKADEMSKO DRUSTVO u EU \u2013 SAVJET ZA KULTURU (BADEU \u2013 SKU)<\/strong> je savjetodavno tijelo za podr\u017eavanje i razvoj kulture (kulturnih aktivnosti) Bosanaca\/Bosanki i interakcije sa kulturama u okru\u017eenju kao sastavnog elementa (razvoja) kulture evropskog dru\u0161tva.<\/p>\n<p><strong>BADEU \u2013 SKU<\/strong> slu\u017ei kao ekspertno savjetodavno tijelo nacionalnim BAD-a za razmatranje\/razvijanje ideja, planova i aktivnosti vezanih za podru\u010dja kulture.<\/p>\n<p><strong>BADEU \u2013 SKU<\/strong> donosi idejne prijedloge, koncepte, prijedloge sadr\u017eaja za inicijative, projekte i aktivnosti sa razli\u010ditih podru\u010dja kulture u okviru djelovanja BADEU.<\/p>\n<p><em>\u201aAlatke\u2019 djelovanja predstavljaju sprovedbe dogadjaja i aktivnosti iz razli\u010ditih podru\u010dja kulture.<\/em><\/p>\n<p>&nbsp;<\/p>","protected":false},"excerpt":{"rendered":"<p>Mission Gesellschaft Bosnischer Akademiker der EU \u2013 Rat f\u00fcr Kultur (BADEU \u2013 SKU) ist ein Beratungsgremium zur Unterst\u00fctzung und Entwicklung der Kultur (kultureller Aktivit\u00e4ten) der Bosnier und zur Interaktion mit Kulturen in der Umgebung als integraler Bestandteil (Entwicklung) der Kultur Europas Gesellschaft. BADEU \u2013 SKU fungiert als fachkundiges Beratungsgremium des nationalen BAD f\u00fcr die Pr\u00fcfung\/Entwicklung von Ideen, Pl\u00e4nen und Aktivit\u00e4ten im kulturellen Kontext. BADEU \u2013 SKU bringt Vorschl\u00e4ge, Konzepte, Inhaltsvorschl\u00e4ge f\u00fcr Initiativen, Projekte und Aktivit\u00e4ten aus verschiedenen Kulturbereichen im Rahmen der BADEU-Aktivit\u00e4ten ein. Dies geschieht \u00fcber die Durchf\u00fchrung von Veranstaltungen und Aktivit\u00e4ten aus unterschiedlichen Kulturbereichen. &nbsp;<\/p>","protected":false},"author":1,"featured_media":0,"parent":2698,"menu_order":0,"comment_status":"closed","ping_status":"closed","template":"","meta":{"footnotes":""},"class_list":["post-2702","page","type-page","status-publish","hentry"],"yoast_head":"<!-- This site is optimized with the Yoast SEO plugin v20.3 - https:\/\/yoast.com\/wordpress\/plugins\/seo\/ -->\n<title>Mission - Gesellschaft Bosnischer Akademiker<\/title>\n<meta name=\"robots\" content=\"index, follow, max-snippet:-1, max-image-preview:large, max-video-preview:-1\" \/>\n<link rel=\"canonical\" href=\"https:\/\/www.bhakademiker.org\/bs\/badeu-sku\/mission\/\" \/>\n<meta property=\"og:locale\" content=\"bs_BA\" \/>\n<meta property=\"og:type\" content=\"article\" \/>\n<meta property=\"og:title\" content=\"Mission - Gesellschaft Bosnischer Akademiker\" \/>\n<meta property=\"og:description\" content=\"Mission Gesellschaft Bosnischer Akademiker der EU \u2013 Rat f\u00fcr Kultur (BADEU \u2013 SKU) ist ein Beratungsgremium zur Unterst\u00fctzung und Entwicklung der Kultur (kultureller Aktivit\u00e4ten) der Bosnier und zur Interaktion mit Kulturen in der Umgebung als integraler Bestandteil (Entwicklung) der Kultur Europas Gesellschaft. BADEU \u2013 SKU fungiert als fachkundiges Beratungsgremium des nationalen BAD f\u00fcr die Pr\u00fcfung\/Entwicklung von Ideen, Pl\u00e4nen und Aktivit\u00e4ten im kulturellen Kontext. BADEU \u2013 SKU bringt Vorschl\u00e4ge, Konzepte, Inhaltsvorschl\u00e4ge f\u00fcr Initiativen, Projekte und Aktivit\u00e4ten aus verschiedenen Kulturbereichen im Rahmen der BADEU-Aktivit\u00e4ten ein. Dies geschieht \u00fcber die Durchf\u00fchrung von Veranstaltungen und Aktivit\u00e4ten aus unterschiedlichen Kulturbereichen. &nbsp;\" \/>\n<meta property=\"og:url\" content=\"https:\/\/www.bhakademiker.org\/bs\/badeu-sku\/mission\/\" \/>\n<meta property=\"og:site_name\" content=\"Gesellschaft Bosnischer Akademiker\" \/>\n<meta property=\"article:modified_time\" content=\"2023-06-14T08:08:31+00:00\" \/>\n<meta property=\"og:image\" content=\"https:\/\/www.bhakademiker.org\/wp-content\/uploads\/2022\/01\/featured-GBAA.png\" \/>\n\t<meta property=\"og:image:width\" content=\"1200\" \/>\n\t<meta property=\"og:image:height\" content=\"630\" \/>\n\t<meta property=\"og:image:type\" content=\"image\/png\" \/>\n<meta name=\"twitter:card\" content=\"summary_large_image\" \/>\n<meta name=\"twitter:label1\" content=\"Est. reading time\" \/>\n\t<meta name=\"twitter:data1\" content=\"1 minuta\" \/>\n<script type=\"application\/ld+json\" class=\"yoast-schema-graph\">{\"@context\":\"https:\/\/schema.org\",\"@graph\":[{\"@type\":\"WebPage\",\"@id\":\"https:\/\/www.bhakademiker.org\/badeu-sku\/mission\/\",\"url\":\"https:\/\/www.bhakademiker.org\/badeu-sku\/mission\/\",\"name\":\"Mission - Gesellschaft Bosnischer Akademiker\",\"isPartOf\":{\"@id\":\"https:\/\/www.bhakademiker.org\/bs\/#website\"},\"datePublished\":\"2023-06-12T21:34:42+00:00\",\"dateModified\":\"2023-06-14T08:08:31+00:00\",\"breadcrumb\":{\"@id\":\"https:\/\/www.bhakademiker.org\/badeu-sku\/mission\/#breadcrumb\"},\"inLanguage\":\"bs-BA\",\"potentialAction\":[{\"@type\":\"ReadAction\",\"target\":[\"https:\/\/www.bhakademiker.org\/badeu-sku\/mission\/\"]}]},{\"@type\":\"BreadcrumbList\",\"@id\":\"https:\/\/www.bhakademiker.org\/badeu-sku\/mission\/#breadcrumb\",\"itemListElement\":[{\"@type\":\"ListItem\",\"position\":1,\"name\":\"Home\",\"item\":\"https:\/\/www.bhakademiker.org\/\"},{\"@type\":\"ListItem\",\"position\":2,\"name\":\"BADEU-SKU\",\"item\":\"https:\/\/www.bhakademiker.org\/badeu-sku\/\"},{\"@type\":\"ListItem\",\"position\":3,\"name\":\"Mission\"}]},{\"@type\":\"WebSite\",\"@id\":\"https:\/\/www.bhakademiker.org\/bs\/#website\",\"url\":\"https:\/\/www.bhakademiker.org\/bs\/\",\"name\":\"Gesellschaft Bosnischer Akademiker\",\"description\":\"\",\"publisher\":{\"@id\":\"https:\/\/www.bhakademiker.org\/bs\/#organization\"},\"potentialAction\":[{\"@type\":\"SearchAction\",\"target\":{\"@type\":\"EntryPoint\",\"urlTemplate\":\"https:\/\/www.bhakademiker.org\/bs\/?s={search_term_string}\"},\"query-input\":\"required name=search_term_string\"}],\"inLanguage\":\"bs-BA\"},{\"@type\":\"Organization\",\"@id\":\"https:\/\/www.bhakademiker.org\/bs\/#organization\",\"name\":\"Gesellschaft Bosnischer Akademiker in \u00d6sterreich\",\"url\":\"https:\/\/www.bhakademiker.org\/bs\/\",\"logo\":{\"@type\":\"ImageObject\",\"inLanguage\":\"bs-BA\",\"@id\":\"https:\/\/www.bhakademiker.org\/bs\/#\/schema\/logo\/image\/\",\"url\":\"https:\/\/www.bhakademiker.org\/wp-content\/uploads\/2022\/01\/featured-GBAA.png\",\"contentUrl\":\"https:\/\/www.bhakademiker.org\/wp-content\/uploads\/2022\/01\/featured-GBAA.png\",\"width\":1200,\"height\":630,\"caption\":\"Gesellschaft Bosnischer Akademiker in \u00d6sterreich\"},\"image\":{\"@id\":\"https:\/\/www.bhakademiker.org\/bs\/#\/schema\/logo\/image\/\"}}]}<\/script>\n<!-- \/ Yoast SEO plugin. -->","yoast_head_json":{"title":"Mission - Gesellschaft Bosnischer Akademiker","robots":{"index":"index","follow":"follow","max-snippet":"max-snippet:-1","max-image-preview":"max-image-preview:large","max-video-preview":"max-video-preview:-1"},"canonical":"https:\/\/www.bhakademiker.org\/bs\/badeu-sku\/mission\/","og_locale":"bs_BA","og_type":"article","og_title":"Mission - Gesellschaft Bosnischer Akademiker","og_description":"Mission Gesellschaft Bosnischer Akademiker der EU \u2013 Rat f\u00fcr Kultur (BADEU \u2013 SKU) ist ein Beratungsgremium zur Unterst\u00fctzung und Entwicklung der Kultur (kultureller Aktivit\u00e4ten) der Bosnier und zur Interaktion mit Kulturen in der Umgebung als integraler Bestandteil (Entwicklung) der Kultur Europas Gesellschaft. BADEU \u2013 SKU fungiert als fachkundiges Beratungsgremium des nationalen BAD f\u00fcr die Pr\u00fcfung\/Entwicklung von Ideen, Pl\u00e4nen und Aktivit\u00e4ten im kulturellen Kontext. BADEU \u2013 SKU bringt Vorschl\u00e4ge, Konzepte, Inhaltsvorschl\u00e4ge f\u00fcr Initiativen, Projekte und Aktivit\u00e4ten aus verschiedenen Kulturbereichen im Rahmen der BADEU-Aktivit\u00e4ten ein. Dies geschieht \u00fcber die Durchf\u00fchrung von Veranstaltungen und Aktivit\u00e4ten aus unterschiedlichen Kulturbereichen. &nbsp;","og_url":"https:\/\/www.bhakademiker.org\/bs\/badeu-sku\/mission\/","og_site_name":"Gesellschaft Bosnischer Akademiker","article_modified_time":"2023-06-14T08:08:31+00:00","og_image":[{"width":1200,"height":630,"url":"https:\/\/www.bhakademiker.org\/wp-content\/uploads\/2022\/01\/featured-GBAA.png","type":"image\/png"}],"twitter_card":"summary_large_image","twitter_misc":{"Est. reading time":"1 minuta"},"schema":{"@context":"https:\/\/schema.org","@graph":[{"@type":"WebPage","@id":"https:\/\/www.bhakademiker.org\/badeu-sku\/mission\/","url":"https:\/\/www.bhakademiker.org\/badeu-sku\/mission\/","name":"Mission - Gesellschaft Bosnischer Akademiker","isPartOf":{"@id":"https:\/\/www.bhakademiker.org\/bs\/#website"},"datePublished":"2023-06-12T21:34:42+00:00","dateModified":"2023-06-14T08:08:31+00:00","breadcrumb":{"@id":"https:\/\/www.bhakademiker.org\/badeu-sku\/mission\/#breadcrumb"},"inLanguage":"bs-BA","potentialAction":[{"@type":"ReadAction","target":["https:\/\/www.bhakademiker.org\/badeu-sku\/mission\/"]}]},{"@type":"BreadcrumbList","@id":"https:\/\/www.bhakademiker.org\/badeu-sku\/mission\/#breadcrumb","itemListElement":[{"@type":"ListItem","position":1,"name":"Home","item":"https:\/\/www.bhakademiker.org\/"},{"@type":"ListItem","position":2,"name":"BADEU-SKU","item":"https:\/\/www.bhakademiker.org\/badeu-sku\/"},{"@type":"ListItem","position":3,"name":"Mission"}]},{"@type":"WebSite","@id":"https:\/\/www.bhakademiker.org\/bs\/#website","url":"https:\/\/www.bhakademiker.org\/bs\/","name":"Gesellschaft Bosnischer Akademiker","description":"","publisher":{"@id":"https:\/\/www.bhakademiker.org\/bs\/#organization"},"potentialAction":[{"@type":"SearchAction","target":{"@type":"EntryPoint","urlTemplate":"https:\/\/www.bhakademiker.org\/bs\/?s={search_term_string}"},"query-input":"required name=search_term_string"}],"inLanguage":"bs-BA"},{"@type":"Organization","@id":"https:\/\/www.bhakademiker.org\/bs\/#organization","name":"Gesellschaft Bosnischer Akademiker in \u00d6sterreich","url":"https:\/\/www.bhakademiker.org\/bs\/","logo":{"@type":"ImageObject","inLanguage":"bs-BA","@id":"https:\/\/www.bhakademiker.org\/bs\/#\/schema\/logo\/image\/","url":"https:\/\/www.bhakademiker.org\/wp-content\/uploads\/2022\/01\/featured-GBAA.png","contentUrl":"https:\/\/www.bhakademiker.org\/wp-content\/uploads\/2022\/01\/featured-GBAA.png","width":1200,"height":630,"caption":"Gesellschaft Bosnischer Akademiker in \u00d6sterreich"},"image":{"@id":"https:\/\/www.bhakademiker.org\/bs\/#\/schema\/logo\/image\/"}}]}},"_links":{"self":[{"href":"https:\/\/www.bhakademiker.org\/bs\/wp-json\/wp\/v2\/pages\/2702","targetHints":{"allow":["GET"]}}],"collection":[{"href":"https:\/\/www.bhakademiker.org\/bs\/wp-json\/wp\/v2\/pages"}],"about":[{"href":"https:\/\/www.bhakademiker.org\/bs\/wp-json\/wp\/v2\/types\/page"}],"author":[{"embeddable":true,"href":"https:\/\/www.bhakademiker.org\/bs\/wp-json\/wp\/v2\/users\/1"}],"replies":[{"embeddable":true,"href":"https:\/\/www.bhakademiker.org\/bs\/wp-json\/wp\/v2\/comments?post=2702"}],"version-history":[{"count":5,"href":"https:\/\/www.bhakademiker.org\/bs\/wp-json\/wp\/v2\/pages\/2702\/revisions"}],"predecessor-version":[{"id":2721,"href":"https:\/\/www.bhakademiker.org\/bs\/wp-json\/wp\/v2\/pages\/2702\/revisions\/2721"}],"up":[{"embeddable":true,"href":"https:\/\/www.bhakademiker.org\/bs\/wp-json\/wp\/v2\/pages\/2698"}],"wp:attachment":[{"href":"https:\/\/www.bhakademiker.org\/bs\/wp-json\/wp\/v2\/media?parent=2702"}],"curies":[{"name":"wp","href":"https:\/\/api.w.org\/{rel}","templated":true}]}}