{"id":2706,"date":"2023-06-12T23:37:55","date_gmt":"2023-06-12T21:37:55","guid":{"rendered":"https:\/\/www.bhakademiker.org\/?page_id=2706"},"modified":"2023-11-19T16:16:48","modified_gmt":"2023-11-19T15:16:48","slug":"ausschuss","status":"publish","type":"page","link":"https:\/\/www.bhakademiker.org\/bs\/badeu-sku\/ausschuss\/","title":{"rendered":"Upravni odbor"},"content":{"rendered":"<h1 style=\"text-align: center;\"><b>BADEU-SKu upravni odbor<\/b><\/h1>\n<hr \/>\n<p style=\"text-align: left;\"><strong>Dr. Sofija Bajrektarevi\u0107<\/strong><\/p>\n<p style=\"text-align: left;\"><strong><a href=\"https:\/\/www.bhakademiker.org\/wp-content\/uploads\/2023\/06\/Screenshot-2023-06-30-111429.png\"><img decoding=\"async\" class=\"wp-image-2774 alignleft\" src=\"https:\/\/www.bhakademiker.org\/wp-content\/uploads\/2023\/06\/Screenshot-2023-06-30-111429.png\" alt=\"\" width=\"138\" height=\"153\" srcset=\"https:\/\/www.bhakademiker.org\/wp-content\/uploads\/2023\/06\/Screenshot-2023-06-30-111429.png 245w, https:\/\/www.bhakademiker.org\/wp-content\/uploads\/2023\/06\/Screenshot-2023-06-30-111429-11x12.png 11w\" sizes=\"(max-width: 138px) 100vw, 138px\" \/><\/a><\/strong><\/p>\n<p>&nbsp;<\/p>\n<ul>\n<li>muzikologija\/etnomuzikologija<\/li>\n<li>dizajn\/kreativne industrije<\/li>\n<li>menad\u017ement i marketing u kulturi<\/li>\n<li>AUSTRIJA<\/li>\n<\/ul>\n<p>&nbsp;<\/p>\n<hr \/>\n<p style=\"font-weight: 400;\"><strong>Dr. Adis Fejzi\u0107<\/strong><\/p>\n<p style=\"font-weight: 400;\"><strong><a href=\"https:\/\/www.bhakademiker.org\/wp-content\/uploads\/2023\/06\/Screenshot-2023-06-30-111405.png\"><img decoding=\"async\" class=\"wp-image-2775 alignleft\" src=\"https:\/\/www.bhakademiker.org\/wp-content\/uploads\/2023\/06\/Screenshot-2023-06-30-111405.png\" alt=\"\" width=\"242\" height=\"128\" srcset=\"https:\/\/www.bhakademiker.org\/wp-content\/uploads\/2023\/06\/Screenshot-2023-06-30-111405.png 402w, https:\/\/www.bhakademiker.org\/wp-content\/uploads\/2023\/06\/Screenshot-2023-06-30-111405-300x159.png 300w, https:\/\/www.bhakademiker.org\/wp-content\/uploads\/2023\/06\/Screenshot-2023-06-30-111405-18x10.png 18w\" sizes=\"(max-width: 242px) 100vw, 242px\" \/><\/a><\/strong><\/p>\n<ul>\n<li>skulptor<\/li>\n<li>vizuelne umjetnosti<\/li>\n<li>AUSTRALIJA\/BiH<\/li>\n<\/ul>\n<p>&nbsp;<\/p>\n<p>&nbsp;<\/p>\n<hr \/>\n<p style=\"font-weight: 400;\"><strong>Ismar Mujezinovi\u0107<\/strong><\/p>\n<p style=\"font-weight: 400;\"><strong><a href=\"https:\/\/www.bhakademiker.org\/wp-content\/uploads\/2023\/06\/Screenshot-2023-06-30-111351.png\"><img decoding=\"async\" class=\"wp-image-2776 alignleft\" src=\"https:\/\/www.bhakademiker.org\/wp-content\/uploads\/2023\/06\/Screenshot-2023-06-30-111351.png\" alt=\"\" width=\"159\" height=\"138\" srcset=\"https:\/\/www.bhakademiker.org\/wp-content\/uploads\/2023\/06\/Screenshot-2023-06-30-111351.png 350w, https:\/\/www.bhakademiker.org\/wp-content\/uploads\/2023\/06\/Screenshot-2023-06-30-111351-300x261.png 300w, https:\/\/www.bhakademiker.org\/wp-content\/uploads\/2023\/06\/Screenshot-2023-06-30-111351-14x12.png 14w\" sizes=\"(max-width: 159px) 100vw, 159px\" \/><\/a><\/strong><\/p>\n<ul>\n<li>akademski slikar<\/li>\n<li>SLOVENIJA<\/li>\n<\/ul>\n<p>&nbsp;<\/p>\n<p>&nbsp;<\/p>\n<p>&nbsp;<\/p>\n<hr \/>\n<p style=\"font-weight: 400;\"><strong>\u0160imo E\u0161i\u0107<\/strong><\/p>\n<p style=\"font-weight: 400;\"><strong><a href=\"https:\/\/www.bhakademiker.org\/wp-content\/uploads\/2023\/06\/Screenshot-2023-06-30-111415.png\"><img loading=\"lazy\" decoding=\"async\" class=\"wp-image-2777 alignleft\" src=\"https:\/\/www.bhakademiker.org\/wp-content\/uploads\/2023\/06\/Screenshot-2023-06-30-111415.png\" alt=\"\" width=\"221\" height=\"122\" srcset=\"https:\/\/www.bhakademiker.org\/wp-content\/uploads\/2023\/06\/Screenshot-2023-06-30-111415.png 517w, https:\/\/www.bhakademiker.org\/wp-content\/uploads\/2023\/06\/Screenshot-2023-06-30-111415-300x166.png 300w, https:\/\/www.bhakademiker.org\/wp-content\/uploads\/2023\/06\/Screenshot-2023-06-30-111415-18x10.png 18w\" sizes=\"(max-width: 221px) 100vw, 221px\" \/><\/a><\/strong><\/p>\n<ul>\n<li>knji\u017eevnik<\/li>\n<li style=\"font-weight: 400;\">NJEMA\u010cKA<\/li>\n<\/ul>\n<p>&nbsp;<\/p>\n<p>&nbsp;<\/p>\n<p>&nbsp;<\/p>\n<hr \/>\n<p><strong>Zijah Sokolovi\u0107<\/strong><\/p>\n<p><strong><a href=\"https:\/\/www.bhakademiker.org\/wp-content\/uploads\/2023\/07\/Zijah-Sokolovic.jpg\"><img loading=\"lazy\" decoding=\"async\" class=\"wp-image-2806 alignleft\" src=\"https:\/\/www.bhakademiker.org\/wp-content\/uploads\/2023\/07\/Zijah-Sokolovic.jpg\" alt=\"\" width=\"197\" height=\"148\" srcset=\"https:\/\/www.bhakademiker.org\/wp-content\/uploads\/2023\/07\/Zijah-Sokolovic.jpg 1062w, https:\/\/www.bhakademiker.org\/wp-content\/uploads\/2023\/07\/Zijah-Sokolovic-300x225.jpg 300w, https:\/\/www.bhakademiker.org\/wp-content\/uploads\/2023\/07\/Zijah-Sokolovic-1024x769.jpg 1024w, https:\/\/www.bhakademiker.org\/wp-content\/uploads\/2023\/07\/Zijah-Sokolovic-768x577.jpg 768w, https:\/\/www.bhakademiker.org\/wp-content\/uploads\/2023\/07\/Zijah-Sokolovic-16x12.jpg 16w\" sizes=\"(max-width: 197px) 100vw, 197px\" \/><\/a><\/strong><\/p>\n<ul>\n<li>glumac<\/li>\n<li id=\"tw-target-text\" class=\"tw-data-text tw-text-large tw-ta\" data-placeholder=\"\u00dcbersetzung\"><span class=\"Y2IQFc\" lang=\"de\">dramski umjetnik<\/span><\/li>\n<li class=\"tw-data-text tw-text-large tw-ta\" data-placeholder=\"\u00dcbersetzung\"><span class=\"Y2IQFc\" lang=\"de\">autor<\/span><\/li>\n<li class=\"tw-data-text tw-text-large tw-ta\" data-placeholder=\"\u00dcbersetzung\"><span class=\"Y2IQFc\" lang=\"de\">re\u017eiser<br \/>\n<\/span><\/li>\n<\/ul>\n<p>&nbsp;<\/p>\n<p>&nbsp;<\/p>\n<hr \/>\n<p><strong><b>Du\u0161ko<\/b> Dimitrovski<\/strong><\/p>\n<p><a href=\"https:\/\/www.bhakademiker.org\/wp-content\/uploads\/2023\/11\/Dusko.jpg\"><img loading=\"lazy\" decoding=\"async\" class=\"wp-image-2868 alignleft\" src=\"https:\/\/www.bhakademiker.org\/wp-content\/uploads\/2023\/11\/Dusko.jpg\" alt=\"\" width=\"139\" height=\"177\" srcset=\"https:\/\/www.bhakademiker.org\/wp-content\/uploads\/2023\/11\/Dusko.jpg 350w, https:\/\/www.bhakademiker.org\/wp-content\/uploads\/2023\/11\/Dusko-235x300.jpg 235w, https:\/\/www.bhakademiker.org\/wp-content\/uploads\/2023\/11\/Dusko-9x12.jpg 9w\" sizes=\"(max-width: 139px) 100vw, 139px\" \/><\/a><\/p>\n<p>&nbsp;<\/p>\n<ul>\n<li>Novinar<\/li>\n<li id=\"tw-target-text\" class=\"tw-data-text tw-text-large tw-ta\" data-placeholder=\"\u00dcbersetzung\"><span class=\"Y2IQFc\" lang=\"de\">filmski kriti\u010dar<\/span><\/li>\n<li class=\"tw-data-text tw-text-large tw-ta\" data-placeholder=\"\u00dcbersetzung\">Bio je clan Zirija filmskih festivala u Sarajevu, Puli i Splitu<\/li>\n<li class=\"tw-data-text tw-text-large tw-ta\" data-placeholder=\"\u00dcbersetzung\"><span class=\"Y2IQFc\" lang=\"de\">Pise kriticke osvrte sa Filmskih festivala u Kanu, Berlinu, Veneciji<\/span><\/li>\n<\/ul>\n<p>&nbsp;<\/p>\n<p>&nbsp;<\/p>\n<p>&nbsp;<\/p>","protected":false},"excerpt":{"rendered":"<p>BADEU-SKu Ausschuss Dr. Sofija Bajrektarevi\u0107 &nbsp; Musikologie\/Ethnomusikologie Design\/Kreativwirtschaft Management und Marketing in der Kultur \u00d6STERREICH &nbsp; Dr. Adis Fejzi\u0107 Bildhauer bildende Kunst AUSTRALIEN\/BiH &nbsp; &nbsp; Ismar Mujezinovi\u0107 akademischer Maler SLOWENIEN &nbsp; &nbsp; &nbsp; \u0160imo E\u0161i\u0107 Schriftsteller DEUTSCHLAND &nbsp; &nbsp; &nbsp; Zijah Sokolovi\u0107 Schauspieler Schauspielk\u00fcnstler Autor Regisseur &nbsp; &nbsp; Du\u0161ko Dimitrovski &nbsp; Journalist Filmkritiker Mitglied der Jury der Filmfestivals in Sarajevo, Pula und Split. Verfasser kritischer Rezensionen von Filmfestivals in Cannes, Berlin und Venedig &nbsp; &nbsp; &nbsp;<\/p>","protected":false},"author":1,"featured_media":2811,"parent":2698,"menu_order":0,"comment_status":"closed","ping_status":"closed","template":"","meta":{"footnotes":""},"class_list":["post-2706","page","type-page","status-publish","has-post-thumbnail","hentry"],"yoast_head":"<!-- This site is optimized with the Yoast SEO plugin v20.3 - https:\/\/yoast.com\/wordpress\/plugins\/seo\/ -->\n<title>Ausschuss - Gesellschaft Bosnischer Akademiker<\/title>\n<meta name=\"description\" content=\"BADEU-SKu Ausschuss\" \/>\n<meta name=\"robots\" content=\"index, follow, max-snippet:-1, max-image-preview:large, max-video-preview:-1\" \/>\n<link rel=\"canonical\" href=\"https:\/\/www.bhakademiker.org\/bs\/badeu-sku\/ausschuss\/\" \/>\n<meta property=\"og:locale\" content=\"bs_BA\" \/>\n<meta property=\"og:type\" content=\"article\" \/>\n<meta property=\"og:title\" content=\"BADEU-SKu Ausschuss\" \/>\n<meta property=\"og:description\" content=\"BADEU-SKu Ausschuss\" \/>\n<meta property=\"og:url\" content=\"https:\/\/www.bhakademiker.org\/bs\/badeu-sku\/ausschuss\/\" \/>\n<meta property=\"og:site_name\" content=\"Gesellschaft Bosnischer Akademiker\" \/>\n<meta property=\"article:modified_time\" content=\"2023-11-19T15:16:48+00:00\" \/>\n<meta property=\"og:image\" content=\"https:\/\/www.bhakademiker.org\/wp-content\/uploads\/2023\/07\/BADEU-SKU_2.jpg\" \/>\n\t<meta property=\"og:image:width\" content=\"1280\" \/>\n\t<meta property=\"og:image:height\" content=\"720\" \/>\n\t<meta property=\"og:image:type\" content=\"image\/jpeg\" \/>\n<meta name=\"twitter:card\" content=\"summary_large_image\" \/>\n<meta name=\"twitter:title\" content=\"BADEU-SKu Ausschuss\" \/>\n<meta name=\"twitter:image\" content=\"https:\/\/www.bhakademiker.org\/wp-content\/uploads\/2023\/07\/BADEU-SKU_2-1.jpg\" \/>\n<meta name=\"twitter:label1\" content=\"Est. reading time\" \/>\n\t<meta name=\"twitter:data1\" content=\"2 minute\" \/>\n<script type=\"application\/ld+json\" class=\"yoast-schema-graph\">{\"@context\":\"https:\/\/schema.org\",\"@graph\":[{\"@type\":\"WebPage\",\"@id\":\"https:\/\/www.bhakademiker.org\/badeu-sku\/ausschuss\/\",\"url\":\"https:\/\/www.bhakademiker.org\/badeu-sku\/ausschuss\/\",\"name\":\"Ausschuss - Gesellschaft Bosnischer Akademiker\",\"isPartOf\":{\"@id\":\"https:\/\/www.bhakademiker.org\/bs\/#website\"},\"datePublished\":\"2023-06-12T21:37:55+00:00\",\"dateModified\":\"2023-11-19T15:16:48+00:00\",\"description\":\"BADEU-SKu Ausschuss\",\"breadcrumb\":{\"@id\":\"https:\/\/www.bhakademiker.org\/badeu-sku\/ausschuss\/#breadcrumb\"},\"inLanguage\":\"bs-BA\",\"potentialAction\":[{\"@type\":\"ReadAction\",\"target\":[\"https:\/\/www.bhakademiker.org\/badeu-sku\/ausschuss\/\"]}]},{\"@type\":\"BreadcrumbList\",\"@id\":\"https:\/\/www.bhakademiker.org\/badeu-sku\/ausschuss\/#breadcrumb\",\"itemListElement\":[{\"@type\":\"ListItem\",\"position\":1,\"name\":\"Home\",\"item\":\"https:\/\/www.bhakademiker.org\/\"},{\"@type\":\"ListItem\",\"position\":2,\"name\":\"BADEU-SKU\",\"item\":\"https:\/\/www.bhakademiker.org\/badeu-sku\/\"},{\"@type\":\"ListItem\",\"position\":3,\"name\":\"Ausschuss\"}]},{\"@type\":\"WebSite\",\"@id\":\"https:\/\/www.bhakademiker.org\/bs\/#website\",\"url\":\"https:\/\/www.bhakademiker.org\/bs\/\",\"name\":\"Gesellschaft Bosnischer Akademiker\",\"description\":\"\",\"publisher\":{\"@id\":\"https:\/\/www.bhakademiker.org\/bs\/#organization\"},\"potentialAction\":[{\"@type\":\"SearchAction\",\"target\":{\"@type\":\"EntryPoint\",\"urlTemplate\":\"https:\/\/www.bhakademiker.org\/bs\/?s={search_term_string}\"},\"query-input\":\"required name=search_term_string\"}],\"inLanguage\":\"bs-BA\"},{\"@type\":\"Organization\",\"@id\":\"https:\/\/www.bhakademiker.org\/bs\/#organization\",\"name\":\"Gesellschaft Bosnischer Akademiker in \u00d6sterreich\",\"url\":\"https:\/\/www.bhakademiker.org\/bs\/\",\"logo\":{\"@type\":\"ImageObject\",\"inLanguage\":\"bs-BA\",\"@id\":\"https:\/\/www.bhakademiker.org\/bs\/#\/schema\/logo\/image\/\",\"url\":\"https:\/\/www.bhakademiker.org\/wp-content\/uploads\/2022\/01\/featured-GBAA.png\",\"contentUrl\":\"https:\/\/www.bhakademiker.org\/wp-content\/uploads\/2022\/01\/featured-GBAA.png\",\"width\":1200,\"height\":630,\"caption\":\"Gesellschaft Bosnischer Akademiker in \u00d6sterreich\"},\"image\":{\"@id\":\"https:\/\/www.bhakademiker.org\/bs\/#\/schema\/logo\/image\/\"}}]}<\/script>\n<!-- \/ Yoast SEO plugin. -->","yoast_head_json":{"title":"Ausschuss - Gesellschaft Bosnischer Akademiker","description":"BADEU-SKu Ausschuss","robots":{"index":"index","follow":"follow","max-snippet":"max-snippet:-1","max-image-preview":"max-image-preview:large","max-video-preview":"max-video-preview:-1"},"canonical":"https:\/\/www.bhakademiker.org\/bs\/badeu-sku\/ausschuss\/","og_locale":"bs_BA","og_type":"article","og_title":"BADEU-SKu Ausschuss","og_description":"BADEU-SKu Ausschuss","og_url":"https:\/\/www.bhakademiker.org\/bs\/badeu-sku\/ausschuss\/","og_site_name":"Gesellschaft Bosnischer Akademiker","article_modified_time":"2023-11-19T15:16:48+00:00","og_image":[{"width":1280,"height":720,"url":"https:\/\/www.bhakademiker.org\/wp-content\/uploads\/2023\/07\/BADEU-SKU_2.jpg","type":"image\/jpeg"}],"twitter_card":"summary_large_image","twitter_title":"BADEU-SKu Ausschuss","twitter_image":"https:\/\/www.bhakademiker.org\/wp-content\/uploads\/2023\/07\/BADEU-SKU_2-1.jpg","twitter_misc":{"Est. reading time":"2 minute"},"schema":{"@context":"https:\/\/schema.org","@graph":[{"@type":"WebPage","@id":"https:\/\/www.bhakademiker.org\/badeu-sku\/ausschuss\/","url":"https:\/\/www.bhakademiker.org\/badeu-sku\/ausschuss\/","name":"Ausschuss - Gesellschaft Bosnischer Akademiker","isPartOf":{"@id":"https:\/\/www.bhakademiker.org\/bs\/#website"},"datePublished":"2023-06-12T21:37:55+00:00","dateModified":"2023-11-19T15:16:48+00:00","description":"BADEU-SKu Ausschuss","breadcrumb":{"@id":"https:\/\/www.bhakademiker.org\/badeu-sku\/ausschuss\/#breadcrumb"},"inLanguage":"bs-BA","potentialAction":[{"@type":"ReadAction","target":["https:\/\/www.bhakademiker.org\/badeu-sku\/ausschuss\/"]}]},{"@type":"BreadcrumbList","@id":"https:\/\/www.bhakademiker.org\/badeu-sku\/ausschuss\/#breadcrumb","itemListElement":[{"@type":"ListItem","position":1,"name":"Home","item":"https:\/\/www.bhakademiker.org\/"},{"@type":"ListItem","position":2,"name":"BADEU-SKU","item":"https:\/\/www.bhakademiker.org\/badeu-sku\/"},{"@type":"ListItem","position":3,"name":"Ausschuss"}]},{"@type":"WebSite","@id":"https:\/\/www.bhakademiker.org\/bs\/#website","url":"https:\/\/www.bhakademiker.org\/bs\/","name":"Gesellschaft Bosnischer Akademiker","description":"","publisher":{"@id":"https:\/\/www.bhakademiker.org\/bs\/#organization"},"potentialAction":[{"@type":"SearchAction","target":{"@type":"EntryPoint","urlTemplate":"https:\/\/www.bhakademiker.org\/bs\/?s={search_term_string}"},"query-input":"required name=search_term_string"}],"inLanguage":"bs-BA"},{"@type":"Organization","@id":"https:\/\/www.bhakademiker.org\/bs\/#organization","name":"Gesellschaft Bosnischer Akademiker in \u00d6sterreich","url":"https:\/\/www.bhakademiker.org\/bs\/","logo":{"@type":"ImageObject","inLanguage":"bs-BA","@id":"https:\/\/www.bhakademiker.org\/bs\/#\/schema\/logo\/image\/","url":"https:\/\/www.bhakademiker.org\/wp-content\/uploads\/2022\/01\/featured-GBAA.png","contentUrl":"https:\/\/www.bhakademiker.org\/wp-content\/uploads\/2022\/01\/featured-GBAA.png","width":1200,"height":630,"caption":"Gesellschaft Bosnischer Akademiker in \u00d6sterreich"},"image":{"@id":"https:\/\/www.bhakademiker.org\/bs\/#\/schema\/logo\/image\/"}}]}},"_links":{"self":[{"href":"https:\/\/www.bhakademiker.org\/bs\/wp-json\/wp\/v2\/pages\/2706","targetHints":{"allow":["GET"]}}],"collection":[{"href":"https:\/\/www.bhakademiker.org\/bs\/wp-json\/wp\/v2\/pages"}],"about":[{"href":"https:\/\/www.bhakademiker.org\/bs\/wp-json\/wp\/v2\/types\/page"}],"author":[{"embeddable":true,"href":"https:\/\/www.bhakademiker.org\/bs\/wp-json\/wp\/v2\/users\/1"}],"replies":[{"embeddable":true,"href":"https:\/\/www.bhakademiker.org\/bs\/wp-json\/wp\/v2\/comments?post=2706"}],"version-history":[{"count":10,"href":"https:\/\/www.bhakademiker.org\/bs\/wp-json\/wp\/v2\/pages\/2706\/revisions"}],"predecessor-version":[{"id":2869,"href":"https:\/\/www.bhakademiker.org\/bs\/wp-json\/wp\/v2\/pages\/2706\/revisions\/2869"}],"up":[{"embeddable":true,"href":"https:\/\/www.bhakademiker.org\/bs\/wp-json\/wp\/v2\/pages\/2698"}],"wp:featuredmedia":[{"embeddable":true,"href":"https:\/\/www.bhakademiker.org\/bs\/wp-json\/wp\/v2\/media\/2811"}],"wp:attachment":[{"href":"https:\/\/www.bhakademiker.org\/bs\/wp-json\/wp\/v2\/media?parent=2706"}],"curies":[{"name":"wp","href":"https:\/\/api.w.org\/{rel}","templated":true}]}}