{"id":2710,"date":"2023-06-12T23:44:45","date_gmt":"2023-06-12T21:44:45","guid":{"rendered":"https:\/\/www.bhakademiker.org\/?page_id=2710"},"modified":"2023-07-10T11:12:13","modified_gmt":"2023-07-10T09:12:13","slug":"kuenstler-in-2023","status":"publish","type":"page","link":"https:\/\/www.bhakademiker.org\/bs\/badeu-sku\/kuenstler-in-2023\/","title":{"rendered":"Umjetnik\/ca 2023"},"content":{"rendered":"<h1 style=\"text-align: center;\"><\/h1>\n<hr \/>\n<h1 style=\"text-align: center;\"><a href=\"https:\/\/www.bhakademiker.org\/wp-content\/uploads\/2023\/07\/BADEU-AWARD_umjetnik_logo-za-poziv-1.jpg\"><img fetchpriority=\"high\" decoding=\"async\" class=\"wp-image-2794 aligncenter\" src=\"https:\/\/www.bhakademiker.org\/wp-content\/uploads\/2023\/07\/BADEU-AWARD_umjetnik_logo-za-poziv-1.jpg\" alt=\"\" width=\"750\" height=\"422\" srcset=\"https:\/\/www.bhakademiker.org\/wp-content\/uploads\/2023\/07\/BADEU-AWARD_umjetnik_logo-za-poziv-1.jpg 1280w, https:\/\/www.bhakademiker.org\/wp-content\/uploads\/2023\/07\/BADEU-AWARD_umjetnik_logo-za-poziv-1-300x169.jpg 300w, https:\/\/www.bhakademiker.org\/wp-content\/uploads\/2023\/07\/BADEU-AWARD_umjetnik_logo-za-poziv-1-1024x576.jpg 1024w, https:\/\/www.bhakademiker.org\/wp-content\/uploads\/2023\/07\/BADEU-AWARD_umjetnik_logo-za-poziv-1-768x432.jpg 768w, https:\/\/www.bhakademiker.org\/wp-content\/uploads\/2023\/07\/BADEU-AWARD_umjetnik_logo-za-poziv-1-18x10.jpg 18w, https:\/\/www.bhakademiker.org\/wp-content\/uploads\/2023\/07\/BADEU-AWARD_umjetnik_logo-za-poziv-1-847x477.jpg 847w\" sizes=\"(max-width: 750px) 100vw, 750px\" \/><\/a><\/h1>\n<h1 style=\"text-align: center;\">Umjetnik\/ca 2023<\/h1>\n<hr \/>\n<p><strong>Mlada umjetnica\/umjetnik godine je godi\u0161nja nagrada koju dodjeljuje BADEU-SKU.<\/strong><\/p>\n<p>Kandidate za ovu nagradu predstavljaju umjetnice i umjetnici (razli\u010dita podru\u010dja umjetnosti) porijeklom iz BiH (dobne starosti do 35 godina).<\/p>\n<p>Prijedlozi\/prijave kandidata za ovu nagradu trebaju sadr\u017eati slijede\u0107e:<\/p>\n<ol>\n<li>kratka biografija kandidata,<\/li>\n<li>navodi\/lista o ostvarenim umjetni\u010dkim dostignu\u0107ima (u\u010destvovanje\/nagrade na takmi\u010denjima, javne (samostalne, grupne) umjetni\u010dke izvedbe\/prezentacije\/izlo\u017ebe, publicirana djela\u2026),<\/li>\n<li>preporuka koja se odnosi na kandidata od strane renomirane umjetnice\/umjetnika sa podru\u010dja umjetnosti u okviru kog djeluje kandidat (preporuka mentora, profesora, renomiranih samostalnih umjetnika, \u2026).<\/li>\n<\/ol>\n<p><strong>Prijedlozi\/prijave<\/strong> kandidata se mogu poslati do <strong>15.09.2023.<\/strong> na e-mail adresu <a href=\"mailto:badeu@bhakademiker.org\">badeu@bhakademiker.org<\/a> .<\/p>\n<p>Godi\u0161nja nagrada \u2018MLADA UMJETNICA\/UMJETNIK GODINE\u2019 podrazumjeva:<\/p>\n<ul>\n<li>Skroman nov\u010dani iznos iz Obrazovnog Fonda BADA i BADEU \u201eD\u017eevad Karahasan\u201c<\/li>\n<li>Organiziranje minimalno jedne umjetni\u010dke izvedbe\/prezentacije dobitnika nagrade u zemljama EU u kojima djeluju pojedina\u010dni BAD (Austrija, Slovenija, Njema\u010dka, Danska, Nizozemska, Hrvatska, \u0160vedska, \u2026)<\/li>\n<li>Razli\u010diti vidovi promocije dobitnika nagrade (mediji, dru\u0161tvene mre\u017ee, \u2026)<\/li>\n<\/ul>\n<p>Dodjela nagrade za godinu 2023. bit \u0107e uprili\u010dena na obilje\u017eavanju 834. Ro\u0111endana Bosne \/ Povelje bana Kulina \/ Medjudr\u017eavnih dobrosusjedskih odnosa, 06. oktobra u Diplomatskoj Akademiji u Be\u010du.<\/p>","protected":false},"excerpt":{"rendered":"<p>K\u00fcnstler\/in 2023 Junger\/e K\u00fcnstler\/in des Jahres ist eine j\u00e4hrliche Auszeichnung, die von BADEU-SKU verliehen wird. Kandidaten f\u00fcr diese Auszeichnung sind K\u00fcnstlerinnen und K\u00fcnstler (aus verschiedenen Kunstbereichen) mit bosnisch-herzegowinischer Herkunft (bis 35 Jahre alt). Vorschl\u00e4ge\/Bewerbungen der Kandidaten f\u00fcr diese Auszeichnung sollten Folgendes enthalten: Kurzbiografie der Kandidatin\/des Kandidaten, Auflistung der erbrachten k\u00fcnstlerischen Leistungen (Teilnahmen\/Auszeichnungen an Wettbewerben, \u00f6ffentliche (Einzeln oder in Gruppen) k\u00fcnstlerische Darbietungen\/Pr\u00e4sentationen\/Ausstellungen, ver\u00f6ffentlichte Werke&#8230;), Empfehlung eines renommierten K\u00fcnstlers aus dem Kunstbereich, in dem der Kandidat t\u00e4tig ist (Empfehlung von Mentoren, Professoren, renommierten freien K\u00fcnstlern, &#8230;). Vorschl\u00e4ge\/Bewerbungen von Kandidaten k\u00f6nnen bis zum 15. September 2023 an die E-Mail-Adresse badeu@bhakademiker.org eingereicht werden. Die&#8230;<\/p>","protected":false},"author":1,"featured_media":2794,"parent":2698,"menu_order":0,"comment_status":"closed","ping_status":"closed","template":"","meta":{"footnotes":""},"class_list":["post-2710","page","type-page","status-publish","has-post-thumbnail","hentry"],"yoast_head":"<!-- This site is optimized with the Yoast SEO plugin v20.3 - https:\/\/yoast.com\/wordpress\/plugins\/seo\/ -->\n<title>K\u00fcnstler\/in 2023 - Gesellschaft Bosnischer Akademiker<\/title>\n<meta name=\"description\" content=\"K\u00fcnstler\/in 2023 | Umjetnik 2023\" \/>\n<meta name=\"robots\" content=\"index, follow, max-snippet:-1, max-image-preview:large, max-video-preview:-1\" \/>\n<link rel=\"canonical\" href=\"https:\/\/www.bhakademiker.org\/bs\/badeu-sku\/kuenstler-in-2023\/\" \/>\n<meta property=\"og:locale\" content=\"bs_BA\" \/>\n<meta property=\"og:type\" content=\"article\" \/>\n<meta property=\"og:title\" content=\"K\u00fcnstler\/in 2023 | Umjetnik 2023\" \/>\n<meta property=\"og:description\" content=\"K\u00fcnstler\/in 2023 | Umjetnik 2023\" \/>\n<meta property=\"og:url\" content=\"https:\/\/www.bhakademiker.org\/bs\/badeu-sku\/kuenstler-in-2023\/\" \/>\n<meta property=\"og:site_name\" content=\"Gesellschaft Bosnischer Akademiker\" \/>\n<meta property=\"article:modified_time\" content=\"2023-07-10T09:12:13+00:00\" \/>\n<meta property=\"og:image\" content=\"https:\/\/www.bhakademiker.org\/wp-content\/uploads\/2023\/07\/BADEU-AWARD_umjetnik_logo-za-poziv.jpg\" \/>\n\t<meta property=\"og:image:width\" content=\"1280\" \/>\n\t<meta property=\"og:image:height\" content=\"720\" \/>\n\t<meta property=\"og:image:type\" content=\"image\/jpeg\" \/>\n<meta name=\"twitter:card\" content=\"summary_large_image\" \/>\n<meta name=\"twitter:title\" content=\"K\u00fcnstler\/in 2023 | Umjetnik 2023\" \/>\n<meta name=\"twitter:image\" content=\"https:\/\/www.bhakademiker.org\/wp-content\/uploads\/2023\/07\/BADEU-AWARD_umjetnik_logo-za-poziv-1.jpg\" \/>\n<meta name=\"twitter:label1\" content=\"Est. reading time\" \/>\n\t<meta name=\"twitter:data1\" content=\"1 minuta\" \/>\n<script type=\"application\/ld+json\" class=\"yoast-schema-graph\">{\"@context\":\"https:\/\/schema.org\",\"@graph\":[{\"@type\":\"WebPage\",\"@id\":\"https:\/\/www.bhakademiker.org\/badeu-sku\/kuenstler-in-2023\/\",\"url\":\"https:\/\/www.bhakademiker.org\/badeu-sku\/kuenstler-in-2023\/\",\"name\":\"K\u00fcnstler\/in 2023 - Gesellschaft Bosnischer Akademiker\",\"isPartOf\":{\"@id\":\"https:\/\/www.bhakademiker.org\/bs\/#website\"},\"datePublished\":\"2023-06-12T21:44:45+00:00\",\"dateModified\":\"2023-07-10T09:12:13+00:00\",\"description\":\"K\u00fcnstler\/in 2023 | Umjetnik 2023\",\"breadcrumb\":{\"@id\":\"https:\/\/www.bhakademiker.org\/badeu-sku\/kuenstler-in-2023\/#breadcrumb\"},\"inLanguage\":\"bs-BA\",\"potentialAction\":[{\"@type\":\"ReadAction\",\"target\":[\"https:\/\/www.bhakademiker.org\/badeu-sku\/kuenstler-in-2023\/\"]}]},{\"@type\":\"BreadcrumbList\",\"@id\":\"https:\/\/www.bhakademiker.org\/badeu-sku\/kuenstler-in-2023\/#breadcrumb\",\"itemListElement\":[{\"@type\":\"ListItem\",\"position\":1,\"name\":\"Home\",\"item\":\"https:\/\/www.bhakademiker.org\/\"},{\"@type\":\"ListItem\",\"position\":2,\"name\":\"BADEU-SKU\",\"item\":\"https:\/\/www.bhakademiker.org\/badeu-sku\/\"},{\"@type\":\"ListItem\",\"position\":3,\"name\":\"K\u00fcnstler\/in 2023\"}]},{\"@type\":\"WebSite\",\"@id\":\"https:\/\/www.bhakademiker.org\/bs\/#website\",\"url\":\"https:\/\/www.bhakademiker.org\/bs\/\",\"name\":\"Gesellschaft Bosnischer Akademiker\",\"description\":\"\",\"publisher\":{\"@id\":\"https:\/\/www.bhakademiker.org\/bs\/#organization\"},\"potentialAction\":[{\"@type\":\"SearchAction\",\"target\":{\"@type\":\"EntryPoint\",\"urlTemplate\":\"https:\/\/www.bhakademiker.org\/bs\/?s={search_term_string}\"},\"query-input\":\"required name=search_term_string\"}],\"inLanguage\":\"bs-BA\"},{\"@type\":\"Organization\",\"@id\":\"https:\/\/www.bhakademiker.org\/bs\/#organization\",\"name\":\"Gesellschaft Bosnischer Akademiker in \u00d6sterreich\",\"url\":\"https:\/\/www.bhakademiker.org\/bs\/\",\"logo\":{\"@type\":\"ImageObject\",\"inLanguage\":\"bs-BA\",\"@id\":\"https:\/\/www.bhakademiker.org\/bs\/#\/schema\/logo\/image\/\",\"url\":\"https:\/\/www.bhakademiker.org\/wp-content\/uploads\/2022\/01\/featured-GBAA.png\",\"contentUrl\":\"https:\/\/www.bhakademiker.org\/wp-content\/uploads\/2022\/01\/featured-GBAA.png\",\"width\":1200,\"height\":630,\"caption\":\"Gesellschaft Bosnischer Akademiker in \u00d6sterreich\"},\"image\":{\"@id\":\"https:\/\/www.bhakademiker.org\/bs\/#\/schema\/logo\/image\/\"}}]}<\/script>\n<!-- \/ Yoast SEO plugin. -->","yoast_head_json":{"title":"K\u00fcnstler\/in 2023 - Gesellschaft Bosnischer Akademiker","description":"K\u00fcnstler\/in 2023 | Umjetnik 2023","robots":{"index":"index","follow":"follow","max-snippet":"max-snippet:-1","max-image-preview":"max-image-preview:large","max-video-preview":"max-video-preview:-1"},"canonical":"https:\/\/www.bhakademiker.org\/bs\/badeu-sku\/kuenstler-in-2023\/","og_locale":"bs_BA","og_type":"article","og_title":"K\u00fcnstler\/in 2023 | Umjetnik 2023","og_description":"K\u00fcnstler\/in 2023 | Umjetnik 2023","og_url":"https:\/\/www.bhakademiker.org\/bs\/badeu-sku\/kuenstler-in-2023\/","og_site_name":"Gesellschaft Bosnischer Akademiker","article_modified_time":"2023-07-10T09:12:13+00:00","og_image":[{"width":1280,"height":720,"url":"https:\/\/www.bhakademiker.org\/wp-content\/uploads\/2023\/07\/BADEU-AWARD_umjetnik_logo-za-poziv.jpg","type":"image\/jpeg"}],"twitter_card":"summary_large_image","twitter_title":"K\u00fcnstler\/in 2023 | Umjetnik 2023","twitter_image":"https:\/\/www.bhakademiker.org\/wp-content\/uploads\/2023\/07\/BADEU-AWARD_umjetnik_logo-za-poziv-1.jpg","twitter_misc":{"Est. reading time":"1 minuta"},"schema":{"@context":"https:\/\/schema.org","@graph":[{"@type":"WebPage","@id":"https:\/\/www.bhakademiker.org\/badeu-sku\/kuenstler-in-2023\/","url":"https:\/\/www.bhakademiker.org\/badeu-sku\/kuenstler-in-2023\/","name":"K\u00fcnstler\/in 2023 - Gesellschaft Bosnischer Akademiker","isPartOf":{"@id":"https:\/\/www.bhakademiker.org\/bs\/#website"},"datePublished":"2023-06-12T21:44:45+00:00","dateModified":"2023-07-10T09:12:13+00:00","description":"K\u00fcnstler\/in 2023 | Umjetnik 2023","breadcrumb":{"@id":"https:\/\/www.bhakademiker.org\/badeu-sku\/kuenstler-in-2023\/#breadcrumb"},"inLanguage":"bs-BA","potentialAction":[{"@type":"ReadAction","target":["https:\/\/www.bhakademiker.org\/badeu-sku\/kuenstler-in-2023\/"]}]},{"@type":"BreadcrumbList","@id":"https:\/\/www.bhakademiker.org\/badeu-sku\/kuenstler-in-2023\/#breadcrumb","itemListElement":[{"@type":"ListItem","position":1,"name":"Home","item":"https:\/\/www.bhakademiker.org\/"},{"@type":"ListItem","position":2,"name":"BADEU-SKU","item":"https:\/\/www.bhakademiker.org\/badeu-sku\/"},{"@type":"ListItem","position":3,"name":"K\u00fcnstler\/in 2023"}]},{"@type":"WebSite","@id":"https:\/\/www.bhakademiker.org\/bs\/#website","url":"https:\/\/www.bhakademiker.org\/bs\/","name":"Gesellschaft Bosnischer Akademiker","description":"","publisher":{"@id":"https:\/\/www.bhakademiker.org\/bs\/#organization"},"potentialAction":[{"@type":"SearchAction","target":{"@type":"EntryPoint","urlTemplate":"https:\/\/www.bhakademiker.org\/bs\/?s={search_term_string}"},"query-input":"required name=search_term_string"}],"inLanguage":"bs-BA"},{"@type":"Organization","@id":"https:\/\/www.bhakademiker.org\/bs\/#organization","name":"Gesellschaft Bosnischer Akademiker in \u00d6sterreich","url":"https:\/\/www.bhakademiker.org\/bs\/","logo":{"@type":"ImageObject","inLanguage":"bs-BA","@id":"https:\/\/www.bhakademiker.org\/bs\/#\/schema\/logo\/image\/","url":"https:\/\/www.bhakademiker.org\/wp-content\/uploads\/2022\/01\/featured-GBAA.png","contentUrl":"https:\/\/www.bhakademiker.org\/wp-content\/uploads\/2022\/01\/featured-GBAA.png","width":1200,"height":630,"caption":"Gesellschaft Bosnischer Akademiker in \u00d6sterreich"},"image":{"@id":"https:\/\/www.bhakademiker.org\/bs\/#\/schema\/logo\/image\/"}}]}},"_links":{"self":[{"href":"https:\/\/www.bhakademiker.org\/bs\/wp-json\/wp\/v2\/pages\/2710","targetHints":{"allow":["GET"]}}],"collection":[{"href":"https:\/\/www.bhakademiker.org\/bs\/wp-json\/wp\/v2\/pages"}],"about":[{"href":"https:\/\/www.bhakademiker.org\/bs\/wp-json\/wp\/v2\/types\/page"}],"author":[{"embeddable":true,"href":"https:\/\/www.bhakademiker.org\/bs\/wp-json\/wp\/v2\/users\/1"}],"replies":[{"embeddable":true,"href":"https:\/\/www.bhakademiker.org\/bs\/wp-json\/wp\/v2\/comments?post=2710"}],"version-history":[{"count":10,"href":"https:\/\/www.bhakademiker.org\/bs\/wp-json\/wp\/v2\/pages\/2710\/revisions"}],"predecessor-version":[{"id":2800,"href":"https:\/\/www.bhakademiker.org\/bs\/wp-json\/wp\/v2\/pages\/2710\/revisions\/2800"}],"up":[{"embeddable":true,"href":"https:\/\/www.bhakademiker.org\/bs\/wp-json\/wp\/v2\/pages\/2698"}],"wp:featuredmedia":[{"embeddable":true,"href":"https:\/\/www.bhakademiker.org\/bs\/wp-json\/wp\/v2\/media\/2794"}],"wp:attachment":[{"href":"https:\/\/www.bhakademiker.org\/bs\/wp-json\/wp\/v2\/media?parent=2710"}],"curies":[{"name":"wp","href":"https:\/\/api.w.org\/{rel}","templated":true}]}}