{"id":1073,"date":"2021-06-25T22:14:40","date_gmt":"2021-06-25T20:14:40","guid":{"rendered":"https:\/\/www.bhakademiker.org\/?page_id=1073"},"modified":"2021-06-27T21:45:33","modified_gmt":"2021-06-27T19:45:33","slug":"bosnien-in-jugoslawien","status":"publish","type":"page","link":"https:\/\/www.bhakademiker.org\/de\/bosnien-in-jugoslawien\/","title":{"rendered":"Bosnien in Jugoslawien"},"content":{"rendered":"<div class=\"vc_row wpb_row row\"><div class=\"wpb_column vc_column_container vc_col-sm-12\"><div class=\"vc_column-inner\"><div class=\"wpb_wrapper\"><h3 class=\"no-margin-top \" >Bosnien in Jugoslawien<\/h3>\n\t<div class=\"wpb_text_column wpb_content_element \" >\n\t\t<div class=\"wpb_wrapper\">\n\t\t\t<p><span style=\"font-weight: 400;\">Die Idee eines gemeinsamen Staates, der die s\u00fcdslawischen V\u00f6lker zusammenschlie\u00dfen sollte, hatte ihren Ursprung im 19. Jahrhundert in Kroatien und Dalmatien. Nachdem durch die \u201eErkl\u00e4rung von Korfu\u201c die Zustimmung seitens slowenischer, kroatischer und serbischer Politiker gekommen war, rief 1918 der Monarch Aleksandar Kara\u0111or\u0111evi\u0107 das \u201eErste Jugoslawien\u201c aus, das \u201eK\u00f6nigreich der Serben, Kroaten und Slowenen\u201c\u2013 Bosnien wurde nicht erw\u00e4hnt. Von Anfang an war der Staat jedoch von innenpolitischen, ethnischen, sozialen und wirtschaftlichen Konflikten gepr\u00e4gt. Seit der Gr\u00fcndung des Vielv\u00f6lkerstaates wurde die Politik ma\u00dfgeblich von den Serben dominiert. 1929 setzte schlie\u00dflich Kara\u0111or\u0111evi\u0107 die Verfassung au\u00dfer Kraft, f\u00fchrte eine K\u00f6nigsdiktatur ein und der Staat wurde umbenannt in das \u201eK\u00f6nigreich Jugoslawien\u201c. Der Staat wurde daraufhin in neun sogenannte \u201eBanschaften\u201c aufgeteilt. Dies geschah allerdings ohne R\u00fccksicht auf historische oder ethnische Gegebenheiten und garantierte in sechs von neun Banschaften eine serbische Bev\u00f6lkerungsmehrheit. Obwohl 1939 der sogenannte \u201eSporazum\u201c (Abkommen) zwischen der Regierung und der kroatischen Opposition beschlossen wurde, konnten die serbisch-kroatischen Konflikte nicht tats\u00e4chlich \u00fcberbr\u00fcckt werden. Am 6. April 1941 griff das nationalsozialistische Deutschland mit italienischer Unterst\u00fctzung Jugoslawien an, das bereits am 17. April kapitulierte. Als Antwort auf die Besatzung entstand die kommunistische Partisanenbewegung unter Josip Broz Tito, dessen \u201eVolksbefreiungsarmee\u201c die Oberhand gewinnen konnte. Nach dem Zweiten Weltkrieg \u00fcbernahm Tito die Macht im Staat.\u00a0<\/span><\/p>\n<p><span style=\"font-weight: 400;\">Die gr\u00f6\u00dften Kriegsschlachten fanden in Bosnien statt, da die bosnischen Berge den Partisanen R\u00fcckzugsm\u00f6glichkeit gaben, um sich wieder neu organisieren zu k\u00f6nnen. Mehr als eine Million B\u00fcrgerinnen und B\u00fcrger fielen dem Krieg und den Nachkriegsverbrechen der Nationalsozialisten, der ungarischen und italienischen Faschisten, der Tschetniks, der Ustaschas und der Titoisten zum Opfer.<\/span><\/p>\n<p><span style=\"font-weight: 400;\">Von 1945 bis 1963 bestand der Staat als \u201eF\u00f6derative Volksrepublik Jugoslawien\u201c, nach 1963 als \u201eSozialistische F\u00f6derative Republik Jugoslawien\u201c. W\u00e4hrend des zweiten AVNOJ 1943 wurde Jugoslawien in die sechs Republiken Slowenien, Kroatien, Bosnien-Herzegowina, Serbien, Montenegro und Makedonien gegliedert. Obwohl Bosnien-Herzegowina als Republik existierte, blieb es den Einwohnerinnen und Einwohnern verwehrt, sich als Bosniakinnen und Bosniaken zu deklarieren. Sie hatten lediglich die Wahl zwischen \u201eKroate\u201c, \u201eSerbe\u201c oder \u201eNeopredijeljen\u201c (= national unbestimmt). Manches wurde den bosnischen Musliminnen und Muslimen auch verboten, wie beispielsweise der Besuch der Pilgerst\u00e4tte \u201eAjvatovica\u201c. Erst\u00a0 1971 erhielten die Bosniakinnen und Bosniaken die Nationalit\u00e4t \u201eMuslim\u201c \u2013 absurd, da dies ja eigentlich keine Nationalit\u00e4t sondern ein Religionsbekenntnis ist. Obwohl sie damit nicht einverstanden waren, wurde die neue Nationalit\u00e4t unter dem Motto \u201ebesser als gar nichts\u201c akzeptiert.<\/span><\/p>\n<p><span style=\"font-weight: 400;\">Bis 1980 wurde Bosnien stark industrialisiert und mit gro\u00dfen Konzernen wie Energoinvest, UNIS und anderen wurde ein starkes Zeichen f\u00fcr die Entwicklung Bosniens gesetzt.<\/span><\/p>\n<p><span style=\"font-weight: 400;\">In den 1980er Jahren traten vor allem in Serbien nationalistische Ideologien und die Idee eines Gro\u00dfserbiens auf \u2013 Ideen, deren Ursprung noch weiter in die Vergangenheit reichte. Das SANU- Memorandum von 1986 lieferte zudem das grundlegende Fundament f\u00fcr derartige Bestrebungen und Slobodan Milo\u0161evi\u0107 wurde zur f\u00fchrenden Pers\u00f6nlichkeit der gro\u00dfserbischen Idee. Die n\u00f6rdlichen Territorien, Slowenien und Kroatien, wandten sich jedoch immer mehr den westlichen Demokratiemodellen zu und auf das Verlangen der serbischen F\u00fchrung, die Okkupation des Kosovo mitzufinanzieren, wandten sie sie sich vom Regierungskurs ab. Letztendlich stellten sich die Slowenen, Kroaten, Bosniaken, Mazedonier und Albaner gegen die Hegemonie Serbiens. Der Staat Jugoslawien zerfiel schlie\u00dflich zum zweiten Mal.<\/span><\/p>\n<p><span style=\"font-weight: 400;\">Literatur:<\/span><\/p>\n<p><span style=\"font-weight: 400;\">Z\u00fclch Tilman: \u201eEthnische S\u00e4uberung\u201c \u2013 V\u00f6lkermord f\u00fcr \u201eGro\u00dfserbien\u201c. Eine Dokumentation der Gesellschaft f\u00fcr bedrohte V\u00f6lker. Z\u00fcrich: Luchterhand 1993.<\/span><\/p>\n<p><span style=\"font-weight: 400;\">Marie-Janine Calic: \u201eKrieg und Frieden in Bosnien-Hercegovina\u201c. Frankfurt am Main: Suhrkamp 1995.<\/span><\/p>\n\n\t\t<\/div>\n\t<\/div>\n<\/div><\/div><\/div><\/div>\n","protected":false},"excerpt":{"rendered":"Bosnien in Jugoslawien Die Idee eines gemeinsamen Staates, der die s\u00fcdslawischen V\u00f6lker zusammenschlie\u00dfen sollte, hatte ihren Ursprung im 19. Jahrhundert in Kroatien und Dalmatien. Nachdem durch die \u201eErkl\u00e4rung von Korfu\u201c die Zustimmung seitens slowenischer, kroatischer und serbischer Politiker gekommen war, rief 1918 der Monarch Aleksandar Kara\u0111or\u0111evi\u0107 das \u201eErste Jugoslawien\u201c aus, das \u201eK\u00f6nigreich der Serben, Kroaten und Slowenen\u201c\u2013 Bosnien wurde nicht erw\u00e4hnt. Von Anfang an war der Staat jedoch von innenpolitischen, ethnischen, sozialen und wirtschaftlichen Konflikten gepr\u00e4gt. Seit der Gr\u00fcndung des Vielv\u00f6lkerstaates wurde die Politik ma\u00dfgeblich von den Serben dominiert. 1929 setzte schlie\u00dflich Kara\u0111or\u0111evi\u0107 die Verfassung au\u00dfer Kraft, f\u00fchrte eine K\u00f6nigsdiktatur...","protected":false},"author":1,"featured_media":0,"parent":0,"menu_order":0,"comment_status":"closed","ping_status":"closed","template":"","meta":{"footnotes":""},"class_list":["post-1073","page","type-page","status-publish","hentry"],"yoast_head":"<!-- This site is optimized with the Yoast SEO plugin v20.3 - https:\/\/yoast.com\/wordpress\/plugins\/seo\/ -->\n<title>Bosnien in Jugoslawien - Gesellschaft Bosnischer Akademiker<\/title>\n<meta name=\"robots\" content=\"index, follow, max-snippet:-1, max-image-preview:large, max-video-preview:-1\" \/>\n<link rel=\"canonical\" href=\"https:\/\/www.bhakademiker.org\/de\/bosnien-in-jugoslawien\/\" \/>\n<meta property=\"og:locale\" content=\"de_DE\" \/>\n<meta property=\"og:type\" content=\"article\" \/>\n<meta property=\"og:title\" content=\"Bosnien in Jugoslawien - Gesellschaft Bosnischer Akademiker\" \/>\n<meta property=\"og:url\" content=\"https:\/\/www.bhakademiker.org\/de\/bosnien-in-jugoslawien\/\" \/>\n<meta property=\"og:site_name\" content=\"Gesellschaft Bosnischer Akademiker\" \/>\n<meta property=\"article:modified_time\" content=\"2021-06-27T19:45:33+00:00\" \/>\n<meta property=\"og:image\" content=\"https:\/\/www.bhakademiker.org\/wp-content\/uploads\/2022\/01\/featured-GBAA.png\" \/>\n\t<meta property=\"og:image:width\" content=\"1200\" \/>\n\t<meta property=\"og:image:height\" content=\"630\" \/>\n\t<meta property=\"og:image:type\" content=\"image\/png\" \/>\n<meta name=\"twitter:card\" content=\"summary_large_image\" \/>\n<meta name=\"twitter:label1\" content=\"Gesch\u00e4tzte Lesezeit\" \/>\n\t<meta name=\"twitter:data1\" content=\"3\u00a0Minuten\" \/>\n<script type=\"application\/ld+json\" class=\"yoast-schema-graph\">{\"@context\":\"https:\/\/schema.org\",\"@graph\":[{\"@type\":\"WebPage\",\"@id\":\"https:\/\/www.bhakademiker.org\/de\/bosnien-in-jugoslawien\/\",\"url\":\"https:\/\/www.bhakademiker.org\/de\/bosnien-in-jugoslawien\/\",\"name\":\"Bosnien in Jugoslawien - Gesellschaft Bosnischer Akademiker\",\"isPartOf\":{\"@id\":\"https:\/\/www.bhakademiker.org\/bs\/#website\"},\"datePublished\":\"2021-06-25T20:14:40+00:00\",\"dateModified\":\"2021-06-27T19:45:33+00:00\",\"breadcrumb\":{\"@id\":\"https:\/\/www.bhakademiker.org\/de\/bosnien-in-jugoslawien\/#breadcrumb\"},\"inLanguage\":\"de\",\"potentialAction\":[{\"@type\":\"ReadAction\",\"target\":[\"https:\/\/www.bhakademiker.org\/de\/bosnien-in-jugoslawien\/\"]}]},{\"@type\":\"BreadcrumbList\",\"@id\":\"https:\/\/www.bhakademiker.org\/de\/bosnien-in-jugoslawien\/#breadcrumb\",\"itemListElement\":[{\"@type\":\"ListItem\",\"position\":1,\"name\":\"Home\",\"item\":\"https:\/\/www.bhakademiker.org\/\"},{\"@type\":\"ListItem\",\"position\":2,\"name\":\"Bosnien in Jugoslawien\"}]},{\"@type\":\"WebSite\",\"@id\":\"https:\/\/www.bhakademiker.org\/bs\/#website\",\"url\":\"https:\/\/www.bhakademiker.org\/bs\/\",\"name\":\"Gesellschaft Bosnischer Akademiker\",\"description\":\"\",\"publisher\":{\"@id\":\"https:\/\/www.bhakademiker.org\/bs\/#organization\"},\"potentialAction\":[{\"@type\":\"SearchAction\",\"target\":{\"@type\":\"EntryPoint\",\"urlTemplate\":\"https:\/\/www.bhakademiker.org\/bs\/?s={search_term_string}\"},\"query-input\":\"required name=search_term_string\"}],\"inLanguage\":\"de\"},{\"@type\":\"Organization\",\"@id\":\"https:\/\/www.bhakademiker.org\/bs\/#organization\",\"name\":\"Gesellschaft Bosnischer Akademiker in \u00d6sterreich\",\"url\":\"https:\/\/www.bhakademiker.org\/bs\/\",\"logo\":{\"@type\":\"ImageObject\",\"inLanguage\":\"de\",\"@id\":\"https:\/\/www.bhakademiker.org\/bs\/#\/schema\/logo\/image\/\",\"url\":\"https:\/\/www.bhakademiker.org\/wp-content\/uploads\/2022\/01\/featured-GBAA.png\",\"contentUrl\":\"https:\/\/www.bhakademiker.org\/wp-content\/uploads\/2022\/01\/featured-GBAA.png\",\"width\":1200,\"height\":630,\"caption\":\"Gesellschaft Bosnischer Akademiker in \u00d6sterreich\"},\"image\":{\"@id\":\"https:\/\/www.bhakademiker.org\/bs\/#\/schema\/logo\/image\/\"}}]}<\/script>\n<!-- \/ Yoast SEO plugin. -->","yoast_head_json":{"title":"Bosnien in Jugoslawien - Gesellschaft Bosnischer Akademiker","robots":{"index":"index","follow":"follow","max-snippet":"max-snippet:-1","max-image-preview":"max-image-preview:large","max-video-preview":"max-video-preview:-1"},"canonical":"https:\/\/www.bhakademiker.org\/de\/bosnien-in-jugoslawien\/","og_locale":"de_DE","og_type":"article","og_title":"Bosnien in Jugoslawien - Gesellschaft Bosnischer Akademiker","og_url":"https:\/\/www.bhakademiker.org\/de\/bosnien-in-jugoslawien\/","og_site_name":"Gesellschaft Bosnischer Akademiker","article_modified_time":"2021-06-27T19:45:33+00:00","og_image":[{"width":1200,"height":630,"url":"https:\/\/www.bhakademiker.org\/wp-content\/uploads\/2022\/01\/featured-GBAA.png","type":"image\/png"}],"twitter_card":"summary_large_image","twitter_misc":{"Gesch\u00e4tzte Lesezeit":"3\u00a0Minuten"},"schema":{"@context":"https:\/\/schema.org","@graph":[{"@type":"WebPage","@id":"https:\/\/www.bhakademiker.org\/de\/bosnien-in-jugoslawien\/","url":"https:\/\/www.bhakademiker.org\/de\/bosnien-in-jugoslawien\/","name":"Bosnien in Jugoslawien - Gesellschaft Bosnischer Akademiker","isPartOf":{"@id":"https:\/\/www.bhakademiker.org\/bs\/#website"},"datePublished":"2021-06-25T20:14:40+00:00","dateModified":"2021-06-27T19:45:33+00:00","breadcrumb":{"@id":"https:\/\/www.bhakademiker.org\/de\/bosnien-in-jugoslawien\/#breadcrumb"},"inLanguage":"de","potentialAction":[{"@type":"ReadAction","target":["https:\/\/www.bhakademiker.org\/de\/bosnien-in-jugoslawien\/"]}]},{"@type":"BreadcrumbList","@id":"https:\/\/www.bhakademiker.org\/de\/bosnien-in-jugoslawien\/#breadcrumb","itemListElement":[{"@type":"ListItem","position":1,"name":"Home","item":"https:\/\/www.bhakademiker.org\/"},{"@type":"ListItem","position":2,"name":"Bosnien in Jugoslawien"}]},{"@type":"WebSite","@id":"https:\/\/www.bhakademiker.org\/bs\/#website","url":"https:\/\/www.bhakademiker.org\/bs\/","name":"Gesellschaft Bosnischer Akademiker","description":"","publisher":{"@id":"https:\/\/www.bhakademiker.org\/bs\/#organization"},"potentialAction":[{"@type":"SearchAction","target":{"@type":"EntryPoint","urlTemplate":"https:\/\/www.bhakademiker.org\/bs\/?s={search_term_string}"},"query-input":"required name=search_term_string"}],"inLanguage":"de"},{"@type":"Organization","@id":"https:\/\/www.bhakademiker.org\/bs\/#organization","name":"Gesellschaft Bosnischer Akademiker in \u00d6sterreich","url":"https:\/\/www.bhakademiker.org\/bs\/","logo":{"@type":"ImageObject","inLanguage":"de","@id":"https:\/\/www.bhakademiker.org\/bs\/#\/schema\/logo\/image\/","url":"https:\/\/www.bhakademiker.org\/wp-content\/uploads\/2022\/01\/featured-GBAA.png","contentUrl":"https:\/\/www.bhakademiker.org\/wp-content\/uploads\/2022\/01\/featured-GBAA.png","width":1200,"height":630,"caption":"Gesellschaft Bosnischer Akademiker in \u00d6sterreich"},"image":{"@id":"https:\/\/www.bhakademiker.org\/bs\/#\/schema\/logo\/image\/"}}]}},"_links":{"self":[{"href":"https:\/\/www.bhakademiker.org\/de\/wp-json\/wp\/v2\/pages\/1073","targetHints":{"allow":["GET"]}}],"collection":[{"href":"https:\/\/www.bhakademiker.org\/de\/wp-json\/wp\/v2\/pages"}],"about":[{"href":"https:\/\/www.bhakademiker.org\/de\/wp-json\/wp\/v2\/types\/page"}],"author":[{"embeddable":true,"href":"https:\/\/www.bhakademiker.org\/de\/wp-json\/wp\/v2\/users\/1"}],"replies":[{"embeddable":true,"href":"https:\/\/www.bhakademiker.org\/de\/wp-json\/wp\/v2\/comments?post=1073"}],"version-history":[{"count":6,"href":"https:\/\/www.bhakademiker.org\/de\/wp-json\/wp\/v2\/pages\/1073\/revisions"}],"predecessor-version":[{"id":1736,"href":"https:\/\/www.bhakademiker.org\/de\/wp-json\/wp\/v2\/pages\/1073\/revisions\/1736"}],"wp:attachment":[{"href":"https:\/\/www.bhakademiker.org\/de\/wp-json\/wp\/v2\/media?parent=1073"}],"curies":[{"name":"wp","href":"https:\/\/api.w.org\/{rel}","templated":true}]}}