{"id":1084,"date":"2021-06-25T22:22:15","date_gmt":"2021-06-25T20:22:15","guid":{"rendered":"https:\/\/www.bhakademiker.org\/?page_id=1084"},"modified":"2021-07-04T17:39:34","modified_gmt":"2021-07-04T15:39:34","slug":"meletta-2019","status":"publish","type":"page","link":"https:\/\/www.bhakademiker.org\/de\/meletta-2019\/","title":{"rendered":"Meletta  2019"},"content":{"rendered":"<div class=\"vc_row wpb_row row\"><div class=\"wpb_column vc_column_container vc_col-sm-12\"><div class=\"vc_column-inner\"><div class=\"wpb_wrapper\"><h3 class=\"no-margin-top \" >Meletta 2019<\/h3>\n\t<div class=\"wpb_text_column wpb_content_element \" >\n\t\t<div class=\"wpb_wrapper\">\n\t\t\t<p><span style=\"font-weight: 400;\">Am 8. Juni 2019 wurde der 103. Gedenktag von Monte Meletta-Fior gefeiert.<\/span><\/p>\n<p><span style=\"font-weight: 400;\">Diese traditionelle Gedenkfeier findet abwechselnd in Bosnien, Italien und \u00d6sterreich statt.<\/span><\/p>\n<p><span style=\"font-weight: 400;\">Anfang Juni 2020 ist die n\u00e4chste Gedenkfeier in Bosnien.<\/span><\/p>\n<p><span style=\"font-weight: 400;\">Am Monte Meletta-Fior wurde 1996 ein Denkmal f\u00fcr die gefallenen Soldaten aller Seiten errichtet. Das Denkmal besteht aus drei Tafeln in drei Sprachen: Bosnisch, Deutsch und Italienisch.<\/span><\/p>\n<p><img decoding=\"async\" class=\"alignleft\" src=\"https:\/\/www.bhakademiker.org\/\/files\/pics\/1.JPG\" \/><\/p>\n<p><span style=\"font-weight: 400;\">Pavo Jusuf Urban Ibruljevi\u0107, Mentor der Meletta-Feier, der sich am meisten f\u00fcr diese Tradition eingesetzt hat, ist auch Mitgr\u00fcnder der Gesellschaft Bosnischer Akademiker in \u00d6sterreich.<\/span><\/p>\n<p><span style=\"font-weight: 400;\">Mit den Worten \u201eWer die Vergangenheit nicht kennt, versteht die Gegenwart nicht und kann die Zukunft nicht gestalten\u201c wandte sich Oberst Dieter Allesch an die Versammelten. <\/span><\/p>\n<p><span style=\"font-weight: 400;\">\u00dcber Monte Meletta: <\/span><a href=\"https:\/\/www.bhakademiker.org\/de\/Produkte\/68\/bh-akademiker-MONTE-MELETTA.html\"><span style=\"font-weight: 400;\">https:\/\/www.bhakademiker.org\/de\/Produkte\/68\/bh-akademiker-MONTE-MELETTA.html<\/span><\/a><\/p>\n<p><span style=\"font-weight: 400;\">Foto: Adnan Kuljuh<\/span><\/p>\n\n\t\t<\/div>\n\t<\/div>\n<\/div><\/div><\/div><\/div><div class=\"vc_row wpb_row row\"><div class=\"wpb_column vc_column_container vc_col-sm-12\"><div class=\"vc_column-inner\"><div class=\"wpb_wrapper\">\n<div class=\"vc_grid-container-wrapper vc_clearfix\">\n\t<div class=\"vc_grid-container vc_clearfix wpb_content_element vc_media_grid\" data-initial-loading-animation=\"fadeIn\" data-vc-grid-settings=\"{&quot;page_id&quot;:1084,&quot;style&quot;:&quot;lazy&quot;,&quot;action&quot;:&quot;vc_get_vc_grid_data&quot;,&quot;shortcode_id&quot;:&quot;1625413115327-ba99dbb9-d8ce-9&quot;,&quot;items_per_page&quot;:&quot;10&quot;,&quot;tag&quot;:&quot;vc_media_grid&quot;}\" data-vc-request=\"https:\/\/www.bhakademiker.org\/wp-admin\/admin-ajax.php\" data-vc-post-id=\"1084\" data-vc-public-nonce=\"137deb8b92\">\n\t\t\n\t<\/div>\n<\/div><\/div><\/div><\/div><\/div>\n","protected":false},"excerpt":{"rendered":"Meletta 2019 Am 8. Juni 2019 wurde der 103. Gedenktag von Monte Meletta-Fior gefeiert. Diese traditionelle Gedenkfeier findet abwechselnd in Bosnien, Italien und \u00d6sterreich statt. Anfang Juni 2020 ist die n\u00e4chste Gedenkfeier in Bosnien. Am Monte Meletta-Fior wurde 1996 ein Denkmal f\u00fcr die gefallenen Soldaten aller Seiten errichtet. Das Denkmal besteht aus drei Tafeln in drei Sprachen: Bosnisch, Deutsch und Italienisch. Pavo Jusuf Urban Ibruljevi\u0107, Mentor der Meletta-Feier, der sich am meisten f\u00fcr diese Tradition eingesetzt hat, ist auch Mitgr\u00fcnder der Gesellschaft Bosnischer Akademiker in \u00d6sterreich. Mit den Worten \u201eWer die Vergangenheit nicht kennt, versteht die Gegenwart nicht und kann...","protected":false},"author":1,"featured_media":0,"parent":0,"menu_order":0,"comment_status":"closed","ping_status":"closed","template":"","meta":{"footnotes":""},"class_list":["post-1084","page","type-page","status-publish","hentry"],"yoast_head":"<!-- This site is optimized with the Yoast SEO plugin v20.3 - https:\/\/yoast.com\/wordpress\/plugins\/seo\/ -->\n<title>Meletta 2019 - Gesellschaft Bosnischer Akademiker<\/title>\n<meta name=\"robots\" content=\"index, follow, max-snippet:-1, max-image-preview:large, max-video-preview:-1\" \/>\n<link rel=\"canonical\" href=\"https:\/\/www.bhakademiker.org\/de\/meletta-2019\/\" \/>\n<meta property=\"og:locale\" content=\"de_DE\" \/>\n<meta property=\"og:type\" content=\"article\" \/>\n<meta property=\"og:title\" content=\"Meletta 2019 - Gesellschaft Bosnischer Akademiker\" \/>\n<meta property=\"og:url\" content=\"https:\/\/www.bhakademiker.org\/de\/meletta-2019\/\" \/>\n<meta property=\"og:site_name\" content=\"Gesellschaft Bosnischer Akademiker\" \/>\n<meta property=\"article:modified_time\" content=\"2021-07-04T15:39:34+00:00\" \/>\n<meta property=\"og:image\" content=\"https:\/\/www.bhakademiker.org\/\/files\/pics\/1.JPG\" \/>\n<meta name=\"twitter:card\" content=\"summary_large_image\" \/>\n<meta name=\"twitter:label1\" content=\"Gesch\u00e4tzte Lesezeit\" \/>\n\t<meta name=\"twitter:data1\" content=\"1\u00a0Minute\" \/>\n<script type=\"application\/ld+json\" class=\"yoast-schema-graph\">{\"@context\":\"https:\/\/schema.org\",\"@graph\":[{\"@type\":\"WebPage\",\"@id\":\"https:\/\/www.bhakademiker.org\/meletta-2019\/\",\"url\":\"https:\/\/www.bhakademiker.org\/meletta-2019\/\",\"name\":\"Meletta 2019 - Gesellschaft Bosnischer Akademiker\",\"isPartOf\":{\"@id\":\"https:\/\/www.bhakademiker.org\/bs\/#website\"},\"datePublished\":\"2021-06-25T20:22:15+00:00\",\"dateModified\":\"2021-07-04T15:39:34+00:00\",\"breadcrumb\":{\"@id\":\"https:\/\/www.bhakademiker.org\/meletta-2019\/#breadcrumb\"},\"inLanguage\":\"de\",\"potentialAction\":[{\"@type\":\"ReadAction\",\"target\":[\"https:\/\/www.bhakademiker.org\/meletta-2019\/\"]}]},{\"@type\":\"BreadcrumbList\",\"@id\":\"https:\/\/www.bhakademiker.org\/meletta-2019\/#breadcrumb\",\"itemListElement\":[{\"@type\":\"ListItem\",\"position\":1,\"name\":\"Home\",\"item\":\"https:\/\/www.bhakademiker.org\/\"},{\"@type\":\"ListItem\",\"position\":2,\"name\":\"Meletta 2019\"}]},{\"@type\":\"WebSite\",\"@id\":\"https:\/\/www.bhakademiker.org\/bs\/#website\",\"url\":\"https:\/\/www.bhakademiker.org\/bs\/\",\"name\":\"Gesellschaft Bosnischer Akademiker\",\"description\":\"\",\"publisher\":{\"@id\":\"https:\/\/www.bhakademiker.org\/bs\/#organization\"},\"potentialAction\":[{\"@type\":\"SearchAction\",\"target\":{\"@type\":\"EntryPoint\",\"urlTemplate\":\"https:\/\/www.bhakademiker.org\/bs\/?s={search_term_string}\"},\"query-input\":\"required name=search_term_string\"}],\"inLanguage\":\"de\"},{\"@type\":\"Organization\",\"@id\":\"https:\/\/www.bhakademiker.org\/bs\/#organization\",\"name\":\"Gesellschaft Bosnischer Akademiker in \u00d6sterreich\",\"url\":\"https:\/\/www.bhakademiker.org\/bs\/\",\"logo\":{\"@type\":\"ImageObject\",\"inLanguage\":\"de\",\"@id\":\"https:\/\/www.bhakademiker.org\/bs\/#\/schema\/logo\/image\/\",\"url\":\"https:\/\/www.bhakademiker.org\/wp-content\/uploads\/2022\/01\/featured-GBAA.png\",\"contentUrl\":\"https:\/\/www.bhakademiker.org\/wp-content\/uploads\/2022\/01\/featured-GBAA.png\",\"width\":1200,\"height\":630,\"caption\":\"Gesellschaft Bosnischer Akademiker in \u00d6sterreich\"},\"image\":{\"@id\":\"https:\/\/www.bhakademiker.org\/bs\/#\/schema\/logo\/image\/\"}}]}<\/script>\n<!-- \/ Yoast SEO plugin. -->","yoast_head_json":{"title":"Meletta 2019 - Gesellschaft Bosnischer Akademiker","robots":{"index":"index","follow":"follow","max-snippet":"max-snippet:-1","max-image-preview":"max-image-preview:large","max-video-preview":"max-video-preview:-1"},"canonical":"https:\/\/www.bhakademiker.org\/de\/meletta-2019\/","og_locale":"de_DE","og_type":"article","og_title":"Meletta 2019 - Gesellschaft Bosnischer Akademiker","og_url":"https:\/\/www.bhakademiker.org\/de\/meletta-2019\/","og_site_name":"Gesellschaft Bosnischer Akademiker","article_modified_time":"2021-07-04T15:39:34+00:00","og_image":[{"url":"https:\/\/www.bhakademiker.org\/\/files\/pics\/1.JPG"}],"twitter_card":"summary_large_image","twitter_misc":{"Gesch\u00e4tzte Lesezeit":"1\u00a0Minute"},"schema":{"@context":"https:\/\/schema.org","@graph":[{"@type":"WebPage","@id":"https:\/\/www.bhakademiker.org\/meletta-2019\/","url":"https:\/\/www.bhakademiker.org\/meletta-2019\/","name":"Meletta 2019 - Gesellschaft Bosnischer Akademiker","isPartOf":{"@id":"https:\/\/www.bhakademiker.org\/bs\/#website"},"datePublished":"2021-06-25T20:22:15+00:00","dateModified":"2021-07-04T15:39:34+00:00","breadcrumb":{"@id":"https:\/\/www.bhakademiker.org\/meletta-2019\/#breadcrumb"},"inLanguage":"de","potentialAction":[{"@type":"ReadAction","target":["https:\/\/www.bhakademiker.org\/meletta-2019\/"]}]},{"@type":"BreadcrumbList","@id":"https:\/\/www.bhakademiker.org\/meletta-2019\/#breadcrumb","itemListElement":[{"@type":"ListItem","position":1,"name":"Home","item":"https:\/\/www.bhakademiker.org\/"},{"@type":"ListItem","position":2,"name":"Meletta 2019"}]},{"@type":"WebSite","@id":"https:\/\/www.bhakademiker.org\/bs\/#website","url":"https:\/\/www.bhakademiker.org\/bs\/","name":"Gesellschaft Bosnischer Akademiker","description":"","publisher":{"@id":"https:\/\/www.bhakademiker.org\/bs\/#organization"},"potentialAction":[{"@type":"SearchAction","target":{"@type":"EntryPoint","urlTemplate":"https:\/\/www.bhakademiker.org\/bs\/?s={search_term_string}"},"query-input":"required name=search_term_string"}],"inLanguage":"de"},{"@type":"Organization","@id":"https:\/\/www.bhakademiker.org\/bs\/#organization","name":"Gesellschaft Bosnischer Akademiker in \u00d6sterreich","url":"https:\/\/www.bhakademiker.org\/bs\/","logo":{"@type":"ImageObject","inLanguage":"de","@id":"https:\/\/www.bhakademiker.org\/bs\/#\/schema\/logo\/image\/","url":"https:\/\/www.bhakademiker.org\/wp-content\/uploads\/2022\/01\/featured-GBAA.png","contentUrl":"https:\/\/www.bhakademiker.org\/wp-content\/uploads\/2022\/01\/featured-GBAA.png","width":1200,"height":630,"caption":"Gesellschaft Bosnischer Akademiker in \u00d6sterreich"},"image":{"@id":"https:\/\/www.bhakademiker.org\/bs\/#\/schema\/logo\/image\/"}}]}},"_links":{"self":[{"href":"https:\/\/www.bhakademiker.org\/de\/wp-json\/wp\/v2\/pages\/1084","targetHints":{"allow":["GET"]}}],"collection":[{"href":"https:\/\/www.bhakademiker.org\/de\/wp-json\/wp\/v2\/pages"}],"about":[{"href":"https:\/\/www.bhakademiker.org\/de\/wp-json\/wp\/v2\/types\/page"}],"author":[{"embeddable":true,"href":"https:\/\/www.bhakademiker.org\/de\/wp-json\/wp\/v2\/users\/1"}],"replies":[{"embeddable":true,"href":"https:\/\/www.bhakademiker.org\/de\/wp-json\/wp\/v2\/comments?post=1084"}],"version-history":[{"count":8,"href":"https:\/\/www.bhakademiker.org\/de\/wp-json\/wp\/v2\/pages\/1084\/revisions"}],"predecessor-version":[{"id":1794,"href":"https:\/\/www.bhakademiker.org\/de\/wp-json\/wp\/v2\/pages\/1084\/revisions\/1794"}],"wp:attachment":[{"href":"https:\/\/www.bhakademiker.org\/de\/wp-json\/wp\/v2\/media?parent=1084"}],"curies":[{"name":"wp","href":"https:\/\/api.w.org\/{rel}","templated":true}]}}