{"id":1102,"date":"2021-06-25T22:36:10","date_gmt":"2021-06-25T20:36:10","guid":{"rendered":"https:\/\/www.bhakademiker.org\/?page_id=1102"},"modified":"2021-06-25T22:36:10","modified_gmt":"2021-06-25T20:36:10","slug":"meletta-2018","status":"publish","type":"page","link":"https:\/\/www.bhakademiker.org\/de\/meletta-2018\/","title":{"rendered":"Meletta 2018"},"content":{"rendered":"<div class=\"vc_row wpb_row row\"><div class=\"wpb_column vc_column_container vc_col-sm-12\"><div class=\"vc_column-inner\"><div class=\"wpb_wrapper\"><h3 class=\"no-margin-top \" >Meletta 2018<\/h3>\n\t<div class=\"wpb_text_column wpb_content_element \" >\n\t\t<div class=\"wpb_wrapper\">\n\t\t\t<p>Am 8. Juni 2018 wurde der 102. Gedenktag von Monte Meletta-Fior gefeiert. Die Veranstaltung wurde am Bosniakenfriedhof in Lebring in Anwesenheit von vielen Vertretern aus Bosnien, \u00d6sterreich und Italien gefeiert.<br \/>\nAus Bosnien waren der stellvertretende Verteidigungsminister, die Gener\u00e4le, der bosnische Botschafter in \u00d6sterreich und viele Besuchern aus Bihac und Sarajevo, anwesend.<br \/>\nAus \u00d6sterreich waren die Vertreter der Armee und der Lokalregierung, der \u00f6sterreichische Botschafter in Bosnien, sowie Vertreter der bosnischen Organisationen in Graz und der Gesellschaft der bosnischen Akademiker in \u00d6sterreich, vertreten.<br \/>\nDer B\u00fcrgermeister aus Foza hat die gro\u00dfe italienische Delegation angef\u00fchrt.<\/p>\n<p>Diese Veranstaltung wurde unter einem Motto gef\u00fchrt:<br \/>\n\u201eWer die Vergangenheit nicht kennt, versteht die Gegenwart nicht und kann die Zukunft nicht gestalten\u201c \u2013 Oberst Dieter Allesch.<\/p>\n<p>Auszug aus der Rede des stellvertretenden bosnischen Verteidigungsministers Sead Jusic:<br \/>\n\u201eWir aus Bosnien und Herzegowina\u00a0 erinnern uns mit Stolz an diesen Teil unserer Geschichte, nicht nur, weil wir die ausgezeichnetsten in der \u00f6sterreichisch-ungarischen Armee waren, sondern weil dies ein Teil unserer gemeinsamen Geschichte ist, vereint unter einer M\u00fctze unter einem Namen, ungeachtet dessen ob nun Katholik, Orthodoxe oder Muslim. Wir sind der \u00dcberzeugung, dass wir heute ebenso wie damals, als wir Schulter an Schulter den glorreichen Namen Bosnien und Herzegowinas an den Fronten der \u00d6sterreichisch \u2013 Ungarischen Monarchie unter dem Slogan: \u201eDie Bosniaken Kommen!\u201c trugen, noch st\u00e4rker, zusammen mit den anderen europ\u00e4ischen V\u00f6lkern,\u00a0 trotz aller Unterschiede, die demokratischen Werte wahren und ausbauen k\u00f6nnen, denn wir geh\u00f6ren einfach hier her.\u201c<\/p>\n<p>Nach den Feierlichkeiten in Lebring, nahmen die G\u00e4ste aus Italien und \u00d6sterreich am gemeinsamen Fastenbrechen (Iftar) teil, das von dem bosnischen Islamischen Kulturzentrum in Graz organisiert wurde.<\/p>\n<p>Diese traditionelle Gedenkfeier findet abwechselnd in Bosnien, Italien und \u00d6sterreich statt.<br \/>\nAnfang Juni 2019 ist die n\u00e4chste Gedenkfeier in Italien.<\/p>\n\n\t\t<\/div>\n\t<\/div>\n<\/div><\/div><\/div><\/div><div class=\"vc_row wpb_row row\"><div class=\"wpb_column vc_column_container vc_col-sm-12\"><div class=\"vc_column-inner\"><div class=\"wpb_wrapper\">\n<div class=\"vc_grid-container-wrapper vc_clearfix\">\n\t<div class=\"vc_grid-container vc_clearfix wpb_content_element vc_media_grid\" data-initial-loading-animation=\"fadeIn\" data-vc-grid-settings=\"{&quot;page_id&quot;:1102,&quot;style&quot;:&quot;lazy&quot;,&quot;action&quot;:&quot;vc_get_vc_grid_data&quot;,&quot;shortcode_id&quot;:&quot;1624653113310-e81c3e1f-a987-4&quot;,&quot;items_per_page&quot;:&quot;10&quot;,&quot;tag&quot;:&quot;vc_media_grid&quot;}\" data-vc-request=\"https:\/\/www.bhakademiker.org\/wp-admin\/admin-ajax.php\" data-vc-post-id=\"1102\" data-vc-public-nonce=\"0ea9b6d89b\">\n\t\t\n\t<\/div>\n<\/div><\/div><\/div><\/div><\/div>\n","protected":false},"excerpt":{"rendered":"Meletta 2018 Am 8. Juni 2018 wurde der 102. Gedenktag von Monte Meletta-Fior gefeiert. Die Veranstaltung wurde am Bosniakenfriedhof in Lebring in Anwesenheit von vielen Vertretern aus Bosnien, \u00d6sterreich und Italien gefeiert. Aus Bosnien waren der stellvertretende Verteidigungsminister, die Gener\u00e4le, der bosnische Botschafter in \u00d6sterreich und viele Besuchern aus Bihac und Sarajevo, anwesend. Aus \u00d6sterreich waren die Vertreter der Armee und der Lokalregierung, der \u00f6sterreichische Botschafter in Bosnien, sowie Vertreter der bosnischen Organisationen in Graz und der Gesellschaft der bosnischen Akademiker in \u00d6sterreich, vertreten. Der B\u00fcrgermeister aus Foza hat die gro\u00dfe italienische Delegation angef\u00fchrt. Diese Veranstaltung wurde unter einem Motto...","protected":false},"author":1,"featured_media":0,"parent":0,"menu_order":0,"comment_status":"closed","ping_status":"closed","template":"","meta":{"footnotes":""},"class_list":["post-1102","page","type-page","status-publish","hentry"],"yoast_head":"<!-- This site is optimized with the Yoast SEO plugin v20.3 - https:\/\/yoast.com\/wordpress\/plugins\/seo\/ -->\n<title>Meletta 2018 - Gesellschaft Bosnischer Akademiker<\/title>\n<meta name=\"robots\" content=\"index, follow, max-snippet:-1, max-image-preview:large, max-video-preview:-1\" \/>\n<link rel=\"canonical\" href=\"https:\/\/www.bhakademiker.org\/de\/meletta-2018\/\" \/>\n<meta property=\"og:locale\" content=\"de_DE\" \/>\n<meta property=\"og:type\" content=\"article\" \/>\n<meta property=\"og:title\" content=\"Meletta 2018 - Gesellschaft Bosnischer Akademiker\" \/>\n<meta property=\"og:url\" content=\"https:\/\/www.bhakademiker.org\/de\/meletta-2018\/\" \/>\n<meta property=\"og:site_name\" content=\"Gesellschaft Bosnischer Akademiker\" \/>\n<meta property=\"og:image\" content=\"https:\/\/www.bhakademiker.org\/wp-content\/uploads\/2022\/01\/featured-GBAA.png\" \/>\n\t<meta property=\"og:image:width\" content=\"1200\" \/>\n\t<meta property=\"og:image:height\" content=\"630\" \/>\n\t<meta property=\"og:image:type\" content=\"image\/png\" \/>\n<meta name=\"twitter:card\" content=\"summary_large_image\" \/>\n<meta name=\"twitter:label1\" content=\"Gesch\u00e4tzte Lesezeit\" \/>\n\t<meta name=\"twitter:data1\" content=\"2\u00a0Minuten\" \/>\n<script type=\"application\/ld+json\" class=\"yoast-schema-graph\">{\"@context\":\"https:\/\/schema.org\",\"@graph\":[{\"@type\":\"WebPage\",\"@id\":\"https:\/\/www.bhakademiker.org\/meletta-2018\/\",\"url\":\"https:\/\/www.bhakademiker.org\/meletta-2018\/\",\"name\":\"Meletta 2018 - Gesellschaft Bosnischer Akademiker\",\"isPartOf\":{\"@id\":\"https:\/\/www.bhakademiker.org\/bs\/#website\"},\"datePublished\":\"2021-06-25T20:36:10+00:00\",\"dateModified\":\"2021-06-25T20:36:10+00:00\",\"breadcrumb\":{\"@id\":\"https:\/\/www.bhakademiker.org\/meletta-2018\/#breadcrumb\"},\"inLanguage\":\"de\",\"potentialAction\":[{\"@type\":\"ReadAction\",\"target\":[\"https:\/\/www.bhakademiker.org\/meletta-2018\/\"]}]},{\"@type\":\"BreadcrumbList\",\"@id\":\"https:\/\/www.bhakademiker.org\/meletta-2018\/#breadcrumb\",\"itemListElement\":[{\"@type\":\"ListItem\",\"position\":1,\"name\":\"Home\",\"item\":\"https:\/\/www.bhakademiker.org\/\"},{\"@type\":\"ListItem\",\"position\":2,\"name\":\"Meletta 2018\"}]},{\"@type\":\"WebSite\",\"@id\":\"https:\/\/www.bhakademiker.org\/bs\/#website\",\"url\":\"https:\/\/www.bhakademiker.org\/bs\/\",\"name\":\"Gesellschaft Bosnischer Akademiker\",\"description\":\"\",\"publisher\":{\"@id\":\"https:\/\/www.bhakademiker.org\/bs\/#organization\"},\"potentialAction\":[{\"@type\":\"SearchAction\",\"target\":{\"@type\":\"EntryPoint\",\"urlTemplate\":\"https:\/\/www.bhakademiker.org\/bs\/?s={search_term_string}\"},\"query-input\":\"required name=search_term_string\"}],\"inLanguage\":\"de\"},{\"@type\":\"Organization\",\"@id\":\"https:\/\/www.bhakademiker.org\/bs\/#organization\",\"name\":\"Gesellschaft Bosnischer Akademiker in \u00d6sterreich\",\"url\":\"https:\/\/www.bhakademiker.org\/bs\/\",\"logo\":{\"@type\":\"ImageObject\",\"inLanguage\":\"de\",\"@id\":\"https:\/\/www.bhakademiker.org\/bs\/#\/schema\/logo\/image\/\",\"url\":\"https:\/\/www.bhakademiker.org\/wp-content\/uploads\/2022\/01\/featured-GBAA.png\",\"contentUrl\":\"https:\/\/www.bhakademiker.org\/wp-content\/uploads\/2022\/01\/featured-GBAA.png\",\"width\":1200,\"height\":630,\"caption\":\"Gesellschaft Bosnischer Akademiker in \u00d6sterreich\"},\"image\":{\"@id\":\"https:\/\/www.bhakademiker.org\/bs\/#\/schema\/logo\/image\/\"}}]}<\/script>\n<!-- \/ Yoast SEO plugin. -->","yoast_head_json":{"title":"Meletta 2018 - Gesellschaft Bosnischer Akademiker","robots":{"index":"index","follow":"follow","max-snippet":"max-snippet:-1","max-image-preview":"max-image-preview:large","max-video-preview":"max-video-preview:-1"},"canonical":"https:\/\/www.bhakademiker.org\/de\/meletta-2018\/","og_locale":"de_DE","og_type":"article","og_title":"Meletta 2018 - Gesellschaft Bosnischer Akademiker","og_url":"https:\/\/www.bhakademiker.org\/de\/meletta-2018\/","og_site_name":"Gesellschaft Bosnischer Akademiker","og_image":[{"width":1200,"height":630,"url":"https:\/\/www.bhakademiker.org\/wp-content\/uploads\/2022\/01\/featured-GBAA.png","type":"image\/png"}],"twitter_card":"summary_large_image","twitter_misc":{"Gesch\u00e4tzte Lesezeit":"2\u00a0Minuten"},"schema":{"@context":"https:\/\/schema.org","@graph":[{"@type":"WebPage","@id":"https:\/\/www.bhakademiker.org\/meletta-2018\/","url":"https:\/\/www.bhakademiker.org\/meletta-2018\/","name":"Meletta 2018 - Gesellschaft Bosnischer Akademiker","isPartOf":{"@id":"https:\/\/www.bhakademiker.org\/bs\/#website"},"datePublished":"2021-06-25T20:36:10+00:00","dateModified":"2021-06-25T20:36:10+00:00","breadcrumb":{"@id":"https:\/\/www.bhakademiker.org\/meletta-2018\/#breadcrumb"},"inLanguage":"de","potentialAction":[{"@type":"ReadAction","target":["https:\/\/www.bhakademiker.org\/meletta-2018\/"]}]},{"@type":"BreadcrumbList","@id":"https:\/\/www.bhakademiker.org\/meletta-2018\/#breadcrumb","itemListElement":[{"@type":"ListItem","position":1,"name":"Home","item":"https:\/\/www.bhakademiker.org\/"},{"@type":"ListItem","position":2,"name":"Meletta 2018"}]},{"@type":"WebSite","@id":"https:\/\/www.bhakademiker.org\/bs\/#website","url":"https:\/\/www.bhakademiker.org\/bs\/","name":"Gesellschaft Bosnischer Akademiker","description":"","publisher":{"@id":"https:\/\/www.bhakademiker.org\/bs\/#organization"},"potentialAction":[{"@type":"SearchAction","target":{"@type":"EntryPoint","urlTemplate":"https:\/\/www.bhakademiker.org\/bs\/?s={search_term_string}"},"query-input":"required name=search_term_string"}],"inLanguage":"de"},{"@type":"Organization","@id":"https:\/\/www.bhakademiker.org\/bs\/#organization","name":"Gesellschaft Bosnischer Akademiker in \u00d6sterreich","url":"https:\/\/www.bhakademiker.org\/bs\/","logo":{"@type":"ImageObject","inLanguage":"de","@id":"https:\/\/www.bhakademiker.org\/bs\/#\/schema\/logo\/image\/","url":"https:\/\/www.bhakademiker.org\/wp-content\/uploads\/2022\/01\/featured-GBAA.png","contentUrl":"https:\/\/www.bhakademiker.org\/wp-content\/uploads\/2022\/01\/featured-GBAA.png","width":1200,"height":630,"caption":"Gesellschaft Bosnischer Akademiker in \u00d6sterreich"},"image":{"@id":"https:\/\/www.bhakademiker.org\/bs\/#\/schema\/logo\/image\/"}}]}},"_links":{"self":[{"href":"https:\/\/www.bhakademiker.org\/de\/wp-json\/wp\/v2\/pages\/1102","targetHints":{"allow":["GET"]}}],"collection":[{"href":"https:\/\/www.bhakademiker.org\/de\/wp-json\/wp\/v2\/pages"}],"about":[{"href":"https:\/\/www.bhakademiker.org\/de\/wp-json\/wp\/v2\/types\/page"}],"author":[{"embeddable":true,"href":"https:\/\/www.bhakademiker.org\/de\/wp-json\/wp\/v2\/users\/1"}],"replies":[{"embeddable":true,"href":"https:\/\/www.bhakademiker.org\/de\/wp-json\/wp\/v2\/comments?post=1102"}],"version-history":[{"count":1,"href":"https:\/\/www.bhakademiker.org\/de\/wp-json\/wp\/v2\/pages\/1102\/revisions"}],"predecessor-version":[{"id":1115,"href":"https:\/\/www.bhakademiker.org\/de\/wp-json\/wp\/v2\/pages\/1102\/revisions\/1115"}],"wp:attachment":[{"href":"https:\/\/www.bhakademiker.org\/de\/wp-json\/wp\/v2\/media?parent=1102"}],"curies":[{"name":"wp","href":"https:\/\/api.w.org\/{rel}","templated":true}]}}