{"id":1144,"date":"2021-06-25T23:02:18","date_gmt":"2021-06-25T21:02:18","guid":{"rendered":"https:\/\/www.bhakademiker.org\/?page_id=1144"},"modified":"2021-06-25T23:02:18","modified_gmt":"2021-06-25T21:02:18","slug":"lebring-2019","status":"publish","type":"page","link":"https:\/\/www.bhakademiker.org\/de\/lebring-2019\/","title":{"rendered":"Lebring 2019"},"content":{"rendered":"<div class=\"vc_row wpb_row row\"><div class=\"wpb_column vc_column_container vc_col-sm-12\"><div class=\"vc_column-inner\"><div class=\"wpb_wrapper\"><h3 class=\"no-margin-top \" >Lebring 2019<\/h3>\n\t<div class=\"wpb_text_column wpb_content_element \" >\n\t\t<div class=\"wpb_wrapper\">\n\t\t\t<p>Wie jedes Jahr am letzten Sonntag im Oktober, fand auch heuer am 27. Oktober 2019, die Gedenkveranstaltung f\u00fcr die Opfer der Weltkriege am Bosniakenfriedhof in Lebring, s\u00fcdlich von Graz, statt.<br \/>\nSoldatenfriedhof in Lebring beinhaltet 1233 Gr\u00e4ber mit \u00dcberresten von Soldaten aus 19 Infanterieregimenten der k.u.k Armee, davon 805 Bosniaken.<br \/>\nDie bosnische Soldaten bekannten sich damals zur \u00d6sterreichisch-Ungarischen Monarchie mit den Worten: &#8220;Ich schw\u00f6re dem allm\u00e4chtigen Gott, dass ich seiner H\u00f6he, dem Kaiser und K\u00f6nig Franz Joseph dem Ersten treu sein werde, und dass ich alle Befehle meiner \u00dcbergeordneten und H\u00f6heren befolgen werde, sogar wenn dies lebensgef\u00e4hrlich ist&#8221;. Muslimische Bosniaken f\u00fcgten hinzu:\u201eWallahi, Billahi\u201c<\/p>\n<p>Die Bosniaken waren eine Elitetruppe der k.u.k. Armee und man verwendete sie f\u00fcr die schwierigsten milit\u00e4rischen Aufgaben. Es muss etwas besonderes gewesen sein als 200.000 junge M\u00e4nner &#8211; Muslims, Orthodoxe, Katholiken &#8230; Kroaten, Serben oder Nur- Bosniaken &#8211; aus einer Gesamtbev\u00f6lkerung von damals nicht ganz zwei Millionen Einwohnern zu einer soldatischen Einheit von unverbr\u00fcchlicher Solidarit\u00e4t, Kameradschaft und Zuverl\u00e4ssigkeit im Rahmen der k.u.k. Vielv\u00f6lker-Armee zusammengeschmiedet und \u00fcber allerschwersten Pr\u00fcfungen und Opfer zusammengehalten hat. Es war nicht nur der Fez, der einen aus der \u00fcbrigen Armee heraushob, die einheitliche Mannschaft macht auch aus dem Offizierskorps eine starke und entschiedene Einheit, die bis zum Ende durchhielt.<br \/>\nLebring 2019:\u00a0<a href=\"https:\/\/www.youtube.com\/watch?v=jVU3WHbfcwo&amp;feature=youtu.be\">https:\/\/www.youtube.com\/watch?v=jVU3WHbfcwo&amp;feature=youtu.be<\/a><\/p>\n\n\t\t<\/div>\n\t<\/div>\n<\/div><\/div><\/div><\/div><div class=\"vc_row wpb_row row\"><div class=\"wpb_column vc_column_container vc_col-sm-12\"><div class=\"vc_column-inner\"><div class=\"wpb_wrapper\">\n<div class=\"vc_grid-container-wrapper vc_clearfix\">\n\t<div class=\"vc_grid-container vc_clearfix wpb_content_element vc_media_grid\" data-initial-loading-animation=\"fadeIn\" data-vc-grid-settings=\"{&quot;page_id&quot;:1144,&quot;style&quot;:&quot;lazy&quot;,&quot;action&quot;:&quot;vc_get_vc_grid_data&quot;,&quot;shortcode_id&quot;:&quot;1624654813871-651f36e1-e7f1-3&quot;,&quot;items_per_page&quot;:&quot;10&quot;,&quot;tag&quot;:&quot;vc_media_grid&quot;}\" data-vc-request=\"https:\/\/www.bhakademiker.org\/wp-admin\/admin-ajax.php\" data-vc-post-id=\"1144\" data-vc-public-nonce=\"509c50579e\">\n\t\t\n\t<\/div>\n<\/div><\/div><\/div><\/div><\/div>\n","protected":false},"excerpt":{"rendered":"Lebring 2019 Wie jedes Jahr am letzten Sonntag im Oktober, fand auch heuer am 27. Oktober 2019, die Gedenkveranstaltung f\u00fcr die Opfer der Weltkriege am Bosniakenfriedhof in Lebring, s\u00fcdlich von Graz, statt. Soldatenfriedhof in Lebring beinhaltet 1233 Gr\u00e4ber mit \u00dcberresten von Soldaten aus 19 Infanterieregimenten der k.u.k Armee, davon 805 Bosniaken. Die bosnische Soldaten bekannten sich damals zur \u00d6sterreichisch-Ungarischen Monarchie mit den Worten: \"Ich schw\u00f6re dem allm\u00e4chtigen Gott, dass ich seiner H\u00f6he, dem Kaiser und K\u00f6nig Franz Joseph dem Ersten treu sein werde, und dass ich alle Befehle meiner \u00dcbergeordneten und H\u00f6heren befolgen werde, sogar wenn dies lebensgef\u00e4hrlich ist\". Muslimische...","protected":false},"author":1,"featured_media":0,"parent":0,"menu_order":0,"comment_status":"closed","ping_status":"closed","template":"","meta":{"footnotes":""},"class_list":["post-1144","page","type-page","status-publish","hentry"],"yoast_head":"<!-- This site is optimized with the Yoast SEO plugin v20.3 - https:\/\/yoast.com\/wordpress\/plugins\/seo\/ -->\n<title>Lebring 2019 - Gesellschaft Bosnischer Akademiker<\/title>\n<meta name=\"robots\" content=\"index, follow, max-snippet:-1, max-image-preview:large, max-video-preview:-1\" \/>\n<link rel=\"canonical\" href=\"https:\/\/www.bhakademiker.org\/de\/lebring-2019\/\" \/>\n<meta property=\"og:locale\" content=\"de_DE\" \/>\n<meta property=\"og:type\" content=\"article\" \/>\n<meta property=\"og:title\" content=\"Lebring 2019 - Gesellschaft Bosnischer Akademiker\" \/>\n<meta property=\"og:url\" content=\"https:\/\/www.bhakademiker.org\/de\/lebring-2019\/\" \/>\n<meta property=\"og:site_name\" content=\"Gesellschaft Bosnischer Akademiker\" \/>\n<meta property=\"og:image\" content=\"https:\/\/www.bhakademiker.org\/wp-content\/uploads\/2022\/01\/featured-GBAA.png\" \/>\n\t<meta property=\"og:image:width\" content=\"1200\" \/>\n\t<meta property=\"og:image:height\" content=\"630\" \/>\n\t<meta property=\"og:image:type\" content=\"image\/png\" \/>\n<meta name=\"twitter:card\" content=\"summary_large_image\" \/>\n<meta name=\"twitter:label1\" content=\"Gesch\u00e4tzte Lesezeit\" \/>\n\t<meta name=\"twitter:data1\" content=\"1\u00a0Minute\" \/>\n<script type=\"application\/ld+json\" class=\"yoast-schema-graph\">{\"@context\":\"https:\/\/schema.org\",\"@graph\":[{\"@type\":\"WebPage\",\"@id\":\"https:\/\/www.bhakademiker.org\/de\/lebring-2019\/\",\"url\":\"https:\/\/www.bhakademiker.org\/de\/lebring-2019\/\",\"name\":\"Lebring 2019 - Gesellschaft Bosnischer Akademiker\",\"isPartOf\":{\"@id\":\"https:\/\/www.bhakademiker.org\/bs\/#website\"},\"datePublished\":\"2021-06-25T21:02:18+00:00\",\"dateModified\":\"2021-06-25T21:02:18+00:00\",\"breadcrumb\":{\"@id\":\"https:\/\/www.bhakademiker.org\/de\/lebring-2019\/#breadcrumb\"},\"inLanguage\":\"de\",\"potentialAction\":[{\"@type\":\"ReadAction\",\"target\":[\"https:\/\/www.bhakademiker.org\/de\/lebring-2019\/\"]}]},{\"@type\":\"BreadcrumbList\",\"@id\":\"https:\/\/www.bhakademiker.org\/de\/lebring-2019\/#breadcrumb\",\"itemListElement\":[{\"@type\":\"ListItem\",\"position\":1,\"name\":\"Home\",\"item\":\"https:\/\/www.bhakademiker.org\/\"},{\"@type\":\"ListItem\",\"position\":2,\"name\":\"Lebring 2019\"}]},{\"@type\":\"WebSite\",\"@id\":\"https:\/\/www.bhakademiker.org\/bs\/#website\",\"url\":\"https:\/\/www.bhakademiker.org\/bs\/\",\"name\":\"Gesellschaft Bosnischer Akademiker\",\"description\":\"\",\"publisher\":{\"@id\":\"https:\/\/www.bhakademiker.org\/bs\/#organization\"},\"potentialAction\":[{\"@type\":\"SearchAction\",\"target\":{\"@type\":\"EntryPoint\",\"urlTemplate\":\"https:\/\/www.bhakademiker.org\/bs\/?s={search_term_string}\"},\"query-input\":\"required name=search_term_string\"}],\"inLanguage\":\"de\"},{\"@type\":\"Organization\",\"@id\":\"https:\/\/www.bhakademiker.org\/bs\/#organization\",\"name\":\"Gesellschaft Bosnischer Akademiker in \u00d6sterreich\",\"url\":\"https:\/\/www.bhakademiker.org\/bs\/\",\"logo\":{\"@type\":\"ImageObject\",\"inLanguage\":\"de\",\"@id\":\"https:\/\/www.bhakademiker.org\/bs\/#\/schema\/logo\/image\/\",\"url\":\"https:\/\/www.bhakademiker.org\/wp-content\/uploads\/2022\/01\/featured-GBAA.png\",\"contentUrl\":\"https:\/\/www.bhakademiker.org\/wp-content\/uploads\/2022\/01\/featured-GBAA.png\",\"width\":1200,\"height\":630,\"caption\":\"Gesellschaft Bosnischer Akademiker in \u00d6sterreich\"},\"image\":{\"@id\":\"https:\/\/www.bhakademiker.org\/bs\/#\/schema\/logo\/image\/\"}}]}<\/script>\n<!-- \/ Yoast SEO plugin. -->","yoast_head_json":{"title":"Lebring 2019 - Gesellschaft Bosnischer Akademiker","robots":{"index":"index","follow":"follow","max-snippet":"max-snippet:-1","max-image-preview":"max-image-preview:large","max-video-preview":"max-video-preview:-1"},"canonical":"https:\/\/www.bhakademiker.org\/de\/lebring-2019\/","og_locale":"de_DE","og_type":"article","og_title":"Lebring 2019 - Gesellschaft Bosnischer Akademiker","og_url":"https:\/\/www.bhakademiker.org\/de\/lebring-2019\/","og_site_name":"Gesellschaft Bosnischer Akademiker","og_image":[{"width":1200,"height":630,"url":"https:\/\/www.bhakademiker.org\/wp-content\/uploads\/2022\/01\/featured-GBAA.png","type":"image\/png"}],"twitter_card":"summary_large_image","twitter_misc":{"Gesch\u00e4tzte Lesezeit":"1\u00a0Minute"},"schema":{"@context":"https:\/\/schema.org","@graph":[{"@type":"WebPage","@id":"https:\/\/www.bhakademiker.org\/de\/lebring-2019\/","url":"https:\/\/www.bhakademiker.org\/de\/lebring-2019\/","name":"Lebring 2019 - Gesellschaft Bosnischer Akademiker","isPartOf":{"@id":"https:\/\/www.bhakademiker.org\/bs\/#website"},"datePublished":"2021-06-25T21:02:18+00:00","dateModified":"2021-06-25T21:02:18+00:00","breadcrumb":{"@id":"https:\/\/www.bhakademiker.org\/de\/lebring-2019\/#breadcrumb"},"inLanguage":"de","potentialAction":[{"@type":"ReadAction","target":["https:\/\/www.bhakademiker.org\/de\/lebring-2019\/"]}]},{"@type":"BreadcrumbList","@id":"https:\/\/www.bhakademiker.org\/de\/lebring-2019\/#breadcrumb","itemListElement":[{"@type":"ListItem","position":1,"name":"Home","item":"https:\/\/www.bhakademiker.org\/"},{"@type":"ListItem","position":2,"name":"Lebring 2019"}]},{"@type":"WebSite","@id":"https:\/\/www.bhakademiker.org\/bs\/#website","url":"https:\/\/www.bhakademiker.org\/bs\/","name":"Gesellschaft Bosnischer Akademiker","description":"","publisher":{"@id":"https:\/\/www.bhakademiker.org\/bs\/#organization"},"potentialAction":[{"@type":"SearchAction","target":{"@type":"EntryPoint","urlTemplate":"https:\/\/www.bhakademiker.org\/bs\/?s={search_term_string}"},"query-input":"required name=search_term_string"}],"inLanguage":"de"},{"@type":"Organization","@id":"https:\/\/www.bhakademiker.org\/bs\/#organization","name":"Gesellschaft Bosnischer Akademiker in \u00d6sterreich","url":"https:\/\/www.bhakademiker.org\/bs\/","logo":{"@type":"ImageObject","inLanguage":"de","@id":"https:\/\/www.bhakademiker.org\/bs\/#\/schema\/logo\/image\/","url":"https:\/\/www.bhakademiker.org\/wp-content\/uploads\/2022\/01\/featured-GBAA.png","contentUrl":"https:\/\/www.bhakademiker.org\/wp-content\/uploads\/2022\/01\/featured-GBAA.png","width":1200,"height":630,"caption":"Gesellschaft Bosnischer Akademiker in \u00d6sterreich"},"image":{"@id":"https:\/\/www.bhakademiker.org\/bs\/#\/schema\/logo\/image\/"}}]}},"_links":{"self":[{"href":"https:\/\/www.bhakademiker.org\/de\/wp-json\/wp\/v2\/pages\/1144","targetHints":{"allow":["GET"]}}],"collection":[{"href":"https:\/\/www.bhakademiker.org\/de\/wp-json\/wp\/v2\/pages"}],"about":[{"href":"https:\/\/www.bhakademiker.org\/de\/wp-json\/wp\/v2\/types\/page"}],"author":[{"embeddable":true,"href":"https:\/\/www.bhakademiker.org\/de\/wp-json\/wp\/v2\/users\/1"}],"replies":[{"embeddable":true,"href":"https:\/\/www.bhakademiker.org\/de\/wp-json\/wp\/v2\/comments?post=1144"}],"version-history":[{"count":2,"href":"https:\/\/www.bhakademiker.org\/de\/wp-json\/wp\/v2\/pages\/1144\/revisions"}],"predecessor-version":[{"id":1156,"href":"https:\/\/www.bhakademiker.org\/de\/wp-json\/wp\/v2\/pages\/1144\/revisions\/1156"}],"wp:attachment":[{"href":"https:\/\/www.bhakademiker.org\/de\/wp-json\/wp\/v2\/media?parent=1144"}],"curies":[{"name":"wp","href":"https:\/\/api.w.org\/{rel}","templated":true}]}}