{"id":1158,"date":"2021-06-25T23:05:55","date_gmt":"2021-06-25T21:05:55","guid":{"rendered":"https:\/\/www.bhakademiker.org\/?page_id=1158"},"modified":"2022-11-26T13:29:36","modified_gmt":"2022-11-26T12:29:36","slug":"lebring-2018","status":"publish","type":"page","link":"https:\/\/www.bhakademiker.org\/de\/lebring-2018\/","title":{"rendered":"Lebring 2018"},"content":{"rendered":"<div class=\"vc_row wpb_row row\"><div class=\"wpb_column vc_column_container vc_col-sm-12\"><div class=\"vc_column-inner\"><div class=\"wpb_wrapper\"><h3 class=\"no-margin-top \" >Lebring 2018<\/h3>\n\t<div class=\"wpb_text_column wpb_content_element \" >\n\t\t<div class=\"wpb_wrapper\">\n\t\t\t<div style=\"width: 210px\" class=\"wp-caption alignleft\"><img decoding=\"async\" src=\"https:\/\/www.bhakademiker.org\/\/files\/pics\/IMG_4739_200_140.JPG\" alt=\"Lebring 2018 - Bosniakenfriedhof \" width=\"200\" height=\"140\" \/><p class=\"wp-caption-text\">Lebring\/Graz, 28.Nov.2018<\/p><\/div>\n<p>Dieses Jahr zeichnet den hundertsten Jahrestag nach Beendigung des I Weltkrieges. Das hat dem diesj\u00e4hrigen Gedenken f\u00fcr die gefallenen Soldaten eine besondere Bedeutung verliehen. Die Feierlichkeit fand am 28. Oktober in Lebring am Bosniakenfriedhof statt. Der Soldatenfriedhof in Lebring beinhaltet 1233 Gr\u00e4ber mit \u00dcberresten von Soldaten aus 19 Infanterieregimenten der k.u.k Armee, davon 805 Bosniaken.<br \/>\nEin positiver Aspekt der Bosniaken in der k.u.k Zeit war die Multikonfessionalit\u00e4t. Auch wenn jetzt die Bosniaken fast ausschlie\u00dflich als Muslime bezeichnet werden, hatten in der k.u.k Zeit die meisten bosnischen Soldaten einen orthodoxen Glauben. Im Jahr 1911 hatte die k.u.k Armee in Bosnien 24.000 orthodoxe, 19.000 muslimische und 10.000 katholische Bosniaken.<\/p>\n<p><img decoding=\"async\" class=\"alignleft\" src=\"https:\/\/www.bhakademiker.org\/\/files\/pics\/IMG_4745_200_206.JPG\" alt=\"Lebring 2018 - Bosniakenfriedhof \" \/><\/p>\n<p>Die diesj\u00e4hrige Manifestation hatte auch einen multikonfessionellen Charakter mit der Anwesenheit der Vertreter von vier Glaubensgemeinschaften: islamisch, orthodox, katholisch und evangelisch.<\/p>\n<p>Der Bosniakenfriedhof in Lebring ist einen untrennbaren Teil der gemeinsamen Geschichte \u00d6sterreichs und Bosniens und auch einen Beweis f\u00fcr neue Alt\u00f6sterreicher, dass das bosnische Blut schon seit mehr als ein Jahrhundert mit \u00f6sterreichischem Boden verbunden ist.<\/p>\n<p>Zu diesem Anlass, haben wir die Liste aller begrabenen Soldaten in Lebring auf unsere Website gestellt:\u00a0<a title=\"Lebring - gefallene Soldaten\" href=\"https:\/\/www.bhakademiker.org\/wp-content\/uploads\/2022\/11\/Lebring_Gefallene_Soldaten.pdf\" target=\"_blank\" rel=\"noopener\">Lebring &#8211; gefallene Soldaten<\/a><\/p>\n<p>Viele Organisationen aus \u00d6sterreich und Bosnien, sowie Bosniaken, die in \u00d6sterreich leben, haben an dieser Feier teilgenommen:<\/p>\n<ul>\n<li>\u00d6sterreichisches schwarze Kreuz<\/li>\n<li>Gemeinde Lang<\/li>\n<li>LV Steiermark des \u00d6sterreichischen Kameradschaftsbundes<\/li>\n<li>Botschafter der Republik Bosnien und Herzegowina in \u00d6sterreich<\/li>\n<li>Gesellschaft bosnischer Akademiker in \u00d6sterreich<\/li>\n<li>Gesellschaft f\u00fcr Freundschaftsbeziehungen Bosnien und \u00d6sterreich aus Sarajevo<\/li>\n<\/ul>\n<p>Nach der Feier in Lebring hat das bosnische Zentrum in Graz einen Diskussionsabend mit folgendem Thema organisiert: \u201e<strong>Bosnier als nationale Minderheit in \u00d6sterreich<\/strong>\u201c. Der Hauptredner war der Pr\u00e4sident der Gesellschaft bosnischer Akademiker in \u00d6sterreich, Siradj Duhan.<\/p>\n\n\t\t<\/div>\n\t<\/div>\n<\/div><\/div><\/div><\/div><div class=\"vc_row wpb_row row\"><div class=\"wpb_column vc_column_container vc_col-sm-12\"><div class=\"vc_column-inner\"><div class=\"wpb_wrapper\">\n<div class=\"vc_grid-container-wrapper vc_clearfix\">\n\t<div class=\"vc_grid-container vc_clearfix wpb_content_element vc_media_grid\" data-initial-loading-animation=\"fadeIn\" data-vc-grid-settings=\"{&quot;page_id&quot;:1158,&quot;style&quot;:&quot;lazy&quot;,&quot;action&quot;:&quot;vc_get_vc_grid_data&quot;,&quot;shortcode_id&quot;:&quot;1669465694011-6c2691e6-dbc0-6&quot;,&quot;items_per_page&quot;:&quot;10&quot;,&quot;tag&quot;:&quot;vc_media_grid&quot;}\" data-vc-request=\"https:\/\/www.bhakademiker.org\/wp-admin\/admin-ajax.php\" data-vc-post-id=\"1158\" data-vc-public-nonce=\"9ac2271fdf\">\n\t\t\n\t<\/div>\n<\/div><\/div><\/div><\/div><\/div>\n","protected":false},"excerpt":{"rendered":"Lebring 2018 Lebring\/Graz, 28.Nov.2018 Dieses Jahr zeichnet den hundertsten Jahrestag nach Beendigung des I Weltkrieges. Das hat dem diesj\u00e4hrigen Gedenken f\u00fcr die gefallenen Soldaten eine besondere Bedeutung verliehen. Die Feierlichkeit fand am 28. Oktober in Lebring am Bosniakenfriedhof statt. Der Soldatenfriedhof in Lebring beinhaltet 1233 Gr\u00e4ber mit \u00dcberresten von Soldaten aus 19 Infanterieregimenten der k.u.k Armee, davon 805 Bosniaken. Ein positiver Aspekt der Bosniaken in der k.u.k Zeit war die Multikonfessionalit\u00e4t. Auch wenn jetzt die Bosniaken fast ausschlie\u00dflich als Muslime bezeichnet werden, hatten in der k.u.k Zeit die meisten bosnischen Soldaten einen orthodoxen Glauben. Im Jahr 1911 hatte die k.u.k...","protected":false},"author":1,"featured_media":0,"parent":0,"menu_order":0,"comment_status":"closed","ping_status":"closed","template":"","meta":{"footnotes":""},"class_list":["post-1158","page","type-page","status-publish","hentry"],"yoast_head":"<!-- This site is optimized with the Yoast SEO plugin v20.3 - https:\/\/yoast.com\/wordpress\/plugins\/seo\/ -->\n<title>Lebring 2018 - Gesellschaft Bosnischer Akademiker<\/title>\n<meta name=\"robots\" content=\"index, follow, max-snippet:-1, max-image-preview:large, max-video-preview:-1\" \/>\n<link rel=\"canonical\" href=\"https:\/\/www.bhakademiker.org\/de\/lebring-2018\/\" \/>\n<meta property=\"og:locale\" content=\"de_DE\" \/>\n<meta property=\"og:type\" content=\"article\" \/>\n<meta property=\"og:title\" content=\"Lebring 2018 - Gesellschaft Bosnischer Akademiker\" \/>\n<meta property=\"og:url\" content=\"https:\/\/www.bhakademiker.org\/de\/lebring-2018\/\" \/>\n<meta property=\"og:site_name\" content=\"Gesellschaft Bosnischer Akademiker\" \/>\n<meta property=\"article:modified_time\" content=\"2022-11-26T12:29:36+00:00\" \/>\n<meta property=\"og:image\" content=\"https:\/\/www.bhakademiker.org\/\/files\/pics\/IMG_4739_200_140.JPG\" \/>\n<meta name=\"twitter:card\" content=\"summary_large_image\" \/>\n<meta name=\"twitter:label1\" content=\"Gesch\u00e4tzte Lesezeit\" \/>\n\t<meta name=\"twitter:data1\" content=\"2\u00a0Minuten\" \/>\n<script type=\"application\/ld+json\" class=\"yoast-schema-graph\">{\"@context\":\"https:\/\/schema.org\",\"@graph\":[{\"@type\":\"WebPage\",\"@id\":\"https:\/\/www.bhakademiker.org\/lebring-2018\/\",\"url\":\"https:\/\/www.bhakademiker.org\/lebring-2018\/\",\"name\":\"Lebring 2018 - Gesellschaft Bosnischer Akademiker\",\"isPartOf\":{\"@id\":\"https:\/\/www.bhakademiker.org\/bs\/#website\"},\"datePublished\":\"2021-06-25T21:05:55+00:00\",\"dateModified\":\"2022-11-26T12:29:36+00:00\",\"breadcrumb\":{\"@id\":\"https:\/\/www.bhakademiker.org\/lebring-2018\/#breadcrumb\"},\"inLanguage\":\"de\",\"potentialAction\":[{\"@type\":\"ReadAction\",\"target\":[\"https:\/\/www.bhakademiker.org\/lebring-2018\/\"]}]},{\"@type\":\"BreadcrumbList\",\"@id\":\"https:\/\/www.bhakademiker.org\/lebring-2018\/#breadcrumb\",\"itemListElement\":[{\"@type\":\"ListItem\",\"position\":1,\"name\":\"Home\",\"item\":\"https:\/\/www.bhakademiker.org\/\"},{\"@type\":\"ListItem\",\"position\":2,\"name\":\"Lebring 2018\"}]},{\"@type\":\"WebSite\",\"@id\":\"https:\/\/www.bhakademiker.org\/bs\/#website\",\"url\":\"https:\/\/www.bhakademiker.org\/bs\/\",\"name\":\"Gesellschaft Bosnischer Akademiker\",\"description\":\"\",\"publisher\":{\"@id\":\"https:\/\/www.bhakademiker.org\/bs\/#organization\"},\"potentialAction\":[{\"@type\":\"SearchAction\",\"target\":{\"@type\":\"EntryPoint\",\"urlTemplate\":\"https:\/\/www.bhakademiker.org\/bs\/?s={search_term_string}\"},\"query-input\":\"required name=search_term_string\"}],\"inLanguage\":\"de\"},{\"@type\":\"Organization\",\"@id\":\"https:\/\/www.bhakademiker.org\/bs\/#organization\",\"name\":\"Gesellschaft Bosnischer Akademiker in \u00d6sterreich\",\"url\":\"https:\/\/www.bhakademiker.org\/bs\/\",\"logo\":{\"@type\":\"ImageObject\",\"inLanguage\":\"de\",\"@id\":\"https:\/\/www.bhakademiker.org\/bs\/#\/schema\/logo\/image\/\",\"url\":\"https:\/\/www.bhakademiker.org\/wp-content\/uploads\/2022\/01\/featured-GBAA.png\",\"contentUrl\":\"https:\/\/www.bhakademiker.org\/wp-content\/uploads\/2022\/01\/featured-GBAA.png\",\"width\":1200,\"height\":630,\"caption\":\"Gesellschaft Bosnischer Akademiker in \u00d6sterreich\"},\"image\":{\"@id\":\"https:\/\/www.bhakademiker.org\/bs\/#\/schema\/logo\/image\/\"}}]}<\/script>\n<!-- \/ Yoast SEO plugin. -->","yoast_head_json":{"title":"Lebring 2018 - Gesellschaft Bosnischer Akademiker","robots":{"index":"index","follow":"follow","max-snippet":"max-snippet:-1","max-image-preview":"max-image-preview:large","max-video-preview":"max-video-preview:-1"},"canonical":"https:\/\/www.bhakademiker.org\/de\/lebring-2018\/","og_locale":"de_DE","og_type":"article","og_title":"Lebring 2018 - Gesellschaft Bosnischer Akademiker","og_url":"https:\/\/www.bhakademiker.org\/de\/lebring-2018\/","og_site_name":"Gesellschaft Bosnischer Akademiker","article_modified_time":"2022-11-26T12:29:36+00:00","og_image":[{"url":"https:\/\/www.bhakademiker.org\/\/files\/pics\/IMG_4739_200_140.JPG"}],"twitter_card":"summary_large_image","twitter_misc":{"Gesch\u00e4tzte Lesezeit":"2\u00a0Minuten"},"schema":{"@context":"https:\/\/schema.org","@graph":[{"@type":"WebPage","@id":"https:\/\/www.bhakademiker.org\/lebring-2018\/","url":"https:\/\/www.bhakademiker.org\/lebring-2018\/","name":"Lebring 2018 - Gesellschaft Bosnischer Akademiker","isPartOf":{"@id":"https:\/\/www.bhakademiker.org\/bs\/#website"},"datePublished":"2021-06-25T21:05:55+00:00","dateModified":"2022-11-26T12:29:36+00:00","breadcrumb":{"@id":"https:\/\/www.bhakademiker.org\/lebring-2018\/#breadcrumb"},"inLanguage":"de","potentialAction":[{"@type":"ReadAction","target":["https:\/\/www.bhakademiker.org\/lebring-2018\/"]}]},{"@type":"BreadcrumbList","@id":"https:\/\/www.bhakademiker.org\/lebring-2018\/#breadcrumb","itemListElement":[{"@type":"ListItem","position":1,"name":"Home","item":"https:\/\/www.bhakademiker.org\/"},{"@type":"ListItem","position":2,"name":"Lebring 2018"}]},{"@type":"WebSite","@id":"https:\/\/www.bhakademiker.org\/bs\/#website","url":"https:\/\/www.bhakademiker.org\/bs\/","name":"Gesellschaft Bosnischer Akademiker","description":"","publisher":{"@id":"https:\/\/www.bhakademiker.org\/bs\/#organization"},"potentialAction":[{"@type":"SearchAction","target":{"@type":"EntryPoint","urlTemplate":"https:\/\/www.bhakademiker.org\/bs\/?s={search_term_string}"},"query-input":"required name=search_term_string"}],"inLanguage":"de"},{"@type":"Organization","@id":"https:\/\/www.bhakademiker.org\/bs\/#organization","name":"Gesellschaft Bosnischer Akademiker in \u00d6sterreich","url":"https:\/\/www.bhakademiker.org\/bs\/","logo":{"@type":"ImageObject","inLanguage":"de","@id":"https:\/\/www.bhakademiker.org\/bs\/#\/schema\/logo\/image\/","url":"https:\/\/www.bhakademiker.org\/wp-content\/uploads\/2022\/01\/featured-GBAA.png","contentUrl":"https:\/\/www.bhakademiker.org\/wp-content\/uploads\/2022\/01\/featured-GBAA.png","width":1200,"height":630,"caption":"Gesellschaft Bosnischer Akademiker in \u00d6sterreich"},"image":{"@id":"https:\/\/www.bhakademiker.org\/bs\/#\/schema\/logo\/image\/"}}]}},"_links":{"self":[{"href":"https:\/\/www.bhakademiker.org\/de\/wp-json\/wp\/v2\/pages\/1158","targetHints":{"allow":["GET"]}}],"collection":[{"href":"https:\/\/www.bhakademiker.org\/de\/wp-json\/wp\/v2\/pages"}],"about":[{"href":"https:\/\/www.bhakademiker.org\/de\/wp-json\/wp\/v2\/types\/page"}],"author":[{"embeddable":true,"href":"https:\/\/www.bhakademiker.org\/de\/wp-json\/wp\/v2\/users\/1"}],"replies":[{"embeddable":true,"href":"https:\/\/www.bhakademiker.org\/de\/wp-json\/wp\/v2\/comments?post=1158"}],"version-history":[{"count":6,"href":"https:\/\/www.bhakademiker.org\/de\/wp-json\/wp\/v2\/pages\/1158\/revisions"}],"predecessor-version":[{"id":2412,"href":"https:\/\/www.bhakademiker.org\/de\/wp-json\/wp\/v2\/pages\/1158\/revisions\/2412"}],"wp:attachment":[{"href":"https:\/\/www.bhakademiker.org\/de\/wp-json\/wp\/v2\/media?parent=1158"}],"curies":[{"name":"wp","href":"https:\/\/api.w.org\/{rel}","templated":true}]}}