{"id":1178,"date":"2021-06-25T23:15:28","date_gmt":"2021-06-25T21:15:28","guid":{"rendered":"https:\/\/www.bhakademiker.org\/?page_id=1178"},"modified":"2021-06-25T23:15:28","modified_gmt":"2021-06-25T21:15:28","slug":"lebring-2017","status":"publish","type":"page","link":"https:\/\/www.bhakademiker.org\/de\/lebring-2017\/","title":{"rendered":"Lebring 2017"},"content":{"rendered":"<div class=\"vc_row wpb_row row\"><div class=\"wpb_column vc_column_container vc_col-sm-12\"><div class=\"vc_column-inner\"><div class=\"wpb_wrapper\"><h3 class=\"no-margin-top \" >Lebring 2017<\/h3>\n\t<div class=\"wpb_text_column wpb_content_element \" >\n\t\t<div class=\"wpb_wrapper\">\n\t\t\t<p>Wie jedes Jahr am letzten Sonntag im Oktober, fand auch heuer am 29. Oktober 2017, die Gedenkveranstaltung f\u00fcr die Opfer der Weltkriege am Bosniakenfriedhof in Lebring, s\u00fcdlich von Graz, statt.<\/p>\n<p>Viele Teilnehmer aus \u00d6sterreich, Italien, sowie in \u00d6sterreich lebende Bosniaken, nahmen an der Veranstaltung teil. Der Soldatenfriedhof in Lebring beinhaltet 1233 Gr\u00e4ber mit \u00dcberresten von Soldaten aus 19 Infanterieregimenten der k.u.k Armee, davon 805 Bosniaken. Der Rest von 437 Gr\u00e4bern verteilt sich auf &#8211; zumeist &#8211; Kriegsgefangene aus Italien, Rum\u00e4nien, Serbien, Polen und Russland.<\/p>\n<p>Der Bosnikaenfriedhof in Lebring ist ein untrennbarer Teil der gemeinsamen Geschichte \u00d6sterreichs und Bosniens und auch ein Beweis f\u00fcr neue Alt\u00f6sterreicher, dass das bosnisches Blut schon seit mehr als ein Jahrhundert mit \u00f6sterreichischem Boden verbunden ist.<\/p>\n<p>\u00d6sterreichisch-Ungarische Monarchie hat, aus der Sicht uns Bosniaken, positive Spuren am gesamten Territorium des Staates Bosnien und Herzegowina hinterlassen. Mit dem Ausbau der Infrastruktur, der Industrialisierung des Landes, sowie unz\u00e4hligen<br \/>\nBauten, die mit ihrer Architektur an \u00f6sterreichische Bauten erinnern, wurde die Entwicklung der bosnischen Gesellschaft und des Staates gef\u00f6rdert.<\/p>\n<p>Das heutige \u00d6sterreich hat durch Aufnahmen von vielen Fl\u00fcchtlingen aus Bosnien w\u00e4hrend der letzten Aggression, sein gro\u00dfes Herz gezeigt. Viele haben ihr eigenes Hab und Gut verlassen und in \u00d6sterreich eine neue (alte) Heimat gefunden.<br \/>\nDie Gesellschaft Bosnischer Akademiker in \u00d6sterreich, erinnert sich gern an Alt-\u00d6sterreich und wird einen eigenen Beitrag f\u00fcr die Integration von Alt-\u00d6sterreichern (Bosnier) in die neue \u00f6sterreichische Gesellschaft, sowie einen Beitrag zur Entwicklung unserer beiden Staaten leisten.<\/p>\n<p>Die Bilder sind urheberrechtlich gesch\u00fctzt:\u00a0<strong>Adnan Kuljuh<\/strong><\/p>\n\n\t\t<\/div>\n\t<\/div>\n<\/div><\/div><\/div><\/div><div class=\"vc_row wpb_row row\"><div class=\"wpb_column vc_column_container vc_col-sm-12\"><div class=\"vc_column-inner\"><div class=\"wpb_wrapper\">\n<div class=\"vc_grid-container-wrapper vc_clearfix\">\n\t<div class=\"vc_grid-container vc_clearfix wpb_content_element vc_media_grid\" data-initial-loading-animation=\"fadeIn\" data-vc-grid-settings=\"{&quot;page_id&quot;:1178,&quot;style&quot;:&quot;lazy&quot;,&quot;action&quot;:&quot;vc_get_vc_grid_data&quot;,&quot;shortcode_id&quot;:&quot;1624655515813-22b7f68c-9454-5&quot;,&quot;items_per_page&quot;:&quot;10&quot;,&quot;tag&quot;:&quot;vc_media_grid&quot;}\" data-vc-request=\"https:\/\/www.bhakademiker.org\/wp-admin\/admin-ajax.php\" data-vc-post-id=\"1178\" data-vc-public-nonce=\"5107aae25e\">\n\t\t\n\t<\/div>\n<\/div><\/div><\/div><\/div><\/div>\n","protected":false},"excerpt":{"rendered":"Lebring 2017 Wie jedes Jahr am letzten Sonntag im Oktober, fand auch heuer am 29. Oktober 2017, die Gedenkveranstaltung f\u00fcr die Opfer der Weltkriege am Bosniakenfriedhof in Lebring, s\u00fcdlich von Graz, statt. Viele Teilnehmer aus \u00d6sterreich, Italien, sowie in \u00d6sterreich lebende Bosniaken, nahmen an der Veranstaltung teil. Der Soldatenfriedhof in Lebring beinhaltet 1233 Gr\u00e4ber mit \u00dcberresten von Soldaten aus 19 Infanterieregimenten der k.u.k Armee, davon 805 Bosniaken. Der Rest von 437 Gr\u00e4bern verteilt sich auf - zumeist - Kriegsgefangene aus Italien, Rum\u00e4nien, Serbien, Polen und Russland. Der Bosnikaenfriedhof in Lebring ist ein untrennbarer Teil der gemeinsamen Geschichte \u00d6sterreichs und Bosniens...","protected":false},"author":1,"featured_media":0,"parent":0,"menu_order":0,"comment_status":"closed","ping_status":"closed","template":"","meta":{"footnotes":""},"class_list":["post-1178","page","type-page","status-publish","hentry"],"yoast_head":"<!-- This site is optimized with the Yoast SEO plugin v20.3 - https:\/\/yoast.com\/wordpress\/plugins\/seo\/ -->\n<title>Lebring 2017 - Gesellschaft Bosnischer Akademiker<\/title>\n<meta name=\"robots\" content=\"index, follow, max-snippet:-1, max-image-preview:large, max-video-preview:-1\" \/>\n<link rel=\"canonical\" href=\"https:\/\/www.bhakademiker.org\/de\/lebring-2017\/\" \/>\n<meta property=\"og:locale\" content=\"de_DE\" \/>\n<meta property=\"og:type\" content=\"article\" \/>\n<meta property=\"og:title\" content=\"Lebring 2017 - Gesellschaft Bosnischer Akademiker\" \/>\n<meta property=\"og:url\" content=\"https:\/\/www.bhakademiker.org\/de\/lebring-2017\/\" \/>\n<meta property=\"og:site_name\" content=\"Gesellschaft Bosnischer Akademiker\" \/>\n<meta property=\"og:image\" content=\"https:\/\/www.bhakademiker.org\/wp-content\/uploads\/2022\/01\/featured-GBAA.png\" \/>\n\t<meta property=\"og:image:width\" content=\"1200\" \/>\n\t<meta property=\"og:image:height\" content=\"630\" \/>\n\t<meta property=\"og:image:type\" content=\"image\/png\" \/>\n<meta name=\"twitter:card\" content=\"summary_large_image\" \/>\n<meta name=\"twitter:label1\" content=\"Gesch\u00e4tzte Lesezeit\" \/>\n\t<meta name=\"twitter:data1\" content=\"2\u00a0Minuten\" \/>\n<script type=\"application\/ld+json\" class=\"yoast-schema-graph\">{\"@context\":\"https:\/\/schema.org\",\"@graph\":[{\"@type\":\"WebPage\",\"@id\":\"https:\/\/www.bhakademiker.org\/de\/lebring-2017\/\",\"url\":\"https:\/\/www.bhakademiker.org\/de\/lebring-2017\/\",\"name\":\"Lebring 2017 - Gesellschaft Bosnischer Akademiker\",\"isPartOf\":{\"@id\":\"https:\/\/www.bhakademiker.org\/bs\/#website\"},\"datePublished\":\"2021-06-25T21:15:28+00:00\",\"dateModified\":\"2021-06-25T21:15:28+00:00\",\"breadcrumb\":{\"@id\":\"https:\/\/www.bhakademiker.org\/de\/lebring-2017\/#breadcrumb\"},\"inLanguage\":\"de\",\"potentialAction\":[{\"@type\":\"ReadAction\",\"target\":[\"https:\/\/www.bhakademiker.org\/de\/lebring-2017\/\"]}]},{\"@type\":\"BreadcrumbList\",\"@id\":\"https:\/\/www.bhakademiker.org\/de\/lebring-2017\/#breadcrumb\",\"itemListElement\":[{\"@type\":\"ListItem\",\"position\":1,\"name\":\"Home\",\"item\":\"https:\/\/www.bhakademiker.org\/\"},{\"@type\":\"ListItem\",\"position\":2,\"name\":\"Lebring 2017\"}]},{\"@type\":\"WebSite\",\"@id\":\"https:\/\/www.bhakademiker.org\/bs\/#website\",\"url\":\"https:\/\/www.bhakademiker.org\/bs\/\",\"name\":\"Gesellschaft Bosnischer Akademiker\",\"description\":\"\",\"publisher\":{\"@id\":\"https:\/\/www.bhakademiker.org\/bs\/#organization\"},\"potentialAction\":[{\"@type\":\"SearchAction\",\"target\":{\"@type\":\"EntryPoint\",\"urlTemplate\":\"https:\/\/www.bhakademiker.org\/bs\/?s={search_term_string}\"},\"query-input\":\"required name=search_term_string\"}],\"inLanguage\":\"de\"},{\"@type\":\"Organization\",\"@id\":\"https:\/\/www.bhakademiker.org\/bs\/#organization\",\"name\":\"Gesellschaft Bosnischer Akademiker in \u00d6sterreich\",\"url\":\"https:\/\/www.bhakademiker.org\/bs\/\",\"logo\":{\"@type\":\"ImageObject\",\"inLanguage\":\"de\",\"@id\":\"https:\/\/www.bhakademiker.org\/bs\/#\/schema\/logo\/image\/\",\"url\":\"https:\/\/www.bhakademiker.org\/wp-content\/uploads\/2022\/01\/featured-GBAA.png\",\"contentUrl\":\"https:\/\/www.bhakademiker.org\/wp-content\/uploads\/2022\/01\/featured-GBAA.png\",\"width\":1200,\"height\":630,\"caption\":\"Gesellschaft Bosnischer Akademiker in \u00d6sterreich\"},\"image\":{\"@id\":\"https:\/\/www.bhakademiker.org\/bs\/#\/schema\/logo\/image\/\"}}]}<\/script>\n<!-- \/ Yoast SEO plugin. -->","yoast_head_json":{"title":"Lebring 2017 - Gesellschaft Bosnischer Akademiker","robots":{"index":"index","follow":"follow","max-snippet":"max-snippet:-1","max-image-preview":"max-image-preview:large","max-video-preview":"max-video-preview:-1"},"canonical":"https:\/\/www.bhakademiker.org\/de\/lebring-2017\/","og_locale":"de_DE","og_type":"article","og_title":"Lebring 2017 - Gesellschaft Bosnischer Akademiker","og_url":"https:\/\/www.bhakademiker.org\/de\/lebring-2017\/","og_site_name":"Gesellschaft Bosnischer Akademiker","og_image":[{"width":1200,"height":630,"url":"https:\/\/www.bhakademiker.org\/wp-content\/uploads\/2022\/01\/featured-GBAA.png","type":"image\/png"}],"twitter_card":"summary_large_image","twitter_misc":{"Gesch\u00e4tzte Lesezeit":"2\u00a0Minuten"},"schema":{"@context":"https:\/\/schema.org","@graph":[{"@type":"WebPage","@id":"https:\/\/www.bhakademiker.org\/de\/lebring-2017\/","url":"https:\/\/www.bhakademiker.org\/de\/lebring-2017\/","name":"Lebring 2017 - Gesellschaft Bosnischer Akademiker","isPartOf":{"@id":"https:\/\/www.bhakademiker.org\/bs\/#website"},"datePublished":"2021-06-25T21:15:28+00:00","dateModified":"2021-06-25T21:15:28+00:00","breadcrumb":{"@id":"https:\/\/www.bhakademiker.org\/de\/lebring-2017\/#breadcrumb"},"inLanguage":"de","potentialAction":[{"@type":"ReadAction","target":["https:\/\/www.bhakademiker.org\/de\/lebring-2017\/"]}]},{"@type":"BreadcrumbList","@id":"https:\/\/www.bhakademiker.org\/de\/lebring-2017\/#breadcrumb","itemListElement":[{"@type":"ListItem","position":1,"name":"Home","item":"https:\/\/www.bhakademiker.org\/"},{"@type":"ListItem","position":2,"name":"Lebring 2017"}]},{"@type":"WebSite","@id":"https:\/\/www.bhakademiker.org\/bs\/#website","url":"https:\/\/www.bhakademiker.org\/bs\/","name":"Gesellschaft Bosnischer Akademiker","description":"","publisher":{"@id":"https:\/\/www.bhakademiker.org\/bs\/#organization"},"potentialAction":[{"@type":"SearchAction","target":{"@type":"EntryPoint","urlTemplate":"https:\/\/www.bhakademiker.org\/bs\/?s={search_term_string}"},"query-input":"required name=search_term_string"}],"inLanguage":"de"},{"@type":"Organization","@id":"https:\/\/www.bhakademiker.org\/bs\/#organization","name":"Gesellschaft Bosnischer Akademiker in \u00d6sterreich","url":"https:\/\/www.bhakademiker.org\/bs\/","logo":{"@type":"ImageObject","inLanguage":"de","@id":"https:\/\/www.bhakademiker.org\/bs\/#\/schema\/logo\/image\/","url":"https:\/\/www.bhakademiker.org\/wp-content\/uploads\/2022\/01\/featured-GBAA.png","contentUrl":"https:\/\/www.bhakademiker.org\/wp-content\/uploads\/2022\/01\/featured-GBAA.png","width":1200,"height":630,"caption":"Gesellschaft Bosnischer Akademiker in \u00d6sterreich"},"image":{"@id":"https:\/\/www.bhakademiker.org\/bs\/#\/schema\/logo\/image\/"}}]}},"_links":{"self":[{"href":"https:\/\/www.bhakademiker.org\/de\/wp-json\/wp\/v2\/pages\/1178","targetHints":{"allow":["GET"]}}],"collection":[{"href":"https:\/\/www.bhakademiker.org\/de\/wp-json\/wp\/v2\/pages"}],"about":[{"href":"https:\/\/www.bhakademiker.org\/de\/wp-json\/wp\/v2\/types\/page"}],"author":[{"embeddable":true,"href":"https:\/\/www.bhakademiker.org\/de\/wp-json\/wp\/v2\/users\/1"}],"replies":[{"embeddable":true,"href":"https:\/\/www.bhakademiker.org\/de\/wp-json\/wp\/v2\/comments?post=1178"}],"version-history":[{"count":1,"href":"https:\/\/www.bhakademiker.org\/de\/wp-json\/wp\/v2\/pages\/1178\/revisions"}],"predecessor-version":[{"id":1209,"href":"https:\/\/www.bhakademiker.org\/de\/wp-json\/wp\/v2\/pages\/1178\/revisions\/1209"}],"wp:attachment":[{"href":"https:\/\/www.bhakademiker.org\/de\/wp-json\/wp\/v2\/media?parent=1178"}],"curies":[{"name":"wp","href":"https:\/\/api.w.org\/{rel}","templated":true}]}}