{"id":1212,"date":"2021-06-25T23:19:24","date_gmt":"2021-06-25T21:19:24","guid":{"rendered":"https:\/\/www.bhakademiker.org\/?page_id=1212"},"modified":"2024-09-02T09:27:38","modified_gmt":"2024-09-02T07:27:38","slug":"monte-meletta","status":"publish","type":"page","link":"https:\/\/www.bhakademiker.org\/de\/monte-meletta\/","title":{"rendered":"MONTE MELETTA"},"content":{"rendered":"<div class=\"vc_row wpb_row row\"><div class=\"wpb_column vc_column_container vc_col-sm-12\"><div class=\"vc_column-inner\"><div class=\"wpb_wrapper\"><h3 class=\"no-margin-top \" >MONTE MELETTA<\/h3>\n\t<div class=\"wpb_text_column wpb_content_element \" >\n\t\t<div class=\"wpb_wrapper\">\n\t\t\t<p>Im Juni 1916 erst\u00fcrmte das Zweite bosnisch-herzegowinische Regiment der alten \u00f6sterreichisch-ungarischen Armee an der Alpenfront gegen Italien den vom Gegner stark befestigten Monte Meletta. Die Operation am Monte Meletta, geleitet von Stevo Duji\u0107, dauerte sieben Tage und forderte einen sehr hohen Preis, da es auf beiden Seiten erschreckend gro\u00dfe Verluste gab. Wie so oft bewiesen die Bosnier auch diesmal ihre Tapferkeit, milit\u00e4rische Disziplin und Treue.<\/p>\n<p>Die Bosnier, oder damals Bosniaken aller drei Glaubensgemeinschaften, aus dem heldenhaften Zweiten bosnisch-herzegowinischen Regiment vollbrachten eine Heldentat, indem sie die italienische Armee besiegten und den uneinnehmbaren Berg Meletta eroberten. Die Legende \u00fcber das bosnisch-herzegowinische Infanterieregiment Nr. 2 &#8211; eine Elitetruppe der \u00f6sterreichischen Armee &#8211; lebt auch heute weiter; eine Legende \u00fcber jene, f\u00fcr die Niederlage ein Fremdwort war, vom Isonzo bis zum Dnjestr. Ein Teil dieser Geschichte ist auch der Ruf \u201eDie Bosniaken kommen!\u201c, der auch heute beim \u00f6sterreichischen Bundesheer als Synonym f\u00fcr Tapferkeit gilt.<\/p>\n<p>Dieses Zweite Bosniaken-Regiment war das meistausgezeichnete Regiment der gesamten Armee. Die Zweierbosniaken hatten wohl die meisten Tapferkeitsmedaillen erhalten, und mit Oberleutnant Gojkomir Glogovac hatte das Regiment sogar einen Tr\u00e4ger der h\u00f6chsten Auszeichnung, des Milit\u00e4r-Maria-Theresien-Ordens.<\/p>\n<p>Leider hat die Menschheit aus dem Ersten Weltkrieg wenig gelernt, wie der darauffolgende Zweite Weltkrieg zeigte. Die blo\u00dfe Hoffnung, dass es keinen dritten Weltkrieg geben wird, ist nicht ausreichend. Es bedarf aktiver Arbeit und Engagements f\u00fcr den Frieden.<\/p>\n<p>Das Zweier-Bosniaken-Regiment aus dem Erg\u00e4nzungsbezirk Banja Luka, zu dem damals auch Biha\u0107 und Cazin geh\u00f6rten, bestand beispielsweise zu Kriegsbeginn 1914 aus fast 50 Prozent serbisch-orthodoxen, etwa 35 Prozent muslimischen und ungef\u00e4hr 15 Prozent kroatisch-katholischen Soldaten. Dazu kam ein geringer Anteil j\u00fcdischer und andersgl\u00e4ubiger Soldaten. War das damals ein Thema oder gar ein Problem? Im Gegenteil: Allen war klar, dass die Aufgaben nur gemeinsam erf\u00fcllt werden konnten, nicht nebeneinander und schon gar nicht gegeneinander! Und genau das ist es, was wir alle aus unserer gemeinsamen Geschichte in unsere Gegenwart mitnehmen und f\u00fcr die Zukunft bewahren m\u00fcssen. Es gilt, sich \u00fcber den Gr\u00e4bern der Gefallenen die H\u00e4nde zu reichen und so den Frieden zu bewahren! Damals waren Italiener und unsere Vorfahren Feinde, heute sind wir, Italiener, Bosnier und \u00d6sterreicher, gute Freunde.<\/p>\n<p>Seit 1917 findet diese traditionelle Gedenkveranstaltung statt. Zun\u00e4chst in Graz abgehalten, wechselt der Ort der vom \u00d6sterreichischen Schwarzen Kreuz (\u00d6SK) veranstalteten Zeremonie seit 1996 zwischen Bosnien, Italien und \u00d6sterreich. Dabei wird nicht der Sieg gefeiert, sondern eine eindringliche Mahnung an Kriegstreiber gesandt, die selbst nie an der Front stehen. Diese Veranstaltung ist als Friedensprojekt einzigartig und verdient gr\u00f6\u00dfere Anerkennung. Das gemeinsame, friedliche Feiern von Italienern, Bosniern und \u00d6sterreichern zeigt, dass auch andere Nationen Vorurteile \u00fcberwinden k\u00f6nnen.<\/p>\n<p><strong><br \/>\nHauptmann, Sigmund Gandini 1931.:<\/strong><\/p>\n<p>\u201eWir \u00d6sterreicher haben guten Grund, uns der S\u00f6hne Bosniens und der Herzegowina dauernd und dankbar zu erinnern\u201c<\/p>\n<p><img decoding=\"async\" src=\"https:\/\/www.bhakademiker.org\/\/files\/pics\/Dr.Adolf%20Sch%C3%A4rf.png\" alt=\"\" \/><\/p>\n\n\t\t<\/div>\n\t<\/div>\n<\/div><\/div><\/div><\/div>\n","protected":false},"excerpt":{"rendered":"MONTE MELETTA Im Juni 1916 erst\u00fcrmte das Zweite bosnisch-herzegowinische Regiment der alten \u00f6sterreichisch-ungarischen Armee an der Alpenfront gegen Italien den vom Gegner stark befestigten Monte Meletta. Die Operation am Monte Meletta, geleitet von Stevo Duji\u0107, dauerte sieben Tage und forderte einen sehr hohen Preis, da es auf beiden Seiten erschreckend gro\u00dfe Verluste gab. Wie so oft bewiesen die Bosnier auch diesmal ihre Tapferkeit, milit\u00e4rische Disziplin und Treue. Die Bosnier, oder damals Bosniaken aller drei Glaubensgemeinschaften, aus dem heldenhaften Zweiten bosnisch-herzegowinischen Regiment vollbrachten eine Heldentat, indem sie die italienische Armee besiegten und den uneinnehmbaren Berg Meletta eroberten. Die Legende \u00fcber das...","protected":false},"author":1,"featured_media":0,"parent":0,"menu_order":0,"comment_status":"closed","ping_status":"closed","template":"","meta":{"footnotes":""},"class_list":["post-1212","page","type-page","status-publish","hentry"],"yoast_head":"<!-- This site is optimized with the Yoast SEO plugin v20.3 - https:\/\/yoast.com\/wordpress\/plugins\/seo\/ -->\n<title>MONTE MELETTA - Gesellschaft Bosnischer Akademiker<\/title>\n<meta name=\"robots\" content=\"index, follow, max-snippet:-1, max-image-preview:large, max-video-preview:-1\" \/>\n<link rel=\"canonical\" href=\"https:\/\/www.bhakademiker.org\/de\/monte-meletta\/\" \/>\n<meta property=\"og:locale\" content=\"de_DE\" \/>\n<meta property=\"og:type\" content=\"article\" \/>\n<meta property=\"og:title\" content=\"MONTE MELETTA - Gesellschaft Bosnischer Akademiker\" \/>\n<meta property=\"og:url\" content=\"https:\/\/www.bhakademiker.org\/de\/monte-meletta\/\" \/>\n<meta property=\"og:site_name\" content=\"Gesellschaft Bosnischer Akademiker\" \/>\n<meta property=\"article:modified_time\" content=\"2024-09-02T07:27:38+00:00\" \/>\n<meta property=\"og:image\" content=\"https:\/\/www.bhakademiker.org\/\/files\/pics\/Dr.Adolf%20Sch%C3%A4rf.png\" \/>\n<meta name=\"twitter:card\" content=\"summary_large_image\" \/>\n<meta name=\"twitter:label1\" content=\"Gesch\u00e4tzte Lesezeit\" \/>\n\t<meta name=\"twitter:data1\" content=\"3\u00a0Minuten\" \/>\n<script type=\"application\/ld+json\" class=\"yoast-schema-graph\">{\"@context\":\"https:\/\/schema.org\",\"@graph\":[{\"@type\":\"WebPage\",\"@id\":\"https:\/\/www.bhakademiker.org\/monte-meletta\/\",\"url\":\"https:\/\/www.bhakademiker.org\/monte-meletta\/\",\"name\":\"MONTE MELETTA - Gesellschaft Bosnischer Akademiker\",\"isPartOf\":{\"@id\":\"https:\/\/www.bhakademiker.org\/bs\/#website\"},\"datePublished\":\"2021-06-25T21:19:24+00:00\",\"dateModified\":\"2024-09-02T07:27:38+00:00\",\"breadcrumb\":{\"@id\":\"https:\/\/www.bhakademiker.org\/monte-meletta\/#breadcrumb\"},\"inLanguage\":\"de\",\"potentialAction\":[{\"@type\":\"ReadAction\",\"target\":[\"https:\/\/www.bhakademiker.org\/monte-meletta\/\"]}]},{\"@type\":\"BreadcrumbList\",\"@id\":\"https:\/\/www.bhakademiker.org\/monte-meletta\/#breadcrumb\",\"itemListElement\":[{\"@type\":\"ListItem\",\"position\":1,\"name\":\"Home\",\"item\":\"https:\/\/www.bhakademiker.org\/\"},{\"@type\":\"ListItem\",\"position\":2,\"name\":\"MONTE MELETTA\"}]},{\"@type\":\"WebSite\",\"@id\":\"https:\/\/www.bhakademiker.org\/bs\/#website\",\"url\":\"https:\/\/www.bhakademiker.org\/bs\/\",\"name\":\"Gesellschaft Bosnischer Akademiker\",\"description\":\"\",\"publisher\":{\"@id\":\"https:\/\/www.bhakademiker.org\/bs\/#organization\"},\"potentialAction\":[{\"@type\":\"SearchAction\",\"target\":{\"@type\":\"EntryPoint\",\"urlTemplate\":\"https:\/\/www.bhakademiker.org\/bs\/?s={search_term_string}\"},\"query-input\":\"required name=search_term_string\"}],\"inLanguage\":\"de\"},{\"@type\":\"Organization\",\"@id\":\"https:\/\/www.bhakademiker.org\/bs\/#organization\",\"name\":\"Gesellschaft Bosnischer Akademiker in \u00d6sterreich\",\"url\":\"https:\/\/www.bhakademiker.org\/bs\/\",\"logo\":{\"@type\":\"ImageObject\",\"inLanguage\":\"de\",\"@id\":\"https:\/\/www.bhakademiker.org\/bs\/#\/schema\/logo\/image\/\",\"url\":\"https:\/\/www.bhakademiker.org\/wp-content\/uploads\/2022\/01\/featured-GBAA.png\",\"contentUrl\":\"https:\/\/www.bhakademiker.org\/wp-content\/uploads\/2022\/01\/featured-GBAA.png\",\"width\":1200,\"height\":630,\"caption\":\"Gesellschaft Bosnischer Akademiker in \u00d6sterreich\"},\"image\":{\"@id\":\"https:\/\/www.bhakademiker.org\/bs\/#\/schema\/logo\/image\/\"}}]}<\/script>\n<!-- \/ Yoast SEO plugin. -->","yoast_head_json":{"title":"MONTE MELETTA - Gesellschaft Bosnischer Akademiker","robots":{"index":"index","follow":"follow","max-snippet":"max-snippet:-1","max-image-preview":"max-image-preview:large","max-video-preview":"max-video-preview:-1"},"canonical":"https:\/\/www.bhakademiker.org\/de\/monte-meletta\/","og_locale":"de_DE","og_type":"article","og_title":"MONTE MELETTA - Gesellschaft Bosnischer Akademiker","og_url":"https:\/\/www.bhakademiker.org\/de\/monte-meletta\/","og_site_name":"Gesellschaft Bosnischer Akademiker","article_modified_time":"2024-09-02T07:27:38+00:00","og_image":[{"url":"https:\/\/www.bhakademiker.org\/\/files\/pics\/Dr.Adolf%20Sch%C3%A4rf.png"}],"twitter_card":"summary_large_image","twitter_misc":{"Gesch\u00e4tzte Lesezeit":"3\u00a0Minuten"},"schema":{"@context":"https:\/\/schema.org","@graph":[{"@type":"WebPage","@id":"https:\/\/www.bhakademiker.org\/monte-meletta\/","url":"https:\/\/www.bhakademiker.org\/monte-meletta\/","name":"MONTE MELETTA - Gesellschaft Bosnischer Akademiker","isPartOf":{"@id":"https:\/\/www.bhakademiker.org\/bs\/#website"},"datePublished":"2021-06-25T21:19:24+00:00","dateModified":"2024-09-02T07:27:38+00:00","breadcrumb":{"@id":"https:\/\/www.bhakademiker.org\/monte-meletta\/#breadcrumb"},"inLanguage":"de","potentialAction":[{"@type":"ReadAction","target":["https:\/\/www.bhakademiker.org\/monte-meletta\/"]}]},{"@type":"BreadcrumbList","@id":"https:\/\/www.bhakademiker.org\/monte-meletta\/#breadcrumb","itemListElement":[{"@type":"ListItem","position":1,"name":"Home","item":"https:\/\/www.bhakademiker.org\/"},{"@type":"ListItem","position":2,"name":"MONTE MELETTA"}]},{"@type":"WebSite","@id":"https:\/\/www.bhakademiker.org\/bs\/#website","url":"https:\/\/www.bhakademiker.org\/bs\/","name":"Gesellschaft Bosnischer Akademiker","description":"","publisher":{"@id":"https:\/\/www.bhakademiker.org\/bs\/#organization"},"potentialAction":[{"@type":"SearchAction","target":{"@type":"EntryPoint","urlTemplate":"https:\/\/www.bhakademiker.org\/bs\/?s={search_term_string}"},"query-input":"required name=search_term_string"}],"inLanguage":"de"},{"@type":"Organization","@id":"https:\/\/www.bhakademiker.org\/bs\/#organization","name":"Gesellschaft Bosnischer Akademiker in \u00d6sterreich","url":"https:\/\/www.bhakademiker.org\/bs\/","logo":{"@type":"ImageObject","inLanguage":"de","@id":"https:\/\/www.bhakademiker.org\/bs\/#\/schema\/logo\/image\/","url":"https:\/\/www.bhakademiker.org\/wp-content\/uploads\/2022\/01\/featured-GBAA.png","contentUrl":"https:\/\/www.bhakademiker.org\/wp-content\/uploads\/2022\/01\/featured-GBAA.png","width":1200,"height":630,"caption":"Gesellschaft Bosnischer Akademiker in \u00d6sterreich"},"image":{"@id":"https:\/\/www.bhakademiker.org\/bs\/#\/schema\/logo\/image\/"}}]}},"_links":{"self":[{"href":"https:\/\/www.bhakademiker.org\/de\/wp-json\/wp\/v2\/pages\/1212","targetHints":{"allow":["GET"]}}],"collection":[{"href":"https:\/\/www.bhakademiker.org\/de\/wp-json\/wp\/v2\/pages"}],"about":[{"href":"https:\/\/www.bhakademiker.org\/de\/wp-json\/wp\/v2\/types\/page"}],"author":[{"embeddable":true,"href":"https:\/\/www.bhakademiker.org\/de\/wp-json\/wp\/v2\/users\/1"}],"replies":[{"embeddable":true,"href":"https:\/\/www.bhakademiker.org\/de\/wp-json\/wp\/v2\/comments?post=1212"}],"version-history":[{"count":9,"href":"https:\/\/www.bhakademiker.org\/de\/wp-json\/wp\/v2\/pages\/1212\/revisions"}],"predecessor-version":[{"id":3437,"href":"https:\/\/www.bhakademiker.org\/de\/wp-json\/wp\/v2\/pages\/1212\/revisions\/3437"}],"wp:attachment":[{"href":"https:\/\/www.bhakademiker.org\/de\/wp-json\/wp\/v2\/media?parent=1212"}],"curies":[{"name":"wp","href":"https:\/\/api.w.org\/{rel}","templated":true}]}}