{"id":1240,"date":"2021-06-25T23:30:55","date_gmt":"2021-06-25T21:30:55","guid":{"rendered":"https:\/\/www.bhakademiker.org\/?page_id=1240"},"modified":"2021-06-25T23:49:08","modified_gmt":"2021-06-25T21:49:08","slug":"830-geburtstag-bosniens","status":"publish","type":"page","link":"https:\/\/www.bhakademiker.org\/de\/830-geburtstag-bosniens\/","title":{"rendered":"830. Geburtstag Bosniens"},"content":{"rendered":"<div class=\"vc_row wpb_row row\"><div class=\"wpb_column vc_column_container vc_col-sm-12\"><div class=\"vc_column-inner\"><div class=\"wpb_wrapper\"><h3 class=\"no-margin-top \" >830. Geburtstag Bosniens<\/h3>\n\t<div class=\"wpb_text_column wpb_content_element \" >\n\t\t<div class=\"wpb_wrapper\">\n\t\t\t<h3 style=\"text-align: center;\"><strong>830. Geburtstages Bosniens \/ Povelja des Ban Kulin<\/strong><br \/>\n(Vertrag zwischen Bosnien und Dubrovnik 29.August 1189.)<\/h3>\n<p>Reiseschriftsteller des Mittelalters haben uns Bosniern (aller Glaubensrichtungen!) den Namen \u201egute Bosnier\u201c gegeben. Und sie wussten sehr gut, warum dieses Volk gut war.<\/p>\n<p>K\u00f6nnen wir denn wieder gute Bosnier sein?<\/p>\n<p>Mit dem Ziel des Bewusstwerdens eines bosnischen Individuums bzw. des Bosnientums, organisierte die Gesellschaft Bosnischer Akademiker in \u00d6sterreich anl\u00e4sslich des Geburtstags Bosniens die Feierlichkeiten.<br \/>\nAm 11. Oktober 2019 wurde dementsprechend der Tag gefeiert, an dem die \u201ePovelja Kulina Bana\u201c (29. August 1189) unterzeichnet wurde.<\/p>\n<p>Die Feierlichkeit wurde von Senada Duhan mit einer Rezitation des Liedes \u201eZapis o zemlji\u201c von Mak Dizdar eingeleitet.<\/p>\n<p><img decoding=\"async\" class=\"img-responsive alignleft\" title=\"830. Geburtstag Bosniens - Povelja des Ban Kulin\" src=\"https:\/\/www.bhakademiker.org\/\/files\/pics\/slika_1.jpg\" alt=\"830. Geburtstag Bosniens - Povelja des Ban Kulin\" \/><img decoding=\"async\" class=\"img-responsive alignleft\" title=\"830. Geburtstag Bosniens - Povelja des Ban Kulin\" src=\"https:\/\/www.bhakademiker.org\/\/files\/pics\/slika_2.jpg\" alt=\"830. Geburtstag Bosniens - Povelja des Ban Kulin\" \/><\/p>\n<p>&nbsp;<\/p>\n<p>&nbsp;<\/p>\n<p>&nbsp;<\/p>\n<p>&nbsp;<\/p>\n<p>&nbsp;<\/p>\n<p>&nbsp;<\/p>\n<p>&nbsp;<\/p>\n<p>Im Anschluss dieses k\u00fcnstlerischen Beitrages er\u00f6ffnete der Gr\u00fcnder der Gesellschaft, Sira\u0111 Duhan, offiziell den ereignisreichen Abend mit einigen Worten, in denen er die Gr\u00fcnde und die Wichtigkeit der Feierlichkeiten erl\u00e4uterte:<\/p>\n<p>&nbsp;<\/p>\n<p><img decoding=\"async\" class=\"img-responsive alignleft\" title=\"830. Geburtstag Bosniens - Povelja des Ban Kulin\" src=\"https:\/\/www.bhakademiker.org\/\/files\/pics\/slika_3.jpg\" alt=\"830. Geburtstag Bosniens - Povelja des Ban Kulin\" \/>Heute Abend feiern wir gemeinsam 830. Geburtstag Bosniens und 25. Geburtstag GBAA unter dem Motto: \u201eBosnier sind anders\u201c<br \/>\nDas kollektive Ged\u00e4chtnis \u00fcber die Anf\u00e4nge Bosniens sind mit dem Ban Kulin verbunden. Seit Kulin Ban, welcher den ungest\u00f6rten Handel f\u00fcr die Dubrovniker in Bosnien erlaubte, zeigen die Bosnier immer noch, dass sie anders sind. Einer der Beweise f\u00fcr diese Behauptung wird von der Univ.-Prof. Nada Klajic in ihrem Buch \u201eMittelalterliches Bosnien\u201c folglich zitiert: Ban Stjepan II. leistet zuerst einen Eid vor den Zeugen \u201egute Bosnier\u201c, erst dann vor \u201eder ganzen Kirche und vor Bosnien\u201c.<\/p>\n<p>&nbsp;<\/p>\n<p><strong><u><br \/>\nEs folgten die Gastredner:<\/u><\/strong><\/p>\n<p><img decoding=\"async\" class=\"img-responsive alignleft\" title=\"830. Geburtstag Bosniens - Povelja des Ban Kulin\" src=\"https:\/\/www.bhakademiker.org\/\/files\/pics\/slika_1.jpg\" alt=\"830. Geburtstag Bosniens - Povelja des Ban Kulin\" \/><strong>Dr. Kemal Kozari\u0107<\/strong>, Botschafter Bosnien und Herzegowina in \u00d6sterreich:<br \/>\nQuer durch die Geschichte von Bosnien und Herzegowina hat es sich als ausgesprochen wichtig gezeigt, gute gesellschaftspolitische Beziehungen zu den Nachbarn zu haben, was leider nicht so einfach in unserem allt\u00e4glichen Leben ist.<\/p>\n<p>Die Republik \u00d6sterreich ist, obwohl nicht unser unmittelbarer Nachbar, ein erwiesener Freund von Bosnien und Herzegowina und f\u00fcr Bosnien und Herzegowina in jeglicher Hinsicht ausgesprochen wichtig.<\/p>\n<p>&nbsp;<\/p>\n<p>&nbsp;<\/p>\n<p>&nbsp;<\/p>\n<p>&nbsp;<\/p>\n<div style=\"width: 310px\" class=\"wp-caption aligncenter\"><img fetchpriority=\"high\" decoding=\"async\" class=\"img-responsive\" title=\"830. Geburtstag Bosniens - Povelja des Ban Kulin\" src=\"https:\/\/www.bhakademiker.org\/\/files\/pics\/slika_5.jpg\" alt=\"830. Geburtstag Bosniens - Povelja des Ban Kulin\" width=\"300\" height=\"200\" \/><p class=\"wp-caption-text\">Abdulah Skaka,\u00a0B\u00fcrgermeister von Sarajevo<\/p><\/div>\n<p>&nbsp;<\/p>\n<div style=\"width: 310px\" class=\"wp-caption aligncenter\"><img decoding=\"async\" class=\"img-responsive\" title=\"830. Geburtstag Bosniens - Povelja des Ban Kulin\" src=\"https:\/\/www.bhakademiker.org\/\/files\/pics\/slika_6.jpg\" alt=\"830. Geburtstag Bosniens - Povelja des Ban Kulin\" width=\"300\" height=\"209\" \/><p class=\"wp-caption-text\">Omar Al Rawi, Vertreter des B\u00fcrgermeisters von Wien<\/p><\/div>\n<p>&nbsp;<\/p>\n<p><img decoding=\"async\" class=\"img-responsive alignleft\" title=\"830. Geburtstag Bosniens - Povelja des Ban Kulin\" src=\"https:\/\/www.bhakademiker.org\/\/files\/pics\/slika_7.jpg\" alt=\"830. Geburtstag Bosniens - Povelja des Ban Kulin\" \/><strong>\u017deljko Kom\u0161i\u0107,<\/strong> Staatspr\u00e4sident der Republik Bosnien und Herzegowina: Ich glaube somit, dass die Zukunft von Bosnien und Herzegowina unter anderem in der immer intensiveren Zusammenarbeit zwischen Bosnien und Herzegowina und den Bosniern und Herzegowinern liegt, ganz gleich, wo sie sich heute befinden, \u00d6sterreich eingeschlossen.<br \/>\nAuf diese Weise werden wir weder unsere Identit\u00e4t noch unsere Kultur verlieren, sondern diese nur noch zus\u00e4tzlich st\u00e4rken.<br \/>\nWenn wir vor 830 Jahren Handel zu treiben und zwischenstaatliche Vertr\u00e4ge zu schlie\u00dfen vermochten, und ein Beweis daf\u00fcr ist die Ban-Kulin-Charta, so werden wir auch in Zukunft dazu imstande sein.<br \/>\nSolange es Bosnier und Herzegowina gibt, die ihr Heimatland lieben und es voranbringen m\u00f6chten, wird ihm keiner seine Zukunft rauben k\u00f6nnen.<\/p>\n<p>&nbsp;<\/p>\n<p>&nbsp;<\/p>\n<div style=\"width: 310px\" class=\"wp-caption aligncenter\"><img decoding=\"async\" class=\"img-responsive\" title=\"830. Geburtstag Bosniens - Povelja des Ban Kulin\" src=\"https:\/\/www.bhakademiker.org\/\/files\/pics\/slika_8.jpg\" alt=\"830. Geburtstag Bosniens - Povelja des Ban Kulin\" width=\"300\" height=\"200\" \/><p class=\"wp-caption-text\">Frauenchor der GBAA \u2013 \u201eMimozen\u201c<\/p><\/div>\n<p>&nbsp;<\/p>\n<p>Im Anschluss f\u00fchrte die Historikerin <strong>Merisa Me\u0161anovi\u0107<\/strong> das Publikum<img decoding=\"async\" class=\"img-responsive alignleft\" title=\"830. Geburtstag Bosniens - Povelja des Ban Kulin\" src=\"https:\/\/www.bhakademiker.org\/\/files\/pics\/slika_9.jpg\" alt=\"830. Geburtstag Bosniens - Povelja des Ban Kulin\" \/>\u00a0zun\u00e4chst auf eine Reise durch das mittelalterliche Bosnien und ebenso durch das Bosnien unter osmanischer Herrschaft.<\/p>\n<p>&nbsp;<\/p>\n<p>&nbsp;<\/p>\n<p>&nbsp;<\/p>\n<p>&nbsp;<\/p>\n<p>&nbsp;<\/p>\n<p>&nbsp;<\/p>\n<p><img decoding=\"async\" class=\"img-responsive alignleft\" title=\"830. Geburtstag Bosniens - Povelja des Ban Kulin\" src=\"https:\/\/www.bhakademiker.org\/\/files\/pics\/slika_10.jpg\" alt=\"830. Geburtstag Bosniens - Povelja des Ban Kulin\" \/> Danach begeisterte <strong>Tina Kordi\u0107<\/strong>, eine Pianistin mit internationaler Konzertkarriere, die Nocturno Op. 55 in f-Moll des ber\u00fchmten Komponisten Frederic Chopin spielte. Das St\u00fcck, das sie spielte, ist zwar eine ber\u00fchmte Komposition. Allerdings ist weniger bekannt, dass das St\u00fcck auch slawische Elemente beinhaltet.<\/p>\n<p>&nbsp;<\/p>\n<p>&nbsp;<\/p>\n<p>&nbsp;<\/p>\n<p>&nbsp;<\/p>\n<p><img decoding=\"async\" class=\"img-responsive alignleft\" title=\"830. Geburtstag Bosniens - Povelja des Ban Kulin\" src=\"https:\/\/www.bhakademiker.org\/\/files\/pics\/slika_11.jpg\" alt=\"830. Geburtstag Bosniens - Povelja des Ban Kulin\" \/><strong>Christoph Hatschek, HR Mag. Dr.<\/strong> ,Vizedirektor des Heeresgeschichtlichen Museums\u00a0 hielt einen Vortrag \u00fcber:\u00a0 Frauen im Krieg \/ Bosnien in der k.u.k. Monarchie.<\/p>\n<p>&nbsp;<\/p>\n<p>&nbsp;<\/p>\n<p>&nbsp;<\/p>\n<p>&nbsp;<\/p>\n<p>&nbsp;<\/p>\n<p>&nbsp;<\/p>\n<p><img decoding=\"async\" class=\"img-responsive alignleft\" title=\"830. Geburtstag Bosniens - Povelja des Ban Kulin\" src=\"https:\/\/www.bhakademiker.org\/\/files\/pics\/slika_12.jpg\" alt=\"830. Geburtstag Bosniens - Povelja des Ban Kulin\" \/>F\u00fcr einen weiteren k\u00fcnstlerischen Beitrag sorgten Solistin <strong>Nata\u0161a Mirkovi\u0107<\/strong>, deren Fokus auf klassischem und barocken Gesang sowie Volksmusik liegt, und <strong>Pipo Corvino<\/strong> Gitarrist aus Montenegro.<\/p>\n<p>&nbsp;<\/p>\n<p>&nbsp;<\/p>\n<p>&nbsp;<\/p>\n<p>&nbsp;<\/p>\n<p>&nbsp;<\/p>\n<p><img decoding=\"async\" class=\"img-responsive alignleft\" title=\"830. Geburtstag Bosniens - Povelja des Ban Kulin\" src=\"https:\/\/www.bhakademiker.org\/\/files\/pics\/slika_13.jpg\" alt=\"830. Geburtstag Bosniens - Povelja des Ban Kulin\" \/><strong>Univ. Prof. D\u017eevad Karahasan<\/strong>, der bedeutendste bosnische Schriftsteller der Gegenwart: Die Literatur kann Ihnen nicht dabei helfen, Bagdad zu bombardieren, aber sie kann Sie zu der Grundfrage jedes menschlichen Unterfangens hinf\u00fchren: Was soll ich in Bagdad? Die Literatur kann Ihnen nicht dabei helfen, in irgendeinem Wettkampf zu siegen, aber sie kann Sie zur der Frage hinf\u00fchren, was Ihnen dieser Sieg bedeutet. Und sie vermag noch etwas viel Wichtigeres, das einzig nur sie vermag: daran zu erinnernm da\u00df eine Niederlage manchmal besser sein kann als ein Sieg und sogar n\u00fctzlicher. Zwar f\u00fchrt Sie die Literatur nicht zum Erfolg, aber sie lehrt Sie, da\u00df ein Mi\u00dferfolg, den Sie wirklich verstanden und eingesehen haben, besser und n\u00fctzlicher sein kann als Erfolg, der Ihnen zugeflogen ist. Die Literatur vertreibt nicht den Schmerz in der Hand, aber sie erinnert daran, wie sch\u00f6n, gut und wichtig es ist, eine Hand zu haben, die Schmerz zu empfingen vermag, weil der Schmerz eine unver\u00e4u\u00dferliche Eigenschaft des Lebens ist. Und so weiter und so weiter.<\/p>\n<p>&nbsp;<\/p>\n<p>&nbsp;<\/p>\n<p><img decoding=\"async\" class=\"img-responsive alignleft\" title=\"830. Geburtstag Bosniens - Povelja des Ban Kulin\" src=\"https:\/\/www.bhakademiker.org\/\/files\/pics\/slika_14.jpg\" alt=\"830. Geburtstag Bosniens - Povelja des Ban Kulin\" \/>Am 11.Oktober wurde der GBAA award 2019 mit einem Geldpreis von 1000 EUR f\u00fcr den besten Studierenden bosnischer Herkunft an \u00f6sterreichischen Universit\u00e4ten verliehen.<\/p>\n<p><strong>Amina \u010ca\u010dkovi\u0107<\/strong> , 23 Jahre, aus Br\u010dko, Bachelorstudium mit ausgezeichnetem Erfolg abgeschlossen.<\/p>\n<p>Die Auszeichnung wurde von dem <strong>Univ.Prof. D\u017eevad Karahasan<\/strong>, Mitgr\u00fcnder der GBAA,\u00a0 \u00fcbergeben.<\/p>\n<p>&nbsp;<\/p>\n<p>&nbsp;<\/p>\n<p>&nbsp;<\/p>\n<p><img decoding=\"async\" class=\"img-responsive alignleft\" title=\"830. Geburtstag Bosniens - Povelja des Ban Kulin\" src=\"https:\/\/www.bhakademiker.org\/\/files\/pics\/slika_15.jpg\" alt=\"830. Geburtstag Bosniens - Povelja des Ban Kulin\" \/><strong>Selma Ajlovi\u0107<\/strong>, Sopranistin, erfreute das Publikum mit ber\u00fchmten Motiven der bosnischen Sevdalinka, die in Form einer Opernarie vorgetragen wurde.<\/p>\n<p>&nbsp;<\/p>\n<p>&nbsp;<\/p>\n<p>&nbsp;<\/p>\n<p>&nbsp;<\/p>\n<p>&nbsp;<\/p>\n<p>&nbsp;<\/p>\n<p><img decoding=\"async\" class=\"img-responsive alignleft\" title=\"830. Geburtstag Bosniens - Povelja des Ban Kulin\" src=\"https:\/\/www.bhakademiker.org\/\/files\/pics\/slika_16.jpg\" alt=\"830. Geburtstag Bosniens - Povelja des Ban Kulin\" \/>Anl\u00e4sslich des 830. Geburtstages Bosniens \/ Povelja des Ban Kulin wurde <strong>Camilla Habsburg-Lothringen<\/strong> die Ehrenmitgliedschaft der Gesellschaft Bosnischer Akademiker in \u00d6sterreich verliehen.<\/p>\n<p>Die Ehrenmitgliedschaftsurkunde und der GBAA-Award wurden vom Vorsitzenden des Staatspr\u00e4sidiums von Bosnien und Herzegowina \u017deljko Kom\u0161i\u0107 und dem Pr\u00e4sidenten der Gesellschaft Bosnischer Akademiker in \u00d6sterreich Siradj Duhan \u00fcbergeben.<\/p>\n<p>&nbsp;<\/p>\n<p>&nbsp;<\/p>\n<p>&nbsp;<\/p>\n<p><img decoding=\"async\" class=\"img-responsive alignleft\" title=\"830. Geburtstag Bosniens - Povelja des Ban Kulin\" src=\"https:\/\/www.bhakademiker.org\/\/files\/pics\/slika_17.jpg\" alt=\"830. Geburtstag Bosniens - Povelja des Ban Kulin\" \/>Mit einem kr\u00e4ftigen Beifall wurde die junge und charmante Moderatorin <strong>Esma Diman-Murselovi\u0107<\/strong> f\u00fcr ihre erfolgreiche Moderation durch den Abend belohnt.<\/p>\n<p>&nbsp;<\/p>\n<p>&nbsp;<\/p>\n<p>&nbsp;<\/p>\n<p>&nbsp;<\/p>\n<p>&nbsp;<\/p>\n<p>Lasst uns unsere Vergangenheit wahren, damit wir eine Zukunft haben!<\/p>\n\n\t\t<\/div>\n\t<\/div>\n<\/div><\/div><\/div><\/div>\n","protected":false},"excerpt":{"rendered":"830. Geburtstag Bosniens 830. Geburtstages Bosniens \/ Povelja des Ban Kulin (Vertrag zwischen Bosnien und Dubrovnik 29.August 1189.) Reiseschriftsteller des Mittelalters haben uns Bosniern (aller Glaubensrichtungen!) den Namen \u201egute Bosnier\u201c gegeben. Und sie wussten sehr gut, warum dieses Volk gut war. K\u00f6nnen wir denn wieder gute Bosnier sein? Mit dem Ziel des Bewusstwerdens eines bosnischen Individuums bzw. des Bosnientums, organisierte die Gesellschaft Bosnischer Akademiker in \u00d6sterreich anl\u00e4sslich des Geburtstags Bosniens die Feierlichkeiten. Am 11. Oktober 2019 wurde dementsprechend der Tag gefeiert, an dem die \u201ePovelja Kulina Bana\u201c (29. August 1189) unterzeichnet wurde. Die Feierlichkeit wurde von Senada Duhan mit einer...","protected":false},"author":1,"featured_media":0,"parent":0,"menu_order":0,"comment_status":"closed","ping_status":"closed","template":"","meta":{"footnotes":""},"class_list":["post-1240","page","type-page","status-publish","hentry"],"yoast_head":"<!-- This site is optimized with the Yoast SEO plugin v20.3 - https:\/\/yoast.com\/wordpress\/plugins\/seo\/ -->\n<title>830. Geburtstag Bosniens - Gesellschaft Bosnischer Akademiker<\/title>\n<meta name=\"robots\" content=\"index, follow, max-snippet:-1, max-image-preview:large, max-video-preview:-1\" \/>\n<link rel=\"canonical\" href=\"https:\/\/www.bhakademiker.org\/de\/830-geburtstag-bosniens\/\" \/>\n<meta property=\"og:locale\" content=\"de_DE\" \/>\n<meta property=\"og:type\" content=\"article\" \/>\n<meta property=\"og:title\" content=\"830. Geburtstag Bosniens - Gesellschaft Bosnischer Akademiker\" \/>\n<meta property=\"og:url\" content=\"https:\/\/www.bhakademiker.org\/de\/830-geburtstag-bosniens\/\" \/>\n<meta property=\"og:site_name\" content=\"Gesellschaft Bosnischer Akademiker\" \/>\n<meta property=\"article:modified_time\" content=\"2021-06-25T21:49:08+00:00\" \/>\n<meta property=\"og:image\" content=\"https:\/\/www.bhakademiker.org\/\/files\/pics\/slika_1.jpg\" \/>\n<meta name=\"twitter:card\" content=\"summary_large_image\" \/>\n<meta name=\"twitter:label1\" content=\"Gesch\u00e4tzte Lesezeit\" \/>\n\t<meta name=\"twitter:data1\" content=\"5\u00a0Minuten\" \/>\n<script type=\"application\/ld+json\" class=\"yoast-schema-graph\">{\"@context\":\"https:\/\/schema.org\",\"@graph\":[{\"@type\":\"WebPage\",\"@id\":\"https:\/\/www.bhakademiker.org\/de\/830-geburtstag-bosniens\/\",\"url\":\"https:\/\/www.bhakademiker.org\/de\/830-geburtstag-bosniens\/\",\"name\":\"830. Geburtstag Bosniens - Gesellschaft Bosnischer Akademiker\",\"isPartOf\":{\"@id\":\"https:\/\/www.bhakademiker.org\/bs\/#website\"},\"datePublished\":\"2021-06-25T21:30:55+00:00\",\"dateModified\":\"2021-06-25T21:49:08+00:00\",\"breadcrumb\":{\"@id\":\"https:\/\/www.bhakademiker.org\/de\/830-geburtstag-bosniens\/#breadcrumb\"},\"inLanguage\":\"de\",\"potentialAction\":[{\"@type\":\"ReadAction\",\"target\":[\"https:\/\/www.bhakademiker.org\/de\/830-geburtstag-bosniens\/\"]}]},{\"@type\":\"BreadcrumbList\",\"@id\":\"https:\/\/www.bhakademiker.org\/de\/830-geburtstag-bosniens\/#breadcrumb\",\"itemListElement\":[{\"@type\":\"ListItem\",\"position\":1,\"name\":\"Home\",\"item\":\"https:\/\/www.bhakademiker.org\/\"},{\"@type\":\"ListItem\",\"position\":2,\"name\":\"830. Geburtstag Bosniens\"}]},{\"@type\":\"WebSite\",\"@id\":\"https:\/\/www.bhakademiker.org\/bs\/#website\",\"url\":\"https:\/\/www.bhakademiker.org\/bs\/\",\"name\":\"Gesellschaft Bosnischer Akademiker\",\"description\":\"\",\"publisher\":{\"@id\":\"https:\/\/www.bhakademiker.org\/bs\/#organization\"},\"potentialAction\":[{\"@type\":\"SearchAction\",\"target\":{\"@type\":\"EntryPoint\",\"urlTemplate\":\"https:\/\/www.bhakademiker.org\/bs\/?s={search_term_string}\"},\"query-input\":\"required name=search_term_string\"}],\"inLanguage\":\"de\"},{\"@type\":\"Organization\",\"@id\":\"https:\/\/www.bhakademiker.org\/bs\/#organization\",\"name\":\"Gesellschaft Bosnischer Akademiker in \u00d6sterreich\",\"url\":\"https:\/\/www.bhakademiker.org\/bs\/\",\"logo\":{\"@type\":\"ImageObject\",\"inLanguage\":\"de\",\"@id\":\"https:\/\/www.bhakademiker.org\/bs\/#\/schema\/logo\/image\/\",\"url\":\"https:\/\/www.bhakademiker.org\/wp-content\/uploads\/2022\/01\/featured-GBAA.png\",\"contentUrl\":\"https:\/\/www.bhakademiker.org\/wp-content\/uploads\/2022\/01\/featured-GBAA.png\",\"width\":1200,\"height\":630,\"caption\":\"Gesellschaft Bosnischer Akademiker in \u00d6sterreich\"},\"image\":{\"@id\":\"https:\/\/www.bhakademiker.org\/bs\/#\/schema\/logo\/image\/\"}}]}<\/script>\n<!-- \/ Yoast SEO plugin. -->","yoast_head_json":{"title":"830. Geburtstag Bosniens - Gesellschaft Bosnischer Akademiker","robots":{"index":"index","follow":"follow","max-snippet":"max-snippet:-1","max-image-preview":"max-image-preview:large","max-video-preview":"max-video-preview:-1"},"canonical":"https:\/\/www.bhakademiker.org\/de\/830-geburtstag-bosniens\/","og_locale":"de_DE","og_type":"article","og_title":"830. Geburtstag Bosniens - Gesellschaft Bosnischer Akademiker","og_url":"https:\/\/www.bhakademiker.org\/de\/830-geburtstag-bosniens\/","og_site_name":"Gesellschaft Bosnischer Akademiker","article_modified_time":"2021-06-25T21:49:08+00:00","og_image":[{"url":"https:\/\/www.bhakademiker.org\/\/files\/pics\/slika_1.jpg"}],"twitter_card":"summary_large_image","twitter_misc":{"Gesch\u00e4tzte Lesezeit":"5\u00a0Minuten"},"schema":{"@context":"https:\/\/schema.org","@graph":[{"@type":"WebPage","@id":"https:\/\/www.bhakademiker.org\/de\/830-geburtstag-bosniens\/","url":"https:\/\/www.bhakademiker.org\/de\/830-geburtstag-bosniens\/","name":"830. Geburtstag Bosniens - Gesellschaft Bosnischer Akademiker","isPartOf":{"@id":"https:\/\/www.bhakademiker.org\/bs\/#website"},"datePublished":"2021-06-25T21:30:55+00:00","dateModified":"2021-06-25T21:49:08+00:00","breadcrumb":{"@id":"https:\/\/www.bhakademiker.org\/de\/830-geburtstag-bosniens\/#breadcrumb"},"inLanguage":"de","potentialAction":[{"@type":"ReadAction","target":["https:\/\/www.bhakademiker.org\/de\/830-geburtstag-bosniens\/"]}]},{"@type":"BreadcrumbList","@id":"https:\/\/www.bhakademiker.org\/de\/830-geburtstag-bosniens\/#breadcrumb","itemListElement":[{"@type":"ListItem","position":1,"name":"Home","item":"https:\/\/www.bhakademiker.org\/"},{"@type":"ListItem","position":2,"name":"830. Geburtstag Bosniens"}]},{"@type":"WebSite","@id":"https:\/\/www.bhakademiker.org\/bs\/#website","url":"https:\/\/www.bhakademiker.org\/bs\/","name":"Gesellschaft Bosnischer Akademiker","description":"","publisher":{"@id":"https:\/\/www.bhakademiker.org\/bs\/#organization"},"potentialAction":[{"@type":"SearchAction","target":{"@type":"EntryPoint","urlTemplate":"https:\/\/www.bhakademiker.org\/bs\/?s={search_term_string}"},"query-input":"required name=search_term_string"}],"inLanguage":"de"},{"@type":"Organization","@id":"https:\/\/www.bhakademiker.org\/bs\/#organization","name":"Gesellschaft Bosnischer Akademiker in \u00d6sterreich","url":"https:\/\/www.bhakademiker.org\/bs\/","logo":{"@type":"ImageObject","inLanguage":"de","@id":"https:\/\/www.bhakademiker.org\/bs\/#\/schema\/logo\/image\/","url":"https:\/\/www.bhakademiker.org\/wp-content\/uploads\/2022\/01\/featured-GBAA.png","contentUrl":"https:\/\/www.bhakademiker.org\/wp-content\/uploads\/2022\/01\/featured-GBAA.png","width":1200,"height":630,"caption":"Gesellschaft Bosnischer Akademiker in \u00d6sterreich"},"image":{"@id":"https:\/\/www.bhakademiker.org\/bs\/#\/schema\/logo\/image\/"}}]}},"_links":{"self":[{"href":"https:\/\/www.bhakademiker.org\/de\/wp-json\/wp\/v2\/pages\/1240","targetHints":{"allow":["GET"]}}],"collection":[{"href":"https:\/\/www.bhakademiker.org\/de\/wp-json\/wp\/v2\/pages"}],"about":[{"href":"https:\/\/www.bhakademiker.org\/de\/wp-json\/wp\/v2\/types\/page"}],"author":[{"embeddable":true,"href":"https:\/\/www.bhakademiker.org\/de\/wp-json\/wp\/v2\/users\/1"}],"replies":[{"embeddable":true,"href":"https:\/\/www.bhakademiker.org\/de\/wp-json\/wp\/v2\/comments?post=1240"}],"version-history":[{"count":9,"href":"https:\/\/www.bhakademiker.org\/de\/wp-json\/wp\/v2\/pages\/1240\/revisions"}],"predecessor-version":[{"id":1259,"href":"https:\/\/www.bhakademiker.org\/de\/wp-json\/wp\/v2\/pages\/1240\/revisions\/1259"}],"wp:attachment":[{"href":"https:\/\/www.bhakademiker.org\/de\/wp-json\/wp\/v2\/media?parent=1240"}],"curies":[{"name":"wp","href":"https:\/\/api.w.org\/{rel}","templated":true}]}}