{"id":1262,"date":"2021-06-25T23:54:24","date_gmt":"2021-06-25T21:54:24","guid":{"rendered":"https:\/\/www.bhakademiker.org\/?page_id=1262"},"modified":"2021-06-25T23:58:55","modified_gmt":"2021-06-25T21:58:55","slug":"829-geburtstag-bosniens","status":"publish","type":"page","link":"https:\/\/www.bhakademiker.org\/de\/829-geburtstag-bosniens\/","title":{"rendered":"829. Geburtstag Bosniens"},"content":{"rendered":"<div class=\"vc_row wpb_row row\"><div class=\"wpb_column vc_column_container vc_col-sm-12\"><div class=\"vc_column-inner\"><div class=\"wpb_wrapper\"><h3 class=\"no-margin-top \" >829. Geburtstag Bosniens<\/h3>\n\t<div class=\"wpb_text_column wpb_content_element \" >\n\t\t<div class=\"wpb_wrapper\">\n\t\t\t<h3 style=\"text-align: center;\"><strong>Anl\u00e4sslich des 829. Geburtstages Bosniens wurde Univ. Prof. Dr. Kemal Hanjali\u0107 die Ehrenmitgliedschaft der Gesellschaft Bosnischer Akademiker in \u00d6sterreich verliehen.<\/strong><\/h3>\n<p>Reiseschriftsteller des Mittelalters haben uns Bosniern (aller Glaubensrichtungen!) den Namen \u201egute Bosniaken\u201c gegeben. Und sie wussten sehr gut, warum dieses Volk gut war.<\/p>\n<p>K\u00f6nnen wir denn wieder gute Bosniaken sein?<\/p>\n<p>Mit dem Ziel des Bewusstwerdens eines bosnischen Individuums bzw. des Bosnientums, organisierte die Gesellschaft Bosnischer Akademiker in \u00d6sterreich anl\u00e4sslich des Geburtstags Bosniens\u00a0die Feierlichkeiten.<br \/>\nAm 28. September 2018 wurde dementsprechend der Tag gefeiert, an dem die \u201ePovelja Kulina Bana\u201c (29. August 1189) unterzeichnet wurde.<\/p>\n<p>Durch den Abend f\u00fchrten gro\u00dfe Pers\u00f6nlichkeiten der bosnischen Wissenschaft und Kultur, wie Univ. Prof. Kemal Hanjali\u0107, Univ. Prof. D\u017eevad Karahasan, Univ. Prof. Mirsad Had\u017eikadi\u0107 und\u00a0Univ. Prof. Anis Bajrektarevi\u0107. Dar\u00fcber hinaus sprachen ebenso Oberst Wolfgang Wildberger und die neue Generation der Gesellschaft Bosnischer Akademiker in \u00d6sterreich,\u00a0Mag.a\u00a0 Merisa Me\u0161anovi\u0107 und BaBa Murselovi\u0107.<\/p>\n<p>Die Feierlichkeit wurde von Senada Duhan mit einer Rezitation des Liedes \u201eZapis o zemlji\u201c von Mak Dizdar eingeleitet.<br \/>\nIm Anschluss dieses k\u00fcnstlerischen Beitrages er\u00f6ffnete der Gr\u00fcnder der Gesellschaft, Sira\u0111 Duhan, offiziell den ereignisreichen Abend mit einigen Worten,\u00a0in denen er die Gr\u00fcnde und die Wichtigkeit der Feierlichkeiten erl\u00e4uterte:<\/p>\n<p><em>\u201eEs ist nicht leicht ein solches Land wie Bosnien zu finden, das so viele sprachliche Ver\u00e4nderungen erlebt hat, so viele unterschiedliche Herrscher erlebt und \u00fcberlebt hat,\u00a0so oft ihre Elite auf unterschiedliche Weise verloren und trotzdem \u00fcberlebt hat; und jedes Mal neue gute Menschen hervorgebracht hat, die in der Lage waren ein besseres Leben aufzubauen.<br \/>\nDie Geschichte beweist uns: Ban Stjepan II. leistete seinen Eid zun\u00e4chst vor den \u201eguten Bosniaken\u201c und dann erst vor der Kirche. Bosnier in \u00d6sterreich-Ungarn akzeptierten,\u00a0nach anf\u00e4nglichem Widerstand, die neue Herrschaft und wurden zu vorbildhaften B\u00fcrgerinnen und B\u00fcrgern. Und auch heute z\u00e4hlen Bosnierinnen und Bosnier in \u00d6sterreich \u2013 und auch in\u00a0anderen L\u00e4ndern \u2013 zu den am beispielhaftesten integrierten. Somit wird das Zitat \u201eOd Kulina bana do sretnijih dana\u201c\u00a0 (Von Ban Kulin bis hin zu gl\u00fccklicheren Tagen) immer\u00a0wieder aufs Neue seiner Dimension gerecht.\u201c<\/em><\/p>\n<p>&nbsp;<\/p>\n<p><img decoding=\"async\" class=\"img-responsive alignleft\" title=\"BH Akademiker in \u00d6sterreich - 829 Geburtstag Bosniens\" src=\"https:\/\/www.bhakademiker.org\/\/files\/pics\/natasa_mirkovic_254_140.jpg\" alt=\"BH Akademiker in \u00d6sterreich - 829 Geburtstag Bosniens\" \/>Im Anschluss f\u00fchrte die Historikerin<strong> Merisa Me\u0161anovi\u0107<\/strong> das Publikum zun\u00e4chst auf eine Reise durch das mittelalterliche Bosnien und ebenso durch das Bosnien unter osmanischer Herrschaft.<br \/>\nDanach begeisterte die engagierte Solistin <strong>Nata\u0161a Mirkovi\u0107<\/strong>, deren Fokus auf klassischem und barocken Gesang sowie Volksmusik liegt, das Publikum mit zwei\u00a0sephardischen <strong>\u201eSevdalinke\u201c<\/strong> aus der osmanischen Zeit.<\/p>\n<p>&nbsp;<\/p>\n<p>Daraufhin er\u00f6rterte der \u00f6sterreichische <strong>Oberst Wolfgang Wildberger<\/strong> dem Publikum Bosnien als Teil der \u00f6sterreichisch-ungarischen Monarchie.\u00a0Oberst Wildberger ist ehemaliger Kommandant des Regiments 54, das Tr\u00e4ger des bosnisch-herzegowinischen Infanterieregiments in der \u00f6sterreichisch-ungarischen Monarchie ist.\u00a0Seine \u00fcberaus gut strukturierte und mit pr\u00e4zisen Daten geschm\u00fcckte Pr\u00e4sentation, die einen bedeutenden Beitrag \u00d6sterreich-Ungarns zur Entwicklung Bosniens offenbarte,\u00a0weckte gro\u00dfes Interesse beim Publikum.<\/p>\n<p>Univ. Prof. Kemal Hanjali\u0107, ein ber\u00fchmter bosnischer Wissenschaftler, sprach im Anschluss \u00fcber die Beziehung zwischen Wissenschaft, Bildung und Wirtschaft und analysierte in einem n\u00e4chsten Schritt die Situation in Bosnien und Herzegowina. Das Publikum bekam in Hinblick der historischen Entwicklung und des angesprochenen Verh\u00e4ltnisses der drei Aspekte einen exakten Einblick, wie es zu eben jener Situation kommen konnte, in dem sich das Land Bosnien und Herzegowina zurzeit befindet. Der Universit\u00e4tsprofessor betonte, dass es in Bosnien Potenzial g\u00e4be, aber es zu keiner gut entwickelten Gesellschaft kommen k\u00f6nne, solange sich Wirtschaft, Politik und Bildungssystem, insbesondere die Hochschulen, nicht gegenseitig unterst\u00fctzen w\u00fcrden und appellierte in Hinblick auf die Notwendigkeit der St\u00e4rkung von Investitionen innerhalb Bosniens.<\/p>\n<p><img decoding=\"async\" class=\"img-responsive alignleft\" title=\"BH Akademiker in \u00d6sterreich - 829 Geburtstag Bosniens\" src=\"https:\/\/www.bhakademiker.org\/\/files\/pics\/tina_kordic_254_140.jpg\" alt=\"BH Akademiker in \u00d6sterreich - 829 Geburtstag Bosniens\" \/>F\u00fcr einen weiteren k\u00fcnstlerischen Beitrag sorgte des Weiteren <strong>Tina Kordi\u0107<\/strong>, eine Pianistin mit internationaler Konzertkarriere, die Nocturno Op. 55 in f-Moll des ber\u00fchmte\u00a0Komponisten Frederic Chopin spielte. Das St\u00fcck, das sie spielte, ist zwar eine ber\u00fchmte Komposition. Allerdings ist weniger bekannt, dass das St\u00fcck auch slawische Elemente beinhaltet.<\/p>\n<p>&nbsp;<\/p>\n<p>&nbsp;<\/p>\n<p><strong>Univ. Prof. Anis Bajrektarevi\u0107<\/strong>, ein renommierter Experte f\u00fcr V\u00f6lkerrecht und Weltpolitik, reflektierte im Anschluss \u00e4u\u00dferst kritisch die Haltung gegen\u00fcber nationalen Minderheiten. Dar\u00fcber hinaus warnte er vor potenziellem Radikalismus, der eben dann geschaffen wird, wenn trotz guter Integration und bei gleichzeitiger Stigmatisierung durch die Politik, der Wert bestimmter Minderheiten nicht anerkannt wird und ihnen die n\u00f6tige Unterst\u00fctzung verwehrt bleibt.<\/p>\n<p><strong>Univ. Prof. Mirsad Had\u017eikadi\u0107<\/strong>, einer der weltweit f\u00fchrenden Wissenschaftler im Bereich der Analyse, der medizinischen Informatik und komplexen Systemen, gab mittels seines Vortrages einen\u00a0\u00dcberblick \u00fcber die derzeitige soziale Situation in Bosnien und Herzegowina und pr\u00e4sentierte au\u00dferdem m\u00f6gliche Szenarien des wirtschaftlichen Aufschwungs und die Entwicklung der\u00a0Wissenschaften auf ihrem Weg zu \u201e\u2026gl\u00fccklicheren Tagen\u201c.<\/p>\n<p><img decoding=\"async\" class=\"img-responsive alignleft\" title=\"BH Akademiker in \u00d6sterreich - 829 Geburtstag Bosniens\" src=\"https:\/\/www.bhakademiker.org\/\/files\/pics\/selma_aljovic_254_140.jpg\" alt=\"BH Akademiker in \u00d6sterreich - 829 Geburtstag Bosniens\" \/><strong>Selma Ajlovi\u0107<\/strong>, eine bedeutende Studentin am Richard Wagner Konservatorium in Wien, erfreute das Publikum mit ber\u00fchmten Motiven der bosnischen Sevdalinka,\u00a0die in Form einer Opernarie vorgetragen wurde.<\/p>\n<p>Begleitet wurde sie von Tina Kordi\u0107 am Klavier.<\/p>\n<p>&nbsp;<\/p>\n<p>&nbsp;<\/p>\n<p><strong>Univ. Prof. D\u017eevad Karahasan<\/strong>, der bedeutendste bosnische Schriftsteller der Gegenwart, las im Anschluss einen Auszug aus seinem Buch <strong>\u201eIzvje\u0161taji iz tamnog vilajeta\u201c<\/strong>.\u00a0Die Lesung in der bosnischen Originalsprache offenbarte sich dem Publikum als ein authentisches Erlebnis.<\/p>\n<p><img decoding=\"async\" class=\"img-responsive alignleft\" title=\"BH Akademiker in \u00d6sterreich - 829 Geburtstag Bosniens\" src=\"https:\/\/www.bhakademiker.org\/\/files\/pics\/adile_hajrudin_diman_254_140.jpg\" alt=\"BH Akademiker in \u00d6sterreich - 829 Geburtstag Bosniens\" \/>W\u00e4hrend der feierlichen Veranstaltung konnten die Besucherinnen und Besucher eine \u00e4u\u00dferst interessante Installation einer Serie von Kunstplakaten der beiden K\u00fcnstler\/innen <strong>Adila und\u00a0Hajrudin Diman<\/strong> betrachten. Der Titel der Installation hei\u00dft <strong>\u201ePismom kroz Bosnu\u201c<\/strong> und mithilfe unterschiedlicher Buchstaben bzw. Typografien, die f\u00fcr die jeweilige Epoche charakteristisch waren, erz\u00e4hlen die Kunstobjekte von der Einheit verschiedener kultureller Traditionen und ihrer Koexistenz ins Bosnien.<\/p>\n<p>&nbsp;<\/p>\n<p><img decoding=\"async\" class=\"img-responsive alignleft\" title=\"BH Akademiker in \u00d6sterreich - 829 Geburtstag Bosniens\" src=\"https:\/\/www.bhakademiker.org\/\/files\/pics\/kemal_hanjalic_254_140.jpg\" alt=\"BH Akademiker in \u00d6sterreich - 829 Geburtstag Bosniens\" \/>Am Ende der Feierlichkeit wurde dem Akademiker Kemal Hanjali\u0107 unter tosendem Applaus und mit \u201estanding ovations\u201c der Ehrentitel innerhalb der Gesellschaft Bosnischer Akademiker\u00a0in \u00d6sterreich verliehen.<\/p>\n<p>Allen an der feierlichen Veranstaltung mitwirkenden Personen wurden Blumen und eine Mappe mit der Serie der Installation \u201ePismom kroz Bosnu\u201c \u00fcberreicht.\u00a0Diese Aufgabe \u00fcbernahmen Mitglieder des Vereins \u201eBehar\u201c, die in den unterschiedlichsten Trachten Bosnien und Herzegowinas gekleidet waren und somit der Tradition und der Kontinuit\u00e4t\u00a0des Pluralismus Ausdruck verliehen.<\/p>\n<p>Mit einem kr\u00e4ftigen Beifall wurde die junge und charmante Moderatorin Esma Diman-Murselovi\u0107 f\u00fcr ihre erfolgreiche Moderation durch den Abend belohnt.<\/p>\n<p>F\u00fcr das n\u00e4chste Jahr ist geplant zwei Jubil\u00e4en zu feiern: 830 Jahre Povelja und 25 Jahre Gesellschaft\u00a0 Bosnischer Akademiker in \u00d6sterreich.<\/p>\n<p><strong>Lasst uns unsere Vergangenheit wahren, damit wir eine Zukunft haben!<\/strong><\/p>\n\n\t\t<\/div>\n\t<\/div>\n<\/div><\/div><\/div><\/div><div class=\"vc_row wpb_row row\"><div class=\"wpb_column vc_column_container vc_col-sm-12\"><div class=\"vc_column-inner\"><div class=\"wpb_wrapper\">\n<div class=\"vc_grid-container-wrapper vc_clearfix\">\n\t<div class=\"vc_grid-container vc_clearfix wpb_content_element vc_media_grid\" data-initial-loading-animation=\"fadeIn\" data-vc-grid-settings=\"{&quot;page_id&quot;:1262,&quot;style&quot;:&quot;lazy&quot;,&quot;action&quot;:&quot;vc_get_vc_grid_data&quot;,&quot;shortcode_id&quot;:&quot;1624658234026-f7fe00cd-4224-2&quot;,&quot;items_per_page&quot;:&quot;10&quot;,&quot;tag&quot;:&quot;vc_media_grid&quot;}\" data-vc-request=\"https:\/\/www.bhakademiker.org\/wp-admin\/admin-ajax.php\" data-vc-post-id=\"1262\" data-vc-public-nonce=\"1dd0c432f1\">\n\t\t\n\t<\/div>\n<\/div><\/div><\/div><\/div><\/div>\n","protected":false},"excerpt":{"rendered":"829. Geburtstag Bosniens Anl\u00e4sslich des 829. Geburtstages Bosniens wurde Univ. Prof. Dr. Kemal Hanjali\u0107 die Ehrenmitgliedschaft der Gesellschaft Bosnischer Akademiker in \u00d6sterreich verliehen. Reiseschriftsteller des Mittelalters haben uns Bosniern (aller Glaubensrichtungen!) den Namen \u201egute Bosniaken\u201c gegeben. Und sie wussten sehr gut, warum dieses Volk gut war. K\u00f6nnen wir denn wieder gute Bosniaken sein? Mit dem Ziel des Bewusstwerdens eines bosnischen Individuums bzw. des Bosnientums, organisierte die Gesellschaft Bosnischer Akademiker in \u00d6sterreich anl\u00e4sslich des Geburtstags Bosniens\u00a0die Feierlichkeiten. Am 28. September 2018 wurde dementsprechend der Tag gefeiert, an dem die \u201ePovelja Kulina Bana\u201c (29. August 1189) unterzeichnet wurde. Durch den Abend f\u00fchrten...","protected":false},"author":1,"featured_media":0,"parent":0,"menu_order":0,"comment_status":"closed","ping_status":"closed","template":"","meta":{"footnotes":""},"class_list":["post-1262","page","type-page","status-publish","hentry"],"yoast_head":"<!-- This site is optimized with the Yoast SEO plugin v20.3 - https:\/\/yoast.com\/wordpress\/plugins\/seo\/ -->\n<title>829. Geburtstag Bosniens - Gesellschaft Bosnischer Akademiker<\/title>\n<meta name=\"robots\" content=\"index, follow, max-snippet:-1, max-image-preview:large, max-video-preview:-1\" \/>\n<link rel=\"canonical\" href=\"https:\/\/www.bhakademiker.org\/de\/829-geburtstag-bosniens\/\" \/>\n<meta property=\"og:locale\" content=\"de_DE\" \/>\n<meta property=\"og:type\" content=\"article\" \/>\n<meta property=\"og:title\" content=\"829. Geburtstag Bosniens - Gesellschaft Bosnischer Akademiker\" \/>\n<meta property=\"og:url\" content=\"https:\/\/www.bhakademiker.org\/de\/829-geburtstag-bosniens\/\" \/>\n<meta property=\"og:site_name\" content=\"Gesellschaft Bosnischer Akademiker\" \/>\n<meta property=\"article:modified_time\" content=\"2021-06-25T21:58:55+00:00\" \/>\n<meta property=\"og:image\" content=\"https:\/\/www.bhakademiker.org\/\/files\/pics\/natasa_mirkovic_254_140.jpg\" \/>\n<meta name=\"twitter:card\" content=\"summary_large_image\" \/>\n<meta name=\"twitter:label1\" content=\"Gesch\u00e4tzte Lesezeit\" \/>\n\t<meta name=\"twitter:data1\" content=\"5\u00a0Minuten\" \/>\n<script type=\"application\/ld+json\" class=\"yoast-schema-graph\">{\"@context\":\"https:\/\/schema.org\",\"@graph\":[{\"@type\":\"WebPage\",\"@id\":\"https:\/\/www.bhakademiker.org\/de\/829-geburtstag-bosniens\/\",\"url\":\"https:\/\/www.bhakademiker.org\/de\/829-geburtstag-bosniens\/\",\"name\":\"829. Geburtstag Bosniens - Gesellschaft Bosnischer Akademiker\",\"isPartOf\":{\"@id\":\"https:\/\/www.bhakademiker.org\/bs\/#website\"},\"datePublished\":\"2021-06-25T21:54:24+00:00\",\"dateModified\":\"2021-06-25T21:58:55+00:00\",\"breadcrumb\":{\"@id\":\"https:\/\/www.bhakademiker.org\/de\/829-geburtstag-bosniens\/#breadcrumb\"},\"inLanguage\":\"de\",\"potentialAction\":[{\"@type\":\"ReadAction\",\"target\":[\"https:\/\/www.bhakademiker.org\/de\/829-geburtstag-bosniens\/\"]}]},{\"@type\":\"BreadcrumbList\",\"@id\":\"https:\/\/www.bhakademiker.org\/de\/829-geburtstag-bosniens\/#breadcrumb\",\"itemListElement\":[{\"@type\":\"ListItem\",\"position\":1,\"name\":\"Home\",\"item\":\"https:\/\/www.bhakademiker.org\/\"},{\"@type\":\"ListItem\",\"position\":2,\"name\":\"829. Geburtstag Bosniens\"}]},{\"@type\":\"WebSite\",\"@id\":\"https:\/\/www.bhakademiker.org\/bs\/#website\",\"url\":\"https:\/\/www.bhakademiker.org\/bs\/\",\"name\":\"Gesellschaft Bosnischer Akademiker\",\"description\":\"\",\"publisher\":{\"@id\":\"https:\/\/www.bhakademiker.org\/bs\/#organization\"},\"potentialAction\":[{\"@type\":\"SearchAction\",\"target\":{\"@type\":\"EntryPoint\",\"urlTemplate\":\"https:\/\/www.bhakademiker.org\/bs\/?s={search_term_string}\"},\"query-input\":\"required name=search_term_string\"}],\"inLanguage\":\"de\"},{\"@type\":\"Organization\",\"@id\":\"https:\/\/www.bhakademiker.org\/bs\/#organization\",\"name\":\"Gesellschaft Bosnischer Akademiker in \u00d6sterreich\",\"url\":\"https:\/\/www.bhakademiker.org\/bs\/\",\"logo\":{\"@type\":\"ImageObject\",\"inLanguage\":\"de\",\"@id\":\"https:\/\/www.bhakademiker.org\/bs\/#\/schema\/logo\/image\/\",\"url\":\"https:\/\/www.bhakademiker.org\/wp-content\/uploads\/2022\/01\/featured-GBAA.png\",\"contentUrl\":\"https:\/\/www.bhakademiker.org\/wp-content\/uploads\/2022\/01\/featured-GBAA.png\",\"width\":1200,\"height\":630,\"caption\":\"Gesellschaft Bosnischer Akademiker in \u00d6sterreich\"},\"image\":{\"@id\":\"https:\/\/www.bhakademiker.org\/bs\/#\/schema\/logo\/image\/\"}}]}<\/script>\n<!-- \/ Yoast SEO plugin. -->","yoast_head_json":{"title":"829. Geburtstag Bosniens - Gesellschaft Bosnischer Akademiker","robots":{"index":"index","follow":"follow","max-snippet":"max-snippet:-1","max-image-preview":"max-image-preview:large","max-video-preview":"max-video-preview:-1"},"canonical":"https:\/\/www.bhakademiker.org\/de\/829-geburtstag-bosniens\/","og_locale":"de_DE","og_type":"article","og_title":"829. Geburtstag Bosniens - Gesellschaft Bosnischer Akademiker","og_url":"https:\/\/www.bhakademiker.org\/de\/829-geburtstag-bosniens\/","og_site_name":"Gesellschaft Bosnischer Akademiker","article_modified_time":"2021-06-25T21:58:55+00:00","og_image":[{"url":"https:\/\/www.bhakademiker.org\/\/files\/pics\/natasa_mirkovic_254_140.jpg"}],"twitter_card":"summary_large_image","twitter_misc":{"Gesch\u00e4tzte Lesezeit":"5\u00a0Minuten"},"schema":{"@context":"https:\/\/schema.org","@graph":[{"@type":"WebPage","@id":"https:\/\/www.bhakademiker.org\/de\/829-geburtstag-bosniens\/","url":"https:\/\/www.bhakademiker.org\/de\/829-geburtstag-bosniens\/","name":"829. Geburtstag Bosniens - Gesellschaft Bosnischer Akademiker","isPartOf":{"@id":"https:\/\/www.bhakademiker.org\/bs\/#website"},"datePublished":"2021-06-25T21:54:24+00:00","dateModified":"2021-06-25T21:58:55+00:00","breadcrumb":{"@id":"https:\/\/www.bhakademiker.org\/de\/829-geburtstag-bosniens\/#breadcrumb"},"inLanguage":"de","potentialAction":[{"@type":"ReadAction","target":["https:\/\/www.bhakademiker.org\/de\/829-geburtstag-bosniens\/"]}]},{"@type":"BreadcrumbList","@id":"https:\/\/www.bhakademiker.org\/de\/829-geburtstag-bosniens\/#breadcrumb","itemListElement":[{"@type":"ListItem","position":1,"name":"Home","item":"https:\/\/www.bhakademiker.org\/"},{"@type":"ListItem","position":2,"name":"829. Geburtstag Bosniens"}]},{"@type":"WebSite","@id":"https:\/\/www.bhakademiker.org\/bs\/#website","url":"https:\/\/www.bhakademiker.org\/bs\/","name":"Gesellschaft Bosnischer Akademiker","description":"","publisher":{"@id":"https:\/\/www.bhakademiker.org\/bs\/#organization"},"potentialAction":[{"@type":"SearchAction","target":{"@type":"EntryPoint","urlTemplate":"https:\/\/www.bhakademiker.org\/bs\/?s={search_term_string}"},"query-input":"required name=search_term_string"}],"inLanguage":"de"},{"@type":"Organization","@id":"https:\/\/www.bhakademiker.org\/bs\/#organization","name":"Gesellschaft Bosnischer Akademiker in \u00d6sterreich","url":"https:\/\/www.bhakademiker.org\/bs\/","logo":{"@type":"ImageObject","inLanguage":"de","@id":"https:\/\/www.bhakademiker.org\/bs\/#\/schema\/logo\/image\/","url":"https:\/\/www.bhakademiker.org\/wp-content\/uploads\/2022\/01\/featured-GBAA.png","contentUrl":"https:\/\/www.bhakademiker.org\/wp-content\/uploads\/2022\/01\/featured-GBAA.png","width":1200,"height":630,"caption":"Gesellschaft Bosnischer Akademiker in \u00d6sterreich"},"image":{"@id":"https:\/\/www.bhakademiker.org\/bs\/#\/schema\/logo\/image\/"}}]}},"_links":{"self":[{"href":"https:\/\/www.bhakademiker.org\/de\/wp-json\/wp\/v2\/pages\/1262","targetHints":{"allow":["GET"]}}],"collection":[{"href":"https:\/\/www.bhakademiker.org\/de\/wp-json\/wp\/v2\/pages"}],"about":[{"href":"https:\/\/www.bhakademiker.org\/de\/wp-json\/wp\/v2\/types\/page"}],"author":[{"embeddable":true,"href":"https:\/\/www.bhakademiker.org\/de\/wp-json\/wp\/v2\/users\/1"}],"replies":[{"embeddable":true,"href":"https:\/\/www.bhakademiker.org\/de\/wp-json\/wp\/v2\/comments?post=1262"}],"version-history":[{"count":9,"href":"https:\/\/www.bhakademiker.org\/de\/wp-json\/wp\/v2\/pages\/1262\/revisions"}],"predecessor-version":[{"id":1282,"href":"https:\/\/www.bhakademiker.org\/de\/wp-json\/wp\/v2\/pages\/1262\/revisions\/1282"}],"wp:attachment":[{"href":"https:\/\/www.bhakademiker.org\/de\/wp-json\/wp\/v2\/media?parent=1262"}],"curies":[{"name":"wp","href":"https:\/\/api.w.org\/{rel}","templated":true}]}}