{"id":1287,"date":"2021-06-26T00:06:09","date_gmt":"2021-06-25T22:06:09","guid":{"rendered":"https:\/\/www.bhakademiker.org\/?page_id=1287"},"modified":"2022-02-12T12:21:39","modified_gmt":"2022-02-12T11:21:39","slug":"das-bosnische-haus-in-wien","status":"publish","type":"page","link":"https:\/\/www.bhakademiker.org\/de\/das-bosnische-haus-in-wien\/","title":{"rendered":"Das bosnische Haus in Wien"},"content":{"rendered":"<div class=\"vc_row wpb_row row\"><div class=\"wpb_column vc_column_container vc_col-sm-12\"><div class=\"vc_column-inner\"><div class=\"wpb_wrapper\"><h3 class=\"no-margin-top \" >Das bosnische Haus in Wien<\/h3>\n\t<div class=\"wpb_text_column wpb_content_element \" >\n\t\t<div class=\"wpb_wrapper\">\n\t\t\t<p><img decoding=\"async\" class=\"img-responsive alignleft\" src=\"https:\/\/www.bhakademiker.org\/\/files\/pics\/Haus_wien.jpg\" alt=\"\" \/><\/p>\n<p>Der Botschafter der Republik Bosnien und Herzegowina in \u00d6sterreich Kemal Kozari\u0107, sowie der Obmann der Gesellschaft Bosnischer Akademiker in \u00d6sterreich Siradj Duhan , Davud Bajramovi\u0107\u00a0 und Davul Ljuhar, besuchten am 07. September ein Objekt in Wien, welches das Eigentum der Republik Bosnien und Herzegowina ist. Es wurde \u00fcber die Errichtung des \u201eBosnien Hauses\u201c in dem Objekt diskutiert. Parallel dazu werden auch\u00a0 andere Optionen betrachtet.<br \/>\nDetails \u00fcber die Errichtung, sowie die sinngem\u00e4\u00dfe Nutzung des Hauses, m\u00fcssen noch erarbeitet werden. Diese Idee wird dem Vorsitzenden des Pr\u00e4sidiums Bosnien und Herzegowina, \u017deljko Kom\u0161i\u0107 , der als Gast am 11. Oktober 2019\u00a0 nach Wien kommt, pr\u00e4sentiert.<br \/>\nDie Feierlichkeit\u00a0 am 11. Oktober 2019, dem 830. Jahrestag\u00a0 von \u201ePovelja bana Kulina\u201c bzw. dem Geburtstag Bosniens, findet in der Diplomatischen Akademie in Wien statt.<br \/>\n&#8212;&#8212;-<br \/>\nSie k\u00f6nnen sich f\u00fcr die Veranstaltung\u00a0 am 11. Oktober\u00a0\u00a0 per e-mail anmelden:\u00a0\u00a0<a href=\"mailto:contact@bhakademiker.org\">contact@bhakademiker.org<\/a><\/p>\n<p><a href=\"https:\/\/www.bhakademiker.org\/wp-content\/uploads\/2022\/02\/Haus_wien.jpg\"><img fetchpriority=\"high\" decoding=\"async\" class=\"alignleft size-full wp-image-2095\" src=\"https:\/\/www.bhakademiker.org\/wp-content\/uploads\/2022\/02\/Haus_wien.jpg\" alt=\"Das Bosnische Haus in Wien\" width=\"528\" height=\"396\" srcset=\"https:\/\/www.bhakademiker.org\/wp-content\/uploads\/2022\/02\/Haus_wien.jpg 528w, https:\/\/www.bhakademiker.org\/wp-content\/uploads\/2022\/02\/Haus_wien-300x225.jpg 300w, https:\/\/www.bhakademiker.org\/wp-content\/uploads\/2022\/02\/Haus_wien-16x12.jpg 16w\" sizes=\"(max-width: 528px) 100vw, 528px\" \/><\/a><\/p>\n\n\t\t<\/div>\n\t<\/div>\n<\/div><\/div><\/div><\/div>\n","protected":false},"excerpt":{"rendered":"Das bosnische Haus in Wien Der Botschafter der Republik Bosnien und Herzegowina in \u00d6sterreich Kemal Kozari\u0107, sowie der Obmann der Gesellschaft Bosnischer Akademiker in \u00d6sterreich Siradj Duhan , Davud Bajramovi\u0107\u00a0 und Davul Ljuhar, besuchten am 07. September ein Objekt in Wien, welches das Eigentum der Republik Bosnien und Herzegowina ist. Es wurde \u00fcber die Errichtung des \u201eBosnien Hauses\u201c in dem Objekt diskutiert. Parallel dazu werden auch\u00a0 andere Optionen betrachtet. Details \u00fcber die Errichtung, sowie die sinngem\u00e4\u00dfe Nutzung des Hauses, m\u00fcssen noch erarbeitet werden. Diese Idee wird dem Vorsitzenden des Pr\u00e4sidiums Bosnien und Herzegowina, \u017deljko Kom\u0161i\u0107 , der als Gast am...","protected":false},"author":1,"featured_media":2095,"parent":0,"menu_order":0,"comment_status":"closed","ping_status":"closed","template":"","meta":{"footnotes":""},"class_list":["post-1287","page","type-page","status-publish","has-post-thumbnail","hentry"],"yoast_head":"<!-- This site is optimized with the Yoast SEO plugin v20.3 - https:\/\/yoast.com\/wordpress\/plugins\/seo\/ -->\n<title>Das bosnische Haus in Wien - Gesellschaft Bosnischer Akademiker<\/title>\n<meta name=\"description\" content=\"Es wurde \u00fcber die Errichtung des \u201eBosnien Hauses\u201c in dem Objekt diskutiert. Parallel dazu werden auch\u00a0 andere Optionen betrachtet.\" \/>\n<meta name=\"robots\" content=\"index, follow, max-snippet:-1, max-image-preview:large, max-video-preview:-1\" \/>\n<link rel=\"canonical\" href=\"https:\/\/www.bhakademiker.org\/de\/das-bosnische-haus-in-wien\/\" \/>\n<meta property=\"og:locale\" content=\"de_DE\" \/>\n<meta property=\"og:type\" content=\"article\" \/>\n<meta property=\"og:title\" content=\"Das bosnische Haus in Wien - Gesellschaft Bosnischer Akademiker\" \/>\n<meta property=\"og:description\" content=\"Es wurde \u00fcber die Errichtung des \u201eBosnien Hauses\u201c in dem Objekt diskutiert. Parallel dazu werden auch\u00a0 andere Optionen betrachtet.\" \/>\n<meta property=\"og:url\" content=\"https:\/\/www.bhakademiker.org\/de\/das-bosnische-haus-in-wien\/\" \/>\n<meta property=\"og:site_name\" content=\"Gesellschaft Bosnischer Akademiker\" \/>\n<meta property=\"article:modified_time\" content=\"2022-02-12T11:21:39+00:00\" \/>\n<meta property=\"og:image\" content=\"https:\/\/www.bhakademiker.org\/wp-content\/uploads\/2022\/02\/Haus_wien.jpg\" \/>\n\t<meta property=\"og:image:width\" content=\"528\" \/>\n\t<meta property=\"og:image:height\" content=\"396\" \/>\n\t<meta property=\"og:image:type\" content=\"image\/jpeg\" \/>\n<meta name=\"twitter:card\" content=\"summary_large_image\" \/>\n<meta name=\"twitter:label1\" content=\"Gesch\u00e4tzte Lesezeit\" \/>\n\t<meta name=\"twitter:data1\" content=\"1\u00a0Minute\" \/>\n<script type=\"application\/ld+json\" class=\"yoast-schema-graph\">{\"@context\":\"https:\/\/schema.org\",\"@graph\":[{\"@type\":\"WebPage\",\"@id\":\"https:\/\/www.bhakademiker.org\/das-bosnische-haus-in-wien\/\",\"url\":\"https:\/\/www.bhakademiker.org\/das-bosnische-haus-in-wien\/\",\"name\":\"Das bosnische Haus in Wien - Gesellschaft Bosnischer Akademiker\",\"isPartOf\":{\"@id\":\"https:\/\/www.bhakademiker.org\/bs\/#website\"},\"datePublished\":\"2021-06-25T22:06:09+00:00\",\"dateModified\":\"2022-02-12T11:21:39+00:00\",\"description\":\"Es wurde \u00fcber die Errichtung des \u201eBosnien Hauses\u201c in dem Objekt diskutiert. Parallel dazu werden auch\u00a0 andere Optionen betrachtet.\",\"breadcrumb\":{\"@id\":\"https:\/\/www.bhakademiker.org\/das-bosnische-haus-in-wien\/#breadcrumb\"},\"inLanguage\":\"de\",\"potentialAction\":[{\"@type\":\"ReadAction\",\"target\":[\"https:\/\/www.bhakademiker.org\/das-bosnische-haus-in-wien\/\"]}]},{\"@type\":\"BreadcrumbList\",\"@id\":\"https:\/\/www.bhakademiker.org\/das-bosnische-haus-in-wien\/#breadcrumb\",\"itemListElement\":[{\"@type\":\"ListItem\",\"position\":1,\"name\":\"Home\",\"item\":\"https:\/\/www.bhakademiker.org\/\"},{\"@type\":\"ListItem\",\"position\":2,\"name\":\"Das bosnische Haus in Wien\"}]},{\"@type\":\"WebSite\",\"@id\":\"https:\/\/www.bhakademiker.org\/bs\/#website\",\"url\":\"https:\/\/www.bhakademiker.org\/bs\/\",\"name\":\"Gesellschaft Bosnischer Akademiker\",\"description\":\"\",\"publisher\":{\"@id\":\"https:\/\/www.bhakademiker.org\/bs\/#organization\"},\"potentialAction\":[{\"@type\":\"SearchAction\",\"target\":{\"@type\":\"EntryPoint\",\"urlTemplate\":\"https:\/\/www.bhakademiker.org\/bs\/?s={search_term_string}\"},\"query-input\":\"required name=search_term_string\"}],\"inLanguage\":\"de\"},{\"@type\":\"Organization\",\"@id\":\"https:\/\/www.bhakademiker.org\/bs\/#organization\",\"name\":\"Gesellschaft Bosnischer Akademiker in \u00d6sterreich\",\"url\":\"https:\/\/www.bhakademiker.org\/bs\/\",\"logo\":{\"@type\":\"ImageObject\",\"inLanguage\":\"de\",\"@id\":\"https:\/\/www.bhakademiker.org\/bs\/#\/schema\/logo\/image\/\",\"url\":\"https:\/\/www.bhakademiker.org\/wp-content\/uploads\/2022\/01\/featured-GBAA.png\",\"contentUrl\":\"https:\/\/www.bhakademiker.org\/wp-content\/uploads\/2022\/01\/featured-GBAA.png\",\"width\":1200,\"height\":630,\"caption\":\"Gesellschaft Bosnischer Akademiker in \u00d6sterreich\"},\"image\":{\"@id\":\"https:\/\/www.bhakademiker.org\/bs\/#\/schema\/logo\/image\/\"}}]}<\/script>\n<!-- \/ Yoast SEO plugin. -->","yoast_head_json":{"title":"Das bosnische Haus in Wien - Gesellschaft Bosnischer Akademiker","description":"Es wurde \u00fcber die Errichtung des \u201eBosnien Hauses\u201c in dem Objekt diskutiert. Parallel dazu werden auch\u00a0 andere Optionen betrachtet.","robots":{"index":"index","follow":"follow","max-snippet":"max-snippet:-1","max-image-preview":"max-image-preview:large","max-video-preview":"max-video-preview:-1"},"canonical":"https:\/\/www.bhakademiker.org\/de\/das-bosnische-haus-in-wien\/","og_locale":"de_DE","og_type":"article","og_title":"Das bosnische Haus in Wien - Gesellschaft Bosnischer Akademiker","og_description":"Es wurde \u00fcber die Errichtung des \u201eBosnien Hauses\u201c in dem Objekt diskutiert. Parallel dazu werden auch\u00a0 andere Optionen betrachtet.","og_url":"https:\/\/www.bhakademiker.org\/de\/das-bosnische-haus-in-wien\/","og_site_name":"Gesellschaft Bosnischer Akademiker","article_modified_time":"2022-02-12T11:21:39+00:00","og_image":[{"width":528,"height":396,"url":"https:\/\/www.bhakademiker.org\/wp-content\/uploads\/2022\/02\/Haus_wien.jpg","type":"image\/jpeg"}],"twitter_card":"summary_large_image","twitter_misc":{"Gesch\u00e4tzte Lesezeit":"1\u00a0Minute"},"schema":{"@context":"https:\/\/schema.org","@graph":[{"@type":"WebPage","@id":"https:\/\/www.bhakademiker.org\/das-bosnische-haus-in-wien\/","url":"https:\/\/www.bhakademiker.org\/das-bosnische-haus-in-wien\/","name":"Das bosnische Haus in Wien - Gesellschaft Bosnischer Akademiker","isPartOf":{"@id":"https:\/\/www.bhakademiker.org\/bs\/#website"},"datePublished":"2021-06-25T22:06:09+00:00","dateModified":"2022-02-12T11:21:39+00:00","description":"Es wurde \u00fcber die Errichtung des \u201eBosnien Hauses\u201c in dem Objekt diskutiert. Parallel dazu werden auch\u00a0 andere Optionen betrachtet.","breadcrumb":{"@id":"https:\/\/www.bhakademiker.org\/das-bosnische-haus-in-wien\/#breadcrumb"},"inLanguage":"de","potentialAction":[{"@type":"ReadAction","target":["https:\/\/www.bhakademiker.org\/das-bosnische-haus-in-wien\/"]}]},{"@type":"BreadcrumbList","@id":"https:\/\/www.bhakademiker.org\/das-bosnische-haus-in-wien\/#breadcrumb","itemListElement":[{"@type":"ListItem","position":1,"name":"Home","item":"https:\/\/www.bhakademiker.org\/"},{"@type":"ListItem","position":2,"name":"Das bosnische Haus in Wien"}]},{"@type":"WebSite","@id":"https:\/\/www.bhakademiker.org\/bs\/#website","url":"https:\/\/www.bhakademiker.org\/bs\/","name":"Gesellschaft Bosnischer Akademiker","description":"","publisher":{"@id":"https:\/\/www.bhakademiker.org\/bs\/#organization"},"potentialAction":[{"@type":"SearchAction","target":{"@type":"EntryPoint","urlTemplate":"https:\/\/www.bhakademiker.org\/bs\/?s={search_term_string}"},"query-input":"required name=search_term_string"}],"inLanguage":"de"},{"@type":"Organization","@id":"https:\/\/www.bhakademiker.org\/bs\/#organization","name":"Gesellschaft Bosnischer Akademiker in \u00d6sterreich","url":"https:\/\/www.bhakademiker.org\/bs\/","logo":{"@type":"ImageObject","inLanguage":"de","@id":"https:\/\/www.bhakademiker.org\/bs\/#\/schema\/logo\/image\/","url":"https:\/\/www.bhakademiker.org\/wp-content\/uploads\/2022\/01\/featured-GBAA.png","contentUrl":"https:\/\/www.bhakademiker.org\/wp-content\/uploads\/2022\/01\/featured-GBAA.png","width":1200,"height":630,"caption":"Gesellschaft Bosnischer Akademiker in \u00d6sterreich"},"image":{"@id":"https:\/\/www.bhakademiker.org\/bs\/#\/schema\/logo\/image\/"}}]}},"_links":{"self":[{"href":"https:\/\/www.bhakademiker.org\/de\/wp-json\/wp\/v2\/pages\/1287","targetHints":{"allow":["GET"]}}],"collection":[{"href":"https:\/\/www.bhakademiker.org\/de\/wp-json\/wp\/v2\/pages"}],"about":[{"href":"https:\/\/www.bhakademiker.org\/de\/wp-json\/wp\/v2\/types\/page"}],"author":[{"embeddable":true,"href":"https:\/\/www.bhakademiker.org\/de\/wp-json\/wp\/v2\/users\/1"}],"replies":[{"embeddable":true,"href":"https:\/\/www.bhakademiker.org\/de\/wp-json\/wp\/v2\/comments?post=1287"}],"version-history":[{"count":3,"href":"https:\/\/www.bhakademiker.org\/de\/wp-json\/wp\/v2\/pages\/1287\/revisions"}],"predecessor-version":[{"id":2097,"href":"https:\/\/www.bhakademiker.org\/de\/wp-json\/wp\/v2\/pages\/1287\/revisions\/2097"}],"wp:featuredmedia":[{"embeddable":true,"href":"https:\/\/www.bhakademiker.org\/de\/wp-json\/wp\/v2\/media\/2095"}],"wp:attachment":[{"href":"https:\/\/www.bhakademiker.org\/de\/wp-json\/wp\/v2\/media?parent=1287"}],"curies":[{"name":"wp","href":"https:\/\/api.w.org\/{rel}","templated":true}]}}