{"id":1300,"date":"2021-06-26T00:28:14","date_gmt":"2021-06-25T22:28:14","guid":{"rendered":"https:\/\/www.bhakademiker.org\/?page_id=1300"},"modified":"2021-07-04T17:35:10","modified_gmt":"2021-07-04T15:35:10","slug":"dr-michael-ludwig","status":"publish","type":"page","link":"https:\/\/www.bhakademiker.org\/de\/dr-michael-ludwig\/","title":{"rendered":"Dr. Michael Ludwig"},"content":{"rendered":"<div class=\"vc_row wpb_row row\"><div class=\"wpb_column vc_column_container vc_col-sm-12\"><div class=\"vc_column-inner\"><div class=\"wpb_wrapper\"><h3 class=\"no-margin-top \" >Gespr\u00e4ch mit dem Wiener B\u00fcrgermeister Dr. Michael Ludwig<\/h3>\n\t<div class=\"wpb_text_column wpb_content_element \" >\n\t\t<div class=\"wpb_wrapper\">\n\t\t\t<p><span style=\"font-weight: 400;\">Am 25. Juni 2019 sprachen der Pr\u00e4sident der GBAA Siradj Duhan und der K\u00fcnstler Hajrudin Diman mit dem Wiener B\u00fcrgermeister Dr. Michael Ludwig. Es ging um die Lage der bosnischen Gemeinde in \u00d6sterreich.<\/span><\/p>\n<p><span style=\"font-weight: 400;\">Der B\u00fcrgermeister wurde \u00fcber die Aktivit\u00e4ten der GBAA informiert und zeigte gro\u00dfes Interesse f\u00fcr die Ehrenmitgliedschaft von Herrn Simon Wiesenthal bei der bosnischen Gemeinschaft in \u00d6sterreich.<\/span><span style=\"font-weight: 400;\">Vor allem wurden der Ausbildungsfonds als neues Projekt der GBAA und der 830. Jahrestag der \u201ePovelja bana Kulina\u201c (Geburtstag Bosniens) vorgestellt.<\/span><span style=\"font-weight: 400;\"><br \/>\n<\/span><span style=\"font-weight: 400;\">Vor allem wurden der Ausbildungsfonds als neues Projekt der GBAA und der 830. Jahrestag der \u201ePovelja bana Kulina\u201c (Geburtstag Bosniens) vorgestellt.<\/span><span style=\"font-weight: 400;\"><br \/>\n<\/span><span style=\"font-weight: 400;\">Im Anschluss wurde \u00fcber eine konkrete Zusammenarbeit zwischen der GBAA und den Wiener Kulturinstitutionen diskutiert.<\/span><\/p>\n<p><span style=\"font-weight: 400;\">Der B\u00fcrgermeister Dr. Ludwig wird sich bei unserer Veranstaltung am 11. Oktober als Ehrengast mit einigen Worten ans Publikum wenden..<\/span><\/p>\n<p><span style=\"font-weight: 400;\">Herr Dr. Ludwig erhielt zudem als Geschenk der GBAA zwei B\u00fccher f\u00fcr die Rathausbibliothek: \u201eBosnia \u2013 a short history\u201c vom britischen Historiker Noel Malcolm und \u201eEin Haus f\u00fcr die M\u00fcden\u201c vom bosnischen Schriftsteller D\u017eevad Karahasan.<\/span><\/p>\n\n\t\t<\/div>\n\t<\/div>\n<\/div><\/div><\/div><\/div><div class=\"vc_row wpb_row row\"><div class=\"wpb_column vc_column_container vc_col-sm-12\"><div class=\"vc_column-inner\"><div class=\"wpb_wrapper\"><\/div><\/div><\/div><\/div>\n","protected":false},"excerpt":{"rendered":"Gespr\u00e4ch mit dem Wiener B\u00fcrgermeister Dr. Michael Ludwig Am 25. Juni 2019 sprachen der Pr\u00e4sident der GBAA Siradj Duhan und der K\u00fcnstler Hajrudin Diman mit dem Wiener B\u00fcrgermeister Dr. Michael Ludwig. Es ging um die Lage der bosnischen Gemeinde in \u00d6sterreich. Der B\u00fcrgermeister wurde \u00fcber die Aktivit\u00e4ten der GBAA informiert und zeigte gro\u00dfes Interesse f\u00fcr die Ehrenmitgliedschaft von Herrn Simon Wiesenthal bei der bosnischen Gemeinschaft in \u00d6sterreich.Vor allem wurden der Ausbildungsfonds als neues Projekt der GBAA und der 830. Jahrestag der \u201ePovelja bana Kulina\u201c (Geburtstag Bosniens) vorgestellt. Vor allem wurden der Ausbildungsfonds als neues Projekt der GBAA und der 830....","protected":false},"author":1,"featured_media":0,"parent":0,"menu_order":0,"comment_status":"closed","ping_status":"closed","template":"","meta":{"footnotes":""},"class_list":["post-1300","page","type-page","status-publish","hentry"],"yoast_head":"<!-- This site is optimized with the Yoast SEO plugin v20.3 - https:\/\/yoast.com\/wordpress\/plugins\/seo\/ -->\n<title>Dr. Michael Ludwig - Gesellschaft Bosnischer Akademiker<\/title>\n<meta name=\"robots\" content=\"index, follow, max-snippet:-1, max-image-preview:large, max-video-preview:-1\" \/>\n<link rel=\"canonical\" href=\"https:\/\/www.bhakademiker.org\/de\/dr-michael-ludwig\/\" \/>\n<meta property=\"og:locale\" content=\"de_DE\" \/>\n<meta property=\"og:type\" content=\"article\" \/>\n<meta property=\"og:title\" content=\"Dr. Michael Ludwig - Gesellschaft Bosnischer Akademiker\" \/>\n<meta property=\"og:url\" content=\"https:\/\/www.bhakademiker.org\/de\/dr-michael-ludwig\/\" \/>\n<meta property=\"og:site_name\" content=\"Gesellschaft Bosnischer Akademiker\" \/>\n<meta property=\"article:modified_time\" content=\"2021-07-04T15:35:10+00:00\" \/>\n<meta property=\"og:image\" content=\"https:\/\/www.bhakademiker.org\/wp-content\/uploads\/2022\/01\/featured-GBAA.png\" \/>\n\t<meta property=\"og:image:width\" content=\"1200\" \/>\n\t<meta property=\"og:image:height\" content=\"630\" \/>\n\t<meta property=\"og:image:type\" content=\"image\/png\" \/>\n<meta name=\"twitter:card\" content=\"summary_large_image\" \/>\n<meta name=\"twitter:label1\" content=\"Gesch\u00e4tzte Lesezeit\" \/>\n\t<meta name=\"twitter:data1\" content=\"1\u00a0Minute\" \/>\n<script type=\"application\/ld+json\" class=\"yoast-schema-graph\">{\"@context\":\"https:\/\/schema.org\",\"@graph\":[{\"@type\":\"WebPage\",\"@id\":\"https:\/\/www.bhakademiker.org\/de\/dr-michael-ludwig\/\",\"url\":\"https:\/\/www.bhakademiker.org\/de\/dr-michael-ludwig\/\",\"name\":\"Dr. Michael Ludwig - Gesellschaft Bosnischer Akademiker\",\"isPartOf\":{\"@id\":\"https:\/\/www.bhakademiker.org\/bs\/#website\"},\"datePublished\":\"2021-06-25T22:28:14+00:00\",\"dateModified\":\"2021-07-04T15:35:10+00:00\",\"breadcrumb\":{\"@id\":\"https:\/\/www.bhakademiker.org\/de\/dr-michael-ludwig\/#breadcrumb\"},\"inLanguage\":\"de\",\"potentialAction\":[{\"@type\":\"ReadAction\",\"target\":[\"https:\/\/www.bhakademiker.org\/de\/dr-michael-ludwig\/\"]}]},{\"@type\":\"BreadcrumbList\",\"@id\":\"https:\/\/www.bhakademiker.org\/de\/dr-michael-ludwig\/#breadcrumb\",\"itemListElement\":[{\"@type\":\"ListItem\",\"position\":1,\"name\":\"Home\",\"item\":\"https:\/\/www.bhakademiker.org\/\"},{\"@type\":\"ListItem\",\"position\":2,\"name\":\"Dr. Michael Ludwig\"}]},{\"@type\":\"WebSite\",\"@id\":\"https:\/\/www.bhakademiker.org\/bs\/#website\",\"url\":\"https:\/\/www.bhakademiker.org\/bs\/\",\"name\":\"Gesellschaft Bosnischer Akademiker\",\"description\":\"\",\"publisher\":{\"@id\":\"https:\/\/www.bhakademiker.org\/bs\/#organization\"},\"potentialAction\":[{\"@type\":\"SearchAction\",\"target\":{\"@type\":\"EntryPoint\",\"urlTemplate\":\"https:\/\/www.bhakademiker.org\/bs\/?s={search_term_string}\"},\"query-input\":\"required name=search_term_string\"}],\"inLanguage\":\"de\"},{\"@type\":\"Organization\",\"@id\":\"https:\/\/www.bhakademiker.org\/bs\/#organization\",\"name\":\"Gesellschaft Bosnischer Akademiker in \u00d6sterreich\",\"url\":\"https:\/\/www.bhakademiker.org\/bs\/\",\"logo\":{\"@type\":\"ImageObject\",\"inLanguage\":\"de\",\"@id\":\"https:\/\/www.bhakademiker.org\/bs\/#\/schema\/logo\/image\/\",\"url\":\"https:\/\/www.bhakademiker.org\/wp-content\/uploads\/2022\/01\/featured-GBAA.png\",\"contentUrl\":\"https:\/\/www.bhakademiker.org\/wp-content\/uploads\/2022\/01\/featured-GBAA.png\",\"width\":1200,\"height\":630,\"caption\":\"Gesellschaft Bosnischer Akademiker in \u00d6sterreich\"},\"image\":{\"@id\":\"https:\/\/www.bhakademiker.org\/bs\/#\/schema\/logo\/image\/\"}}]}<\/script>\n<!-- \/ Yoast SEO plugin. -->","yoast_head_json":{"title":"Dr. Michael Ludwig - Gesellschaft Bosnischer Akademiker","robots":{"index":"index","follow":"follow","max-snippet":"max-snippet:-1","max-image-preview":"max-image-preview:large","max-video-preview":"max-video-preview:-1"},"canonical":"https:\/\/www.bhakademiker.org\/de\/dr-michael-ludwig\/","og_locale":"de_DE","og_type":"article","og_title":"Dr. Michael Ludwig - Gesellschaft Bosnischer Akademiker","og_url":"https:\/\/www.bhakademiker.org\/de\/dr-michael-ludwig\/","og_site_name":"Gesellschaft Bosnischer Akademiker","article_modified_time":"2021-07-04T15:35:10+00:00","og_image":[{"width":1200,"height":630,"url":"https:\/\/www.bhakademiker.org\/wp-content\/uploads\/2022\/01\/featured-GBAA.png","type":"image\/png"}],"twitter_card":"summary_large_image","twitter_misc":{"Gesch\u00e4tzte Lesezeit":"1\u00a0Minute"},"schema":{"@context":"https:\/\/schema.org","@graph":[{"@type":"WebPage","@id":"https:\/\/www.bhakademiker.org\/de\/dr-michael-ludwig\/","url":"https:\/\/www.bhakademiker.org\/de\/dr-michael-ludwig\/","name":"Dr. Michael Ludwig - Gesellschaft Bosnischer Akademiker","isPartOf":{"@id":"https:\/\/www.bhakademiker.org\/bs\/#website"},"datePublished":"2021-06-25T22:28:14+00:00","dateModified":"2021-07-04T15:35:10+00:00","breadcrumb":{"@id":"https:\/\/www.bhakademiker.org\/de\/dr-michael-ludwig\/#breadcrumb"},"inLanguage":"de","potentialAction":[{"@type":"ReadAction","target":["https:\/\/www.bhakademiker.org\/de\/dr-michael-ludwig\/"]}]},{"@type":"BreadcrumbList","@id":"https:\/\/www.bhakademiker.org\/de\/dr-michael-ludwig\/#breadcrumb","itemListElement":[{"@type":"ListItem","position":1,"name":"Home","item":"https:\/\/www.bhakademiker.org\/"},{"@type":"ListItem","position":2,"name":"Dr. Michael Ludwig"}]},{"@type":"WebSite","@id":"https:\/\/www.bhakademiker.org\/bs\/#website","url":"https:\/\/www.bhakademiker.org\/bs\/","name":"Gesellschaft Bosnischer Akademiker","description":"","publisher":{"@id":"https:\/\/www.bhakademiker.org\/bs\/#organization"},"potentialAction":[{"@type":"SearchAction","target":{"@type":"EntryPoint","urlTemplate":"https:\/\/www.bhakademiker.org\/bs\/?s={search_term_string}"},"query-input":"required name=search_term_string"}],"inLanguage":"de"},{"@type":"Organization","@id":"https:\/\/www.bhakademiker.org\/bs\/#organization","name":"Gesellschaft Bosnischer Akademiker in \u00d6sterreich","url":"https:\/\/www.bhakademiker.org\/bs\/","logo":{"@type":"ImageObject","inLanguage":"de","@id":"https:\/\/www.bhakademiker.org\/bs\/#\/schema\/logo\/image\/","url":"https:\/\/www.bhakademiker.org\/wp-content\/uploads\/2022\/01\/featured-GBAA.png","contentUrl":"https:\/\/www.bhakademiker.org\/wp-content\/uploads\/2022\/01\/featured-GBAA.png","width":1200,"height":630,"caption":"Gesellschaft Bosnischer Akademiker in \u00d6sterreich"},"image":{"@id":"https:\/\/www.bhakademiker.org\/bs\/#\/schema\/logo\/image\/"}}]}},"_links":{"self":[{"href":"https:\/\/www.bhakademiker.org\/de\/wp-json\/wp\/v2\/pages\/1300","targetHints":{"allow":["GET"]}}],"collection":[{"href":"https:\/\/www.bhakademiker.org\/de\/wp-json\/wp\/v2\/pages"}],"about":[{"href":"https:\/\/www.bhakademiker.org\/de\/wp-json\/wp\/v2\/types\/page"}],"author":[{"embeddable":true,"href":"https:\/\/www.bhakademiker.org\/de\/wp-json\/wp\/v2\/users\/1"}],"replies":[{"embeddable":true,"href":"https:\/\/www.bhakademiker.org\/de\/wp-json\/wp\/v2\/comments?post=1300"}],"version-history":[{"count":5,"href":"https:\/\/www.bhakademiker.org\/de\/wp-json\/wp\/v2\/pages\/1300\/revisions"}],"predecessor-version":[{"id":1793,"href":"https:\/\/www.bhakademiker.org\/de\/wp-json\/wp\/v2\/pages\/1300\/revisions\/1793"}],"wp:attachment":[{"href":"https:\/\/www.bhakademiker.org\/de\/wp-json\/wp\/v2\/media?parent=1300"}],"curies":[{"name":"wp","href":"https:\/\/api.w.org\/{rel}","templated":true}]}}