{"id":1526,"date":"2021-06-26T20:27:58","date_gmt":"2021-06-26T18:27:58","guid":{"rendered":"https:\/\/www.bhakademiker.org\/?page_id=1526"},"modified":"2021-07-26T19:49:53","modified_gmt":"2021-07-26T17:49:53","slug":"gbaa-award-2021","status":"publish","type":"page","link":"https:\/\/www.bhakademiker.org\/de\/gbaa-award-2021\/","title":{"rendered":"GBAA Award 2021"},"content":{"rendered":"<div class=\"vc_row wpb_row row\"><div class=\"wpb_column vc_column_container vc_col-sm-12\"><div class=\"vc_column-inner\"><div class=\"wpb_wrapper\"><h3 class=\"no-margin-top \" >GBAA Award 2021 - Bewerbungsfrist: 17. September 2021<\/h3>\n\t<div class=\"wpb_text_column wpb_content_element \" >\n\t\t<div class=\"wpb_wrapper\">\n\t\t\t<div><img decoding=\"async\" class=\"img-responsive aligncenter\" title=\"GBAA Award - Studenten - 2021\" src=\"https:\/\/www.bhakademiker.org\/\/files\/pics\/\/GBAA%20Award.png\" alt=\"GBAA Award - Studenten - 2021 \" \/><\/div>\n<div><\/div>\n<div><\/div>\n<div><\/div>\n<div><\/div>\n<div><\/div>\n<div><\/div>\n<div><\/div>\n<div><\/div>\n<div><\/div>\n<div><\/div>\n<div><\/div>\n<div><\/div>\n<div><\/div>\n<div>\n<p><strong>Bewerbungsfrist: 17. September 2021<\/strong><\/p>\n<p>&nbsp;<\/p>\n<p>Liebe Student*innen,<\/p>\n<p>wir, die Gesellschaft der Bosnischen Akademiker in \u00d6sterreich laden euch ein, euch f\u00fcr den<br \/>\nGBBA Award zu bewerben.<\/p>\n<p>Die diesj\u00e4hrige Preisverleihung findet am 15. Oktober in der Diplomatischen Akademie,<br \/>\nw\u00e4hrend der Feierlichkeit anl\u00e4sslich des Geburtstags Bosniens (dem das Abkommen \u201ePovelja<br \/>\nbanaKulina\u201c aus dem Jahre 1189 zugrunde liegt) statt.<\/p>\n<p>Student*innen bosnischer Herkunft, die an einer \u00f6sterreichischen Universit\u00e4t studieren und<br \/>\nan der Ausschreibung teilnehmen m\u00f6chten, schicken bitte bis zum 17.09.2021 Zeugnisse per<br \/>\nE-Mail an contact@bhakademiker.org:<\/p>\n<p>Preise werden in f\u00fcnf Kategorien vergeben:<\/p>\n<ul>\n<li>besten Notendurchschnitt eines Bachelorstudiums in \u00d6sterreich mit<br \/>\nder Inskription f\u00fcr ein Masterstudium<\/li>\n<li>besten Notendurchschnitt eines Bachelorstudiums in Bosnien und<br \/>\nmit der Inskription f\u00fcr ein Masterstudium in \u00d6sterreich<\/li>\n<li>besten Notendurchschnitt eines Masterstudiums in \u00d6sterreich, ohne<br \/>\nMiteinbeziehung der Noten des Bachelorstudiums<\/li>\n<li>besten Notendurchschnitt der ersten drei Jahre eines Diplomstudiums<br \/>\nin \u00d6sterreich, das vier Jahre oder l\u00e4nger dauert (ohne Bachelor)<\/li>\n<li>beste Notendurchschnitt eines Doktoratsstudiums (PhD)<\/li>\n<\/ul>\n<p>&nbsp;<\/p>\n<p>Alle die dieses Projekt unterst\u00fctzen m\u00f6chten, k\u00f6nnen einen Sponsoring-Beitrag auf unser Konto mit der Angabe \u201eAusbildungsfond\u201c, \u00fcberweisen:<\/p>\n<p><strong>Gesellschaft Bosnischer Akademiker in \u00d6sterreich<\/strong><br \/>\n<strong>Bank: BAWAG<\/strong><br \/>\n<strong>BIC: BAWAATWW<\/strong><br \/>\n<strong>IBAN: AT77 1400 0051 1084 5164<\/strong><\/p>\n<p>https:\/\/www.bhakademiker.org<\/p>\n<\/div>\n\n\t\t<\/div>\n\t<\/div>\n<\/div><\/div><\/div><\/div>\n","protected":false},"excerpt":{"rendered":"GBAA Award 2021 - Bewerbungsfrist: 17. September 2021 Bewerbungsfrist: 17. September 2021 &nbsp; Liebe Student*innen, wir, die Gesellschaft der Bosnischen Akademiker in \u00d6sterreich laden euch ein, euch f\u00fcr den GBBA Award zu bewerben. Die diesj\u00e4hrige Preisverleihung findet am 15. Oktober in der Diplomatischen Akademie, w\u00e4hrend der Feierlichkeit anl\u00e4sslich des Geburtstags Bosniens (dem das Abkommen \u201ePovelja banaKulina\u201c aus dem Jahre 1189 zugrunde liegt) statt. Student*innen bosnischer Herkunft, die an einer \u00f6sterreichischen Universit\u00e4t studieren und an der Ausschreibung teilnehmen m\u00f6chten, schicken bitte bis zum 17.09.2021 Zeugnisse per E-Mail an contact@bhakademiker.org: Preise werden in f\u00fcnf Kategorien vergeben: besten Notendurchschnitt eines Bachelorstudiums in \u00d6sterreich...","protected":false},"author":1,"featured_media":0,"parent":0,"menu_order":0,"comment_status":"closed","ping_status":"closed","template":"","meta":{"footnotes":""},"class_list":["post-1526","page","type-page","status-publish","hentry"],"yoast_head":"<!-- This site is optimized with the Yoast SEO plugin v20.3 - https:\/\/yoast.com\/wordpress\/plugins\/seo\/ -->\n<title>GBAA Award 2021 - Gesellschaft Bosnischer Akademiker<\/title>\n<meta name=\"robots\" content=\"index, follow, max-snippet:-1, max-image-preview:large, max-video-preview:-1\" \/>\n<link rel=\"canonical\" href=\"https:\/\/www.bhakademiker.org\/de\/gbaa-award-2021\/\" \/>\n<meta property=\"og:locale\" content=\"de_DE\" \/>\n<meta property=\"og:type\" content=\"article\" \/>\n<meta property=\"og:title\" content=\"GBAA Award 2021 - Gesellschaft Bosnischer Akademiker\" \/>\n<meta property=\"og:url\" content=\"https:\/\/www.bhakademiker.org\/de\/gbaa-award-2021\/\" \/>\n<meta property=\"og:site_name\" content=\"Gesellschaft Bosnischer Akademiker\" \/>\n<meta property=\"article:modified_time\" content=\"2021-07-26T17:49:53+00:00\" \/>\n<meta property=\"og:image\" content=\"https:\/\/www.bhakademiker.org\/\/files\/pics\/\/GBAA%20Award.png\" \/>\n<meta name=\"twitter:card\" content=\"summary_large_image\" \/>\n<meta name=\"twitter:label1\" content=\"Gesch\u00e4tzte Lesezeit\" \/>\n\t<meta name=\"twitter:data1\" content=\"1\u00a0Minute\" \/>\n<script type=\"application\/ld+json\" class=\"yoast-schema-graph\">{\"@context\":\"https:\/\/schema.org\",\"@graph\":[{\"@type\":\"WebPage\",\"@id\":\"https:\/\/www.bhakademiker.org\/de\/gbaa-award-2021\/\",\"url\":\"https:\/\/www.bhakademiker.org\/de\/gbaa-award-2021\/\",\"name\":\"GBAA Award 2021 - Gesellschaft Bosnischer Akademiker\",\"isPartOf\":{\"@id\":\"https:\/\/www.bhakademiker.org\/bs\/#website\"},\"datePublished\":\"2021-06-26T18:27:58+00:00\",\"dateModified\":\"2021-07-26T17:49:53+00:00\",\"breadcrumb\":{\"@id\":\"https:\/\/www.bhakademiker.org\/de\/gbaa-award-2021\/#breadcrumb\"},\"inLanguage\":\"de\",\"potentialAction\":[{\"@type\":\"ReadAction\",\"target\":[\"https:\/\/www.bhakademiker.org\/de\/gbaa-award-2021\/\"]}]},{\"@type\":\"BreadcrumbList\",\"@id\":\"https:\/\/www.bhakademiker.org\/de\/gbaa-award-2021\/#breadcrumb\",\"itemListElement\":[{\"@type\":\"ListItem\",\"position\":1,\"name\":\"Home\",\"item\":\"https:\/\/www.bhakademiker.org\/\"},{\"@type\":\"ListItem\",\"position\":2,\"name\":\"GBAA Award 2021\"}]},{\"@type\":\"WebSite\",\"@id\":\"https:\/\/www.bhakademiker.org\/bs\/#website\",\"url\":\"https:\/\/www.bhakademiker.org\/bs\/\",\"name\":\"Gesellschaft Bosnischer Akademiker\",\"description\":\"\",\"publisher\":{\"@id\":\"https:\/\/www.bhakademiker.org\/bs\/#organization\"},\"potentialAction\":[{\"@type\":\"SearchAction\",\"target\":{\"@type\":\"EntryPoint\",\"urlTemplate\":\"https:\/\/www.bhakademiker.org\/bs\/?s={search_term_string}\"},\"query-input\":\"required name=search_term_string\"}],\"inLanguage\":\"de\"},{\"@type\":\"Organization\",\"@id\":\"https:\/\/www.bhakademiker.org\/bs\/#organization\",\"name\":\"Gesellschaft Bosnischer Akademiker in \u00d6sterreich\",\"url\":\"https:\/\/www.bhakademiker.org\/bs\/\",\"logo\":{\"@type\":\"ImageObject\",\"inLanguage\":\"de\",\"@id\":\"https:\/\/www.bhakademiker.org\/bs\/#\/schema\/logo\/image\/\",\"url\":\"https:\/\/www.bhakademiker.org\/wp-content\/uploads\/2022\/01\/featured-GBAA.png\",\"contentUrl\":\"https:\/\/www.bhakademiker.org\/wp-content\/uploads\/2022\/01\/featured-GBAA.png\",\"width\":1200,\"height\":630,\"caption\":\"Gesellschaft Bosnischer Akademiker in \u00d6sterreich\"},\"image\":{\"@id\":\"https:\/\/www.bhakademiker.org\/bs\/#\/schema\/logo\/image\/\"}}]}<\/script>\n<!-- \/ Yoast SEO plugin. -->","yoast_head_json":{"title":"GBAA Award 2021 - Gesellschaft Bosnischer Akademiker","robots":{"index":"index","follow":"follow","max-snippet":"max-snippet:-1","max-image-preview":"max-image-preview:large","max-video-preview":"max-video-preview:-1"},"canonical":"https:\/\/www.bhakademiker.org\/de\/gbaa-award-2021\/","og_locale":"de_DE","og_type":"article","og_title":"GBAA Award 2021 - Gesellschaft Bosnischer Akademiker","og_url":"https:\/\/www.bhakademiker.org\/de\/gbaa-award-2021\/","og_site_name":"Gesellschaft Bosnischer Akademiker","article_modified_time":"2021-07-26T17:49:53+00:00","og_image":[{"url":"https:\/\/www.bhakademiker.org\/\/files\/pics\/\/GBAA%20Award.png"}],"twitter_card":"summary_large_image","twitter_misc":{"Gesch\u00e4tzte Lesezeit":"1\u00a0Minute"},"schema":{"@context":"https:\/\/schema.org","@graph":[{"@type":"WebPage","@id":"https:\/\/www.bhakademiker.org\/de\/gbaa-award-2021\/","url":"https:\/\/www.bhakademiker.org\/de\/gbaa-award-2021\/","name":"GBAA Award 2021 - Gesellschaft Bosnischer Akademiker","isPartOf":{"@id":"https:\/\/www.bhakademiker.org\/bs\/#website"},"datePublished":"2021-06-26T18:27:58+00:00","dateModified":"2021-07-26T17:49:53+00:00","breadcrumb":{"@id":"https:\/\/www.bhakademiker.org\/de\/gbaa-award-2021\/#breadcrumb"},"inLanguage":"de","potentialAction":[{"@type":"ReadAction","target":["https:\/\/www.bhakademiker.org\/de\/gbaa-award-2021\/"]}]},{"@type":"BreadcrumbList","@id":"https:\/\/www.bhakademiker.org\/de\/gbaa-award-2021\/#breadcrumb","itemListElement":[{"@type":"ListItem","position":1,"name":"Home","item":"https:\/\/www.bhakademiker.org\/"},{"@type":"ListItem","position":2,"name":"GBAA Award 2021"}]},{"@type":"WebSite","@id":"https:\/\/www.bhakademiker.org\/bs\/#website","url":"https:\/\/www.bhakademiker.org\/bs\/","name":"Gesellschaft Bosnischer Akademiker","description":"","publisher":{"@id":"https:\/\/www.bhakademiker.org\/bs\/#organization"},"potentialAction":[{"@type":"SearchAction","target":{"@type":"EntryPoint","urlTemplate":"https:\/\/www.bhakademiker.org\/bs\/?s={search_term_string}"},"query-input":"required name=search_term_string"}],"inLanguage":"de"},{"@type":"Organization","@id":"https:\/\/www.bhakademiker.org\/bs\/#organization","name":"Gesellschaft Bosnischer Akademiker in \u00d6sterreich","url":"https:\/\/www.bhakademiker.org\/bs\/","logo":{"@type":"ImageObject","inLanguage":"de","@id":"https:\/\/www.bhakademiker.org\/bs\/#\/schema\/logo\/image\/","url":"https:\/\/www.bhakademiker.org\/wp-content\/uploads\/2022\/01\/featured-GBAA.png","contentUrl":"https:\/\/www.bhakademiker.org\/wp-content\/uploads\/2022\/01\/featured-GBAA.png","width":1200,"height":630,"caption":"Gesellschaft Bosnischer Akademiker in \u00d6sterreich"},"image":{"@id":"https:\/\/www.bhakademiker.org\/bs\/#\/schema\/logo\/image\/"}}]}},"_links":{"self":[{"href":"https:\/\/www.bhakademiker.org\/de\/wp-json\/wp\/v2\/pages\/1526","targetHints":{"allow":["GET"]}}],"collection":[{"href":"https:\/\/www.bhakademiker.org\/de\/wp-json\/wp\/v2\/pages"}],"about":[{"href":"https:\/\/www.bhakademiker.org\/de\/wp-json\/wp\/v2\/types\/page"}],"author":[{"embeddable":true,"href":"https:\/\/www.bhakademiker.org\/de\/wp-json\/wp\/v2\/users\/1"}],"replies":[{"embeddable":true,"href":"https:\/\/www.bhakademiker.org\/de\/wp-json\/wp\/v2\/comments?post=1526"}],"version-history":[{"count":4,"href":"https:\/\/www.bhakademiker.org\/de\/wp-json\/wp\/v2\/pages\/1526\/revisions"}],"predecessor-version":[{"id":1865,"href":"https:\/\/www.bhakademiker.org\/de\/wp-json\/wp\/v2\/pages\/1526\/revisions\/1865"}],"wp:attachment":[{"href":"https:\/\/www.bhakademiker.org\/de\/wp-json\/wp\/v2\/media?parent=1526"}],"curies":[{"name":"wp","href":"https:\/\/api.w.org\/{rel}","templated":true}]}}