{"id":1635,"date":"2021-06-26T21:02:16","date_gmt":"2021-06-26T19:02:16","guid":{"rendered":"https:\/\/www.bhakademiker.org\/?page_id=1635"},"modified":"2021-06-26T21:02:16","modified_gmt":"2021-06-26T19:02:16","slug":"dzevad-karahasan-2","status":"publish","type":"page","link":"https:\/\/www.bhakademiker.org\/de\/dzevad-karahasan-2\/","title":{"rendered":"Dzevad Karahasan"},"content":{"rendered":"<div class=\"vc_row wpb_row row\"><div class=\"wpb_column vc_column_container vc_col-sm-12\"><div class=\"vc_column-inner\"><div class=\"wpb_wrapper\"><h3 class=\"no-margin-top \" >Dzevad Karahasan<\/h3>\n\t<div class=\"wpb_text_column wpb_content_element \" >\n\t\t<div class=\"wpb_wrapper\">\n\t\t\t<p><strong>Dzevad Karahasan (Duvno, 1953, bosnisch-herzegowinischer Schriftsteller)<\/strong><\/p>\n<p><img decoding=\"async\" class=\"img-responsive alignleft\" title=\"BH-Akademiker - Dzevad Karahasan\" src=\"https:\/\/www.bhakademiker.org\/\/files\/pics\/dzevad-karahasan-team.jpg\" alt=\"BH-Akademiker - Dzevad Karahasan\" \/>Sein Studium der vergleichenden Literatur und Theatrologie schloss er an der Philosophischen Fakult\u00e4t in Sarajewo ab und verteidigte seine Doktordissertation in Zagreb\u00a0 an der Philosophischen Fakult\u00e4t.<\/p>\n<p>Einige Jahre lang war er\u00a0 als Redakteur des\u00a0 Magazins f\u00fcr kulturelle Fragen \u201e<strong>Odjek<\/strong>\u201c in Sarajewo t\u00e4tig. Als der Krieg in Bosnien 1992 ausbrach, war Karahasan Professor, und sp\u00e4ter Dekan, der\u00a0<strong>Akademie der B\u00fchnenk\u00fcnste<\/strong>\u00a0in Sarajewo. Er ist ordentlicher Professor an der philosophischen Fakult\u00e4t der Universit\u00e4t zu Sarajewo, Gastprofessor an den Universit\u00e4ten\u00a0<strong>Salzburg, Innsbruck, Berlin (Humboldt-Universit\u00e4t) und Basel, Stipendist des DAAD Berlin, Stadtschreiber der Stadt Graz, Mitglied des Wissenschaftskolleg zu Berlin, Lektor f\u00fcr Bosnisch\/Kroatisch\/Serbisch an der Slavistik der Georg-August Universit\u00e4t in G\u00f6ttingen<\/strong>.<\/p>\n<p>Er ver\u00f6ffentlichte hunderte von Facharbeiten in Zeitschriften, Sammelwerken und B\u00fcchern zu verschiedenen Autoren und Theorieproblemen des Dramas, Theaters und der Prosa. Seine B\u00fccher wurden in\u00a0<strong>f\u00fcnfzehn Sprachen \u00fcbersetzt<\/strong>. Seit 2008 ist der Heimmitglied und seit 2012 korrespondierendes\u00a0<strong>Mitglied der Akademie der Wissenschaften und Kunst Bosnien und Herzegowinas<\/strong>.<\/p>\n<p>Er ist Mitglied der\u00a0<strong>deutschen Akademie der Sprache und Kunst<\/strong>. Bei der Gr\u00fcnderversamlung der Bosnischen Akademischen Gesellschaft in Wien 1994, wurde er\u00a0<strong>zum ersten Pr\u00e4sident<\/strong>\u00a0der Gesellschaft gew\u00e4hlt.<\/p>\n<p><strong>Ausgew\u00e4hlte Werke in deutscher Sprache:<\/strong><\/p>\n<ul>\n<li>\u201eDer \u00f6stliche Diwan\u201c, Wieser 1993<\/li>\n<li>\u201eTagebuch der Aussiedlung\u201c, Wieser 1993<\/li>\n<li>\u201eSchahrijars Ring\u201c, Rowohlt 1997<\/li>\n<li>Sara und Serafina, Roman\u00a0 Rowohlt, Berlin 2000; Suhrkamp,, Berlin 2014<\/li>\n<li>\u201eDas Buch der G\u00e4rten\u201c, Insel 2002<\/li>\n<li>Der n\u00e4chtliche Rat. Insel, Frankfurt am Main\/Leipzig 2006,<\/li>\n<li>Berichte aus der dunklen Welt. Insel 2007.<\/li>\n<li>Die Schatten der St\u00e4dte, Essays, aus dem Bosnischen \u00fcbersetzt von Katharina Wolf-Grie\u00dfhaber, Insel, Berlin 2010,<\/li>\n<li>Der Trost des Nachthimmels &#8211; Roman, aus dem Bosnischen von Katharina Wolf-Grie\u00dfhaber, Suhrkamp, Berlin 2016<\/li>\n<\/ul>\n<p><strong>Preise und Auszeichnungen:<\/strong><\/p>\n<ul>\n<li>Veselin Maslesa \u2013 Preis f\u00fcr das Buch des Jahres (Kraljevske legende), Sarajewo 1981.<\/li>\n<li>Preis f\u00fcr den jugoslawischen Roman des Jahres (Istocni Diwan), Sisak, 1990.<\/li>\n<li>Literturpreis der franziskanischen Provinz Bosna Srebrena (Drama \u201eKotac sveteKatarine\u201c) anl\u00e4sslich der 700-j\u00e4hrigen Wirkung des Franziskanerordens in Bosnien.<\/li>\n<li>Charles Veillon \u2013Preis f\u00fcr das Essay-Buch in Europa (Un demenagement), Paris 1995.<\/li>\n<li>Bruno-Kreisky-Preis f\u00fcr das Politik-Buch des Jahres (Tagebuch der Aussiedlung), Wien 1995.<\/li>\n<li>Internationaler Preis f\u00fcr den interkulturellen Dialog, Forli 1997. Herder-Preis, 1999.<\/li>\n<li>Leipziger Buchmesse-Preis f\u00fcr\u00a0 europ\u00e4ische Verst\u00e4ndigung, f\u00fcr sein Essay-Buch \u201eKnjiga vrtova\u201c, 2004.<\/li>\n<li>Vilenica, mitteleurop\u00e4ischer Literaturpreis, 2010.<\/li>\n<li>Heinrisch-heine-Preis, 2012.<\/li>\n<li>Goethe-Medaille, 2012.<\/li>\n<li>Ehrendoktortitel der Universit\u00e4t zu Basel, 2014.<\/li>\n<\/ul>\n\n\t\t<\/div>\n\t<\/div>\n<\/div><\/div><\/div><\/div>\n","protected":false},"excerpt":{"rendered":"Dzevad Karahasan Dzevad Karahasan (Duvno, 1953, bosnisch-herzegowinischer Schriftsteller) Sein Studium der vergleichenden Literatur und Theatrologie schloss er an der Philosophischen Fakult\u00e4t in Sarajewo ab und verteidigte seine Doktordissertation in Zagreb\u00a0 an der Philosophischen Fakult\u00e4t. Einige Jahre lang war er\u00a0 als Redakteur des\u00a0 Magazins f\u00fcr kulturelle Fragen \u201eOdjek\u201c in Sarajewo t\u00e4tig. Als der Krieg in Bosnien 1992 ausbrach, war Karahasan Professor, und sp\u00e4ter Dekan, der\u00a0Akademie der B\u00fchnenk\u00fcnste\u00a0in Sarajewo. Er ist ordentlicher Professor an der philosophischen Fakult\u00e4t der Universit\u00e4t zu Sarajewo, Gastprofessor an den Universit\u00e4ten\u00a0Salzburg, Innsbruck, Berlin (Humboldt-Universit\u00e4t) und Basel, Stipendist des DAAD Berlin, Stadtschreiber der Stadt Graz, Mitglied des Wissenschaftskolleg zu...","protected":false},"author":1,"featured_media":0,"parent":0,"menu_order":0,"comment_status":"closed","ping_status":"closed","template":"","meta":{"footnotes":""},"class_list":["post-1635","page","type-page","status-publish","hentry"],"yoast_head":"<!-- This site is optimized with the Yoast SEO plugin v20.3 - https:\/\/yoast.com\/wordpress\/plugins\/seo\/ -->\n<title>Dzevad Karahasan - Gesellschaft Bosnischer Akademiker<\/title>\n<meta name=\"robots\" content=\"index, follow, max-snippet:-1, max-image-preview:large, max-video-preview:-1\" \/>\n<link rel=\"canonical\" href=\"https:\/\/www.bhakademiker.org\/de\/dzevad-karahasan-2\/\" \/>\n<meta property=\"og:locale\" content=\"de_DE\" \/>\n<meta property=\"og:type\" content=\"article\" \/>\n<meta property=\"og:title\" content=\"Dzevad Karahasan - Gesellschaft Bosnischer Akademiker\" \/>\n<meta property=\"og:url\" content=\"https:\/\/www.bhakademiker.org\/de\/dzevad-karahasan-2\/\" \/>\n<meta property=\"og:site_name\" content=\"Gesellschaft Bosnischer Akademiker\" \/>\n<meta property=\"og:image\" content=\"https:\/\/www.bhakademiker.org\/\/files\/pics\/dzevad-karahasan-team.jpg\" \/>\n<meta name=\"twitter:card\" content=\"summary_large_image\" \/>\n<meta name=\"twitter:label1\" content=\"Gesch\u00e4tzte Lesezeit\" \/>\n\t<meta name=\"twitter:data1\" content=\"2\u00a0Minuten\" \/>\n<script type=\"application\/ld+json\" class=\"yoast-schema-graph\">{\"@context\":\"https:\/\/schema.org\",\"@graph\":[{\"@type\":\"WebPage\",\"@id\":\"https:\/\/www.bhakademiker.org\/de\/dzevad-karahasan-2\/\",\"url\":\"https:\/\/www.bhakademiker.org\/de\/dzevad-karahasan-2\/\",\"name\":\"Dzevad Karahasan - Gesellschaft Bosnischer Akademiker\",\"isPartOf\":{\"@id\":\"https:\/\/www.bhakademiker.org\/bs\/#website\"},\"datePublished\":\"2021-06-26T19:02:16+00:00\",\"dateModified\":\"2021-06-26T19:02:16+00:00\",\"breadcrumb\":{\"@id\":\"https:\/\/www.bhakademiker.org\/de\/dzevad-karahasan-2\/#breadcrumb\"},\"inLanguage\":\"de\",\"potentialAction\":[{\"@type\":\"ReadAction\",\"target\":[\"https:\/\/www.bhakademiker.org\/de\/dzevad-karahasan-2\/\"]}]},{\"@type\":\"BreadcrumbList\",\"@id\":\"https:\/\/www.bhakademiker.org\/de\/dzevad-karahasan-2\/#breadcrumb\",\"itemListElement\":[{\"@type\":\"ListItem\",\"position\":1,\"name\":\"Home\",\"item\":\"https:\/\/www.bhakademiker.org\/\"},{\"@type\":\"ListItem\",\"position\":2,\"name\":\"Dzevad Karahasan\"}]},{\"@type\":\"WebSite\",\"@id\":\"https:\/\/www.bhakademiker.org\/bs\/#website\",\"url\":\"https:\/\/www.bhakademiker.org\/bs\/\",\"name\":\"Gesellschaft Bosnischer Akademiker\",\"description\":\"\",\"publisher\":{\"@id\":\"https:\/\/www.bhakademiker.org\/bs\/#organization\"},\"potentialAction\":[{\"@type\":\"SearchAction\",\"target\":{\"@type\":\"EntryPoint\",\"urlTemplate\":\"https:\/\/www.bhakademiker.org\/bs\/?s={search_term_string}\"},\"query-input\":\"required name=search_term_string\"}],\"inLanguage\":\"de\"},{\"@type\":\"Organization\",\"@id\":\"https:\/\/www.bhakademiker.org\/bs\/#organization\",\"name\":\"Gesellschaft Bosnischer Akademiker in \u00d6sterreich\",\"url\":\"https:\/\/www.bhakademiker.org\/bs\/\",\"logo\":{\"@type\":\"ImageObject\",\"inLanguage\":\"de\",\"@id\":\"https:\/\/www.bhakademiker.org\/bs\/#\/schema\/logo\/image\/\",\"url\":\"https:\/\/www.bhakademiker.org\/wp-content\/uploads\/2022\/01\/featured-GBAA.png\",\"contentUrl\":\"https:\/\/www.bhakademiker.org\/wp-content\/uploads\/2022\/01\/featured-GBAA.png\",\"width\":1200,\"height\":630,\"caption\":\"Gesellschaft Bosnischer Akademiker in \u00d6sterreich\"},\"image\":{\"@id\":\"https:\/\/www.bhakademiker.org\/bs\/#\/schema\/logo\/image\/\"}}]}<\/script>\n<!-- \/ Yoast SEO plugin. -->","yoast_head_json":{"title":"Dzevad Karahasan - Gesellschaft Bosnischer Akademiker","robots":{"index":"index","follow":"follow","max-snippet":"max-snippet:-1","max-image-preview":"max-image-preview:large","max-video-preview":"max-video-preview:-1"},"canonical":"https:\/\/www.bhakademiker.org\/de\/dzevad-karahasan-2\/","og_locale":"de_DE","og_type":"article","og_title":"Dzevad Karahasan - Gesellschaft Bosnischer Akademiker","og_url":"https:\/\/www.bhakademiker.org\/de\/dzevad-karahasan-2\/","og_site_name":"Gesellschaft Bosnischer Akademiker","og_image":[{"url":"https:\/\/www.bhakademiker.org\/\/files\/pics\/dzevad-karahasan-team.jpg"}],"twitter_card":"summary_large_image","twitter_misc":{"Gesch\u00e4tzte Lesezeit":"2\u00a0Minuten"},"schema":{"@context":"https:\/\/schema.org","@graph":[{"@type":"WebPage","@id":"https:\/\/www.bhakademiker.org\/de\/dzevad-karahasan-2\/","url":"https:\/\/www.bhakademiker.org\/de\/dzevad-karahasan-2\/","name":"Dzevad Karahasan - Gesellschaft Bosnischer Akademiker","isPartOf":{"@id":"https:\/\/www.bhakademiker.org\/bs\/#website"},"datePublished":"2021-06-26T19:02:16+00:00","dateModified":"2021-06-26T19:02:16+00:00","breadcrumb":{"@id":"https:\/\/www.bhakademiker.org\/de\/dzevad-karahasan-2\/#breadcrumb"},"inLanguage":"de","potentialAction":[{"@type":"ReadAction","target":["https:\/\/www.bhakademiker.org\/de\/dzevad-karahasan-2\/"]}]},{"@type":"BreadcrumbList","@id":"https:\/\/www.bhakademiker.org\/de\/dzevad-karahasan-2\/#breadcrumb","itemListElement":[{"@type":"ListItem","position":1,"name":"Home","item":"https:\/\/www.bhakademiker.org\/"},{"@type":"ListItem","position":2,"name":"Dzevad Karahasan"}]},{"@type":"WebSite","@id":"https:\/\/www.bhakademiker.org\/bs\/#website","url":"https:\/\/www.bhakademiker.org\/bs\/","name":"Gesellschaft Bosnischer Akademiker","description":"","publisher":{"@id":"https:\/\/www.bhakademiker.org\/bs\/#organization"},"potentialAction":[{"@type":"SearchAction","target":{"@type":"EntryPoint","urlTemplate":"https:\/\/www.bhakademiker.org\/bs\/?s={search_term_string}"},"query-input":"required name=search_term_string"}],"inLanguage":"de"},{"@type":"Organization","@id":"https:\/\/www.bhakademiker.org\/bs\/#organization","name":"Gesellschaft Bosnischer Akademiker in \u00d6sterreich","url":"https:\/\/www.bhakademiker.org\/bs\/","logo":{"@type":"ImageObject","inLanguage":"de","@id":"https:\/\/www.bhakademiker.org\/bs\/#\/schema\/logo\/image\/","url":"https:\/\/www.bhakademiker.org\/wp-content\/uploads\/2022\/01\/featured-GBAA.png","contentUrl":"https:\/\/www.bhakademiker.org\/wp-content\/uploads\/2022\/01\/featured-GBAA.png","width":1200,"height":630,"caption":"Gesellschaft Bosnischer Akademiker in \u00d6sterreich"},"image":{"@id":"https:\/\/www.bhakademiker.org\/bs\/#\/schema\/logo\/image\/"}}]}},"_links":{"self":[{"href":"https:\/\/www.bhakademiker.org\/de\/wp-json\/wp\/v2\/pages\/1635","targetHints":{"allow":["GET"]}}],"collection":[{"href":"https:\/\/www.bhakademiker.org\/de\/wp-json\/wp\/v2\/pages"}],"about":[{"href":"https:\/\/www.bhakademiker.org\/de\/wp-json\/wp\/v2\/types\/page"}],"author":[{"embeddable":true,"href":"https:\/\/www.bhakademiker.org\/de\/wp-json\/wp\/v2\/users\/1"}],"replies":[{"embeddable":true,"href":"https:\/\/www.bhakademiker.org\/de\/wp-json\/wp\/v2\/comments?post=1635"}],"version-history":[{"count":2,"href":"https:\/\/www.bhakademiker.org\/de\/wp-json\/wp\/v2\/pages\/1635\/revisions"}],"predecessor-version":[{"id":1637,"href":"https:\/\/www.bhakademiker.org\/de\/wp-json\/wp\/v2\/pages\/1635\/revisions\/1637"}],"wp:attachment":[{"href":"https:\/\/www.bhakademiker.org\/de\/wp-json\/wp\/v2\/media?parent=1635"}],"curies":[{"name":"wp","href":"https:\/\/api.w.org\/{rel}","templated":true}]}}