{"id":1643,"date":"2021-06-26T21:10:32","date_gmt":"2021-06-26T19:10:32","guid":{"rendered":"https:\/\/www.bhakademiker.org\/?page_id=1643"},"modified":"2021-06-26T21:10:32","modified_gmt":"2021-06-26T19:10:32","slug":"pavo-jusuf-urban","status":"publish","type":"page","link":"https:\/\/www.bhakademiker.org\/de\/pavo-jusuf-urban\/","title":{"rendered":"Pavo Jusuf Urban"},"content":{"rendered":"<div class=\"vc_row wpb_row row\"><div class=\"wpb_column vc_column_container vc_col-sm-12\"><div class=\"vc_column-inner\"><div class=\"wpb_wrapper\"><h3 class=\"no-margin-top \" >Pavo Jusuf Urban<\/h3>\n\t<div class=\"wpb_text_column wpb_content_element \" >\n\t\t<div class=\"wpb_wrapper\">\n\t\t\t<p><img decoding=\"async\" class=\"alignleft\" src=\"https:\/\/www.bhakademiker.org\/\/files\/pics\/pavo_jufuf_urban.jpg\" \/>Pavo Jusuf Urban wurde am 5. Juli in Sarajewo geboren. Sein Vater Cedomir Urban war ein Officier der \u00f6sterreichisch \u2013 ungarischen Armee innerhalb des bosnienherzegowinischen Infanterieregiments Nr. 1. Nach dem Sturz der Monarhie musste Pavo mit seinen Eltern zur\u00fcck nach \u00d6sterreich. Nach dem Zweiten Weltkrieg \u00fcbernahm er die Stelle des Vizepr\u00e4sidenten der Wirtschaftskamer \u00d6sterreich und war zugleich Pr\u00e4sident der \u00d6sterreichisch-Jugoslawischen Gesellschaft. Allerdings behielt er seine Dokumente mit der bosniakischen Nationalit\u00e4t.<br \/>\nDie Idee zur Gr\u00fcndung des Unternehmens \u201eMelbrosin International\u201c bekam er aus Bosnien. Das Unternehmen befasste sich mit der Herstellung und dem Export von Bienenprodukten: Propolis, Pollen und Gel\u00e9e Royale, welches ihm ein betr\u00e4chtliches Verm\u00f6gen einbrachte, mit dem er seine gesellschaftlichen T\u00e4tigkeiten finanzierte. Eine dieser T\u00e4tigkeiten und zugleich\u00a0 eine der wichtigsten, ist die Pflege der Meletta-Tradition.<br \/>\n1917 wurde zum ersten Mal der Meletta-Schlacht gedacht, ein Jahr nach dem der Berg Monte Meletta erobert wurde, dessen Eroberung der Verdienst des bosniakischen Infanterieregiments Nr. 2 war. Diese Festlichkeiten werden bis heute abgehalten. Eine Unterbrechung erfolgte zur Zeit des nationalistischen\u00a0 Regimes. Dies war auch einer der Gr\u00fcnde f\u00fcr die Gr\u00fcndung der \u201e\u00d6sterreichischen Gesellschaft f\u00fcr bosnienherzegowinische Beziehungen\u201c in Graz, deren Hauptaufgabe die Pflege der Meletta-Tradition\u00a0 ist. Die Gesellschaft wurde in die \u00d6sterreichisch \u2013 Bosnienherzegowinische Gesellschaft umbenannt.<br \/>\nNach der Unabh\u00e4ngigkeitserkl\u00e4rung Bosniens wurde Pavo Urban vom damaligen Pr\u00e4sidenten Alija Izetbegovic zum Ehrenbotschafter Bosnien-Herzegowinas in \u00d6sterreich ernannt.<br \/>\nIn Kriegszeiten war er einer der Mitbegr\u00fcnder der Bosnischen Akademischen Gesellschaft in \u00d6sterreich. Ihm verdanken wir auch unsere Verbindung zu Simon Wiesenthal.<br \/>\nEr ist Tr\u00e4ger des goldenen Ehrenordens der Republik \u00d6sterreich, sowie des h\u00f6chsten Ordens des \u00f6sterreichischen Bundeslandes Steiermark und des Schwarzen Kreuzes.<br \/>\nEr wurde in Wien begraben, und seine Gedenkstatue befindet sich am bosniakischen Milit\u00e4rfriedhof in Lebring, einem Ort s\u00fcdlich von Graz.<\/p>\n\n\t\t<\/div>\n\t<\/div>\n<\/div><\/div><\/div><\/div>\n","protected":false},"excerpt":{"rendered":"Pavo Jusuf Urban Pavo Jusuf Urban wurde am 5. Juli in Sarajewo geboren. Sein Vater Cedomir Urban war ein Officier der \u00f6sterreichisch \u2013 ungarischen Armee innerhalb des bosnienherzegowinischen Infanterieregiments Nr. 1. Nach dem Sturz der Monarhie musste Pavo mit seinen Eltern zur\u00fcck nach \u00d6sterreich. Nach dem Zweiten Weltkrieg \u00fcbernahm er die Stelle des Vizepr\u00e4sidenten der Wirtschaftskamer \u00d6sterreich und war zugleich Pr\u00e4sident der \u00d6sterreichisch-Jugoslawischen Gesellschaft. Allerdings behielt er seine Dokumente mit der bosniakischen Nationalit\u00e4t. Die Idee zur Gr\u00fcndung des Unternehmens \u201eMelbrosin International\u201c bekam er aus Bosnien. Das Unternehmen befasste sich mit der Herstellung und dem Export von Bienenprodukten: Propolis, Pollen und...","protected":false},"author":1,"featured_media":0,"parent":0,"menu_order":0,"comment_status":"closed","ping_status":"closed","template":"","meta":{"footnotes":""},"class_list":["post-1643","page","type-page","status-publish","hentry"],"yoast_head":"<!-- This site is optimized with the Yoast SEO plugin v20.3 - https:\/\/yoast.com\/wordpress\/plugins\/seo\/ -->\n<title>Pavo Jusuf Urban - Gesellschaft Bosnischer Akademiker<\/title>\n<meta name=\"robots\" content=\"index, follow, max-snippet:-1, max-image-preview:large, max-video-preview:-1\" \/>\n<link rel=\"canonical\" href=\"https:\/\/www.bhakademiker.org\/de\/pavo-jusuf-urban\/\" \/>\n<meta property=\"og:locale\" content=\"de_DE\" \/>\n<meta property=\"og:type\" content=\"article\" \/>\n<meta property=\"og:title\" content=\"Pavo Jusuf Urban - Gesellschaft Bosnischer Akademiker\" \/>\n<meta property=\"og:url\" content=\"https:\/\/www.bhakademiker.org\/de\/pavo-jusuf-urban\/\" \/>\n<meta property=\"og:site_name\" content=\"Gesellschaft Bosnischer Akademiker\" \/>\n<meta property=\"og:image\" content=\"https:\/\/www.bhakademiker.org\/\/files\/pics\/pavo_jufuf_urban.jpg\" \/>\n<meta name=\"twitter:card\" content=\"summary_large_image\" \/>\n<meta name=\"twitter:label1\" content=\"Gesch\u00e4tzte Lesezeit\" \/>\n\t<meta name=\"twitter:data1\" content=\"2\u00a0Minuten\" \/>\n<script type=\"application\/ld+json\" class=\"yoast-schema-graph\">{\"@context\":\"https:\/\/schema.org\",\"@graph\":[{\"@type\":\"WebPage\",\"@id\":\"https:\/\/www.bhakademiker.org\/de\/pavo-jusuf-urban\/\",\"url\":\"https:\/\/www.bhakademiker.org\/de\/pavo-jusuf-urban\/\",\"name\":\"Pavo Jusuf Urban - Gesellschaft Bosnischer Akademiker\",\"isPartOf\":{\"@id\":\"https:\/\/www.bhakademiker.org\/bs\/#website\"},\"datePublished\":\"2021-06-26T19:10:32+00:00\",\"dateModified\":\"2021-06-26T19:10:32+00:00\",\"breadcrumb\":{\"@id\":\"https:\/\/www.bhakademiker.org\/de\/pavo-jusuf-urban\/#breadcrumb\"},\"inLanguage\":\"de\",\"potentialAction\":[{\"@type\":\"ReadAction\",\"target\":[\"https:\/\/www.bhakademiker.org\/de\/pavo-jusuf-urban\/\"]}]},{\"@type\":\"BreadcrumbList\",\"@id\":\"https:\/\/www.bhakademiker.org\/de\/pavo-jusuf-urban\/#breadcrumb\",\"itemListElement\":[{\"@type\":\"ListItem\",\"position\":1,\"name\":\"Home\",\"item\":\"https:\/\/www.bhakademiker.org\/\"},{\"@type\":\"ListItem\",\"position\":2,\"name\":\"Pavo Jusuf Urban\"}]},{\"@type\":\"WebSite\",\"@id\":\"https:\/\/www.bhakademiker.org\/bs\/#website\",\"url\":\"https:\/\/www.bhakademiker.org\/bs\/\",\"name\":\"Gesellschaft Bosnischer Akademiker\",\"description\":\"\",\"publisher\":{\"@id\":\"https:\/\/www.bhakademiker.org\/bs\/#organization\"},\"potentialAction\":[{\"@type\":\"SearchAction\",\"target\":{\"@type\":\"EntryPoint\",\"urlTemplate\":\"https:\/\/www.bhakademiker.org\/bs\/?s={search_term_string}\"},\"query-input\":\"required name=search_term_string\"}],\"inLanguage\":\"de\"},{\"@type\":\"Organization\",\"@id\":\"https:\/\/www.bhakademiker.org\/bs\/#organization\",\"name\":\"Gesellschaft Bosnischer Akademiker in \u00d6sterreich\",\"url\":\"https:\/\/www.bhakademiker.org\/bs\/\",\"logo\":{\"@type\":\"ImageObject\",\"inLanguage\":\"de\",\"@id\":\"https:\/\/www.bhakademiker.org\/bs\/#\/schema\/logo\/image\/\",\"url\":\"https:\/\/www.bhakademiker.org\/wp-content\/uploads\/2022\/01\/featured-GBAA.png\",\"contentUrl\":\"https:\/\/www.bhakademiker.org\/wp-content\/uploads\/2022\/01\/featured-GBAA.png\",\"width\":1200,\"height\":630,\"caption\":\"Gesellschaft Bosnischer Akademiker in \u00d6sterreich\"},\"image\":{\"@id\":\"https:\/\/www.bhakademiker.org\/bs\/#\/schema\/logo\/image\/\"}}]}<\/script>\n<!-- \/ Yoast SEO plugin. -->","yoast_head_json":{"title":"Pavo Jusuf Urban - Gesellschaft Bosnischer Akademiker","robots":{"index":"index","follow":"follow","max-snippet":"max-snippet:-1","max-image-preview":"max-image-preview:large","max-video-preview":"max-video-preview:-1"},"canonical":"https:\/\/www.bhakademiker.org\/de\/pavo-jusuf-urban\/","og_locale":"de_DE","og_type":"article","og_title":"Pavo Jusuf Urban - Gesellschaft Bosnischer Akademiker","og_url":"https:\/\/www.bhakademiker.org\/de\/pavo-jusuf-urban\/","og_site_name":"Gesellschaft Bosnischer Akademiker","og_image":[{"url":"https:\/\/www.bhakademiker.org\/\/files\/pics\/pavo_jufuf_urban.jpg"}],"twitter_card":"summary_large_image","twitter_misc":{"Gesch\u00e4tzte Lesezeit":"2\u00a0Minuten"},"schema":{"@context":"https:\/\/schema.org","@graph":[{"@type":"WebPage","@id":"https:\/\/www.bhakademiker.org\/de\/pavo-jusuf-urban\/","url":"https:\/\/www.bhakademiker.org\/de\/pavo-jusuf-urban\/","name":"Pavo Jusuf Urban - Gesellschaft Bosnischer Akademiker","isPartOf":{"@id":"https:\/\/www.bhakademiker.org\/bs\/#website"},"datePublished":"2021-06-26T19:10:32+00:00","dateModified":"2021-06-26T19:10:32+00:00","breadcrumb":{"@id":"https:\/\/www.bhakademiker.org\/de\/pavo-jusuf-urban\/#breadcrumb"},"inLanguage":"de","potentialAction":[{"@type":"ReadAction","target":["https:\/\/www.bhakademiker.org\/de\/pavo-jusuf-urban\/"]}]},{"@type":"BreadcrumbList","@id":"https:\/\/www.bhakademiker.org\/de\/pavo-jusuf-urban\/#breadcrumb","itemListElement":[{"@type":"ListItem","position":1,"name":"Home","item":"https:\/\/www.bhakademiker.org\/"},{"@type":"ListItem","position":2,"name":"Pavo Jusuf Urban"}]},{"@type":"WebSite","@id":"https:\/\/www.bhakademiker.org\/bs\/#website","url":"https:\/\/www.bhakademiker.org\/bs\/","name":"Gesellschaft Bosnischer Akademiker","description":"","publisher":{"@id":"https:\/\/www.bhakademiker.org\/bs\/#organization"},"potentialAction":[{"@type":"SearchAction","target":{"@type":"EntryPoint","urlTemplate":"https:\/\/www.bhakademiker.org\/bs\/?s={search_term_string}"},"query-input":"required name=search_term_string"}],"inLanguage":"de"},{"@type":"Organization","@id":"https:\/\/www.bhakademiker.org\/bs\/#organization","name":"Gesellschaft Bosnischer Akademiker in \u00d6sterreich","url":"https:\/\/www.bhakademiker.org\/bs\/","logo":{"@type":"ImageObject","inLanguage":"de","@id":"https:\/\/www.bhakademiker.org\/bs\/#\/schema\/logo\/image\/","url":"https:\/\/www.bhakademiker.org\/wp-content\/uploads\/2022\/01\/featured-GBAA.png","contentUrl":"https:\/\/www.bhakademiker.org\/wp-content\/uploads\/2022\/01\/featured-GBAA.png","width":1200,"height":630,"caption":"Gesellschaft Bosnischer Akademiker in \u00d6sterreich"},"image":{"@id":"https:\/\/www.bhakademiker.org\/bs\/#\/schema\/logo\/image\/"}}]}},"_links":{"self":[{"href":"https:\/\/www.bhakademiker.org\/de\/wp-json\/wp\/v2\/pages\/1643","targetHints":{"allow":["GET"]}}],"collection":[{"href":"https:\/\/www.bhakademiker.org\/de\/wp-json\/wp\/v2\/pages"}],"about":[{"href":"https:\/\/www.bhakademiker.org\/de\/wp-json\/wp\/v2\/types\/page"}],"author":[{"embeddable":true,"href":"https:\/\/www.bhakademiker.org\/de\/wp-json\/wp\/v2\/users\/1"}],"replies":[{"embeddable":true,"href":"https:\/\/www.bhakademiker.org\/de\/wp-json\/wp\/v2\/comments?post=1643"}],"version-history":[{"count":2,"href":"https:\/\/www.bhakademiker.org\/de\/wp-json\/wp\/v2\/pages\/1643\/revisions"}],"predecessor-version":[{"id":1645,"href":"https:\/\/www.bhakademiker.org\/de\/wp-json\/wp\/v2\/pages\/1643\/revisions\/1645"}],"wp:attachment":[{"href":"https:\/\/www.bhakademiker.org\/de\/wp-json\/wp\/v2\/media?parent=1643"}],"curies":[{"name":"wp","href":"https:\/\/api.w.org\/{rel}","templated":true}]}}