{"id":1647,"date":"2021-06-26T21:11:35","date_gmt":"2021-06-26T19:11:35","guid":{"rendered":"https:\/\/www.bhakademiker.org\/?page_id=1647"},"modified":"2021-06-26T21:11:35","modified_gmt":"2021-06-26T19:11:35","slug":"smail-balic","status":"publish","type":"page","link":"https:\/\/www.bhakademiker.org\/de\/smail-balic\/","title":{"rendered":"Smail Balic"},"content":{"rendered":"<div class=\"vc_row wpb_row row\"><div class=\"wpb_column vc_column_container vc_col-sm-12\"><div class=\"vc_column-inner\"><div class=\"wpb_wrapper\"><h3 class=\"no-margin-top \" >Smail Balic<\/h3>\n\t<div class=\"wpb_text_column wpb_content_element \" >\n\t\t<div class=\"wpb_wrapper\">\n\t\t\t<p>Geboren 1920 in Mostar, gestorben im M\u00e4rz 2002 in Zwerndorf in der N\u00e4he von Wien.<\/p>\n<p><img decoding=\"async\" class=\"img-responsive alignleft\" src=\"https:\/\/www.bhakademiker.org\/\/files\/pics\/smailBalic_produkt_foto.jpg\" alt=\"\" \/><\/p>\n<p>Studierte Islamische Theologie in Sarajewo, seine Dissertation mit dem Thema \u201eGeistige Triebkr\u00e4fte im bosnisch-herzegowinischen Islam\u201c verteidigte er 1945 in Wien. Er unterrichtete Orientalistik in Wien nach 1945 und in der Zeit von 1962-1963 war er Dozent f\u00fcr die deutsche Sprache an einer Privathochschule in Kuwait. Von 1963 bis 1984 war er in der \u00d6sterreichischen Nationalbibliothek als wissenschaftlicher Bibliothekar und Leiter f\u00fcr orientalische Sprachen sowie arabische Handschriften t\u00e4tig. Dr. Bali\u0107 war auch ein wissentschaftlicher Mitarbeiter des K\u00f6niglichen Instituts f\u00fcr islamisches Denken in Jordanien.<\/p>\n<p>Als prominenter Islamwissenschaftler setzte er sich f\u00fcr eine integrativ-kulturelle Wahrnehmung des Islams, seine Segregation von Politik, aber seine Kritik richtete sich besonders gegen die politische Instrumentalisierung des Islams. In den letzten Jahren widmete er viele Studien und Vortr\u00e4ge dem Ziel der R\u00fcckkehr des Islams so wie er in fr\u00fcheren Zeiten in Bosnien und Herzegowina war. Dr. Smail Bali\u0107 wurde f\u00fcr sein Werk mit dem Orden f\u00fcr Wissenschaft und Kunst der 1. Klasse in 1995 in \u00d6sterreich ausgezeichnet. Als Mitglied der Gesellschaft der bosnischen Akademiker in \u00d6sterreich, mit Ver\u00f6ffentlichung seines letzten Buches \u201eDer vergessene Islam\u201c, hinterlie\u00df er eine unausl\u00f6schliche Spur in der bosnischen und bosniakischen Kultur. Der Akademiker Vladimir Premec beendete die Buchpromotion \u201eDer vergessene Islam\u201c in Sarajewo mit inspirierten Worten: \u201eUnsterblichen G\u00f6ttern sei Dank weil Bosnien so einen Herzegowiner hat\u201c.<\/p>\n<p>Die bekanntesten Werke von Dr. Smail Bali\u0107:<\/p>\n<ul>\n<li>Der Islam im mittelalterlichen Ungarn, 1965<\/li>\n<li>Die Kultur der Bosniaker, 1973, Wien<\/li>\n<li>Das unbekannte Bosnien, 1992, K\u00f6ln<\/li>\n<li>Der Islam \u2013 in \u00dcbereinstimmung mit Europa?, 1994, Wien<\/li>\n<li>Der vergessene Islam, 2000, Gesellschaft der bosnischen Akademiker in \u00d6sterreich<\/li>\n<\/ul>\n\n\t\t<\/div>\n\t<\/div>\n<\/div><\/div><\/div><\/div>\n","protected":false},"excerpt":{"rendered":"Smail Balic Geboren 1920 in Mostar, gestorben im M\u00e4rz 2002 in Zwerndorf in der N\u00e4he von Wien. Studierte Islamische Theologie in Sarajewo, seine Dissertation mit dem Thema \u201eGeistige Triebkr\u00e4fte im bosnisch-herzegowinischen Islam\u201c verteidigte er 1945 in Wien. Er unterrichtete Orientalistik in Wien nach 1945 und in der Zeit von 1962-1963 war er Dozent f\u00fcr die deutsche Sprache an einer Privathochschule in Kuwait. Von 1963 bis 1984 war er in der \u00d6sterreichischen Nationalbibliothek als wissenschaftlicher Bibliothekar und Leiter f\u00fcr orientalische Sprachen sowie arabische Handschriften t\u00e4tig. Dr. Bali\u0107 war auch ein wissentschaftlicher Mitarbeiter des K\u00f6niglichen Instituts f\u00fcr islamisches Denken in Jordanien. Als...","protected":false},"author":1,"featured_media":0,"parent":0,"menu_order":0,"comment_status":"closed","ping_status":"closed","template":"","meta":{"footnotes":""},"class_list":["post-1647","page","type-page","status-publish","hentry"],"yoast_head":"<!-- This site is optimized with the Yoast SEO plugin v20.3 - https:\/\/yoast.com\/wordpress\/plugins\/seo\/ -->\n<title>Smail Balic - Gesellschaft Bosnischer Akademiker<\/title>\n<meta name=\"robots\" content=\"index, follow, max-snippet:-1, max-image-preview:large, max-video-preview:-1\" \/>\n<link rel=\"canonical\" href=\"https:\/\/www.bhakademiker.org\/de\/smail-balic\/\" \/>\n<meta property=\"og:locale\" content=\"de_DE\" \/>\n<meta property=\"og:type\" content=\"article\" \/>\n<meta property=\"og:title\" content=\"Smail Balic - Gesellschaft Bosnischer Akademiker\" \/>\n<meta property=\"og:url\" content=\"https:\/\/www.bhakademiker.org\/de\/smail-balic\/\" \/>\n<meta property=\"og:site_name\" content=\"Gesellschaft Bosnischer Akademiker\" \/>\n<meta property=\"og:image\" content=\"https:\/\/www.bhakademiker.org\/\/files\/pics\/smailBalic_produkt_foto.jpg\" \/>\n<meta name=\"twitter:card\" content=\"summary_large_image\" \/>\n<meta name=\"twitter:label1\" content=\"Gesch\u00e4tzte Lesezeit\" \/>\n\t<meta name=\"twitter:data1\" content=\"1\u00a0Minute\" \/>\n<script type=\"application\/ld+json\" class=\"yoast-schema-graph\">{\"@context\":\"https:\/\/schema.org\",\"@graph\":[{\"@type\":\"WebPage\",\"@id\":\"https:\/\/www.bhakademiker.org\/de\/smail-balic\/\",\"url\":\"https:\/\/www.bhakademiker.org\/de\/smail-balic\/\",\"name\":\"Smail Balic - Gesellschaft Bosnischer Akademiker\",\"isPartOf\":{\"@id\":\"https:\/\/www.bhakademiker.org\/bs\/#website\"},\"datePublished\":\"2021-06-26T19:11:35+00:00\",\"dateModified\":\"2021-06-26T19:11:35+00:00\",\"breadcrumb\":{\"@id\":\"https:\/\/www.bhakademiker.org\/de\/smail-balic\/#breadcrumb\"},\"inLanguage\":\"de\",\"potentialAction\":[{\"@type\":\"ReadAction\",\"target\":[\"https:\/\/www.bhakademiker.org\/de\/smail-balic\/\"]}]},{\"@type\":\"BreadcrumbList\",\"@id\":\"https:\/\/www.bhakademiker.org\/de\/smail-balic\/#breadcrumb\",\"itemListElement\":[{\"@type\":\"ListItem\",\"position\":1,\"name\":\"Home\",\"item\":\"https:\/\/www.bhakademiker.org\/\"},{\"@type\":\"ListItem\",\"position\":2,\"name\":\"Smail Balic\"}]},{\"@type\":\"WebSite\",\"@id\":\"https:\/\/www.bhakademiker.org\/bs\/#website\",\"url\":\"https:\/\/www.bhakademiker.org\/bs\/\",\"name\":\"Gesellschaft Bosnischer Akademiker\",\"description\":\"\",\"publisher\":{\"@id\":\"https:\/\/www.bhakademiker.org\/bs\/#organization\"},\"potentialAction\":[{\"@type\":\"SearchAction\",\"target\":{\"@type\":\"EntryPoint\",\"urlTemplate\":\"https:\/\/www.bhakademiker.org\/bs\/?s={search_term_string}\"},\"query-input\":\"required name=search_term_string\"}],\"inLanguage\":\"de\"},{\"@type\":\"Organization\",\"@id\":\"https:\/\/www.bhakademiker.org\/bs\/#organization\",\"name\":\"Gesellschaft Bosnischer Akademiker in \u00d6sterreich\",\"url\":\"https:\/\/www.bhakademiker.org\/bs\/\",\"logo\":{\"@type\":\"ImageObject\",\"inLanguage\":\"de\",\"@id\":\"https:\/\/www.bhakademiker.org\/bs\/#\/schema\/logo\/image\/\",\"url\":\"https:\/\/www.bhakademiker.org\/wp-content\/uploads\/2022\/01\/featured-GBAA.png\",\"contentUrl\":\"https:\/\/www.bhakademiker.org\/wp-content\/uploads\/2022\/01\/featured-GBAA.png\",\"width\":1200,\"height\":630,\"caption\":\"Gesellschaft Bosnischer Akademiker in \u00d6sterreich\"},\"image\":{\"@id\":\"https:\/\/www.bhakademiker.org\/bs\/#\/schema\/logo\/image\/\"}}]}<\/script>\n<!-- \/ Yoast SEO plugin. -->","yoast_head_json":{"title":"Smail Balic - Gesellschaft Bosnischer Akademiker","robots":{"index":"index","follow":"follow","max-snippet":"max-snippet:-1","max-image-preview":"max-image-preview:large","max-video-preview":"max-video-preview:-1"},"canonical":"https:\/\/www.bhakademiker.org\/de\/smail-balic\/","og_locale":"de_DE","og_type":"article","og_title":"Smail Balic - Gesellschaft Bosnischer Akademiker","og_url":"https:\/\/www.bhakademiker.org\/de\/smail-balic\/","og_site_name":"Gesellschaft Bosnischer Akademiker","og_image":[{"url":"https:\/\/www.bhakademiker.org\/\/files\/pics\/smailBalic_produkt_foto.jpg"}],"twitter_card":"summary_large_image","twitter_misc":{"Gesch\u00e4tzte Lesezeit":"1\u00a0Minute"},"schema":{"@context":"https:\/\/schema.org","@graph":[{"@type":"WebPage","@id":"https:\/\/www.bhakademiker.org\/de\/smail-balic\/","url":"https:\/\/www.bhakademiker.org\/de\/smail-balic\/","name":"Smail Balic - Gesellschaft Bosnischer Akademiker","isPartOf":{"@id":"https:\/\/www.bhakademiker.org\/bs\/#website"},"datePublished":"2021-06-26T19:11:35+00:00","dateModified":"2021-06-26T19:11:35+00:00","breadcrumb":{"@id":"https:\/\/www.bhakademiker.org\/de\/smail-balic\/#breadcrumb"},"inLanguage":"de","potentialAction":[{"@type":"ReadAction","target":["https:\/\/www.bhakademiker.org\/de\/smail-balic\/"]}]},{"@type":"BreadcrumbList","@id":"https:\/\/www.bhakademiker.org\/de\/smail-balic\/#breadcrumb","itemListElement":[{"@type":"ListItem","position":1,"name":"Home","item":"https:\/\/www.bhakademiker.org\/"},{"@type":"ListItem","position":2,"name":"Smail Balic"}]},{"@type":"WebSite","@id":"https:\/\/www.bhakademiker.org\/bs\/#website","url":"https:\/\/www.bhakademiker.org\/bs\/","name":"Gesellschaft Bosnischer Akademiker","description":"","publisher":{"@id":"https:\/\/www.bhakademiker.org\/bs\/#organization"},"potentialAction":[{"@type":"SearchAction","target":{"@type":"EntryPoint","urlTemplate":"https:\/\/www.bhakademiker.org\/bs\/?s={search_term_string}"},"query-input":"required name=search_term_string"}],"inLanguage":"de"},{"@type":"Organization","@id":"https:\/\/www.bhakademiker.org\/bs\/#organization","name":"Gesellschaft Bosnischer Akademiker in \u00d6sterreich","url":"https:\/\/www.bhakademiker.org\/bs\/","logo":{"@type":"ImageObject","inLanguage":"de","@id":"https:\/\/www.bhakademiker.org\/bs\/#\/schema\/logo\/image\/","url":"https:\/\/www.bhakademiker.org\/wp-content\/uploads\/2022\/01\/featured-GBAA.png","contentUrl":"https:\/\/www.bhakademiker.org\/wp-content\/uploads\/2022\/01\/featured-GBAA.png","width":1200,"height":630,"caption":"Gesellschaft Bosnischer Akademiker in \u00d6sterreich"},"image":{"@id":"https:\/\/www.bhakademiker.org\/bs\/#\/schema\/logo\/image\/"}}]}},"_links":{"self":[{"href":"https:\/\/www.bhakademiker.org\/de\/wp-json\/wp\/v2\/pages\/1647","targetHints":{"allow":["GET"]}}],"collection":[{"href":"https:\/\/www.bhakademiker.org\/de\/wp-json\/wp\/v2\/pages"}],"about":[{"href":"https:\/\/www.bhakademiker.org\/de\/wp-json\/wp\/v2\/types\/page"}],"author":[{"embeddable":true,"href":"https:\/\/www.bhakademiker.org\/de\/wp-json\/wp\/v2\/users\/1"}],"replies":[{"embeddable":true,"href":"https:\/\/www.bhakademiker.org\/de\/wp-json\/wp\/v2\/comments?post=1647"}],"version-history":[{"count":2,"href":"https:\/\/www.bhakademiker.org\/de\/wp-json\/wp\/v2\/pages\/1647\/revisions"}],"predecessor-version":[{"id":1649,"href":"https:\/\/www.bhakademiker.org\/de\/wp-json\/wp\/v2\/pages\/1647\/revisions\/1649"}],"wp:attachment":[{"href":"https:\/\/www.bhakademiker.org\/de\/wp-json\/wp\/v2\/media?parent=1647"}],"curies":[{"name":"wp","href":"https:\/\/api.w.org\/{rel}","templated":true}]}}