{"id":1655,"date":"2021-06-26T21:15:10","date_gmt":"2021-06-26T19:15:10","guid":{"rendered":"https:\/\/www.bhakademiker.org\/?page_id=1655"},"modified":"2026-01-29T09:43:46","modified_gmt":"2026-01-29T08:43:46","slug":"bosnische-volksgruppe","status":"publish","type":"page","link":"https:\/\/www.bhakademiker.org\/de\/bosnische-volksgruppe\/","title":{"rendered":"Das slawische Unterst\u00fctzungskomitee"},"content":{"rendered":"<div class=\"vc_row wpb_row row\"><div class=\"wpb_column vc_column_container vc_col-sm-12\"><div class=\"vc_column-inner\"><div class=\"wpb_wrapper\"><h3 class=\"no-margin-top \" >BosnierInnen als Minderheit in \u00d6sterreich \u2013 Unterst\u00fctzungskomitee<\/h3>\n\t<div class=\"wpb_text_column wpb_content_element \" >\n\t\t<div class=\"wpb_wrapper\">\n\t\t\t<p><img decoding=\"async\" class=\"img-responsive aligncenter\" src=\"https:\/\/www.bhakademiker.org\/\/files\/pics\/Zastava.png\" alt=\"\" \/><\/p>\n<p><a href=\"https:\/\/www.bhakademiker.org\/wp-content\/uploads\/2022\/12\/Stecak-Podrska.jpg\"><img fetchpriority=\"high\" decoding=\"async\" class=\"alignleft size-full wp-image-2415\" src=\"https:\/\/www.bhakademiker.org\/wp-content\/uploads\/2022\/12\/Stecak-Podrska.jpg\" alt=\"\" width=\"624\" height=\"646\" srcset=\"https:\/\/www.bhakademiker.org\/wp-content\/uploads\/2022\/12\/Stecak-Podrska.jpg 624w, https:\/\/www.bhakademiker.org\/wp-content\/uploads\/2022\/12\/Stecak-Podrska-290x300.jpg 290w, https:\/\/www.bhakademiker.org\/wp-content\/uploads\/2022\/12\/Stecak-Podrska-12x12.jpg 12w\" sizes=\"(max-width: 624px) 100vw, 624px\" \/><\/a>Wir geh\u00f6ren zu den f\u00fcnf gr\u00f6\u00dften Gemeinschaften, die sich am besten in die \u00f6sterreichische Gesellschaft integriert haben und unser Anteil am Arbeitsmarkt liegt in einer Kategorie mit dem der \u201eheimischen\u201c \u00d6sterreicherInnen.<br \/>\nWir d\u00fcrfen nicht zulassen, dass Bosnien wieder \u201efl\u00fcsternd f\u00e4llt\u201c indem unsere kulturellen Spuren und unsere kulturelle Vielfalt sich verfl\u00fcchtigen \u2013 das w\u00fcrden unsere Enkel\/innen uns nicht verzeihen.<\/p>\n<p>Wir, die Gesellschaft bosnischer AkademikerInnen in \u00d6sterreich (GBAA), haben mehr als zwei Jahrzehnte darauf gewartet, die Initiative f\u00fcr die Anerkennung unserer nationalen Minderheit hier in \u00d6sterreich anzusto\u00dfen. Jetzt merken wir, dass die Zeit reif ist und dass die Mehrheit der Menschen und bosnischen Organisationen in \u00d6sterreich diese Initiative unterst\u00fctzt. Es wird ein langer und steiniger Weg sein, doch wir haben die Verantwortung auf uns genommen, diesen zu ebnen.<\/p>\n<p>Als Minderheit anerkannt zu sein bedeutet vor allem, eine Best\u00e4tigung zu erhalten f\u00fcr den au\u00dferordentlichen Beitrag zur Entwicklung des historischen, kulturellen und politischen Lebens des Landes und der Gesellschaft. \u00d6sterreicherInnen bosnischer Herkunft m\u00f6chten sich weiterhin sicher f\u00fchlen und keiner Stigmatisierung ausgesetzt sein.<\/p>\n<p>Die Spreu vom Weizen\/Samen zu trennen bedeutet auch, sich von jeder Art des Radikalismus zu distanzieren, sei dieser nun religi\u00f6ser oder nationaler Natur. Genauso ist das Achten der Gesetze im Land, in dem wir leben, die Voraussetzung f\u00fcr eine gesunde Beziehung mit den Mitmenschen.<br \/>\nDeshalb brauchen wir eine Gemeinschaft, eine anerkannte nationale Minderheit, die unsere Sprache und Kultur pflegen und sich um die Erhaltung der bosnischen Identit\u00e4t k\u00fcmmern wird.<\/p>\n<p>Zu diesem Zweck stellen wir ein Unterst\u00fctzungskomitee zusammen:<\/p>\n<p><strong>Akademiemitglied Univ.-Prof. Dr. Kemal Hanjali\u0107<\/strong>, Delft\/Sarajevo<br \/>\nAm meisten ausgezeichneter lebender bosnisch-herzegowinischer Wissenschaftler<\/p>\n<p><strong>Akademiemitglied Univ.-Prof. Dr. D\u017eevad Karahasan,<\/strong>\u00a0Graz\/Sarajevo<br \/>\nVorsitzender des P.E.N. BiH, Schriftsteller und Philosoph, erste Pr\u00e4sident GBAA<\/p>\n<p><strong>Seine Exzellenz Jakob Finci<\/strong>, Sarajevo<br \/>\nVorsitzender der J\u00fcdischen Gemeinde Bosnien-Herzegowinas<\/p>\n<p><strong>Univ.-Prof. Dr. Senadin Lavi\u0107<\/strong>, Sarajevo<br \/>\nLehrender an der Fakult\u00e4t f\u00fcr Politikwissenschaft in Sarajevo, Vorsitzender des BZK \u201ePreporod\u201c BiH (bosniakische Kulturgemeinschaft), Mitglied des Verwaltungsrats des VKBI<\/p>\n<p><strong>Mag.a Nata\u0161a Mirkovi\u0107-De Ro<\/strong>, Wien<br \/>\nK\u00fcnstlerin und Komponistin<\/p>\n<p><strong>Mag. Sandy Lopi\u010di\u0107<\/strong>, Graz<br \/>\nK\u00fcnstler und Komponist, Lehrender an der Kunstuniversit\u00e4t Graz<\/p>\n<p><strong>Mag.a Tina Kordi\u0107,<\/strong>\u00a0Wien<br \/>\nK\u00fcnstlerin, Pianistin<\/p>\n<p><strong>Dr. Semir Sam Osmanagi\u0107<\/strong>, Houston\/Sarajevo<br \/>\nAutor, Wissenschaftler, Gr\u00fcnder und Leiter des Projekts \u201eDie Sonnenpyramide \u2013 Arch\u00e4ologischer Park Visoko\u201c<\/p>\n<p><strong>Seine Exzellenz Zlatko Dizdarevi\u0107<\/strong>, Sarajevo<br \/>\nDiplomat, Publizist und Redakteur<\/p>\n<p><strong>Antonije Pusi\u0107 (alias Rambo Amadeus)<\/strong>, Belgrad<br \/>\nK\u00fcnstler, Futurist und Philosoph<\/p>\n<p><strong>Sasha Skenderija,<\/strong>\u00a0Prag<br \/>\nSchriftsteller<\/p>\n<p><strong>Univ.-Prof. Dr. Jasna Sami\u0107<\/strong>, Paris<br \/>\nOrientalistin, Schriftstellerin, \u00dcbersetzerin<\/p>\n<p><strong>Daria \u017dili\u0107,<\/strong>\u00a0Zagreb<br \/>\nSchriftstellerin und Poetin<\/p>\n<p><strong>Univ.-Prof. Shekerinka Ivanovska<\/strong>, Skopje<br \/>\nDekanin an der \u201eInternational Slavic University\u201c<\/p>\n<p><strong>Boro Konti\u0107<\/strong>, Sarajevo<br \/>\nDirektor Media Center<\/p>\n<p><strong>Zijah Sokolovi\u0107<\/strong>, Ljubljana \/ Wien<br \/>\nK\u00fcnstler<\/p>\n<p><strong>Hanka Paldum,<\/strong>\u00a0Sarajevo<br \/>\nK\u00fcnstlerin<\/p>\n<p><strong>Mile Stoji\u0107<\/strong>, Sarajevo<br \/>\nSchriftsteller und Poet<\/p>\n<p><strong>Miroslav Prstojevi\u0107<\/strong>, Wien<br \/>\nSchriftsteller, Mitglied PEN\u00a0 \u00d6sterreich<\/p>\n<p><strong>Dr. Dragan\u00a0Tur<\/strong>, Wien<br \/>\nZahnarzt<\/p>\n<p><strong>Svjetlana\u00a0 Bukvi\u0107,<\/strong>\u00a0New York<br \/>\nK\u00fcnstlerin und Komponistin<\/p>\n<p><strong>Univ. prof.dr.Slavko Kuli\u0107,<\/strong>\u00a0Zagreb<br \/>\nPresident of the Scientific Society of the Economists of Croatia<\/p>\n<p><strong>Dr. Adis Fejzi\u0107<\/strong>, Brisbane, Australia<br \/>\nK\u00fcnstler<\/p>\n<p><strong>Prof. Josip Slisko Ignjatov<\/strong>, Mexiko City<br \/>\nProfessor<\/p>\n<p><strong>Sonja Lokar<\/strong>, Ljubljana<br \/>\nInt. Gender Expert<\/p>\n<p><strong>Prof. Amra Sabi\u0107 El-Rayess,<\/strong>\u00a0New York<br \/>\nColumbia University<\/p>\n<p><strong>Sunita Bosni\u0107<\/strong>, Wien<br \/>\nJournalistin<\/p>\n<p><strong>Dr.sc. Mato Dominkovi\u0107<\/strong>, Innsbruck<\/p>\n<p><strong>Univ.Prof.dr. Mirsad Had\u017eikadi\u0107<\/strong>, USA<\/p>\n<p><strong>Krug 99<\/strong>, Asocijacija nezavisnih intelektualaca, Sarajevo<\/p>\n<p><strong>Akademik, Univ.Prof.Dr. Namik Kosari\u0107<\/strong>, USA<\/p>\n<p><strong>Privredna Komora Federacije Bosne i Hercegovine<\/strong>,<\/p>\n<p><strong>Filozovsko dru\u0161tvo Theoria<\/strong>, Sarajevo<\/p>\n<p><strong>AKADEMIA ANALITICA<\/strong>, Dru\u0161tvo za razvoj logike i analiti\u010dke filozofije u BiH<\/p>\n<p><strong>Univ.Prof. Dr. Sadeta Hamzi\u0107<\/strong>, Sarajevo<\/p>\n<p><strong>Univ.Prof.Dr. Azra Korjeni\u0107<\/strong>, Wien<\/p>\n<p><strong>Univ.Prof.Dr. Samir Arnautovi\u0107<\/strong>,\u00a0 Sarajevo<\/p>\n<p><strong>Prof. Dr. Edisa Gazeti\u0107<\/strong>, Zenica<\/p>\n<p class=\"title\"><strong>Dr. sc. fra Mile Babi\u0107<\/strong>, profesor na Franjeva\u010dkoj teologiji u Sarajevu<\/p>\n<p><strong>Prof. Dr. Esad Bajtal,<\/strong> Sarajevo<\/p>\n<p><strong>\u0160imo E\u0161i\u0107<\/strong>, knji\u017eevnik\/Schriftsteller , Wuppertal<\/p>\n<p><strong>Prof. Dr. Azim \u010cau\u0161evi\u0107<\/strong>, Njema\u010dka\/Deutschland<\/p>\n<p><strong>Univ.Prof.Dr.<\/strong> <strong>Aleksandar Kne\u017eevi\u0107 <\/strong>, Sarajevo<\/p>\n<p><strong>\u017deljko Kom\u0161i\u0107,<\/strong> Predsjednik Predsjedni\u0161tva Bosne i Hercegovine<\/p>\n<p><strong>Akademik, Univ.Prof. Dr. Esad Durakovi\u0107, <\/strong>Sarajevo<\/p>\n<p><strong>Dr. Stjepan Mesi\u0107,<\/strong> ehem.Pr\u00e4sident Jugoslawien und Kroatien \/ raniji Predsjednik Jugoslavije i Hrvatske<\/p>\n<p><strong>Univ.Prof. Dr. Miodrag \u017divanovi\u0107<\/strong>, Banja Luka<\/p>\n<p><strong>Jovica Leti\u0107<\/strong>, knji\u017eevnik \/ Schriftsteller, Innsbruck<\/p>\n<p><strong>Mirko Pejanovi\u0107,\u00a0<\/strong>Zamjenik predsjednika Akademije nauka i umjetnosti Bosne i Hercegovine &#8211; ANUBiH \/ Stellvertretender Pr\u00e4sident der Akademie der Wissenschaften und K\u00fcnste von Bosnien und Herzegowina (ANUBiH)<\/p>\n<p id=\"_Dht6aeOPFOSB9u8P2qjGyQ4_109\" class=\"LC20lb MBeuO DKV0Md\"><strong>Gor\u010din Dizdar,<\/strong> Direktor Fondacije Mak Dizdar \/ Direktor der Mak-Dizdar-Stiftung<\/p>\n<div class=\"notranslate ESMNde HGLrXd ojE3Fb\">\n<div class=\"q0vns\"><\/div>\n<\/div>\n<p>&nbsp;<\/p>\n<p>Bis zu unserem Erfolg<br \/>\nSiradj Duhan<\/p>\n<p>Wien, Dez. 2018<\/p>\n\n\t\t<\/div>\n\t<\/div>\n<\/div><\/div><\/div><\/div>\n","protected":false},"excerpt":{"rendered":"BosnierInnen als Minderheit in \u00d6sterreich \u2013 Unterst\u00fctzungskomitee Wir geh\u00f6ren zu den f\u00fcnf gr\u00f6\u00dften Gemeinschaften, die sich am besten in die \u00f6sterreichische Gesellschaft integriert haben und unser Anteil am Arbeitsmarkt liegt in einer Kategorie mit dem der \u201eheimischen\u201c \u00d6sterreicherInnen. Wir d\u00fcrfen nicht zulassen, dass Bosnien wieder \u201efl\u00fcsternd f\u00e4llt\u201c indem unsere kulturellen Spuren und unsere kulturelle Vielfalt sich verfl\u00fcchtigen \u2013 das w\u00fcrden unsere Enkel\/innen uns nicht verzeihen. Wir, die Gesellschaft bosnischer AkademikerInnen in \u00d6sterreich (GBAA), haben mehr als zwei Jahrzehnte darauf gewartet, die Initiative f\u00fcr die Anerkennung unserer nationalen Minderheit hier in \u00d6sterreich anzusto\u00dfen. Jetzt merken wir, dass die Zeit reif ist...","protected":false},"author":1,"featured_media":2415,"parent":0,"menu_order":0,"comment_status":"closed","ping_status":"closed","template":"","meta":{"footnotes":""},"class_list":["post-1655","page","type-page","status-publish","has-post-thumbnail","hentry"],"yoast_head":"<!-- This site is optimized with the Yoast SEO plugin v20.3 - https:\/\/yoast.com\/wordpress\/plugins\/seo\/ -->\n<title>Das slawische Unterst\u00fctzungskomitee - Gesellschaft Bosnischer Akademiker<\/title>\n<meta name=\"robots\" content=\"index, follow, max-snippet:-1, max-image-preview:large, max-video-preview:-1\" \/>\n<link rel=\"canonical\" href=\"https:\/\/www.bhakademiker.org\/de\/bosnische-volksgruppe\/\" \/>\n<meta property=\"og:locale\" content=\"de_DE\" \/>\n<meta property=\"og:type\" content=\"article\" \/>\n<meta property=\"og:title\" content=\"Das slawische Unterst\u00fctzungskomitee - Gesellschaft Bosnischer Akademiker\" \/>\n<meta property=\"og:url\" content=\"https:\/\/www.bhakademiker.org\/de\/bosnische-volksgruppe\/\" \/>\n<meta property=\"og:site_name\" content=\"Gesellschaft Bosnischer Akademiker\" \/>\n<meta property=\"article:modified_time\" content=\"2026-01-29T08:43:46+00:00\" \/>\n<meta property=\"og:image\" content=\"https:\/\/www.bhakademiker.org\/wp-content\/uploads\/2022\/12\/Stecak-Podrska.jpg\" \/>\n\t<meta property=\"og:image:width\" content=\"624\" \/>\n\t<meta property=\"og:image:height\" content=\"646\" \/>\n\t<meta property=\"og:image:type\" content=\"image\/jpeg\" \/>\n<meta name=\"twitter:card\" content=\"summary_large_image\" \/>\n<meta name=\"twitter:label1\" content=\"Gesch\u00e4tzte Lesezeit\" \/>\n\t<meta name=\"twitter:data1\" content=\"4\u00a0Minuten\" \/>\n<script type=\"application\/ld+json\" class=\"yoast-schema-graph\">{\"@context\":\"https:\/\/schema.org\",\"@graph\":[{\"@type\":\"WebPage\",\"@id\":\"https:\/\/www.bhakademiker.org\/bosnische-volksgruppe\/\",\"url\":\"https:\/\/www.bhakademiker.org\/bosnische-volksgruppe\/\",\"name\":\"Das slawische Unterst\u00fctzungskomitee - Gesellschaft Bosnischer Akademiker\",\"isPartOf\":{\"@id\":\"https:\/\/www.bhakademiker.org\/bs\/#website\"},\"datePublished\":\"2021-06-26T19:15:10+00:00\",\"dateModified\":\"2026-01-29T08:43:46+00:00\",\"breadcrumb\":{\"@id\":\"https:\/\/www.bhakademiker.org\/bosnische-volksgruppe\/#breadcrumb\"},\"inLanguage\":\"de\",\"potentialAction\":[{\"@type\":\"ReadAction\",\"target\":[\"https:\/\/www.bhakademiker.org\/bosnische-volksgruppe\/\"]}]},{\"@type\":\"BreadcrumbList\",\"@id\":\"https:\/\/www.bhakademiker.org\/bosnische-volksgruppe\/#breadcrumb\",\"itemListElement\":[{\"@type\":\"ListItem\",\"position\":1,\"name\":\"Home\",\"item\":\"https:\/\/www.bhakademiker.org\/\"},{\"@type\":\"ListItem\",\"position\":2,\"name\":\"Das slawische Unterst\u00fctzungskomitee\"}]},{\"@type\":\"WebSite\",\"@id\":\"https:\/\/www.bhakademiker.org\/bs\/#website\",\"url\":\"https:\/\/www.bhakademiker.org\/bs\/\",\"name\":\"Gesellschaft Bosnischer Akademiker\",\"description\":\"\",\"publisher\":{\"@id\":\"https:\/\/www.bhakademiker.org\/bs\/#organization\"},\"potentialAction\":[{\"@type\":\"SearchAction\",\"target\":{\"@type\":\"EntryPoint\",\"urlTemplate\":\"https:\/\/www.bhakademiker.org\/bs\/?s={search_term_string}\"},\"query-input\":\"required name=search_term_string\"}],\"inLanguage\":\"de\"},{\"@type\":\"Organization\",\"@id\":\"https:\/\/www.bhakademiker.org\/bs\/#organization\",\"name\":\"Gesellschaft Bosnischer Akademiker in \u00d6sterreich\",\"url\":\"https:\/\/www.bhakademiker.org\/bs\/\",\"logo\":{\"@type\":\"ImageObject\",\"inLanguage\":\"de\",\"@id\":\"https:\/\/www.bhakademiker.org\/bs\/#\/schema\/logo\/image\/\",\"url\":\"https:\/\/www.bhakademiker.org\/wp-content\/uploads\/2022\/01\/featured-GBAA.png\",\"contentUrl\":\"https:\/\/www.bhakademiker.org\/wp-content\/uploads\/2022\/01\/featured-GBAA.png\",\"width\":1200,\"height\":630,\"caption\":\"Gesellschaft Bosnischer Akademiker in \u00d6sterreich\"},\"image\":{\"@id\":\"https:\/\/www.bhakademiker.org\/bs\/#\/schema\/logo\/image\/\"}}]}<\/script>\n<!-- \/ Yoast SEO plugin. -->","yoast_head_json":{"title":"Das slawische Unterst\u00fctzungskomitee - Gesellschaft Bosnischer Akademiker","robots":{"index":"index","follow":"follow","max-snippet":"max-snippet:-1","max-image-preview":"max-image-preview:large","max-video-preview":"max-video-preview:-1"},"canonical":"https:\/\/www.bhakademiker.org\/de\/bosnische-volksgruppe\/","og_locale":"de_DE","og_type":"article","og_title":"Das slawische Unterst\u00fctzungskomitee - Gesellschaft Bosnischer Akademiker","og_url":"https:\/\/www.bhakademiker.org\/de\/bosnische-volksgruppe\/","og_site_name":"Gesellschaft Bosnischer Akademiker","article_modified_time":"2026-01-29T08:43:46+00:00","og_image":[{"width":624,"height":646,"url":"https:\/\/www.bhakademiker.org\/wp-content\/uploads\/2022\/12\/Stecak-Podrska.jpg","type":"image\/jpeg"}],"twitter_card":"summary_large_image","twitter_misc":{"Gesch\u00e4tzte Lesezeit":"4\u00a0Minuten"},"schema":{"@context":"https:\/\/schema.org","@graph":[{"@type":"WebPage","@id":"https:\/\/www.bhakademiker.org\/bosnische-volksgruppe\/","url":"https:\/\/www.bhakademiker.org\/bosnische-volksgruppe\/","name":"Das slawische Unterst\u00fctzungskomitee - Gesellschaft Bosnischer Akademiker","isPartOf":{"@id":"https:\/\/www.bhakademiker.org\/bs\/#website"},"datePublished":"2021-06-26T19:15:10+00:00","dateModified":"2026-01-29T08:43:46+00:00","breadcrumb":{"@id":"https:\/\/www.bhakademiker.org\/bosnische-volksgruppe\/#breadcrumb"},"inLanguage":"de","potentialAction":[{"@type":"ReadAction","target":["https:\/\/www.bhakademiker.org\/bosnische-volksgruppe\/"]}]},{"@type":"BreadcrumbList","@id":"https:\/\/www.bhakademiker.org\/bosnische-volksgruppe\/#breadcrumb","itemListElement":[{"@type":"ListItem","position":1,"name":"Home","item":"https:\/\/www.bhakademiker.org\/"},{"@type":"ListItem","position":2,"name":"Das slawische Unterst\u00fctzungskomitee"}]},{"@type":"WebSite","@id":"https:\/\/www.bhakademiker.org\/bs\/#website","url":"https:\/\/www.bhakademiker.org\/bs\/","name":"Gesellschaft Bosnischer Akademiker","description":"","publisher":{"@id":"https:\/\/www.bhakademiker.org\/bs\/#organization"},"potentialAction":[{"@type":"SearchAction","target":{"@type":"EntryPoint","urlTemplate":"https:\/\/www.bhakademiker.org\/bs\/?s={search_term_string}"},"query-input":"required name=search_term_string"}],"inLanguage":"de"},{"@type":"Organization","@id":"https:\/\/www.bhakademiker.org\/bs\/#organization","name":"Gesellschaft Bosnischer Akademiker in \u00d6sterreich","url":"https:\/\/www.bhakademiker.org\/bs\/","logo":{"@type":"ImageObject","inLanguage":"de","@id":"https:\/\/www.bhakademiker.org\/bs\/#\/schema\/logo\/image\/","url":"https:\/\/www.bhakademiker.org\/wp-content\/uploads\/2022\/01\/featured-GBAA.png","contentUrl":"https:\/\/www.bhakademiker.org\/wp-content\/uploads\/2022\/01\/featured-GBAA.png","width":1200,"height":630,"caption":"Gesellschaft Bosnischer Akademiker in \u00d6sterreich"},"image":{"@id":"https:\/\/www.bhakademiker.org\/bs\/#\/schema\/logo\/image\/"}}]}},"_links":{"self":[{"href":"https:\/\/www.bhakademiker.org\/de\/wp-json\/wp\/v2\/pages\/1655","targetHints":{"allow":["GET"]}}],"collection":[{"href":"https:\/\/www.bhakademiker.org\/de\/wp-json\/wp\/v2\/pages"}],"about":[{"href":"https:\/\/www.bhakademiker.org\/de\/wp-json\/wp\/v2\/types\/page"}],"author":[{"embeddable":true,"href":"https:\/\/www.bhakademiker.org\/de\/wp-json\/wp\/v2\/users\/1"}],"replies":[{"embeddable":true,"href":"https:\/\/www.bhakademiker.org\/de\/wp-json\/wp\/v2\/comments?post=1655"}],"version-history":[{"count":10,"href":"https:\/\/www.bhakademiker.org\/de\/wp-json\/wp\/v2\/pages\/1655\/revisions"}],"predecessor-version":[{"id":4056,"href":"https:\/\/www.bhakademiker.org\/de\/wp-json\/wp\/v2\/pages\/1655\/revisions\/4056"}],"wp:featuredmedia":[{"embeddable":true,"href":"https:\/\/www.bhakademiker.org\/de\/wp-json\/wp\/v2\/media\/2415"}],"wp:attachment":[{"href":"https:\/\/www.bhakademiker.org\/de\/wp-json\/wp\/v2\/media?parent=1655"}],"curies":[{"name":"wp","href":"https:\/\/api.w.org\/{rel}","templated":true}]}}