{"id":1658,"date":"2021-06-26T21:16:35","date_gmt":"2021-06-26T19:16:35","guid":{"rendered":"https:\/\/www.bhakademiker.org\/?page_id=1658"},"modified":"2021-06-26T21:16:35","modified_gmt":"2021-06-26T19:16:35","slug":"bosnjani-bosniaken-bosnier","status":"publish","type":"page","link":"https:\/\/www.bhakademiker.org\/de\/bosnjani-bosniaken-bosnier\/","title":{"rendered":"Bo\u0161njani, Bosniaken, Bosnier"},"content":{"rendered":"<div class=\"vc_row wpb_row row\"><div class=\"wpb_column vc_column_container vc_col-sm-12\"><div class=\"vc_column-inner\"><div class=\"wpb_wrapper\"><h3 class=\"no-margin-top \" >Bo\u0161njani, Bosniaken, Bosnier \u2013 Namen f\u00fcr menschliche soziale Gruppen<\/h3>\n\t<div class=\"wpb_text_column wpb_content_element \" >\n\t\t<div class=\"wpb_wrapper\">\n\t\t\t<p>Bo\u0161njani, Bosniaken, Bosnier \u2013 Namen f\u00fcr menschliche soziale Gruppen<br \/>\nUniv. Prof. Senadin Lavi\u0107<\/p>\n<p><img decoding=\"async\" class=\"img-responsive alignleft\" title=\"Univ. Prof. Senadin Lavi\u0107 - Bo\u0161njani, Bosniaken, Bosnier \u2013 Namen f\u00fcr menschliche soziale Gruppen\" src=\"https:\/\/www.bhakademiker.org\/\/files\/pics\/lavic_bosanska_nacija.jpg\" alt=\"Univ. Prof. Senadin Lavi\u0107 - Bo\u0161njani, Bosniaken, Bosnier \u2013 Namen f\u00fcr menschliche soziale Gruppen\" \/>Bei den Versuchen \u00fcber die Namen von Menschengruppen in Zeit und Raum, also \u00fcber zeitlich-r\u00e4umliche Wesen zu sprechen, tritt eine unvermeidliche Einsicht auf. Es ist n\u00e4mlich bemerkbar, dass Menschengruppen im Laufe der Geschichte ihre Namen \u00e4ndern. Ebenso \u00e4ndern sich die historischen Umst\u00e4nde ihrer Existenz bzw. der historisch-kulturelle Kontext der Existenz. Die Verbindung zwischen einem Namen und dem Kontext weist auf die Selbstreflexion der Gruppe (wie sie denkt, versteht und sich selbst vorstellt) und ihre historische Kraft hin. Manchmal werden Namen ge\u00e4ndert, damit sich eine Person oder eine Gruppe vor etwas oder jemandem verstecken kann. Manchmal werden Namen aufgrund der unterschiedlichen Zust\u00e4nde, in denen sich eine Gruppe befindet, vergessen oder unterdr\u00fcckt. Der Name ist ein Zeichen f\u00fcr das Wesen.<\/p>\n<p>Bosnien ist ein alter Name f\u00fcr einen Raum, eine Machtordnung, eine kulturelle Tatsache, \u00fcber die wir seit mehr als einem Millennium etwas h\u00f6ren. Sein urspr\u00fcnglicher \u00e4ltester Name ist wahrscheinlich \u201eBosona\u201c, der sich linguistisch nach I. Pa\u0161i\u0107 idealerweise vom Namen der thrakischen Volksgruppe \u201eBasanisai\u201c (\u03b2\u03b1\u03c3\u03b1\u03bd\u03af\u03c3\u03b1\u03b9) ableiten l\u00e4sst.<\/p>\n<p>Bosnien ist, verglichen mit Serbien und Kroatien, die \u00e4lteste und best\u00e4ndigste Bezeichnung f\u00fcr eine r\u00e4umliche Einheit, Regierungsform, kulturhistorische und politische Tatsache auf diesem Gebiet. In den unbewussten, kontroversen und obsoleten \u00c4u\u00dferungen der Ethnopolitik wird Bosnien auf seine Geografie oder einen geografischen Begriff reduziert, den jeder nach seinen eigenen ideologischen Bed\u00fcrfnissen oder je nachdem wie stark er ist, interpretieren kann. Bosnien ist jedoch eine politische Tatsache und beeinflusst ma\u00dfgeblich die politische Identit\u00e4t der B\u00fcrger, die dort leben und es als ihren Staat wahrnehmen. Wie jeder international (zwischenstaatlich) anerkannte Staat transzendiert er das oberfl\u00e4chliche Narrativ von Geografie und ethnopolitischer Identit\u00e4t. Der heutige Name von Bosnien, Bosnien und Herzegowina, ist der Name des Nationalstaats aller seiner B\u00fcrger, unabh\u00e4ngig davon wie sehr sie heute von ethnischen Priestern und Nationalisten get\u00e4uscht werden.<\/p>\n<p>Die Begriffe \u201eBo\u0161njanin\u201c, \u201eBosniake\u201c und \u201eBosnier\u201c sind im logischen Sinne nicht identisch (sie haben keinen identischen Inhalt und Umfang). Es w\u00e4re richtig zu sagen, dass sie interferieren, d. h. sie haben teilweise den gleichen Inhalt und den gleichen Umgang oder, genauer gesagt, sie \u00fcberschneiden sich.<\/p>\n<p>Bo\u0161njani geh\u00f6ren auf dem Territorium Bosniens einer mittelalterlichen Volksgruppe an, die aus dem antiken und sp\u00e4tantiken Substrat stammt. Dieses besteht aus folgenden St\u00e4mmen: illyrische St\u00e4mme, Goten, die auf dem Territorium des illyrischen Stammes Desidjata zwischen Bosnien und Drina einen Staat bilden, sowie Thraker, Awaren, Kelten, Vlachen, Slawen und andere St\u00e4mme, die im sich im Laufe der Geschichte auf dem Gebiet Bosniens aufgehalten haben. Bo\u0161njani sind auch ein Volk des mittelalterlichen Bosniens, das von den Kotromani\u0107s regiert wird. Sie sind Christen und haben eine bosnische Kirche, daher sind sie ein Teil der christlichen Metaphysik und arianischer und manich\u00e4ischer Provenienz. Sie haben ein bosnisches Alphabet, die \u201eBosan\u010dica\u201c, mit dem sie ihre Lese- und Schreibf\u00e4higkeit und ihre weltliche sprachliche Erfahrung entwickeln.<\/p>\n<p>Bo\u0161njani werden seit dem 15. Jahrhundert \u201eBosniaken\u201c (bosn.: Bo\u0161njaci) genannt. Dies ist nichts Seltsames oder Unbekanntes, da das gleiche Ph\u00e4nomen auch bei anderen Nationen in der Umgebung zu finden ist. Die Variation des Namens Bo\u0161njani\/Bo\u0161njaci ist das Resultat von Ver\u00e4nderungen im historischen und politischen Kontext, wie das Verschwinden des K\u00f6nigreichs Bosnien im Jahr 1463, die Gr\u00fcndung des osmanischen Sultanats, in dem sie dem muslimischen Glauben beitraten und kulturelle Merkmale dieser Religion erlangten. Sie \u00e4nderten ihren biologischen Code, ihre gesamte Kulturform, das bosnische Bewusstsein, das sie 1737 in Banja Luka im Kampf gegen die \u00f6sterreichische Armee zeigten, ihre nationale Identit\u00e4t, die die bosnischen Franziskaner im 19. Jahrhundert besch\u00fctzten, nat\u00fcrlich nicht. Unter ihnen wird die Sevdalinka und epische Literatur geboren. Ein wichtiges Charakteristikum der Bosniaken (Volksname) in dieser Zeit (15. \u2013 20. Jhdt.) ist, gute Muslime und zum Teil gute Christen zu sein. Es ist ihr existentielles Ideal, in dem der Glaube \u00fcber Lebensvorstellungen und Alltagsverhalten dominiert. Sie waren ein Volk mit mehreren Religionen. Die Ideologie des Nationalismus hat sie seit dem 19. Jahrhundert auf der Grundlage der Instrumentalisierung der Religion in &#8220;besondere und separate&#8221; ethnische Gruppen aufgeteilt.<\/p>\n<p>Heute ist der Begriff \u201eBosnier\u201c Ausdruck des politischen Nationalbewusstseins gegen\u00fcber dem Staat Bosnien und Herzegowina. Es ist die Zugeh\u00f6rigkeit zu dem Staat und seinen strukturellen Bestimmungen. Ein Bosnier ist keine Negation der nationalen Identit\u00e4t oder der Identit\u00e4t einer nationalen Gruppe, wie sie die Ethnopolitik f\u00e4lschlicherweise darstellen m\u00f6chte. Mit dem Begriff \u201eBosnier\u201c (bosn.: Bosanac) wird die politische Verantwortung gegen\u00fcber dem Staat und die b\u00fcrgerliche nationale Identit\u00e4t ausgedr\u00fcckt. Alle B\u00fcrger von Bosnien und Herzegowina sind Bosnier, unabh\u00e4ngig von ihrer ethnischen, religi\u00f6sen, kulturellen, sprachlichen oder sonstigen kulturell-psychologischen Identit\u00e4t.<\/p>\n<p>Sie sind im rechtspolitischen Sinne B\u00fcrger des Staates Bosnien und Herzegowina und zeigen gegen\u00fcber diesem Respekt vor der Rechtsstaatlichkeit, patriotische Loyalit\u00e4t und politisches Bewusstsein.<\/p>\n<p>In diesem rechtspolitischen Sinne sollte der Staat jedem einzelnen Menschen auf seinem Territorium Freiheit und Gleichheit gew\u00e4hrleisten. Auf diese Weise sichert der Staat jedem B\u00fcrger soziale, psychologische, wirtschaftliche und kulturelle Stabilit\u00e4t. Ein Bosnier ist ein Mitglied des international anerkannten bosnisch-herzegowinischen Staates bzw. der Nation.<\/p>\n<p>Deshalb hat der Name \u201eBosnier\u201c einen semantischen Wert f\u00fcr die bosnische Nation. Die Nation ist daher eine politische Gemeinschaft gleichberechtigter B\u00fcrger eines Staates. Sie sollte nicht auf eine ethnische oder religi\u00f6se soziale Gruppe reduziert werden. Alle heutigen (Staats)B\u00fcrger von Bosnien und Herzegowina bilden die bosnisch-herzegowinische Nation und geh\u00f6ren ihr an. Sie sind Bosnier, B\u00fcrger von Bosnien und Herzegowina. Heutzutage ist der Bosnier ein loyaler B\u00fcrger gegen\u00fcber seinem Staat Bosnien und Herzegowina und seinen Werten (multiethnische Gesellschaft, multireligi\u00f6se Gemeinschaft, Demokratie, Rechtsstaatlichkeit und Respekt f\u00fcr das Individuum und das Kollektiv).<\/p>\n<p>Bisher konnte es in der Geschichte keine bosnische Nation und keine bosnische nationale Identit\u00e4t geben, denn Bosnien wurde erst 1992 als 177. Mitglied der Vereinten Nationen in die internationale Ordnung eingeordnet. Im ehemaligen jugoslawischen Staat f\u00fchlte sich das Bosnientum wie eine Zugeh\u00f6rigkeit zu Bosnien an, jedoch wurde diese wegen der Dominanz der Kulturnation und des allgegenw\u00e4rtigen religi\u00f6sen Bewusstseins verdr\u00e4ngt, gedankenlos und politisch unprofiliert. Bosnier sind in diesem historischen Augenblick keine ethnisch-religi\u00f6se, sondern eine rechtspolitische Kategorie und stellen die nationale Identit\u00e4t von Bosniaken, Kroaten, Serben, Juden, Albanern, Montenegrinern und anderen in Bosnien lebenden Menschen nicht in Frage.<\/p>\n<p>&nbsp;<\/p>\n<p>Aus dem Bosnischen von Amina \u010ca\u010dkovi\u0107<\/p>\n\n\t\t<\/div>\n\t<\/div>\n<\/div><\/div><\/div><\/div>\n","protected":false},"excerpt":{"rendered":"Bo\u0161njani, Bosniaken, Bosnier \u2013 Namen f\u00fcr menschliche soziale Gruppen Bo\u0161njani, Bosniaken, Bosnier \u2013 Namen f\u00fcr menschliche soziale Gruppen Univ. Prof. Senadin Lavi\u0107 Bei den Versuchen \u00fcber die Namen von Menschengruppen in Zeit und Raum, also \u00fcber zeitlich-r\u00e4umliche Wesen zu sprechen, tritt eine unvermeidliche Einsicht auf. Es ist n\u00e4mlich bemerkbar, dass Menschengruppen im Laufe der Geschichte ihre Namen \u00e4ndern. Ebenso \u00e4ndern sich die historischen Umst\u00e4nde ihrer Existenz bzw. der historisch-kulturelle Kontext der Existenz. Die Verbindung zwischen einem Namen und dem Kontext weist auf die Selbstreflexion der Gruppe (wie sie denkt, versteht und sich selbst vorstellt) und ihre historische Kraft hin. Manchmal...","protected":false},"author":1,"featured_media":0,"parent":0,"menu_order":0,"comment_status":"closed","ping_status":"closed","template":"","meta":{"footnotes":""},"class_list":["post-1658","page","type-page","status-publish","hentry"],"yoast_head":"<!-- This site is optimized with the Yoast SEO plugin v20.3 - https:\/\/yoast.com\/wordpress\/plugins\/seo\/ -->\n<title>Bo\u0161njani, Bosniaken, Bosnier - Gesellschaft Bosnischer Akademiker<\/title>\n<meta name=\"robots\" content=\"index, follow, max-snippet:-1, max-image-preview:large, max-video-preview:-1\" \/>\n<link rel=\"canonical\" href=\"https:\/\/www.bhakademiker.org\/de\/bosnjani-bosniaken-bosnier\/\" \/>\n<meta property=\"og:locale\" content=\"de_DE\" \/>\n<meta property=\"og:type\" content=\"article\" \/>\n<meta property=\"og:title\" content=\"Bo\u0161njani, Bosniaken, Bosnier - Gesellschaft Bosnischer Akademiker\" \/>\n<meta property=\"og:url\" content=\"https:\/\/www.bhakademiker.org\/de\/bosnjani-bosniaken-bosnier\/\" \/>\n<meta property=\"og:site_name\" content=\"Gesellschaft Bosnischer Akademiker\" \/>\n<meta property=\"og:image\" content=\"https:\/\/www.bhakademiker.org\/\/files\/pics\/lavic_bosanska_nacija.jpg\" \/>\n<meta name=\"twitter:card\" content=\"summary_large_image\" \/>\n<meta name=\"twitter:label1\" content=\"Gesch\u00e4tzte Lesezeit\" \/>\n\t<meta name=\"twitter:data1\" content=\"6\u00a0Minuten\" \/>\n<script type=\"application\/ld+json\" class=\"yoast-schema-graph\">{\"@context\":\"https:\/\/schema.org\",\"@graph\":[{\"@type\":\"WebPage\",\"@id\":\"https:\/\/www.bhakademiker.org\/de\/bosnjani-bosniaken-bosnier\/\",\"url\":\"https:\/\/www.bhakademiker.org\/de\/bosnjani-bosniaken-bosnier\/\",\"name\":\"Bo\u0161njani, Bosniaken, Bosnier - Gesellschaft Bosnischer Akademiker\",\"isPartOf\":{\"@id\":\"https:\/\/www.bhakademiker.org\/bs\/#website\"},\"datePublished\":\"2021-06-26T19:16:35+00:00\",\"dateModified\":\"2021-06-26T19:16:35+00:00\",\"breadcrumb\":{\"@id\":\"https:\/\/www.bhakademiker.org\/de\/bosnjani-bosniaken-bosnier\/#breadcrumb\"},\"inLanguage\":\"de\",\"potentialAction\":[{\"@type\":\"ReadAction\",\"target\":[\"https:\/\/www.bhakademiker.org\/de\/bosnjani-bosniaken-bosnier\/\"]}]},{\"@type\":\"BreadcrumbList\",\"@id\":\"https:\/\/www.bhakademiker.org\/de\/bosnjani-bosniaken-bosnier\/#breadcrumb\",\"itemListElement\":[{\"@type\":\"ListItem\",\"position\":1,\"name\":\"Home\",\"item\":\"https:\/\/www.bhakademiker.org\/\"},{\"@type\":\"ListItem\",\"position\":2,\"name\":\"Bo\u0161njani, Bosniaken, Bosnier\"}]},{\"@type\":\"WebSite\",\"@id\":\"https:\/\/www.bhakademiker.org\/bs\/#website\",\"url\":\"https:\/\/www.bhakademiker.org\/bs\/\",\"name\":\"Gesellschaft Bosnischer Akademiker\",\"description\":\"\",\"publisher\":{\"@id\":\"https:\/\/www.bhakademiker.org\/bs\/#organization\"},\"potentialAction\":[{\"@type\":\"SearchAction\",\"target\":{\"@type\":\"EntryPoint\",\"urlTemplate\":\"https:\/\/www.bhakademiker.org\/bs\/?s={search_term_string}\"},\"query-input\":\"required name=search_term_string\"}],\"inLanguage\":\"de\"},{\"@type\":\"Organization\",\"@id\":\"https:\/\/www.bhakademiker.org\/bs\/#organization\",\"name\":\"Gesellschaft Bosnischer Akademiker in \u00d6sterreich\",\"url\":\"https:\/\/www.bhakademiker.org\/bs\/\",\"logo\":{\"@type\":\"ImageObject\",\"inLanguage\":\"de\",\"@id\":\"https:\/\/www.bhakademiker.org\/bs\/#\/schema\/logo\/image\/\",\"url\":\"https:\/\/www.bhakademiker.org\/wp-content\/uploads\/2022\/01\/featured-GBAA.png\",\"contentUrl\":\"https:\/\/www.bhakademiker.org\/wp-content\/uploads\/2022\/01\/featured-GBAA.png\",\"width\":1200,\"height\":630,\"caption\":\"Gesellschaft Bosnischer Akademiker in \u00d6sterreich\"},\"image\":{\"@id\":\"https:\/\/www.bhakademiker.org\/bs\/#\/schema\/logo\/image\/\"}}]}<\/script>\n<!-- \/ Yoast SEO plugin. -->","yoast_head_json":{"title":"Bo\u0161njani, Bosniaken, Bosnier - Gesellschaft Bosnischer Akademiker","robots":{"index":"index","follow":"follow","max-snippet":"max-snippet:-1","max-image-preview":"max-image-preview:large","max-video-preview":"max-video-preview:-1"},"canonical":"https:\/\/www.bhakademiker.org\/de\/bosnjani-bosniaken-bosnier\/","og_locale":"de_DE","og_type":"article","og_title":"Bo\u0161njani, Bosniaken, Bosnier - Gesellschaft Bosnischer Akademiker","og_url":"https:\/\/www.bhakademiker.org\/de\/bosnjani-bosniaken-bosnier\/","og_site_name":"Gesellschaft Bosnischer Akademiker","og_image":[{"url":"https:\/\/www.bhakademiker.org\/\/files\/pics\/lavic_bosanska_nacija.jpg"}],"twitter_card":"summary_large_image","twitter_misc":{"Gesch\u00e4tzte Lesezeit":"6\u00a0Minuten"},"schema":{"@context":"https:\/\/schema.org","@graph":[{"@type":"WebPage","@id":"https:\/\/www.bhakademiker.org\/de\/bosnjani-bosniaken-bosnier\/","url":"https:\/\/www.bhakademiker.org\/de\/bosnjani-bosniaken-bosnier\/","name":"Bo\u0161njani, Bosniaken, Bosnier - Gesellschaft Bosnischer Akademiker","isPartOf":{"@id":"https:\/\/www.bhakademiker.org\/bs\/#website"},"datePublished":"2021-06-26T19:16:35+00:00","dateModified":"2021-06-26T19:16:35+00:00","breadcrumb":{"@id":"https:\/\/www.bhakademiker.org\/de\/bosnjani-bosniaken-bosnier\/#breadcrumb"},"inLanguage":"de","potentialAction":[{"@type":"ReadAction","target":["https:\/\/www.bhakademiker.org\/de\/bosnjani-bosniaken-bosnier\/"]}]},{"@type":"BreadcrumbList","@id":"https:\/\/www.bhakademiker.org\/de\/bosnjani-bosniaken-bosnier\/#breadcrumb","itemListElement":[{"@type":"ListItem","position":1,"name":"Home","item":"https:\/\/www.bhakademiker.org\/"},{"@type":"ListItem","position":2,"name":"Bo\u0161njani, Bosniaken, Bosnier"}]},{"@type":"WebSite","@id":"https:\/\/www.bhakademiker.org\/bs\/#website","url":"https:\/\/www.bhakademiker.org\/bs\/","name":"Gesellschaft Bosnischer Akademiker","description":"","publisher":{"@id":"https:\/\/www.bhakademiker.org\/bs\/#organization"},"potentialAction":[{"@type":"SearchAction","target":{"@type":"EntryPoint","urlTemplate":"https:\/\/www.bhakademiker.org\/bs\/?s={search_term_string}"},"query-input":"required name=search_term_string"}],"inLanguage":"de"},{"@type":"Organization","@id":"https:\/\/www.bhakademiker.org\/bs\/#organization","name":"Gesellschaft Bosnischer Akademiker in \u00d6sterreich","url":"https:\/\/www.bhakademiker.org\/bs\/","logo":{"@type":"ImageObject","inLanguage":"de","@id":"https:\/\/www.bhakademiker.org\/bs\/#\/schema\/logo\/image\/","url":"https:\/\/www.bhakademiker.org\/wp-content\/uploads\/2022\/01\/featured-GBAA.png","contentUrl":"https:\/\/www.bhakademiker.org\/wp-content\/uploads\/2022\/01\/featured-GBAA.png","width":1200,"height":630,"caption":"Gesellschaft Bosnischer Akademiker in \u00d6sterreich"},"image":{"@id":"https:\/\/www.bhakademiker.org\/bs\/#\/schema\/logo\/image\/"}}]}},"_links":{"self":[{"href":"https:\/\/www.bhakademiker.org\/de\/wp-json\/wp\/v2\/pages\/1658","targetHints":{"allow":["GET"]}}],"collection":[{"href":"https:\/\/www.bhakademiker.org\/de\/wp-json\/wp\/v2\/pages"}],"about":[{"href":"https:\/\/www.bhakademiker.org\/de\/wp-json\/wp\/v2\/types\/page"}],"author":[{"embeddable":true,"href":"https:\/\/www.bhakademiker.org\/de\/wp-json\/wp\/v2\/users\/1"}],"replies":[{"embeddable":true,"href":"https:\/\/www.bhakademiker.org\/de\/wp-json\/wp\/v2\/comments?post=1658"}],"version-history":[{"count":2,"href":"https:\/\/www.bhakademiker.org\/de\/wp-json\/wp\/v2\/pages\/1658\/revisions"}],"predecessor-version":[{"id":1660,"href":"https:\/\/www.bhakademiker.org\/de\/wp-json\/wp\/v2\/pages\/1658\/revisions\/1660"}],"wp:attachment":[{"href":"https:\/\/www.bhakademiker.org\/de\/wp-json\/wp\/v2\/media?parent=1658"}],"curies":[{"name":"wp","href":"https:\/\/api.w.org\/{rel}","templated":true}]}}