{"id":1727,"date":"2021-06-26T23:27:37","date_gmt":"2021-06-26T21:27:37","guid":{"rendered":"https:\/\/www.bhakademiker.org\/?page_id=1727"},"modified":"2022-10-09T13:22:33","modified_gmt":"2022-10-09T11:22:33","slug":"impressum-datenschutz","status":"publish","type":"page","link":"https:\/\/www.bhakademiker.org\/de\/impressum-datenschutz\/","title":{"rendered":"Impressum &#038; Datenschutz"},"content":{"rendered":"<div class=\"vc_row wpb_row row\"><div class=\"wpb_column vc_column_container vc_col-sm-12\"><div class=\"vc_column-inner\"><div class=\"wpb_wrapper\"><h3 class=\"no-margin-top \" >Impressum &amp; Datenschutz<\/h3>\n\t<div class=\"wpb_text_column wpb_content_element \" >\n\t\t<div class=\"wpb_wrapper\">\n\t\t\t<div class=\"impressumInhalt\">\n<h3>Herausgeber, Inhaber und Betreiber dieser Website:<\/h3>\n<p>Gesellschaft Bosnischer Akademiker in \u00d6sterreich<\/p>\n<h3>Standort:<\/h3>\n<p>1220 Wien<br \/>\nMarkomannenstr. 13-1-5<br \/>\n\u00d6sterreich<\/p>\n<h3>Kontaktdaten:<\/h3>\n<p>Tel:<br \/>\nMobil:<br \/>\nE-Mail:\u00a0<a href=\"mailto:contact@bhakademiker.org\">contact(@)bhakademiker.org<\/a><br \/>\nHomepage:\u00a0<a href=\"https:\/\/www.bhakademiker.org\/\">https:\/\/www.bhakademiker.org\/<\/a><\/p>\n<p>ZVR: 025821921<\/p>\n<h3>Bank- und Kontodaten:<\/h3>\n<p>Bankinstitut: BAWAG<br \/>\nBIC: BAWAATWW<br \/>\nIBAN: AT77 1400 0051 1084 5164<\/p>\n<\/div>\n<div class=\"clear\"><\/div>\n<p>&nbsp;<\/p>\n<h1>Haftungsausschluss<\/h1>\n<h2>Haftung f\u00fcr Inhalte<\/h2>\n<p>Die Inhalte unserer Homepage wurden mit gr\u00f6\u00dfter Sorgfalt erstellt. M\u00e4ngel betreffend die Richtigkeit, Vollst\u00e4ndigkeit und Aktualit\u00e4t der Inhalte k\u00f6nnen aber dennoch nicht g\u00e4nzlich ausgeschlossen werden. Alle Angebote sind freibleibend und unverbindlich. Der Autor beh\u00e4lt es sich ausdr\u00fccklich vor, Teile der Seiten oder das gesamte Angebot ohne gesonderte Ank\u00fcndigung zu ver\u00e4ndern, zu erg\u00e4nzen, zu l\u00f6schen oder die Ver\u00f6ffentlichung zeitweise oder endg\u00fcltig einzustellen.<\/p>\n<h2>Haftung f\u00fcr Links<\/h2>\n<p>Unser Angebot enth\u00e4lt Links zu externen Webseiten Dritter, auf deren Inhalte wir keinen Einfluss haben. Deshalb k\u00f6nnen wir f\u00fcr diese fremden Inhalte auch keine Gew\u00e4hr \u00fcbernehmen. F\u00fcr die Inhalte der verlinkten Seiten ist stets der jeweilige Anbieter oder Betreiber der Seiten verantwortlich. Die verlinkten Seiten wurden zum Zeitpunkt der Verlinkung auf augenscheinliche rechtswidrige Inhalte \u00fcberpr\u00fcft. Eine permanente inhaltliche Kontrolle der verlinkten Seiten ist jedoch ohne konkrete Anhaltspunkte einer Rechtsverletzung nicht zumutbar. Nach Mitteilung von Rechtsverletzungen werden wir derartige Links umgehend entfernen. Deshalb distanzieren wir uns hiermit ausdr\u00fccklich von allen Inhalten aller gelinkten Seiten, die nach der Linksetzung ver\u00e4ndert wurden. F\u00fcr illegale, fehlerhafte oder unvollst\u00e4ndige Inhalte und insbesondere f\u00fcr Sch\u00e4den, die aus der Nutzung oder Nichtnutzung solcherart dargebotener Informationen entstehen, haftet allein der Anbieter der Seite, auf welche verwiesen wurde, nicht derjenige, der \u00fcber Links auf die jeweilige Ver\u00f6ffentlichung lediglich verweist.<\/p>\n<h2>Urheberrecht<\/h2>\n<p>Wir sind bem\u00fcht, stets die Urheberrechte anderer zu beachten bzw. auf selbst erstellte sowie lizenzfreie Werke zur\u00fcckzugreifen. Die erstellten Inhalte und Werke auf diesen Seiten unterliegen dem \u00f6sterreichischen Urheberrecht. Beitr\u00e4ge Dritter sind als solche gekennzeichnet. Die Vervielf\u00e4ltigung, Bearbeitung, Verbreitung und jede Art der Verwertung au\u00dferhalb der Grenzen des Urheberrechtes bed\u00fcrfen der schriftlichen Zustimmung des jeweiligen Autors bzw. Erstellers.<\/p>\n<h2>Datenschutz<\/h2>\n<p>Sofern innerhalb des Internetangebotes die M\u00f6glichkeit zur Eingabe pers\u00f6nlicher oder gesch\u00e4ftlicher Daten (E-Mail Adresse, Name, Anschrift) besteht, so erfolgt die Preisgabe dieser Daten seitens des Nutzers auf ausdr\u00fccklich freiwilliger Basis. Alle im Zuge der unserer Website anfallenden personenbezogenen Daten werden entsprechend den jeweils geltenden Bestimmungen zum Schutz personenbezogener Daten nur zum Zweck der von Ihnen beauftragten Services und zur Bearbeitung Ihrer Anfragen erhoben, verarbeitet und genutzt. Die Nutzung der im Rahmen des Impressums oder vergleichbarer Angaben ver\u00f6ffentlichten Kontaktdaten wie Postanschriften, Telefon- und Faxnummern sowie E-Mail-Adressen durch Dritte zur \u00dcbersendung von nicht ausdr\u00fccklich angeforderten Informationen ist nicht gestattet. Rechtliche Schritte gegen die Versender von so genannten Spam-Mails bei Verst\u00f6\u00dfen gegen dieses Verbot sind ausdr\u00fccklich vorbehalten.<\/p>\n<h2>Google Analytics<\/h2>\n<p>Diese Website benutzt Google Analytics, einen Webanalysedienst der Google Inc. (\u201eGoogle\u201d). Google Analytics verwendet sog. \u201eCookies\u201d, Textdateien, die auf Ihrem Computer gespeichert werden und die eine Analyse der Benutzung der Website durch Sie erm\u00f6glichen. Die durch den Cookie erzeugten Informationen \u00fcber Ihre Benutzung dieser Website (einschlie\u00dflich Ihrer IP-Adresse) wird an einen Server von Google in den USA \u00fcbertragen und dort gespeichert. Google wird diese Informationen benutzen, um Ihre Nutzung der Website auszuwerten, um Reports \u00fcber die Websiteaktivit\u00e4ten f\u00fcr die Websitebetreiber zusammenzustellen und um weitere mit der Websitenutzung und der Internetnutzung verbundene Dienstleistungen zu erbringen. Auch wird Google diese Informationen gegebenenfalls an Dritte \u00fcbertragen, sofern dies gesetzlich vorgeschrieben oder soweit Dritte diese Daten im Auftrag von Google verarbeiten. Google wird in keinem Fall Ihre IP-Adresse mit anderen Daten von Google in Verbindung bringen. Sie k\u00f6nnen die Installation der Cookies durch eine entsprechende Einstellung Ihrer Browser Software verhindern; wir weisen Sie jedoch darauf hin, dass Sie in diesem Fall gegebenenfalls nicht s\u00e4mtliche Funktionen dieser Website vollumf\u00e4nglich nutzen k\u00f6nnen. Durch die Nutzung dieser Website erkl\u00e4ren Sie sich mit der Bearbeitung der \u00fcber Sie erhobenen Daten durch Google in der zuvor beschriebenen Art und Weise und zu dem zuvor benannten Zweck einverstanden.\u201d<br \/>\nSoweit Google Adsense, ein Webanzeigendienst der Google Inc., USA (\u201cGoogle\u201d), auf dieser Website Werbung (Textanzeigen, Banner etc.) schaltet, speichert Ihr Browser eventuell ein von Google Inc. oder Dritten gesendetes Cookie. Die in dem Cookie gespeicherten Informationen k\u00f6nnen durch Google Inc. oder auch Dritte aufgezeichnet, gesammelt und ausgewertet werden. Dar\u00fcber hinaus verwendet Google Adsense zur Sammlung von Informationen auch sog. \u201cWebBacons\u201d (kleine unsichtbare Grafiken), durch deren Verwendung einfache Aktionen wie der Besucherverkehr auf der Webseite aufgezeichnet, gesammelt und ausgewertet werden k\u00f6nnen. Die durch den Cookie und\/oder Web Bacon erzeugten Informationen \u00fcber Ihre Nutzung dieser Website werden an einen Server von Google in den USA \u00fcbertragen und dort gespeichert. Google benutzt die so erhaltenen Informationen, um eine Auswertung Ihres Nutzungsverhaltens im Hinblick auf die AdSense-Anzeigen durchzuf\u00fchren. Google wird diese Informationen gegebenenfalls auch an Dritte \u00fcbertragen, sofern dies gesetzlich vorgeschrieben ist oder soweit Dritte diese Daten im Auftrag von Google verarbeiten. Ihre IP-Adresse wird von Google nicht mit anderen von Google gespeicherten Daten in Verbindung gebracht. Sie k\u00f6nnen das Speichern von Cookies auf Ihrer Festplatte und die Anzeige von Web Bacons verhindern. Dazu m\u00fcssen Sie in Ihren Browser-Einstellungen \u201ckeine Cookies akzeptieren\u201d w\u00e4hlen (Im Internet-Explorer unter \u201cExtras \/ Internetoptionen \/ Datenschutz \/ Einstellung\u201d, bei Firefox unter \u201cExtras \/ Einstellungen \/ Datenschutz \/ Cookies\u201d).<br \/>\nArtikel drucken.<\/p>\n<h2>Facebook, Google+<\/h2>\n<p>Auf unserer Website werden PlugIns des sozialen Netzwerk Facebook, Facebook Inc., Menlo Park, California, United States, in Form eines \u201eLike-Button\u201c und\/oder des sozialen Netzwerks Google Plus der Google Inc., 1600 Amphitheatre Parkway, Mountain View, CA 94043, United States, in Form eines \u201e+1-Button\u201c integriert. Das Plugin erm\u00f6glicht eine direkte Verbindung zwischen dem Browser des Nutzers und dem Facebook- bzw. Google-Server. Facebook bzw. Google ermitteln so Informationen (insbesondere Datum und Uhrzeit des Website-Aufrufs und sonstige browserbezogene Informationen) des Nutzers auf der Website. Wenn der Nutzer den Facebook \u201eLike-Button\u201c bzw. den Google \u201e+1-Button\u201c anklickt w\u00e4hrend der Nutzer in seinem Facebook-Account bzw Google-Account eingeloggt ist, ist es Facebook bzw. Google weiters m\u00f6glich, den Besuch auf der Website dem Profil des Nutzers zuzuordnen. Weitergehende Informationen finden Sie hier [http:\/\/www.facebook.com\/help\/186325668085084] und hier [http:\/\/www.google.com\/intl\/de\/+\/policy\/+1button.html]. Mit Besuch der Website erkl\u00e4ren Sie sich mit einer derartigen Verwendung ihrer Nutzer-Informationen ausdr\u00fccklich einverstanden.<\/p>\n<h2>Twitter<\/h2>\n<p>Auf unseren Seiten sind Funktionen des Dienstes Twitter eingebunden. Diese Funktionen werden angeboten durch die Twitter Inc., Twitter, Inc. 1355 Market St, Suite 900, San Francisco, CA 94103, US A. Durch das Benutzen von Twitter und der Funktion \u201cRe-Tweet\u201d werden die von Ihnen besuchten Webseiten mit Ihrem Twitter-Account verkn\u00fcpft und anderen Nutzern bekannt gegeben. Dabei werden auch Daten an Twitter \u00fcbertragen. Wir weisen darauf hin, dass wir als Anbieter der Seiten keine Kenntnis vom Inhalt der \u00fcbermittelten Daten sowie deren Nutzung durch Twitter erhalten. Weitere Informationen hierzu finden Sie in der Datenschutzerkl\u00e4rung von Twitter unter http:\/\/twitter.com\/privacy. Ihre Datenschutzeinstellungen bei Twitter k\u00f6nnen Sie in den Konto-Einstellungen unter http:\/\/twitter.com\/account\/settings \u00e4ndern.<\/p>\n<h2>Bildnachweis<\/h2>\n<p>Alle auf dieser Webseite verwendeten Texte und Bilder sind urheberrechtlich gesch\u00fctzt.<\/p>\n<p><strong>Amel Salihbasic<\/strong><\/p>\n<ul>\n<li>deutsch:\u00a0<a href=\"http:\/\/www.komm-entdecke-bosnien.info\/\" target=\"_blank\" rel=\"noopener\">http:\/\/www.komm-entdecke-bosnien.info\/<\/a><\/li>\n<li>bosnisch:\u00a0<a href=\"http:\/\/www.bosna-i-hercegovina.eu\/\" target=\"_blank\" rel=\"noopener\">http:\/\/www.bosna-i-hercegovina.eu\/<\/a><\/li>\n<\/ul>\n<p><strong>Adnan Kuljuh<\/strong><\/p>\n<ul>\n<li>Lebring 2017 &#8211; Bosniakenfriedhof<\/li>\n<\/ul>\n<p><strong>Max Auffischer:<\/strong><\/p>\n<ul>\n<li>Dzevad Karahasan<\/li>\n<\/ul>\n<p><strong>Einzelbildnachweis www.fotolia.com:<\/strong><\/p>\n<ul>\n<li>#112514027 | Urheber: kritchanut, WE NEED YOU, message on the card shown by a woman<\/li>\n<li>#107623139 | Urheber: bearsky23, Family Community and Heart Love Donation and Charity Ico<\/li>\n<li>#117399009 | Urheber: luzitanija, puzzle with the national flag of austria and bosnia and herzeg<\/li>\n<li>#106269444 | Urheber: Gina Sanders\u00d6sterreich, Wien, Parlament<\/li>\n<\/ul>\n\n\t\t<\/div>\n\t<\/div>\n<\/div><\/div><\/div><\/div>\n","protected":false},"excerpt":{"rendered":"Impressum &amp; Datenschutz Herausgeber, Inhaber und Betreiber dieser Website: Gesellschaft Bosnischer Akademiker in \u00d6sterreich Standort: 1220 Wien Markomannenstr. 13-1-5 \u00d6sterreich Kontaktdaten: Tel: Mobil: E-Mail:\u00a0contact(@)bhakademiker.org Homepage:\u00a0https:\/\/www.bhakademiker.org\/ ZVR: 025821921 Bank- und Kontodaten: Bankinstitut: BAWAG BIC: BAWAATWW IBAN: AT77 1400 0051 1084 5164 &nbsp; Haftungsausschluss Haftung f\u00fcr Inhalte Die Inhalte unserer Homepage wurden mit gr\u00f6\u00dfter Sorgfalt erstellt. M\u00e4ngel betreffend die Richtigkeit, Vollst\u00e4ndigkeit und Aktualit\u00e4t der Inhalte k\u00f6nnen aber dennoch nicht g\u00e4nzlich ausgeschlossen werden. Alle Angebote sind freibleibend und unverbindlich. Der Autor beh\u00e4lt es sich ausdr\u00fccklich vor, Teile der Seiten oder das gesamte Angebot ohne gesonderte Ank\u00fcndigung zu ver\u00e4ndern, zu erg\u00e4nzen, zu l\u00f6schen oder...","protected":false},"author":1,"featured_media":0,"parent":0,"menu_order":0,"comment_status":"closed","ping_status":"closed","template":"","meta":{"footnotes":""},"class_list":["post-1727","page","type-page","status-publish","hentry"],"yoast_head":"<!-- This site is optimized with the Yoast SEO plugin v20.3 - https:\/\/yoast.com\/wordpress\/plugins\/seo\/ -->\n<title>Impressum &amp; Datenschutz - Gesellschaft Bosnischer Akademiker<\/title>\n<meta name=\"robots\" content=\"index, follow, max-snippet:-1, max-image-preview:large, max-video-preview:-1\" \/>\n<link rel=\"canonical\" href=\"https:\/\/www.bhakademiker.org\/de\/impressum-datenschutz\/\" \/>\n<meta property=\"og:locale\" content=\"de_DE\" \/>\n<meta property=\"og:type\" content=\"article\" \/>\n<meta property=\"og:title\" content=\"Impressum &amp; Datenschutz - Gesellschaft Bosnischer Akademiker\" \/>\n<meta property=\"og:url\" content=\"https:\/\/www.bhakademiker.org\/de\/impressum-datenschutz\/\" \/>\n<meta property=\"og:site_name\" content=\"Gesellschaft Bosnischer Akademiker\" \/>\n<meta property=\"article:modified_time\" content=\"2022-10-09T11:22:33+00:00\" \/>\n<meta property=\"og:image\" content=\"https:\/\/www.bhakademiker.org\/wp-content\/uploads\/2022\/01\/featured-GBAA.png\" \/>\n\t<meta property=\"og:image:width\" content=\"1200\" \/>\n\t<meta property=\"og:image:height\" content=\"630\" \/>\n\t<meta property=\"og:image:type\" content=\"image\/png\" \/>\n<meta name=\"twitter:card\" content=\"summary_large_image\" \/>\n<meta name=\"twitter:label1\" content=\"Gesch\u00e4tzte Lesezeit\" \/>\n\t<meta name=\"twitter:data1\" content=\"6\u00a0Minuten\" \/>\n<script type=\"application\/ld+json\" class=\"yoast-schema-graph\">{\"@context\":\"https:\/\/schema.org\",\"@graph\":[{\"@type\":\"WebPage\",\"@id\":\"https:\/\/www.bhakademiker.org\/impressum-datenschutz\/\",\"url\":\"https:\/\/www.bhakademiker.org\/impressum-datenschutz\/\",\"name\":\"Impressum & Datenschutz - Gesellschaft Bosnischer Akademiker\",\"isPartOf\":{\"@id\":\"https:\/\/www.bhakademiker.org\/bs\/#website\"},\"datePublished\":\"2021-06-26T21:27:37+00:00\",\"dateModified\":\"2022-10-09T11:22:33+00:00\",\"breadcrumb\":{\"@id\":\"https:\/\/www.bhakademiker.org\/impressum-datenschutz\/#breadcrumb\"},\"inLanguage\":\"de\",\"potentialAction\":[{\"@type\":\"ReadAction\",\"target\":[\"https:\/\/www.bhakademiker.org\/impressum-datenschutz\/\"]}]},{\"@type\":\"BreadcrumbList\",\"@id\":\"https:\/\/www.bhakademiker.org\/impressum-datenschutz\/#breadcrumb\",\"itemListElement\":[{\"@type\":\"ListItem\",\"position\":1,\"name\":\"Home\",\"item\":\"https:\/\/www.bhakademiker.org\/\"},{\"@type\":\"ListItem\",\"position\":2,\"name\":\"Impressum &#038; Datenschutz\"}]},{\"@type\":\"WebSite\",\"@id\":\"https:\/\/www.bhakademiker.org\/bs\/#website\",\"url\":\"https:\/\/www.bhakademiker.org\/bs\/\",\"name\":\"Gesellschaft Bosnischer Akademiker\",\"description\":\"\",\"publisher\":{\"@id\":\"https:\/\/www.bhakademiker.org\/bs\/#organization\"},\"potentialAction\":[{\"@type\":\"SearchAction\",\"target\":{\"@type\":\"EntryPoint\",\"urlTemplate\":\"https:\/\/www.bhakademiker.org\/bs\/?s={search_term_string}\"},\"query-input\":\"required name=search_term_string\"}],\"inLanguage\":\"de\"},{\"@type\":\"Organization\",\"@id\":\"https:\/\/www.bhakademiker.org\/bs\/#organization\",\"name\":\"Gesellschaft Bosnischer Akademiker in \u00d6sterreich\",\"url\":\"https:\/\/www.bhakademiker.org\/bs\/\",\"logo\":{\"@type\":\"ImageObject\",\"inLanguage\":\"de\",\"@id\":\"https:\/\/www.bhakademiker.org\/bs\/#\/schema\/logo\/image\/\",\"url\":\"https:\/\/www.bhakademiker.org\/wp-content\/uploads\/2022\/01\/featured-GBAA.png\",\"contentUrl\":\"https:\/\/www.bhakademiker.org\/wp-content\/uploads\/2022\/01\/featured-GBAA.png\",\"width\":1200,\"height\":630,\"caption\":\"Gesellschaft Bosnischer Akademiker in \u00d6sterreich\"},\"image\":{\"@id\":\"https:\/\/www.bhakademiker.org\/bs\/#\/schema\/logo\/image\/\"}}]}<\/script>\n<!-- \/ Yoast SEO plugin. -->","yoast_head_json":{"title":"Impressum & Datenschutz - Gesellschaft Bosnischer Akademiker","robots":{"index":"index","follow":"follow","max-snippet":"max-snippet:-1","max-image-preview":"max-image-preview:large","max-video-preview":"max-video-preview:-1"},"canonical":"https:\/\/www.bhakademiker.org\/de\/impressum-datenschutz\/","og_locale":"de_DE","og_type":"article","og_title":"Impressum & Datenschutz - Gesellschaft Bosnischer Akademiker","og_url":"https:\/\/www.bhakademiker.org\/de\/impressum-datenschutz\/","og_site_name":"Gesellschaft Bosnischer Akademiker","article_modified_time":"2022-10-09T11:22:33+00:00","og_image":[{"width":1200,"height":630,"url":"https:\/\/www.bhakademiker.org\/wp-content\/uploads\/2022\/01\/featured-GBAA.png","type":"image\/png"}],"twitter_card":"summary_large_image","twitter_misc":{"Gesch\u00e4tzte Lesezeit":"6\u00a0Minuten"},"schema":{"@context":"https:\/\/schema.org","@graph":[{"@type":"WebPage","@id":"https:\/\/www.bhakademiker.org\/impressum-datenschutz\/","url":"https:\/\/www.bhakademiker.org\/impressum-datenschutz\/","name":"Impressum & Datenschutz - Gesellschaft Bosnischer Akademiker","isPartOf":{"@id":"https:\/\/www.bhakademiker.org\/bs\/#website"},"datePublished":"2021-06-26T21:27:37+00:00","dateModified":"2022-10-09T11:22:33+00:00","breadcrumb":{"@id":"https:\/\/www.bhakademiker.org\/impressum-datenschutz\/#breadcrumb"},"inLanguage":"de","potentialAction":[{"@type":"ReadAction","target":["https:\/\/www.bhakademiker.org\/impressum-datenschutz\/"]}]},{"@type":"BreadcrumbList","@id":"https:\/\/www.bhakademiker.org\/impressum-datenschutz\/#breadcrumb","itemListElement":[{"@type":"ListItem","position":1,"name":"Home","item":"https:\/\/www.bhakademiker.org\/"},{"@type":"ListItem","position":2,"name":"Impressum &#038; Datenschutz"}]},{"@type":"WebSite","@id":"https:\/\/www.bhakademiker.org\/bs\/#website","url":"https:\/\/www.bhakademiker.org\/bs\/","name":"Gesellschaft Bosnischer Akademiker","description":"","publisher":{"@id":"https:\/\/www.bhakademiker.org\/bs\/#organization"},"potentialAction":[{"@type":"SearchAction","target":{"@type":"EntryPoint","urlTemplate":"https:\/\/www.bhakademiker.org\/bs\/?s={search_term_string}"},"query-input":"required name=search_term_string"}],"inLanguage":"de"},{"@type":"Organization","@id":"https:\/\/www.bhakademiker.org\/bs\/#organization","name":"Gesellschaft Bosnischer Akademiker in \u00d6sterreich","url":"https:\/\/www.bhakademiker.org\/bs\/","logo":{"@type":"ImageObject","inLanguage":"de","@id":"https:\/\/www.bhakademiker.org\/bs\/#\/schema\/logo\/image\/","url":"https:\/\/www.bhakademiker.org\/wp-content\/uploads\/2022\/01\/featured-GBAA.png","contentUrl":"https:\/\/www.bhakademiker.org\/wp-content\/uploads\/2022\/01\/featured-GBAA.png","width":1200,"height":630,"caption":"Gesellschaft Bosnischer Akademiker in \u00d6sterreich"},"image":{"@id":"https:\/\/www.bhakademiker.org\/bs\/#\/schema\/logo\/image\/"}}]}},"_links":{"self":[{"href":"https:\/\/www.bhakademiker.org\/de\/wp-json\/wp\/v2\/pages\/1727","targetHints":{"allow":["GET"]}}],"collection":[{"href":"https:\/\/www.bhakademiker.org\/de\/wp-json\/wp\/v2\/pages"}],"about":[{"href":"https:\/\/www.bhakademiker.org\/de\/wp-json\/wp\/v2\/types\/page"}],"author":[{"embeddable":true,"href":"https:\/\/www.bhakademiker.org\/de\/wp-json\/wp\/v2\/users\/1"}],"replies":[{"embeddable":true,"href":"https:\/\/www.bhakademiker.org\/de\/wp-json\/wp\/v2\/comments?post=1727"}],"version-history":[{"count":3,"href":"https:\/\/www.bhakademiker.org\/de\/wp-json\/wp\/v2\/pages\/1727\/revisions"}],"predecessor-version":[{"id":2374,"href":"https:\/\/www.bhakademiker.org\/de\/wp-json\/wp\/v2\/pages\/1727\/revisions\/2374"}],"wp:attachment":[{"href":"https:\/\/www.bhakademiker.org\/de\/wp-json\/wp\/v2\/media?parent=1727"}],"curies":[{"name":"wp","href":"https:\/\/api.w.org\/{rel}","templated":true}]}}