{"id":2589,"date":"2023-05-02T22:07:26","date_gmt":"2023-05-02T20:07:26","guid":{"rendered":"https:\/\/www.bhakademiker.org\/?page_id=2589"},"modified":"2023-05-02T22:07:26","modified_gmt":"2023-05-02T20:07:26","slug":"833-geburtstag","status":"publish","type":"page","link":"https:\/\/www.bhakademiker.org\/de\/833-geburtstag\/","title":{"rendered":"833. Geburtstag"},"content":{"rendered":"<p><strong>Konzertabend &#8211; kulturhistorische Reise durch Bosnien<\/strong><\/p>\n<p>(Jahrestag des Handelsabkommens zwischen Bosnien und Dubrovnik)<\/p>\n<p><a href=\"https:\/\/www.bhakademiker.org\/wp-content\/uploads\/2023\/05\/Plakat_833_Bec.jpg\"><img fetchpriority=\"high\" decoding=\"async\" class=\"alignleft  wp-image-2591\" src=\"https:\/\/www.bhakademiker.org\/wp-content\/uploads\/2023\/05\/Plakat_833_Bec.jpg\" alt=\"\" width=\"579\" height=\"802\" srcset=\"https:\/\/www.bhakademiker.org\/wp-content\/uploads\/2023\/05\/Plakat_833_Bec.jpg 1156w, https:\/\/www.bhakademiker.org\/wp-content\/uploads\/2023\/05\/Plakat_833_Bec-217x300.jpg 217w, https:\/\/www.bhakademiker.org\/wp-content\/uploads\/2023\/05\/Plakat_833_Bec-740x1024.jpg 740w, https:\/\/www.bhakademiker.org\/wp-content\/uploads\/2023\/05\/Plakat_833_Bec-768x1063.jpg 768w, https:\/\/www.bhakademiker.org\/wp-content\/uploads\/2023\/05\/Plakat_833_Bec-1110x1536.jpg 1110w, https:\/\/www.bhakademiker.org\/wp-content\/uploads\/2023\/05\/Plakat_833_Bec-9x12.jpg 9w\" sizes=\"(max-width: 579px) 100vw, 579px\" \/><\/a>Am 07.Oktober 2022 organisierte die Gesellschaft Bosnischer Akademiker in \u00d6sterreich in der Diplomatischen Akademie im Theresianum den Konzertabend (kulturell-wissenschaftliche Veranstaltung) mit Lesung anl\u00e4sslich des Geburtstags Bosniens, des 833. Jahrestages des Handelsabkommens zwischen Bosnien und Dubrovnik.<\/p>\n<p>Bei dem Abkommen zwischen Bosnien und Dubrovnik aus dem Jahre 1189 handelt es sich um das \u00e4lteste schriftliche Dokument eines s\u00fcdslawischen Herrschers.<\/p>\n<p>Das Ziel der Veranstaltung ist es, \u00f6sterreichische K\u00fcnstler:innen, Studierende und Wissenschaftler:innen mit bosnischen Wurzeln zu affirmieren und dadurch neue Impulse f\u00fcr die Integration der Bosnier:innen in die \u00f6sterreichische Gesellschaft zu setzen.<\/p>\n<p>Im Rahmen des Konzertabends wurde der \u201eGBBA Award\u201c an Studierende bosnischer Herkunft, die an einer \u00f6sterreichischen Universit\u00e4t studieren, und junge Wissenschaftler:innen bosnischer Herkunft verliehen.<\/p>\n<p>&nbsp;<\/p>\n<p>&nbsp;<\/p>\n<p>&nbsp;<\/p>\n<p>Die Veranstaltung in der kurzen Fassung:<\/p>\n<ol start=\"833\">\n<li><a href=\"https:\/\/www.youtube.com\/watch?v=ePgHTWSUolk&amp;t=22s\"> Rodjendan Bosne u Be\u010du \/ Geburtstag Bosniens in Wien &#8211; YouTube<\/a><\/li>\n<\/ol>\n","protected":false},"excerpt":{"rendered":"<p>Konzertabend &#8211; kulturhistorische Reise durch Bosnien (Jahrestag des Handelsabkommens zwischen Bosnien und Dubrovnik) Am 07.Oktober 2022 organisierte die Gesellschaft Bosnischer Akademiker in \u00d6sterreich in der Diplomatischen Akademie im Theresianum den Konzertabend (kulturell-wissenschaftliche Veranstaltung) mit Lesung anl\u00e4sslich des Geburtstags Bosniens, des 833. Jahrestages des Handelsabkommens zwischen Bosnien und Dubrovnik. Bei dem Abkommen zwischen Bosnien und Dubrovnik aus dem Jahre 1189 handelt es sich um das \u00e4lteste schriftliche Dokument eines s\u00fcdslawischen Herrschers. Das Ziel der Veranstaltung ist es, \u00f6sterreichische K\u00fcnstler:innen, Studierende und Wissenschaftler:innen mit bosnischen Wurzeln zu affirmieren und dadurch neue Impulse f\u00fcr die Integration der Bosnier:innen in die \u00f6sterreichische Gesellschaft zu&#8230;<\/p>\n","protected":false},"author":1,"featured_media":0,"parent":0,"menu_order":0,"comment_status":"closed","ping_status":"closed","template":"","meta":{"footnotes":""},"class_list":["post-2589","page","type-page","status-publish","hentry"],"yoast_head":"<!-- This site is optimized with the Yoast SEO plugin v20.3 - https:\/\/yoast.com\/wordpress\/plugins\/seo\/ -->\n<title>833. Geburtstag - Gesellschaft Bosnischer Akademiker<\/title>\n<meta name=\"robots\" content=\"index, follow, max-snippet:-1, max-image-preview:large, max-video-preview:-1\" \/>\n<link rel=\"canonical\" href=\"https:\/\/www.bhakademiker.org\/de\/833-geburtstag\/\" \/>\n<meta property=\"og:locale\" content=\"de_DE\" \/>\n<meta property=\"og:type\" content=\"article\" \/>\n<meta property=\"og:title\" content=\"833. Geburtstag - Gesellschaft Bosnischer Akademiker\" \/>\n<meta property=\"og:description\" content=\"Konzertabend &#8211; kulturhistorische Reise durch Bosnien (Jahrestag des Handelsabkommens zwischen Bosnien und Dubrovnik) Am 07.Oktober 2022 organisierte die Gesellschaft Bosnischer Akademiker in \u00d6sterreich in der Diplomatischen Akademie im Theresianum den Konzertabend (kulturell-wissenschaftliche Veranstaltung) mit Lesung anl\u00e4sslich des Geburtstags Bosniens, des 833. Jahrestages des Handelsabkommens zwischen Bosnien und Dubrovnik. Bei dem Abkommen zwischen Bosnien und Dubrovnik aus dem Jahre 1189 handelt es sich um das \u00e4lteste schriftliche Dokument eines s\u00fcdslawischen Herrschers. Das Ziel der Veranstaltung ist es, \u00f6sterreichische K\u00fcnstler:innen, Studierende und Wissenschaftler:innen mit bosnischen Wurzeln zu affirmieren und dadurch neue Impulse f\u00fcr die Integration der Bosnier:innen in die \u00f6sterreichische Gesellschaft zu...\" \/>\n<meta property=\"og:url\" content=\"https:\/\/www.bhakademiker.org\/de\/833-geburtstag\/\" \/>\n<meta property=\"og:site_name\" content=\"Gesellschaft Bosnischer Akademiker\" \/>\n<meta property=\"og:image\" content=\"https:\/\/www.bhakademiker.org\/wp-content\/uploads\/2023\/05\/Plakat_833_Bec.jpg\" \/>\n<meta name=\"twitter:card\" content=\"summary_large_image\" \/>\n<meta name=\"twitter:label1\" content=\"Gesch\u00e4tzte Lesezeit\" \/>\n\t<meta name=\"twitter:data1\" content=\"1\u00a0Minute\" \/>\n<script type=\"application\/ld+json\" class=\"yoast-schema-graph\">{\"@context\":\"https:\/\/schema.org\",\"@graph\":[{\"@type\":\"WebPage\",\"@id\":\"https:\/\/www.bhakademiker.org\/833-geburtstag\/\",\"url\":\"https:\/\/www.bhakademiker.org\/833-geburtstag\/\",\"name\":\"833. Geburtstag - Gesellschaft Bosnischer Akademiker\",\"isPartOf\":{\"@id\":\"https:\/\/www.bhakademiker.org\/bs\/#website\"},\"datePublished\":\"2023-05-02T20:07:26+00:00\",\"dateModified\":\"2023-05-02T20:07:26+00:00\",\"breadcrumb\":{\"@id\":\"https:\/\/www.bhakademiker.org\/833-geburtstag\/#breadcrumb\"},\"inLanguage\":\"de\",\"potentialAction\":[{\"@type\":\"ReadAction\",\"target\":[\"https:\/\/www.bhakademiker.org\/833-geburtstag\/\"]}]},{\"@type\":\"BreadcrumbList\",\"@id\":\"https:\/\/www.bhakademiker.org\/833-geburtstag\/#breadcrumb\",\"itemListElement\":[{\"@type\":\"ListItem\",\"position\":1,\"name\":\"Home\",\"item\":\"https:\/\/www.bhakademiker.org\/\"},{\"@type\":\"ListItem\",\"position\":2,\"name\":\"833. Geburtstag\"}]},{\"@type\":\"WebSite\",\"@id\":\"https:\/\/www.bhakademiker.org\/bs\/#website\",\"url\":\"https:\/\/www.bhakademiker.org\/bs\/\",\"name\":\"Gesellschaft Bosnischer Akademiker\",\"description\":\"\",\"publisher\":{\"@id\":\"https:\/\/www.bhakademiker.org\/bs\/#organization\"},\"potentialAction\":[{\"@type\":\"SearchAction\",\"target\":{\"@type\":\"EntryPoint\",\"urlTemplate\":\"https:\/\/www.bhakademiker.org\/bs\/?s={search_term_string}\"},\"query-input\":\"required name=search_term_string\"}],\"inLanguage\":\"de\"},{\"@type\":\"Organization\",\"@id\":\"https:\/\/www.bhakademiker.org\/bs\/#organization\",\"name\":\"Gesellschaft Bosnischer Akademiker in \u00d6sterreich\",\"url\":\"https:\/\/www.bhakademiker.org\/bs\/\",\"logo\":{\"@type\":\"ImageObject\",\"inLanguage\":\"de\",\"@id\":\"https:\/\/www.bhakademiker.org\/bs\/#\/schema\/logo\/image\/\",\"url\":\"https:\/\/www.bhakademiker.org\/wp-content\/uploads\/2022\/01\/featured-GBAA.png\",\"contentUrl\":\"https:\/\/www.bhakademiker.org\/wp-content\/uploads\/2022\/01\/featured-GBAA.png\",\"width\":1200,\"height\":630,\"caption\":\"Gesellschaft Bosnischer Akademiker in \u00d6sterreich\"},\"image\":{\"@id\":\"https:\/\/www.bhakademiker.org\/bs\/#\/schema\/logo\/image\/\"}}]}<\/script>\n<!-- \/ Yoast SEO plugin. -->","yoast_head_json":{"title":"833. Geburtstag - Gesellschaft Bosnischer Akademiker","robots":{"index":"index","follow":"follow","max-snippet":"max-snippet:-1","max-image-preview":"max-image-preview:large","max-video-preview":"max-video-preview:-1"},"canonical":"https:\/\/www.bhakademiker.org\/de\/833-geburtstag\/","og_locale":"de_DE","og_type":"article","og_title":"833. Geburtstag - Gesellschaft Bosnischer Akademiker","og_description":"Konzertabend &#8211; kulturhistorische Reise durch Bosnien (Jahrestag des Handelsabkommens zwischen Bosnien und Dubrovnik) Am 07.Oktober 2022 organisierte die Gesellschaft Bosnischer Akademiker in \u00d6sterreich in der Diplomatischen Akademie im Theresianum den Konzertabend (kulturell-wissenschaftliche Veranstaltung) mit Lesung anl\u00e4sslich des Geburtstags Bosniens, des 833. Jahrestages des Handelsabkommens zwischen Bosnien und Dubrovnik. Bei dem Abkommen zwischen Bosnien und Dubrovnik aus dem Jahre 1189 handelt es sich um das \u00e4lteste schriftliche Dokument eines s\u00fcdslawischen Herrschers. Das Ziel der Veranstaltung ist es, \u00f6sterreichische K\u00fcnstler:innen, Studierende und Wissenschaftler:innen mit bosnischen Wurzeln zu affirmieren und dadurch neue Impulse f\u00fcr die Integration der Bosnier:innen in die \u00f6sterreichische Gesellschaft zu...","og_url":"https:\/\/www.bhakademiker.org\/de\/833-geburtstag\/","og_site_name":"Gesellschaft Bosnischer Akademiker","og_image":[{"url":"https:\/\/www.bhakademiker.org\/wp-content\/uploads\/2023\/05\/Plakat_833_Bec.jpg"}],"twitter_card":"summary_large_image","twitter_misc":{"Gesch\u00e4tzte Lesezeit":"1\u00a0Minute"},"schema":{"@context":"https:\/\/schema.org","@graph":[{"@type":"WebPage","@id":"https:\/\/www.bhakademiker.org\/833-geburtstag\/","url":"https:\/\/www.bhakademiker.org\/833-geburtstag\/","name":"833. Geburtstag - Gesellschaft Bosnischer Akademiker","isPartOf":{"@id":"https:\/\/www.bhakademiker.org\/bs\/#website"},"datePublished":"2023-05-02T20:07:26+00:00","dateModified":"2023-05-02T20:07:26+00:00","breadcrumb":{"@id":"https:\/\/www.bhakademiker.org\/833-geburtstag\/#breadcrumb"},"inLanguage":"de","potentialAction":[{"@type":"ReadAction","target":["https:\/\/www.bhakademiker.org\/833-geburtstag\/"]}]},{"@type":"BreadcrumbList","@id":"https:\/\/www.bhakademiker.org\/833-geburtstag\/#breadcrumb","itemListElement":[{"@type":"ListItem","position":1,"name":"Home","item":"https:\/\/www.bhakademiker.org\/"},{"@type":"ListItem","position":2,"name":"833. Geburtstag"}]},{"@type":"WebSite","@id":"https:\/\/www.bhakademiker.org\/bs\/#website","url":"https:\/\/www.bhakademiker.org\/bs\/","name":"Gesellschaft Bosnischer Akademiker","description":"","publisher":{"@id":"https:\/\/www.bhakademiker.org\/bs\/#organization"},"potentialAction":[{"@type":"SearchAction","target":{"@type":"EntryPoint","urlTemplate":"https:\/\/www.bhakademiker.org\/bs\/?s={search_term_string}"},"query-input":"required name=search_term_string"}],"inLanguage":"de"},{"@type":"Organization","@id":"https:\/\/www.bhakademiker.org\/bs\/#organization","name":"Gesellschaft Bosnischer Akademiker in \u00d6sterreich","url":"https:\/\/www.bhakademiker.org\/bs\/","logo":{"@type":"ImageObject","inLanguage":"de","@id":"https:\/\/www.bhakademiker.org\/bs\/#\/schema\/logo\/image\/","url":"https:\/\/www.bhakademiker.org\/wp-content\/uploads\/2022\/01\/featured-GBAA.png","contentUrl":"https:\/\/www.bhakademiker.org\/wp-content\/uploads\/2022\/01\/featured-GBAA.png","width":1200,"height":630,"caption":"Gesellschaft Bosnischer Akademiker in \u00d6sterreich"},"image":{"@id":"https:\/\/www.bhakademiker.org\/bs\/#\/schema\/logo\/image\/"}}]}},"_links":{"self":[{"href":"https:\/\/www.bhakademiker.org\/de\/wp-json\/wp\/v2\/pages\/2589","targetHints":{"allow":["GET"]}}],"collection":[{"href":"https:\/\/www.bhakademiker.org\/de\/wp-json\/wp\/v2\/pages"}],"about":[{"href":"https:\/\/www.bhakademiker.org\/de\/wp-json\/wp\/v2\/types\/page"}],"author":[{"embeddable":true,"href":"https:\/\/www.bhakademiker.org\/de\/wp-json\/wp\/v2\/users\/1"}],"replies":[{"embeddable":true,"href":"https:\/\/www.bhakademiker.org\/de\/wp-json\/wp\/v2\/comments?post=2589"}],"version-history":[{"count":1,"href":"https:\/\/www.bhakademiker.org\/de\/wp-json\/wp\/v2\/pages\/2589\/revisions"}],"predecessor-version":[{"id":2592,"href":"https:\/\/www.bhakademiker.org\/de\/wp-json\/wp\/v2\/pages\/2589\/revisions\/2592"}],"wp:attachment":[{"href":"https:\/\/www.bhakademiker.org\/de\/wp-json\/wp\/v2\/media?parent=2589"}],"curies":[{"name":"wp","href":"https:\/\/api.w.org\/{rel}","templated":true}]}}