{"id":3713,"date":"2025-01-20T13:54:08","date_gmt":"2025-01-20T12:54:08","guid":{"rendered":"https:\/\/www.bhakademiker.org\/?page_id=3713"},"modified":"2026-03-30T15:13:22","modified_gmt":"2026-03-30T13:13:22","slug":"kuenstler-in-2026","status":"publish","type":"page","link":"https:\/\/www.bhakademiker.org\/de\/badeu-sku\/kuenstler-in-2026\/","title":{"rendered":"K\u00fcnstler\/in 2026"},"content":{"rendered":"<p style=\"text-align: center;\"><strong><img fetchpriority=\"high\" decoding=\"async\" class=\"alignnone size-full wp-image-4193\" src=\"https:\/\/www.bhakademiker.org\/wp-content\/uploads\/2025\/01\/03.png\" alt=\"\" width=\"940\" height=\"701\" srcset=\"https:\/\/www.bhakademiker.org\/wp-content\/uploads\/2025\/01\/03.png 940w, https:\/\/www.bhakademiker.org\/wp-content\/uploads\/2025\/01\/03-300x224.png 300w, https:\/\/www.bhakademiker.org\/wp-content\/uploads\/2025\/01\/03-768x573.png 768w, https:\/\/www.bhakademiker.org\/wp-content\/uploads\/2025\/01\/03-16x12.png 16w\" sizes=\"(max-width: 940px) 100vw, 940px\" \/>K\u00fcnstler\/K\u00fcnstlerin des Jahres 2026<\/strong><\/p>\n<p><strong>Bewerbungsfrist: 29. August 2026<\/strong><\/p>\n<p>Die Auszeichnung<strong> \u201eK\u00fcnstler\/K\u00fcnstlerin des Jahres 2026\u201c<\/strong> ist ein von der Gesellschaft Bosnischer Akademiker in \u00d6sterreich vergebener Preis.<\/p>\n<p>Zur Bewerbung eingeladen sind K\u00fcnstler:innen aus unterschiedlichen Kunstbereichen bosnisch-herzegowinischer Herkunft bis zum 35. Lebensjahr.<\/p>\n<p><strong>Die Bewerbungen sollen folgende Unterlagen enthalten:<\/strong><\/p>\n<ul>\n<li>eine Kurzbiografie des Kandidaten\/ der Kandidatin<\/li>\n<li>eine \u00dcbersicht der erbrachten k\u00fcnstlerischen Leistungen, insbesondere:\n<ul>\n<li>Teilnahmen an Wettbewerben sowie erhaltene Auszeichnungen,<\/li>\n<li>\u00f6ffentliche k\u00fcnstlerische Darbietungen, Pr\u00e4sentationen oder Ausstellungen (Einzel- oder Gruppenausstellungen), ver\u00f6ffentlichte Werke u. \u00c4.,<\/li>\n<\/ul>\n<\/li>\n<li>eine Empfehlung einer renommierten Pers\u00f6nlichkeit aus dem jeweiligen k\u00fcnstlerischen Fachbereich, in dem der Kandidat\/ die Kandidatin t\u00e4tig ist (z. B. Empfehlung durch Mentor:innen, Professor:innen oder anerkannte freischaffende K\u00fcnstler:innen).<\/li>\n<\/ul>\n<p>Vorschl\u00e4ge und Bewerbungen k\u00f6nnen <strong>bis zum 29. August 2026<\/strong> per E-Mail an<br \/>\n<strong>awards@bhakademiker.org<\/strong> eingereicht werden.<\/p>\n<p><strong>Der Jahrespreis \u201eK\u00fcnstlerin \/ K\u00fcnstler des Jahres\u201c umfasst:<\/strong><\/p>\n<ul>\n<li>einen symbolischen Geldbetrag aus dem Bildungsfonds von BADA ,<\/li>\n<li>die Organisation von mindestens einer k\u00fcnstlerischen Auff\u00fchrung bzw. Pr\u00e4sentation der Preistr\u00e4gerin\/des Preistr\u00e4gers in Mitgliedstaaten der Europ\u00e4ischen Union, in denen einzelne BAD-Vereinigungen t\u00e4tig sind (\u00d6sterreich, Slowenien, Deutschland, D\u00e4nemark, die Niederlande, Kroatien, Schweden, \u2026),<\/li>\n<li>verschiedene Formen der F\u00f6rderung und Sichtbarmachung der Preistr\u00e4gerin\/des Preistr\u00e4gers \u00fcber Medien, soziale Netzwerke sowie weitere relevante Kan\u00e4le.<\/li>\n<\/ul>\n<p>Die Preisverleihung findet am <strong>02. Oktober 2026<\/strong> im Rahmen der Feierlichkeiten zum <strong>837. Geburtstag Bosniens\/der Urkunde des Ban Kulin<\/strong> sowie zum <strong>32. Jahrestag der Gesellschaft Bosnischer Akademiker in der EU<\/strong>\u00a0statt.<\/p>\n<p>Alle, die dieses Projekt unterst\u00fctzen m\u00f6chten, k\u00f6nnen einen Sponsoring-Beitrag mit dem Verwendungszweck <strong>\u201eAusbildungsfond\u201c<\/strong> auf folgendes Konto \u00fcberweisen:<\/p>\n<p><strong>Gesellschaft Bosnischer Akademiker in \u00d6sterreich<\/strong><br \/>\n<strong>Bank:<\/strong> BAWAG<br \/>\n<strong>BIC:<\/strong> BAWAATWW<br \/>\n<strong>IBAN:<\/strong> AT77 1400 0051 1084 5164<\/p>\n<p><a href=\"https:\/\/www.bhakademiker.org\">https:\/\/www.bhakademiker.org<\/a><\/p>\n<h1 style=\"text-align: center;\"><\/h1>\n","protected":false},"excerpt":{"rendered":"<p>K\u00fcnstler\/K\u00fcnstlerin des Jahres 2026 Bewerbungsfrist: 29. August 2026 Die Auszeichnung \u201eK\u00fcnstler\/K\u00fcnstlerin des Jahres 2026\u201c ist ein von der Gesellschaft Bosnischer Akademiker in \u00d6sterreich vergebener Preis. Zur Bewerbung eingeladen sind K\u00fcnstler:innen aus unterschiedlichen Kunstbereichen bosnisch-herzegowinischer Herkunft bis zum 35. Lebensjahr. Die Bewerbungen sollen folgende Unterlagen enthalten: eine Kurzbiografie des Kandidaten\/ der Kandidatin eine \u00dcbersicht der erbrachten k\u00fcnstlerischen Leistungen, insbesondere: Teilnahmen an Wettbewerben sowie erhaltene Auszeichnungen, \u00f6ffentliche k\u00fcnstlerische Darbietungen, Pr\u00e4sentationen oder Ausstellungen (Einzel- oder Gruppenausstellungen), ver\u00f6ffentlichte Werke u. \u00c4., eine Empfehlung einer renommierten Pers\u00f6nlichkeit aus dem jeweiligen k\u00fcnstlerischen Fachbereich, in dem der Kandidat\/ die Kandidatin t\u00e4tig ist (z. B. Empfehlung durch Mentor:innen,&#8230;<\/p>\n","protected":false},"author":1,"featured_media":4193,"parent":2698,"menu_order":0,"comment_status":"closed","ping_status":"closed","template":"","meta":{"footnotes":""},"class_list":["post-3713","page","type-page","status-publish","has-post-thumbnail","hentry"],"yoast_head":"<!-- This site is optimized with the Yoast SEO plugin v20.3 - https:\/\/yoast.com\/wordpress\/plugins\/seo\/ -->\n<title>K\u00fcnstler\/in 2026 - Gesellschaft Bosnischer Akademiker<\/title>\n<meta name=\"description\" content=\"J\u00e4hrliche Auszeichnung, die von BADEU verliehen wird\" \/>\n<meta name=\"robots\" content=\"index, follow, max-snippet:-1, max-image-preview:large, max-video-preview:-1\" \/>\n<link rel=\"canonical\" href=\"https:\/\/www.bhakademiker.org\/de\/badeu-sku\/kuenstler-in-2026\/\" \/>\n<meta property=\"og:locale\" content=\"de_DE\" \/>\n<meta property=\"og:type\" content=\"article\" \/>\n<meta property=\"og:title\" content=\"K\u00fcnstler:in | Umjetnica \/ Umjetnik 2026\" \/>\n<meta property=\"og:description\" content=\"J\u00e4hrliche Auszeichnung, die von BADEU verliehen wird\" \/>\n<meta property=\"og:url\" content=\"https:\/\/www.bhakademiker.org\/de\/badeu-sku\/kuenstler-in-2026\/\" \/>\n<meta property=\"og:site_name\" content=\"Gesellschaft Bosnischer Akademiker\" \/>\n<meta property=\"article:modified_time\" content=\"2026-03-30T13:13:22+00:00\" \/>\n<meta property=\"og:image\" content=\"https:\/\/www.bhakademiker.org\/wp-content\/uploads\/2025\/01\/03.png\" \/>\n\t<meta property=\"og:image:width\" content=\"940\" \/>\n\t<meta property=\"og:image:height\" content=\"701\" \/>\n\t<meta property=\"og:image:type\" content=\"image\/png\" \/>\n<meta name=\"twitter:card\" content=\"summary_large_image\" \/>\n<meta name=\"twitter:title\" content=\"K\u00fcnstler:in | Umjetnica \/ Umjetnik 2026\" \/>\n<meta name=\"twitter:image\" content=\"https:\/\/www.bhakademiker.org\/wp-content\/uploads\/2025\/01\/03.png\" \/>\n<meta name=\"twitter:label1\" content=\"Gesch\u00e4tzte Lesezeit\" \/>\n\t<meta name=\"twitter:data1\" content=\"2\u00a0Minuten\" \/>\n<script type=\"application\/ld+json\" class=\"yoast-schema-graph\">{\"@context\":\"https:\/\/schema.org\",\"@graph\":[{\"@type\":\"WebPage\",\"@id\":\"https:\/\/www.bhakademiker.org\/badeu-sku\/kuenstler-in-2026\/\",\"url\":\"https:\/\/www.bhakademiker.org\/badeu-sku\/kuenstler-in-2026\/\",\"name\":\"K\u00fcnstler\/in 2026 - Gesellschaft Bosnischer Akademiker\",\"isPartOf\":{\"@id\":\"https:\/\/www.bhakademiker.org\/bs\/#website\"},\"datePublished\":\"2025-01-20T12:54:08+00:00\",\"dateModified\":\"2026-03-30T13:13:22+00:00\",\"description\":\"J\u00e4hrliche Auszeichnung, die von BADEU verliehen wird\",\"breadcrumb\":{\"@id\":\"https:\/\/www.bhakademiker.org\/badeu-sku\/kuenstler-in-2026\/#breadcrumb\"},\"inLanguage\":\"de\",\"potentialAction\":[{\"@type\":\"ReadAction\",\"target\":[\"https:\/\/www.bhakademiker.org\/badeu-sku\/kuenstler-in-2026\/\"]}]},{\"@type\":\"BreadcrumbList\",\"@id\":\"https:\/\/www.bhakademiker.org\/badeu-sku\/kuenstler-in-2026\/#breadcrumb\",\"itemListElement\":[{\"@type\":\"ListItem\",\"position\":1,\"name\":\"Home\",\"item\":\"https:\/\/www.bhakademiker.org\/\"},{\"@type\":\"ListItem\",\"position\":2,\"name\":\"BADEU-SKU\",\"item\":\"https:\/\/www.bhakademiker.org\/badeu-sku\/\"},{\"@type\":\"ListItem\",\"position\":3,\"name\":\"K\u00fcnstler\/in 2026\"}]},{\"@type\":\"WebSite\",\"@id\":\"https:\/\/www.bhakademiker.org\/bs\/#website\",\"url\":\"https:\/\/www.bhakademiker.org\/bs\/\",\"name\":\"Gesellschaft Bosnischer Akademiker\",\"description\":\"\",\"publisher\":{\"@id\":\"https:\/\/www.bhakademiker.org\/bs\/#organization\"},\"potentialAction\":[{\"@type\":\"SearchAction\",\"target\":{\"@type\":\"EntryPoint\",\"urlTemplate\":\"https:\/\/www.bhakademiker.org\/bs\/?s={search_term_string}\"},\"query-input\":\"required name=search_term_string\"}],\"inLanguage\":\"de\"},{\"@type\":\"Organization\",\"@id\":\"https:\/\/www.bhakademiker.org\/bs\/#organization\",\"name\":\"Gesellschaft Bosnischer Akademiker in \u00d6sterreich\",\"url\":\"https:\/\/www.bhakademiker.org\/bs\/\",\"logo\":{\"@type\":\"ImageObject\",\"inLanguage\":\"de\",\"@id\":\"https:\/\/www.bhakademiker.org\/bs\/#\/schema\/logo\/image\/\",\"url\":\"https:\/\/www.bhakademiker.org\/wp-content\/uploads\/2022\/01\/featured-GBAA.png\",\"contentUrl\":\"https:\/\/www.bhakademiker.org\/wp-content\/uploads\/2022\/01\/featured-GBAA.png\",\"width\":1200,\"height\":630,\"caption\":\"Gesellschaft Bosnischer Akademiker in \u00d6sterreich\"},\"image\":{\"@id\":\"https:\/\/www.bhakademiker.org\/bs\/#\/schema\/logo\/image\/\"}}]}<\/script>\n<!-- \/ Yoast SEO plugin. -->","yoast_head_json":{"title":"K\u00fcnstler\/in 2026 - Gesellschaft Bosnischer Akademiker","description":"J\u00e4hrliche Auszeichnung, die von BADEU verliehen wird","robots":{"index":"index","follow":"follow","max-snippet":"max-snippet:-1","max-image-preview":"max-image-preview:large","max-video-preview":"max-video-preview:-1"},"canonical":"https:\/\/www.bhakademiker.org\/de\/badeu-sku\/kuenstler-in-2026\/","og_locale":"de_DE","og_type":"article","og_title":"K\u00fcnstler:in | Umjetnica \/ Umjetnik 2026","og_description":"J\u00e4hrliche Auszeichnung, die von BADEU verliehen wird","og_url":"https:\/\/www.bhakademiker.org\/de\/badeu-sku\/kuenstler-in-2026\/","og_site_name":"Gesellschaft Bosnischer Akademiker","article_modified_time":"2026-03-30T13:13:22+00:00","og_image":[{"width":940,"height":701,"url":"https:\/\/www.bhakademiker.org\/wp-content\/uploads\/2025\/01\/03.png","type":"image\/png"}],"twitter_card":"summary_large_image","twitter_title":"K\u00fcnstler:in | Umjetnica \/ Umjetnik 2026","twitter_image":"https:\/\/www.bhakademiker.org\/wp-content\/uploads\/2025\/01\/03.png","twitter_misc":{"Gesch\u00e4tzte Lesezeit":"2\u00a0Minuten"},"schema":{"@context":"https:\/\/schema.org","@graph":[{"@type":"WebPage","@id":"https:\/\/www.bhakademiker.org\/badeu-sku\/kuenstler-in-2026\/","url":"https:\/\/www.bhakademiker.org\/badeu-sku\/kuenstler-in-2026\/","name":"K\u00fcnstler\/in 2026 - Gesellschaft Bosnischer Akademiker","isPartOf":{"@id":"https:\/\/www.bhakademiker.org\/bs\/#website"},"datePublished":"2025-01-20T12:54:08+00:00","dateModified":"2026-03-30T13:13:22+00:00","description":"J\u00e4hrliche Auszeichnung, die von BADEU verliehen wird","breadcrumb":{"@id":"https:\/\/www.bhakademiker.org\/badeu-sku\/kuenstler-in-2026\/#breadcrumb"},"inLanguage":"de","potentialAction":[{"@type":"ReadAction","target":["https:\/\/www.bhakademiker.org\/badeu-sku\/kuenstler-in-2026\/"]}]},{"@type":"BreadcrumbList","@id":"https:\/\/www.bhakademiker.org\/badeu-sku\/kuenstler-in-2026\/#breadcrumb","itemListElement":[{"@type":"ListItem","position":1,"name":"Home","item":"https:\/\/www.bhakademiker.org\/"},{"@type":"ListItem","position":2,"name":"BADEU-SKU","item":"https:\/\/www.bhakademiker.org\/badeu-sku\/"},{"@type":"ListItem","position":3,"name":"K\u00fcnstler\/in 2026"}]},{"@type":"WebSite","@id":"https:\/\/www.bhakademiker.org\/bs\/#website","url":"https:\/\/www.bhakademiker.org\/bs\/","name":"Gesellschaft Bosnischer Akademiker","description":"","publisher":{"@id":"https:\/\/www.bhakademiker.org\/bs\/#organization"},"potentialAction":[{"@type":"SearchAction","target":{"@type":"EntryPoint","urlTemplate":"https:\/\/www.bhakademiker.org\/bs\/?s={search_term_string}"},"query-input":"required name=search_term_string"}],"inLanguage":"de"},{"@type":"Organization","@id":"https:\/\/www.bhakademiker.org\/bs\/#organization","name":"Gesellschaft Bosnischer Akademiker in \u00d6sterreich","url":"https:\/\/www.bhakademiker.org\/bs\/","logo":{"@type":"ImageObject","inLanguage":"de","@id":"https:\/\/www.bhakademiker.org\/bs\/#\/schema\/logo\/image\/","url":"https:\/\/www.bhakademiker.org\/wp-content\/uploads\/2022\/01\/featured-GBAA.png","contentUrl":"https:\/\/www.bhakademiker.org\/wp-content\/uploads\/2022\/01\/featured-GBAA.png","width":1200,"height":630,"caption":"Gesellschaft Bosnischer Akademiker in \u00d6sterreich"},"image":{"@id":"https:\/\/www.bhakademiker.org\/bs\/#\/schema\/logo\/image\/"}}]}},"_links":{"self":[{"href":"https:\/\/www.bhakademiker.org\/de\/wp-json\/wp\/v2\/pages\/3713","targetHints":{"allow":["GET"]}}],"collection":[{"href":"https:\/\/www.bhakademiker.org\/de\/wp-json\/wp\/v2\/pages"}],"about":[{"href":"https:\/\/www.bhakademiker.org\/de\/wp-json\/wp\/v2\/types\/page"}],"author":[{"embeddable":true,"href":"https:\/\/www.bhakademiker.org\/de\/wp-json\/wp\/v2\/users\/1"}],"replies":[{"embeddable":true,"href":"https:\/\/www.bhakademiker.org\/de\/wp-json\/wp\/v2\/comments?post=3713"}],"version-history":[{"count":10,"href":"https:\/\/www.bhakademiker.org\/de\/wp-json\/wp\/v2\/pages\/3713\/revisions"}],"predecessor-version":[{"id":4206,"href":"https:\/\/www.bhakademiker.org\/de\/wp-json\/wp\/v2\/pages\/3713\/revisions\/4206"}],"up":[{"embeddable":true,"href":"https:\/\/www.bhakademiker.org\/de\/wp-json\/wp\/v2\/pages\/2698"}],"wp:featuredmedia":[{"embeddable":true,"href":"https:\/\/www.bhakademiker.org\/de\/wp-json\/wp\/v2\/media\/4193"}],"wp:attachment":[{"href":"https:\/\/www.bhakademiker.org\/de\/wp-json\/wp\/v2\/media?parent=3713"}],"curies":[{"name":"wp","href":"https:\/\/api.w.org\/{rel}","templated":true}]}}