{"id":97,"date":"2014-10-20T19:29:11","date_gmt":"2014-10-20T17:29:11","guid":{"rendered":"http:\/\/velikorodnov.com\/dev\/candidate\/?page_id=97"},"modified":"2021-06-27T21:49:18","modified_gmt":"2021-06-27T19:49:18","slug":"bosnien-im-mittelalter","status":"publish","type":"page","link":"https:\/\/www.bhakademiker.org\/de\/bosnien-im-mittelalter\/","title":{"rendered":"Bosnien im Mittelalter"},"content":{"rendered":"<div class=\"vc_row wpb_row row\"><div class=\"wpb_column vc_column_container vc_col-sm-12\"><div class=\"vc_column-inner\"><div class=\"wpb_wrapper\"><h3 class=\"no-margin-top \" >Bosnien im Mittelalter<\/h3>\n\t<div class=\"wpb_text_column wpb_content_element \" >\n\t\t<div class=\"wpb_wrapper\">\n\t\t\t<p><span style=\"font-weight: 400;\">Erste Angaben \u00fcber Bosnien im VI. und VII. Jahrhundert stammen aus Meldungen \u00fcber den Vorsto\u00df der Kutriguren aus Sirmium nach Dalmatien und \u00fcber den Vorsto\u00df der Awaren im Jahr 597. Bosnische L\u00e4nder hatten in der Zeit der Awaren die gleiche Organisation wie alle anderen slawischen L\u00e4nder, die unter der Herrschaft der Awaren standen.<\/span><\/p>\n<p><span style=\"font-weight: 400;\">Als die Franken im VIII. Jahrhundert die Awaren besiegten, bestand in den bosnischen L\u00e4ndern eine Kontinuit\u00e4t des politischen Lebens fort. Bis zum XII. Jahrhundert gab es mehrere Herrscherwechsel, w\u00e4hrend schlie\u00dflich die bosnischen Herrscher blieben, um weiter f\u00fcr ihr Land zu k\u00e4mpfen. Im XII. Jahrhundert begann ein lebendigeres politisches Leben.<\/span><\/p>\n<p><span style=\"font-weight: 400;\">Der erste selbst\u00e4ndige bosnische Herrscher war Ban Bori\u0107 (1163). Seine Unabh\u00e4ngigkeit wurde nicht in Frage gestellt, da es keine Beweise gibt, dass Bosnien jemals von einem ungarischen K\u00f6nig regiert wurde, wie einige Historiker behaupten.<\/span><\/p>\n<p><span style=\"font-weight: 400;\">Das \u00e4lteste Dokument eines s\u00fcdslawischen Herrschers,\u00a0geschrieben am <\/span><span style=\"font-weight: 400;\">29. August\u00a01189,<\/span><span style=\"font-weight: 400;\"> zeugt von der Unabh\u00e4ngigkeit Bosniens. Die \u201ePovelja Kulina bana\u201c war eine Vereinbarung mit Dubrovnik, in welcher der Ban Kulin den Gesch\u00e4ftsleuten aus Dubrovnik erlaubt, in Bosnien Handel zu treiben \u2013 unter der Voraussetzung, dass diese ein Geschenk an Bosnien abgeben (heute w\u00e4re das eine Steuer). [Das Originaldokument liegt in Moskau, weil die Russen dieses Dokument als ihr eigenes Kulturgut betrachten, da die \u201ePovelja Kulina bana\u201c das zweit\u00e4lteste Dokument aller slawischen Herrscher ist.]<\/span><\/p>\n<p><span style=\"font-weight: 400;\">Zu dieser Zeit regelt der Ban Kulin auch die Beziehungen mit Rom und geht im Krieg gegen die Bzyantiner ein B\u00fcndnis mit Ungarn ein, womit er in Bosnien Frieden und Ruhe bewahrt. Durch Handelsvereinbarungen mit Dubrovnik und Venedig bringt er dem Land auch wirtschaftliche Prosperit\u00e4t.<\/span><\/p>\n<p><span style=\"font-weight: 400;\">Der gro\u00dfe Aufstieg Bosniens beginnt im 14.Jahrhundert, als die Familie Kotromani\u0107 die Herrschaft \u00fcbernimmt. Die Bosnische Kirche (Bogomilen) war eigenst\u00e4ndig und durch enge Kooperation mit dem Staatsoberhaupt konnte die Unabh\u00e4ngigkeit von Rom bewahrt werden. Nicht alle Herrscher haben jedoch die Kirche hochgepriesen; so hatte Ban Stjepan II seinen Eid zuerst vor Zeugen der \u201eguten Bosniaken\u201c abgelegt, dann vor der \u201eganzen Kirche und vor Bosnien\u201c.<\/span><\/p>\n<p><img decoding=\"async\" class=\"aligncenter\" src=\"https:\/\/www.bhakademiker.org\/\/files\/pics\/BosanskaKarta_500_396_px.jpg\" alt=\"Bosnien im Mittelalter\" \/><\/p>\n<p><span style=\"font-weight: 400;\">Sein Nachfolger Tvrtko entwickelt Bosnien bis zur Bl\u00fctezeit: Er schafft den m\u00e4chtigsten Staat des Westbalkans. Das bosnische Gebiet reicht zu seiner Zeit von der Save im Norden bis zur Adria im S\u00fcden, wobei die Adriak\u00fcste von Zadar bis Dubrovnik ebenfalls bosnisch war.<\/span><\/p>\n<p><span style=\"font-weight: 400;\">Tvrtko wurde 1377 K\u00f6nig und definierte die Ma\u00dfst\u00e4be ganz neu \u2013 er nannte sich \u201eHerr von vielen bosnischen L\u00e4ndern\u201c. Der Schl\u00fcssel seines Erfolgs lag auch im Bergbau und im Handel mit Blei, Kupfer und Silber. Tvrtko, der gr\u00f6\u00dfte bosnische Sohn, starb im Jahr 1391.<\/span><\/p>\n<p><span style=\"font-weight: 400;\">\u00a0<\/span><\/p>\n<p><span style=\"font-weight: 400;\">Literautur:<\/span><\/p>\n<p><span style=\"font-weight: 400;\">Nada Klai\u0107, Srednjovjekovna Bosna, Zagreb 1994<\/span><\/p>\n<p><span style=\"font-weight: 400;\">Noel Malcolm: Bosnia, A short History, London 1994<\/span><\/p>\n\n\t\t<\/div>\n\t<\/div>\n<\/div><\/div><\/div><\/div>\n","protected":false},"excerpt":{"rendered":"Bosnien im Mittelalter Erste Angaben \u00fcber Bosnien im VI. und VII. Jahrhundert stammen aus Meldungen \u00fcber den Vorsto\u00df der Kutriguren aus Sirmium nach Dalmatien und \u00fcber den Vorsto\u00df der Awaren im Jahr 597. Bosnische L\u00e4nder hatten in der Zeit der Awaren die gleiche Organisation wie alle anderen slawischen L\u00e4nder, die unter der Herrschaft der Awaren standen. Als die Franken im VIII. Jahrhundert die Awaren besiegten, bestand in den bosnischen L\u00e4ndern eine Kontinuit\u00e4t des politischen Lebens fort. Bis zum XII. Jahrhundert gab es mehrere Herrscherwechsel, w\u00e4hrend schlie\u00dflich die bosnischen Herrscher blieben, um weiter f\u00fcr ihr Land zu k\u00e4mpfen. Im XII. Jahrhundert...","protected":false},"author":1,"featured_media":1063,"parent":0,"menu_order":0,"comment_status":"closed","ping_status":"closed","template":"","meta":{"footnotes":""},"class_list":["post-97","page","type-page","status-publish","has-post-thumbnail","hentry"],"yoast_head":"<!-- This site is optimized with the Yoast SEO plugin v20.3 - https:\/\/yoast.com\/wordpress\/plugins\/seo\/ -->\n<title>Bosnien im Mittelalter - Gesellschaft Bosnischer Akademiker<\/title>\n<meta name=\"robots\" content=\"index, follow, max-snippet:-1, max-image-preview:large, max-video-preview:-1\" \/>\n<link rel=\"canonical\" href=\"https:\/\/www.bhakademiker.org\/de\/bosnien-im-mittelalter\/\" \/>\n<meta property=\"og:locale\" content=\"de_DE\" \/>\n<meta property=\"og:type\" content=\"article\" \/>\n<meta property=\"og:title\" content=\"Bosnien im Mittelalter - Gesellschaft Bosnischer Akademiker\" \/>\n<meta property=\"og:url\" content=\"https:\/\/www.bhakademiker.org\/de\/bosnien-im-mittelalter\/\" \/>\n<meta property=\"og:site_name\" content=\"Gesellschaft Bosnischer Akademiker\" \/>\n<meta property=\"article:modified_time\" content=\"2021-06-27T19:49:18+00:00\" \/>\n<meta property=\"og:image\" content=\"https:\/\/www.bhakademiker.org\/wp-content\/uploads\/2021\/06\/BosanskaKarta_500_396_px.jpg\" \/>\n\t<meta property=\"og:image:width\" content=\"500\" \/>\n\t<meta property=\"og:image:height\" content=\"396\" \/>\n\t<meta property=\"og:image:type\" content=\"image\/jpeg\" \/>\n<meta name=\"twitter:card\" content=\"summary_large_image\" \/>\n<meta name=\"twitter:label1\" content=\"Gesch\u00e4tzte Lesezeit\" \/>\n\t<meta name=\"twitter:data1\" content=\"2\u00a0Minuten\" \/>\n<script type=\"application\/ld+json\" class=\"yoast-schema-graph\">{\"@context\":\"https:\/\/schema.org\",\"@graph\":[{\"@type\":\"WebPage\",\"@id\":\"https:\/\/www.bhakademiker.org\/bosnien-im-mittelalter\/\",\"url\":\"https:\/\/www.bhakademiker.org\/bosnien-im-mittelalter\/\",\"name\":\"Bosnien im Mittelalter - Gesellschaft Bosnischer Akademiker\",\"isPartOf\":{\"@id\":\"https:\/\/www.bhakademiker.org\/bs\/#website\"},\"datePublished\":\"2014-10-20T17:29:11+00:00\",\"dateModified\":\"2021-06-27T19:49:18+00:00\",\"breadcrumb\":{\"@id\":\"https:\/\/www.bhakademiker.org\/bosnien-im-mittelalter\/#breadcrumb\"},\"inLanguage\":\"de\",\"potentialAction\":[{\"@type\":\"ReadAction\",\"target\":[\"https:\/\/www.bhakademiker.org\/bosnien-im-mittelalter\/\"]}]},{\"@type\":\"BreadcrumbList\",\"@id\":\"https:\/\/www.bhakademiker.org\/bosnien-im-mittelalter\/#breadcrumb\",\"itemListElement\":[{\"@type\":\"ListItem\",\"position\":1,\"name\":\"Home\",\"item\":\"https:\/\/www.bhakademiker.org\/\"},{\"@type\":\"ListItem\",\"position\":2,\"name\":\"Bosnien im Mittelalter\"}]},{\"@type\":\"WebSite\",\"@id\":\"https:\/\/www.bhakademiker.org\/bs\/#website\",\"url\":\"https:\/\/www.bhakademiker.org\/bs\/\",\"name\":\"Gesellschaft Bosnischer Akademiker\",\"description\":\"\",\"publisher\":{\"@id\":\"https:\/\/www.bhakademiker.org\/bs\/#organization\"},\"potentialAction\":[{\"@type\":\"SearchAction\",\"target\":{\"@type\":\"EntryPoint\",\"urlTemplate\":\"https:\/\/www.bhakademiker.org\/bs\/?s={search_term_string}\"},\"query-input\":\"required name=search_term_string\"}],\"inLanguage\":\"de\"},{\"@type\":\"Organization\",\"@id\":\"https:\/\/www.bhakademiker.org\/bs\/#organization\",\"name\":\"Gesellschaft Bosnischer Akademiker in \u00d6sterreich\",\"url\":\"https:\/\/www.bhakademiker.org\/bs\/\",\"logo\":{\"@type\":\"ImageObject\",\"inLanguage\":\"de\",\"@id\":\"https:\/\/www.bhakademiker.org\/bs\/#\/schema\/logo\/image\/\",\"url\":\"https:\/\/www.bhakademiker.org\/wp-content\/uploads\/2022\/01\/featured-GBAA.png\",\"contentUrl\":\"https:\/\/www.bhakademiker.org\/wp-content\/uploads\/2022\/01\/featured-GBAA.png\",\"width\":1200,\"height\":630,\"caption\":\"Gesellschaft Bosnischer Akademiker in \u00d6sterreich\"},\"image\":{\"@id\":\"https:\/\/www.bhakademiker.org\/bs\/#\/schema\/logo\/image\/\"}}]}<\/script>\n<!-- \/ Yoast SEO plugin. -->","yoast_head_json":{"title":"Bosnien im Mittelalter - Gesellschaft Bosnischer Akademiker","robots":{"index":"index","follow":"follow","max-snippet":"max-snippet:-1","max-image-preview":"max-image-preview:large","max-video-preview":"max-video-preview:-1"},"canonical":"https:\/\/www.bhakademiker.org\/de\/bosnien-im-mittelalter\/","og_locale":"de_DE","og_type":"article","og_title":"Bosnien im Mittelalter - Gesellschaft Bosnischer Akademiker","og_url":"https:\/\/www.bhakademiker.org\/de\/bosnien-im-mittelalter\/","og_site_name":"Gesellschaft Bosnischer Akademiker","article_modified_time":"2021-06-27T19:49:18+00:00","og_image":[{"width":500,"height":396,"url":"https:\/\/www.bhakademiker.org\/wp-content\/uploads\/2021\/06\/BosanskaKarta_500_396_px.jpg","type":"image\/jpeg"}],"twitter_card":"summary_large_image","twitter_misc":{"Gesch\u00e4tzte Lesezeit":"2\u00a0Minuten"},"schema":{"@context":"https:\/\/schema.org","@graph":[{"@type":"WebPage","@id":"https:\/\/www.bhakademiker.org\/bosnien-im-mittelalter\/","url":"https:\/\/www.bhakademiker.org\/bosnien-im-mittelalter\/","name":"Bosnien im Mittelalter - Gesellschaft Bosnischer Akademiker","isPartOf":{"@id":"https:\/\/www.bhakademiker.org\/bs\/#website"},"datePublished":"2014-10-20T17:29:11+00:00","dateModified":"2021-06-27T19:49:18+00:00","breadcrumb":{"@id":"https:\/\/www.bhakademiker.org\/bosnien-im-mittelalter\/#breadcrumb"},"inLanguage":"de","potentialAction":[{"@type":"ReadAction","target":["https:\/\/www.bhakademiker.org\/bosnien-im-mittelalter\/"]}]},{"@type":"BreadcrumbList","@id":"https:\/\/www.bhakademiker.org\/bosnien-im-mittelalter\/#breadcrumb","itemListElement":[{"@type":"ListItem","position":1,"name":"Home","item":"https:\/\/www.bhakademiker.org\/"},{"@type":"ListItem","position":2,"name":"Bosnien im Mittelalter"}]},{"@type":"WebSite","@id":"https:\/\/www.bhakademiker.org\/bs\/#website","url":"https:\/\/www.bhakademiker.org\/bs\/","name":"Gesellschaft Bosnischer Akademiker","description":"","publisher":{"@id":"https:\/\/www.bhakademiker.org\/bs\/#organization"},"potentialAction":[{"@type":"SearchAction","target":{"@type":"EntryPoint","urlTemplate":"https:\/\/www.bhakademiker.org\/bs\/?s={search_term_string}"},"query-input":"required name=search_term_string"}],"inLanguage":"de"},{"@type":"Organization","@id":"https:\/\/www.bhakademiker.org\/bs\/#organization","name":"Gesellschaft Bosnischer Akademiker in \u00d6sterreich","url":"https:\/\/www.bhakademiker.org\/bs\/","logo":{"@type":"ImageObject","inLanguage":"de","@id":"https:\/\/www.bhakademiker.org\/bs\/#\/schema\/logo\/image\/","url":"https:\/\/www.bhakademiker.org\/wp-content\/uploads\/2022\/01\/featured-GBAA.png","contentUrl":"https:\/\/www.bhakademiker.org\/wp-content\/uploads\/2022\/01\/featured-GBAA.png","width":1200,"height":630,"caption":"Gesellschaft Bosnischer Akademiker in \u00d6sterreich"},"image":{"@id":"https:\/\/www.bhakademiker.org\/bs\/#\/schema\/logo\/image\/"}}]}},"_links":{"self":[{"href":"https:\/\/www.bhakademiker.org\/de\/wp-json\/wp\/v2\/pages\/97","targetHints":{"allow":["GET"]}}],"collection":[{"href":"https:\/\/www.bhakademiker.org\/de\/wp-json\/wp\/v2\/pages"}],"about":[{"href":"https:\/\/www.bhakademiker.org\/de\/wp-json\/wp\/v2\/types\/page"}],"author":[{"embeddable":true,"href":"https:\/\/www.bhakademiker.org\/de\/wp-json\/wp\/v2\/users\/1"}],"replies":[{"embeddable":true,"href":"https:\/\/www.bhakademiker.org\/de\/wp-json\/wp\/v2\/comments?post=97"}],"version-history":[{"count":10,"href":"https:\/\/www.bhakademiker.org\/de\/wp-json\/wp\/v2\/pages\/97\/revisions"}],"predecessor-version":[{"id":1744,"href":"https:\/\/www.bhakademiker.org\/de\/wp-json\/wp\/v2\/pages\/97\/revisions\/1744"}],"wp:featuredmedia":[{"embeddable":true,"href":"https:\/\/www.bhakademiker.org\/de\/wp-json\/wp\/v2\/media\/1063"}],"wp:attachment":[{"href":"https:\/\/www.bhakademiker.org\/de\/wp-json\/wp\/v2\/media?parent=97"}],"curies":[{"name":"wp","href":"https:\/\/api.w.org\/{rel}","templated":true}]}}